{"id":9324,"date":"2025-06-14T18:46:11","date_gmt":"2025-06-14T16:46:11","guid":{"rendered":"https:\/\/agora-eoi.xtec.cat\/eoiigualada\/?page_id=9324"},"modified":"2025-11-04T14:58:49","modified_gmt":"2025-11-04T13:58:49","slug":"leoi-digualada","status":"publish","type":"page","link":"https:\/\/agora-eoi.xtec.cat\/eoiigualada\/lescola\/leoi-digualada\/","title":{"rendered":"L&#8217;EOI d&#8217;Igualada"},"content":{"rendered":"\n<p>L&#8217;escola es va crear el 2003 a Igualada, moment en qu\u00e8 tamb\u00e9 es van crear la majoria d\u2019EOIs de Catalunya, una xarxa d\u2019un total de 45 centres p\u00fablics no universitaris per a l&#8217;ensenyament d&#8217;idiomes moderns dependents del Departament d\u2019Educaci\u00f3 i FP.<\/p>\n\n\n\n<p>Actualment, compartim espais amb l\u2019escola municipal d\u2019art i disseny La Gaspar &#8220;de manera provisional&#8221; i, tot i que els mesos van passant, restem pendents, despr\u00e9s de l&#8217;entesa i el comprom\u00eds entre l&#8217;ajuntament i el Departament, d&#8217;ubicaci\u00f3 al recentment renovat edifici de <em>La Teneria<\/em>.<\/p>\n\n\n\n<p>Actualment impartim l\u2019ensenyament dels seg\u00fcents idiomes&nbsp;<strong>en r\u00e8gim oficial<\/strong>:<\/p>\n\n\n\n<ul class=\"wp-block-list\">\n<li><strong>Alemany<\/strong>&nbsp;: A1, A2, B1, B2.1 i B2.2<\/li>\n\n\n\n<li><strong>Angl\u00e8s<\/strong>&nbsp;: A1, A2, B1, B2.1, B2.2 i C1<\/li>\n<\/ul>\n\n\n\n<p>El tipus d\u2019ensenyament que oferim \u00e9s&nbsp;<strong>presencial<\/strong>&nbsp;i cada curs t\u00e9 una duraci\u00f3 de m\u00ednim&nbsp;<strong>130 hores lectives<\/strong>.<\/p>\n\n\n\n<p>Les classes es fan en dilluns i dimecres o b\u00e9 en dimarts i dijous en les seg\u00fcents franges hor\u00e0ries (petita pausa inclosa):<\/p>\n\n\n\n<p>\u2013&nbsp;<strong>1a franja<\/strong>: de 16.15 a 18.30 hores<\/p>\n\n\n\n<p>\u2013\u00a0<strong>2a franja<\/strong>: de 18.45 a 21.00 hores<\/p>\n\n\n\n<p>A l\u2019EOI d\u2019Igualada tamb\u00e9&nbsp;oferim la possibilitat de&nbsp;<strong>participar en les proves lliures per a l\u2019obtenci\u00f3 del Certificat de Nivell Intermedi B1, Intermedi B2<\/strong>,  d\u2019alemany i d\u2019angl\u00e8s, i <strong>C1 <\/strong>d&#8217;angl\u00e8s que organitza el Departament d\u2019Educaci\u00f3 i FP cada any al juny. Des de fa uns anys tamb\u00e9 oferim la convocat\u00f2ria extraordin\u00e0ria per a l\u2019obtenci\u00f3 del Certificat de Nivell Intermedi B2 d\u2019angl\u00e8s (que t\u00e9 lloc al mes de febrer).<\/p>\n\n\n\n<p>Aqu\u00ed teniu uns enlla\u00e7os perqu\u00e8 conegueu millor el nostre centre:<\/p>\n\n\n\n<p>&#8230; En proc\u00e9s d&#8217;actualitzaci\u00f3<\/p>\n\n\n\n<p><\/p>\n","protected":false},"excerpt":{"rendered":"<p>L&#8217;escola es va crear el 2003 a Igualada, moment en qu\u00e8 tamb\u00e9 es van crear la majoria d\u2019EOIs de Catalunya, [&hellip;]<\/p>\n","protected":false},"author":1,"featured_media":0,"parent":9334,"menu_order":2,"comment_status":"closed","ping_status":"close","template":"","meta":{"site-sidebar-layout":"default","site-content-layout":"","ast-site-content-layout":"default","site-content-style":"default","site-sidebar-style":"default","ast-global-header-display":"","ast-banner-title-visibility":"","ast-main-header-display":"","ast-hfb-above-header-display":"","ast-hfb-below-header-display":"","ast-hfb-mobile-header-display":"","site-post-title":"","ast-breadcrumbs-content":"","ast-featured-img":"","footer-sml-layout":"","theme-transparent-header-meta":"","adv-header-id-meta":"","stick-header-meta":"","header-above-stick-meta":"","header-main-stick-meta":"","header-below-stick-meta":"","astra-migrate-meta-layouts":"set","ast-page-background-enabled":"default","ast-page-background-meta":{"desktop":{"background-color":"var(--ast-global-color-4)","background-image":"","background-repeat":"repeat","background-position":"center center","background-size":"auto","background-attachment":"scroll","background-type":"","background-media":"","overlay-type":"","overlay-color":"","overlay-opacity":"","overlay-gradient":""},"tablet":{"background-color":"","background-image":"","background-repeat":"repeat","background-position":"center center","background-size":"auto","background-attachment":"scroll","background-type":"","background-media":"","overlay-type":"","overlay-color":"","overlay-opacity":"","overlay-gradient":""},"mobile":{"background-color":"","background-image":"","background-repeat":"repeat","background-position":"center center","background-size":"auto","background-attachment":"scroll","background-type":"","background-media":"","overlay-type":"","overlay-color":"","overlay-opacity":"","overlay-gradient":""}},"ast-content-background-meta":{"desktop":{"background-color":"var(--ast-global-color-5)","background-image":"","background-repeat":"repeat","background-position":"center center","background-size":"auto","background-attachment":"scroll","background-type":"","background-media":"","overlay-type":"","overlay-color":"","overlay-opacity":"","overlay-gradient":""},"tablet":{"background-color":"var(--ast-global-color-5)","background-image":"","background-repeat":"repeat","background-position":"center center","background-size":"auto","background-attachment":"scroll","background-type":"","background-media":"","overlay-type":"","overlay-color":"","overlay-opacity":"","overlay-gradient":""},"mobile":{"background-color":"var(--ast-global-color-5)","background-image":"","background-repeat":"repeat","background-position":"center center","background-size":"auto","background-attachment":"scroll","background-type":"","background-media":"","overlay-type":"","overlay-color":"","overlay-opacity":"","overlay-gradient":""}},"footnotes":""},"class_list":["post-9324","page","type-page","status-publish","hentry"],"post_mailing_queue_ids":[],"_links":{"self":[{"href":"https:\/\/agora-eoi.xtec.cat\/eoiigualada\/wp-json\/wp\/v2\/pages\/9324","targetHints":{"allow":["GET"]}}],"collection":[{"href":"https:\/\/agora-eoi.xtec.cat\/eoiigualada\/wp-json\/wp\/v2\/pages"}],"about":[{"href":"https:\/\/agora-eoi.xtec.cat\/eoiigualada\/wp-json\/wp\/v2\/types\/page"}],"author":[{"embeddable":true,"href":"https:\/\/agora-eoi.xtec.cat\/eoiigualada\/wp-json\/wp\/v2\/users\/1"}],"replies":[{"embeddable":true,"href":"https:\/\/agora-eoi.xtec.cat\/eoiigualada\/wp-json\/wp\/v2\/comments?post=9324"}],"version-history":[{"count":6,"href":"https:\/\/agora-eoi.xtec.cat\/eoiigualada\/wp-json\/wp\/v2\/pages\/9324\/revisions"}],"predecessor-version":[{"id":9920,"href":"https:\/\/agora-eoi.xtec.cat\/eoiigualada\/wp-json\/wp\/v2\/pages\/9324\/revisions\/9920"}],"up":[{"embeddable":true,"href":"https:\/\/agora-eoi.xtec.cat\/eoiigualada\/wp-json\/wp\/v2\/pages\/9334"}],"wp:attachment":[{"href":"https:\/\/agora-eoi.xtec.cat\/eoiigualada\/wp-json\/wp\/v2\/media?parent=9324"}],"curies":[{"name":"wp","href":"https:\/\/api.w.org\/{rel}","templated":true}]}}