{"id":9189,"date":"2025-01-28T16:48:51","date_gmt":"2025-01-28T15:48:51","guid":{"rendered":"https:\/\/agora-eoi.xtec.cat\/eoiigualada\/?page_id=9189"},"modified":"2025-06-15T10:57:47","modified_gmt":"2025-06-15T08:57:47","slug":"clausula-dexempcio","status":"publish","type":"page","link":"https:\/\/agora-eoi.xtec.cat\/eoiigualada\/lescola\/clausula-dexempcio\/","title":{"rendered":"Cl\u00e0usula d&#8217;exempci\u00f3"},"content":{"rendered":"\n<p>L\u2019Escola Oficial d\u2019Idiomes d\u2019Igualada informa que els continguts&nbsp;en aquesta p\u00e0gina web podrien contenir alguna errada. Per tant, sempre haur\u00e0 de ser contrastada i confirmada a la mateixa Escola.<\/p>\n\n\n\n<p><strong>La nostra escola no assumeix cap responsabilitat pels seg\u00fcents motius<\/strong>:<\/p>\n\n\n\n<ol class=\"wp-block-list\">\n<li>La informaci\u00f3 que ofereix \u00e9s de car\u00e0cter general i no necess\u00e0riament actualitzada.<\/li>\n\n\n\n<li>Aquesta p\u00e0gina cont\u00e9, en alguns casos, enlla\u00e7os amb p\u00e0gines externes sobre les quals aquesta EOI no t\u00e9 cap control, i respecte de les quals declina tota responsabilitat.<\/li>\n<\/ol>\n\n\n\n<p>L\u2019EOI d\u2019Igualada no garanteix que el seu lloc web i els seus servidors estiguin lliures de virus, i no es fa responsable dels eventuals danys i perjudicis causats per l\u2019acc\u00e9s al seu lloc web.<\/p>\n","protected":false},"excerpt":{"rendered":"<p>L\u2019Escola Oficial d\u2019Idiomes d\u2019Igualada informa que els continguts&nbsp;en aquesta p\u00e0gina web podrien contenir alguna errada. Per tant, sempre haur\u00e0 de [&hellip;]<\/p>\n","protected":false},"author":1,"featured_media":0,"parent":9334,"menu_order":9,"comment_status":"closed","ping_status":"close","template":"","meta":{"site-sidebar-layout":"default","site-content-layout":"","ast-site-content-layout":"default","site-content-style":"default","site-sidebar-style":"default","ast-global-header-display":"","ast-banner-title-visibility":"","ast-main-header-display":"","ast-hfb-above-header-display":"","ast-hfb-below-header-display":"","ast-hfb-mobile-header-display":"","site-post-title":"","ast-breadcrumbs-content":"","ast-featured-img":"","footer-sml-layout":"","theme-transparent-header-meta":"","adv-header-id-meta":"","stick-header-meta":"","header-above-stick-meta":"","header-main-stick-meta":"","header-below-stick-meta":"","astra-migrate-meta-layouts":"set","ast-page-background-enabled":"default","ast-page-background-meta":{"desktop":{"background-color":"var(--ast-global-color-4)","background-image":"","background-repeat":"repeat","background-position":"center center","background-size":"auto","background-attachment":"scroll","background-type":"","background-media":"","overlay-type":"","overlay-color":"","overlay-opacity":"","overlay-gradient":""},"tablet":{"background-color":"","background-image":"","background-repeat":"repeat","background-position":"center center","background-size":"auto","background-attachment":"scroll","background-type":"","background-media":"","overlay-type":"","overlay-color":"","overlay-opacity":"","overlay-gradient":""},"mobile":{"background-color":"","background-image":"","background-repeat":"repeat","background-position":"center center","background-size":"auto","background-attachment":"scroll","background-type":"","background-media":"","overlay-type":"","overlay-color":"","overlay-opacity":"","overlay-gradient":""}},"ast-content-background-meta":{"desktop":{"background-color":"var(--ast-global-color-5)","background-image":"","background-repeat":"repeat","background-position":"center center","background-size":"auto","background-attachment":"scroll","background-type":"","background-media":"","overlay-type":"","overlay-color":"","overlay-opacity":"","overlay-gradient":""},"tablet":{"background-color":"var(--ast-global-color-5)","background-image":"","background-repeat":"repeat","background-position":"center center","background-size":"auto","background-attachment":"scroll","background-type":"","background-media":"","overlay-type":"","overlay-color":"","overlay-opacity":"","overlay-gradient":""},"mobile":{"background-color":"var(--ast-global-color-5)","background-image":"","background-repeat":"repeat","background-position":"center center","background-size":"auto","background-attachment":"scroll","background-type":"","background-media":"","overlay-type":"","overlay-color":"","overlay-opacity":"","overlay-gradient":""}},"footnotes":""},"class_list":["post-9189","page","type-page","status-publish","hentry"],"post_mailing_queue_ids":[],"_links":{"self":[{"href":"https:\/\/agora-eoi.xtec.cat\/eoiigualada\/wp-json\/wp\/v2\/pages\/9189","targetHints":{"allow":["GET"]}}],"collection":[{"href":"https:\/\/agora-eoi.xtec.cat\/eoiigualada\/wp-json\/wp\/v2\/pages"}],"about":[{"href":"https:\/\/agora-eoi.xtec.cat\/eoiigualada\/wp-json\/wp\/v2\/types\/page"}],"author":[{"embeddable":true,"href":"https:\/\/agora-eoi.xtec.cat\/eoiigualada\/wp-json\/wp\/v2\/users\/1"}],"replies":[{"embeddable":true,"href":"https:\/\/agora-eoi.xtec.cat\/eoiigualada\/wp-json\/wp\/v2\/comments?post=9189"}],"version-history":[{"count":1,"href":"https:\/\/agora-eoi.xtec.cat\/eoiigualada\/wp-json\/wp\/v2\/pages\/9189\/revisions"}],"predecessor-version":[{"id":9190,"href":"https:\/\/agora-eoi.xtec.cat\/eoiigualada\/wp-json\/wp\/v2\/pages\/9189\/revisions\/9190"}],"up":[{"embeddable":true,"href":"https:\/\/agora-eoi.xtec.cat\/eoiigualada\/wp-json\/wp\/v2\/pages\/9334"}],"wp:attachment":[{"href":"https:\/\/agora-eoi.xtec.cat\/eoiigualada\/wp-json\/wp\/v2\/media?parent=9189"}],"curies":[{"name":"wp","href":"https:\/\/api.w.org\/{rel}","templated":true}]}}