{"id":9185,"date":"2025-01-28T16:43:52","date_gmt":"2025-01-28T15:43:52","guid":{"rendered":"https:\/\/agora-eoi.xtec.cat\/eoiigualada\/?page_id=9185"},"modified":"2025-06-18T13:04:06","modified_gmt":"2025-06-18T11:04:06","slug":"permanencia-als-estudis","status":"publish","type":"page","link":"https:\/\/agora-eoi.xtec.cat\/eoiigualada\/tramits\/permanencia-als-estudis\/","title":{"rendered":"Perman\u00e8ncia als estudis"},"content":{"rendered":"\n<p>Perman\u00e8ncia als estudis<\/p>\n\n\n\n<p>Dins de cada nivell (B\u00e0sic, Intermedi B1, Intermedi B2 i Avan\u00e7at), l\u2019alumnat t\u00e9 dret a romandre matriculat en el r\u00e8gim d\u2019ensenyament oficial, modalitat presencial, durant un m\u00e0xim de cursos acad\u00e8mics equivalents al doble dels ordenats per al nivell per a l\u2019idioma corresponent.<\/p>\n\n\n\n<p>En casos excepcionals, la direcci\u00f3 de l\u2019escola podr\u00e0 autoritzar la repetici\u00f3 o perman\u00e8ncia d\u2019un curs m\u00e9s en r\u00e8gim presencial a l\u2019alumnat que ho sol\u00b7liciti quan ja hagi superat el nombre m\u00e0xim de cursos autoritzats amb car\u00e0cter general. Es podr\u00e0 concedir una \u00fanica convocat\u00f2ria addicional per nivell.&nbsp;Per fer-ho <strong>haur\u00e0 d\u2019adre\u00e7ar una inst\u00e0ncia a la direcci\u00f3 del centre<\/strong>&nbsp;amb justificaci\u00f3 documental de l\u20191 al 15 de juliol.<\/p>\n\n\n\n<p>La direcci\u00f3 resoldr\u00e0 la sol\u00b7licitud considerant l\u2019expedient i les circumst\u00e0ncies de l\u2019alumne. En qualsevol cas, nom\u00e9s es concedir\u00e0 la convocat\u00f2ria addicional sempre que es compleixen els seg\u00fcents requisits:<\/p>\n\n\n\n<ul class=\"wp-block-list\">\n<li>Haver complert un 65% de l\u2019assist\u00e8ncia a classe en els cursos que ha fet a l\u2019EOI d\u2019Igualada.<\/li>\n\n\n\n<li>Que les dues qualificacions anteriors no siguin No Presentat (NP)<\/li>\n\n\n\n<li>No haver obtingut cap convocat\u00f2ria de gr\u00e0cia anterior dintre del&nbsp;nivell que est\u00e0 cursant en el mateix idioma.<\/li>\n\n\n\n<li>Tenir alguna circumst\u00e0ncia extraordin\u00e0ria durant el transcurs del curs acad\u00e8mic.<\/li>\n<\/ul>\n\n\n\n<p>Si tampoc se supera el curs en aquesta convocat\u00f2ria addicional, l\u2019alumne<strong> no podr\u00e0 tornar a matricular-se d\u2019aquell curs en r\u00e8gim oficial<\/strong>. Nom\u00e9s podr\u00e0 examinar-se en r\u00e8gim lliure de les proves de certificat del cicle corresponent.<\/p>\n\n\n\n<p><\/p>\n","protected":false},"excerpt":{"rendered":"<p>Perman\u00e8ncia als estudis Dins de cada nivell (B\u00e0sic, Intermedi B1, Intermedi B2 i Avan\u00e7at), l\u2019alumnat t\u00e9 dret a romandre matriculat [&hellip;]<\/p>\n","protected":false},"author":1,"featured_media":0,"parent":9230,"menu_order":2,"comment_status":"closed","ping_status":"close","template":"","meta":{"site-sidebar-layout":"default","site-content-layout":"","ast-site-content-layout":"default","site-content-style":"default","site-sidebar-style":"default","ast-global-header-display":"","ast-banner-title-visibility":"","ast-main-header-display":"","ast-hfb-above-header-display":"","ast-hfb-below-header-display":"","ast-hfb-mobile-header-display":"","site-post-title":"","ast-breadcrumbs-content":"","ast-featured-img":"","footer-sml-layout":"","theme-transparent-header-meta":"","adv-header-id-meta":"","stick-header-meta":"","header-above-stick-meta":"","header-main-stick-meta":"","header-below-stick-meta":"","astra-migrate-meta-layouts":"set","ast-page-background-enabled":"default","ast-page-background-meta":{"desktop":{"background-color":"var(--ast-global-color-4)","background-image":"","background-repeat":"repeat","background-position":"center center","background-size":"auto","background-attachment":"scroll","background-type":"","background-media":"","overlay-type":"","overlay-color":"","overlay-opacity":"","overlay-gradient":""},"tablet":{"background-color":"","background-image":"","background-repeat":"repeat","background-position":"center center","background-size":"auto","background-attachment":"scroll","background-type":"","background-media":"","overlay-type":"","overlay-color":"","overlay-opacity":"","overlay-gradient":""},"mobile":{"background-color":"","background-image":"","background-repeat":"repeat","background-position":"center center","background-size":"auto","background-attachment":"scroll","background-type":"","background-media":"","overlay-type":"","overlay-color":"","overlay-opacity":"","overlay-gradient":""}},"ast-content-background-meta":{"desktop":{"background-color":"var(--ast-global-color-5)","background-image":"","background-repeat":"repeat","background-position":"center center","background-size":"auto","background-attachment":"scroll","background-type":"","background-media":"","overlay-type":"","overlay-color":"","overlay-opacity":"","overlay-gradient":""},"tablet":{"background-color":"var(--ast-global-color-5)","background-image":"","background-repeat":"repeat","background-position":"center center","background-size":"auto","background-attachment":"scroll","background-type":"","background-media":"","overlay-type":"","overlay-color":"","overlay-opacity":"","overlay-gradient":""},"mobile":{"background-color":"var(--ast-global-color-5)","background-image":"","background-repeat":"repeat","background-position":"center center","background-size":"auto","background-attachment":"scroll","background-type":"","background-media":"","overlay-type":"","overlay-color":"","overlay-opacity":"","overlay-gradient":""}},"footnotes":""},"class_list":["post-9185","page","type-page","status-publish","hentry"],"post_mailing_queue_ids":[],"_links":{"self":[{"href":"https:\/\/agora-eoi.xtec.cat\/eoiigualada\/wp-json\/wp\/v2\/pages\/9185","targetHints":{"allow":["GET"]}}],"collection":[{"href":"https:\/\/agora-eoi.xtec.cat\/eoiigualada\/wp-json\/wp\/v2\/pages"}],"about":[{"href":"https:\/\/agora-eoi.xtec.cat\/eoiigualada\/wp-json\/wp\/v2\/types\/page"}],"author":[{"embeddable":true,"href":"https:\/\/agora-eoi.xtec.cat\/eoiigualada\/wp-json\/wp\/v2\/users\/1"}],"replies":[{"embeddable":true,"href":"https:\/\/agora-eoi.xtec.cat\/eoiigualada\/wp-json\/wp\/v2\/comments?post=9185"}],"version-history":[{"count":2,"href":"https:\/\/agora-eoi.xtec.cat\/eoiigualada\/wp-json\/wp\/v2\/pages\/9185\/revisions"}],"predecessor-version":[{"id":9590,"href":"https:\/\/agora-eoi.xtec.cat\/eoiigualada\/wp-json\/wp\/v2\/pages\/9185\/revisions\/9590"}],"up":[{"embeddable":true,"href":"https:\/\/agora-eoi.xtec.cat\/eoiigualada\/wp-json\/wp\/v2\/pages\/9230"}],"wp:attachment":[{"href":"https:\/\/agora-eoi.xtec.cat\/eoiigualada\/wp-json\/wp\/v2\/media?parent=9185"}],"curies":[{"name":"wp","href":"https:\/\/api.w.org\/{rel}","templated":true}]}}