{"id":9179,"date":"2025-01-28T16:35:16","date_gmt":"2025-01-28T15:35:16","guid":{"rendered":"https:\/\/agora-eoi.xtec.cat\/eoiigualada\/?page_id=9179"},"modified":"2025-10-07T13:03:09","modified_gmt":"2025-10-07T11:03:09","slug":"devolucio-de-taxes-i-preus-publics","status":"publish","type":"page","link":"https:\/\/agora-eoi.xtec.cat\/eoiigualada\/secretaria\/devolucio-de-taxes-i-preus-publics\/","title":{"rendered":"Devoluci\u00f3 de taxes i preus p\u00fablics"},"content":{"rendered":"\n<p><strong>Sol\u00b7licitud de devoluci\u00f3 de taxes i preus p\u00fablics<\/strong><\/p>\n\n\n\n<p>Es tracta d\u2019un <strong>tr\u00e0mit electr\u00f2nic per sol\u00b7licitar la devoluci\u00f3 <\/strong>de les seg\u00fcents taxes i preus p\u00fablics:<\/p>\n\n\n\n<ul class=\"wp-block-list\">\n<li>Taxa de <strong>matr\u00edcula<\/strong> en els nivells B1, B2.1 i B2.2<\/li>\n\n\n\n<li>Preu p\u00fablic de <strong>matr\u00edcula <\/strong>en els nivells A1, A2 i C1<\/li>\n<\/ul>\n\n\n\n<p><strong>ATENCI\u00d3<\/strong>! Segons el tipus de sol\u00b7licitud que es vulgui fer, caldr\u00e0 emplenar un formulari o un altre.<\/p>\n\n\n\n<p><strong>Sol\u00b7licitud de devoluci\u00f3 d\u2019ingressos per ren\u00fancia a la matr\u00edcula dins del termini establert<\/strong><\/p>\n\n\n\n<p>Si voleu sol\u00b7licitar la devoluci\u00f3 de taxes o preus p\u00fablics per ren\u00fancia al curs, \u00e9s imprescindible fer el tr\u00e0mit <strong>dins del termini<\/strong> (<strong>fins al 10 d\u2019octubre de 2025<\/strong>).  Compte que s&#8217;haur\u00e0 d&#8217;adjuntar el full de ren\u00fancia segellat pel centre amb la resta de la documentaci\u00f3!<\/p>\n\n\n\n<p>Per fer la gesti\u00f3, cliqueu a l\u2019enlla\u00e7 de sota i empleneu el formulari de sol\u00b7licitud (tingueu en compte que <em>es retorna l\u2019import de la matr\u00edcula<\/em>, <em>no el del material<\/em>, i que haureu d\u2019adjuntar el <em>full de matr\u00edcula<\/em> i el <em>resguard de pagament<\/em>):<\/p>\n\n\n\n<p><a href=\"https:\/\/educacio.gencat.cat\/ca\/tramits\/tramits-temes\/devolucio-ingressos-indeguts\" target=\"_blank\" rel=\"noreferrer noopener\">Accedir al tr\u00e0mit electr\u00f2nic<\/a><\/p>\n\n\n\n<p>(Si no us \u00e9s possible fer el tr\u00e0mit electr\u00f2nic, hi ha l\u2019opci\u00f3 d\u2019emplenar el seg\u00fcent formulari i lliurar-lo en paper a l\u2019EOI dins del termini: cliqueu <a href=\"http:\/\/eoiigualada.cat\/wp-content\/uploads\/2024\/06\/A1404_Formulari-renuncia-EOI-en-paper.pdf\" target=\"_blank\" rel=\"noreferrer noopener\">AQU\u00cd <\/a>per accedir al formulari)<\/p>\n\n\n\n<p><strong>Sol\u00b7licitud de devoluci\u00f3 d\u2019ingressos en altres sup\u00f2sits<\/strong><br>Feu aquesta sol\u00b7licitud si esteu dins d\u2019algun dels seg\u00fcents sup\u00f2sits que donen dret a la devoluci\u00f3:<\/p>\n\n\n\n<ul class=\"wp-block-list\">\n<li>Quan el pagament de la taxa o preu p\u00fablic es fa per duplicat.<\/li>\n\n\n\n<li>Quan l\u2019import que s\u2019abona \u00e9s superior al que resulta de la liquidaci\u00f3 (per exemple, quan no s\u2019aplica una bonificaci\u00f3 o exempci\u00f3 a la qual es t\u00e9 dret).<\/li>\n\n\n\n<li>Quan el servei o l\u2019activitat objecte de la taxa o del preu p\u00fablic no s\u2019arriben a prestar per raons no imputables a qui els ha pagat.<\/li>\n\n\n\n<li>Quan l\u2019Administraci\u00f3 rectifica, d\u2019ofici o a inst\u00e0ncia de part, qualsevol error material, de fet o aritm\u00e8tic, i a conseq\u00fc\u00e8ncia de la rectificaci\u00f3 en resulta un ingr\u00e9s indegut.<\/li>\n\n\n\n<li>Quan, en el moment del pagament de la taxa o del preu p\u00fablic, no s\u2019aplica una bonificaci\u00f3 o exempci\u00f3 a la qual es t\u00e9 dret.<\/li>\n<\/ul>\n\n\n\n<p>Per fer la gesti\u00f3, cliqueu a l\u2019enlla\u00e7 de sota i empleneu el formulari de sol\u00b7licitud.&nbsp;Es pot sol\u00b7licitar en qualsevol moment, un cop efectuat l\u2019ingr\u00e9s indegut i durant els quatre any seg\u00fcents. La prescripci\u00f3 del dret t\u00e9 lloc un cop transcorreguts quatre anys des de la data del pagament.<\/p>\n\n\n\n<p><a href=\"https:\/\/web.gencat.cat\/ca\/tramits\/tramits-temes\/devolucio-ingressos-indeguts\" target=\"_blank\" rel=\"noreferrer noopener\">Accedir al tr\u00e0mit electr\u00f2nic<\/a><\/p>\n\n\n\n<p>(Tamb\u00e9 teniu l\u2019opci\u00f3 d\u2019emplenar el seg\u00fcent formulari i lliurar-lo en paper a l\u2019EOI dins del termini: cliqueu <a href=\"http:\/\/eoiigualada.cat\/wp-content\/uploads\/2024\/06\/Formulari-sol.-devolucio-altres-casos.pdf\" target=\"_blank\" rel=\"noreferrer noopener\">AQU\u00cd <\/a>per accedir al formulari)<\/p>\n","protected":false},"excerpt":{"rendered":"<p>Sol\u00b7licitud de devoluci\u00f3 de taxes i preus p\u00fablics Es tracta d\u2019un tr\u00e0mit electr\u00f2nic per sol\u00b7licitar la devoluci\u00f3 de les seg\u00fcents [&hellip;]<\/p>\n","protected":false},"author":1,"featured_media":0,"parent":8358,"menu_order":7,"comment_status":"closed","ping_status":"close","template":"","meta":{"site-sidebar-layout":"default","site-content-layout":"","ast-site-content-layout":"default","site-content-style":"default","site-sidebar-style":"default","ast-global-header-display":"","ast-banner-title-visibility":"","ast-main-header-display":"","ast-hfb-above-header-display":"","ast-hfb-below-header-display":"","ast-hfb-mobile-header-display":"","site-post-title":"","ast-breadcrumbs-content":"","ast-featured-img":"","footer-sml-layout":"","theme-transparent-header-meta":"","adv-header-id-meta":"","stick-header-meta":"","header-above-stick-meta":"","header-main-stick-meta":"","header-below-stick-meta":"","astra-migrate-meta-layouts":"set","ast-page-background-enabled":"default","ast-page-background-meta":{"desktop":{"background-color":"var(--ast-global-color-4)","background-image":"","background-repeat":"repeat","background-position":"center center","background-size":"auto","background-attachment":"scroll","background-type":"","background-media":"","overlay-type":"","overlay-color":"","overlay-opacity":"","overlay-gradient":""},"tablet":{"background-color":"","background-image":"","background-repeat":"repeat","background-position":"center center","background-size":"auto","background-attachment":"scroll","background-type":"","background-media":"","overlay-type":"","overlay-color":"","overlay-opacity":"","overlay-gradient":""},"mobile":{"background-color":"","background-image":"","background-repeat":"repeat","background-position":"center center","background-size":"auto","background-attachment":"scroll","background-type":"","background-media":"","overlay-type":"","overlay-color":"","overlay-opacity":"","overlay-gradient":""}},"ast-content-background-meta":{"desktop":{"background-color":"var(--ast-global-color-5)","background-image":"","background-repeat":"repeat","background-position":"center center","background-size":"auto","background-attachment":"scroll","background-type":"","background-media":"","overlay-type":"","overlay-color":"","overlay-opacity":"","overlay-gradient":""},"tablet":{"background-color":"var(--ast-global-color-5)","background-image":"","background-repeat":"repeat","background-position":"center center","background-size":"auto","background-attachment":"scroll","background-type":"","background-media":"","overlay-type":"","overlay-color":"","overlay-opacity":"","overlay-gradient":""},"mobile":{"background-color":"var(--ast-global-color-5)","background-image":"","background-repeat":"repeat","background-position":"center center","background-size":"auto","background-attachment":"scroll","background-type":"","background-media":"","overlay-type":"","overlay-color":"","overlay-opacity":"","overlay-gradient":""}},"footnotes":""},"class_list":["post-9179","page","type-page","status-publish","hentry"],"post_mailing_queue_ids":[],"_links":{"self":[{"href":"https:\/\/agora-eoi.xtec.cat\/eoiigualada\/wp-json\/wp\/v2\/pages\/9179","targetHints":{"allow":["GET"]}}],"collection":[{"href":"https:\/\/agora-eoi.xtec.cat\/eoiigualada\/wp-json\/wp\/v2\/pages"}],"about":[{"href":"https:\/\/agora-eoi.xtec.cat\/eoiigualada\/wp-json\/wp\/v2\/types\/page"}],"author":[{"embeddable":true,"href":"https:\/\/agora-eoi.xtec.cat\/eoiigualada\/wp-json\/wp\/v2\/users\/1"}],"replies":[{"embeddable":true,"href":"https:\/\/agora-eoi.xtec.cat\/eoiigualada\/wp-json\/wp\/v2\/comments?post=9179"}],"version-history":[{"count":4,"href":"https:\/\/agora-eoi.xtec.cat\/eoiigualada\/wp-json\/wp\/v2\/pages\/9179\/revisions"}],"predecessor-version":[{"id":9885,"href":"https:\/\/agora-eoi.xtec.cat\/eoiigualada\/wp-json\/wp\/v2\/pages\/9179\/revisions\/9885"}],"up":[{"embeddable":true,"href":"https:\/\/agora-eoi.xtec.cat\/eoiigualada\/wp-json\/wp\/v2\/pages\/8358"}],"wp:attachment":[{"href":"https:\/\/agora-eoi.xtec.cat\/eoiigualada\/wp-json\/wp\/v2\/media?parent=9179"}],"curies":[{"name":"wp","href":"https:\/\/api.w.org\/{rel}","templated":true}]}}