{"id":9170,"date":"2025-01-16T17:51:46","date_gmt":"2025-01-16T16:51:46","guid":{"rendered":"https:\/\/agora-eoi.xtec.cat\/eoiigualada\/?page_id=9170"},"modified":"2025-09-09T15:03:29","modified_gmt":"2025-09-09T13:03:29","slug":"trasllats","status":"publish","type":"page","link":"https:\/\/agora-eoi.xtec.cat\/eoiigualada\/secretaria\/trasllats\/","title":{"rendered":"Trasllats"},"content":{"rendered":"\n<p>Cada alumne\/a t\u00e9 un expedient obert per cada idioma que cursa\/ha cursat. \u00c9s possible tenir expedients oberts a diferents EOI, sempre i quan corresponguin a idiomes diferents.<\/p>\n\n\n\n<p><strong>Hi ha dos tipus de trasllats<\/strong>:<\/p>\n\n\n\n<ol class=\"wp-block-list\">\n<li>El trasllat d\u2019expedient \u00e9s tan sols el canvi de l\u2019expedient acad\u00e8mic de l\u2019alumne\/a d\u2019una EOI a una altra. Aquest tr\u00e0mit l\u2019hauran de fer tots aquells alumnes que hagin estat alumnes de l\u2019idioma en una EOI diferent a la que ara es volen matricular. Aquest \u00e9s nom\u00e9s un trasllat de papers i no garanteix a l\u2019alumne\/a pla\u00e7a a l\u2019EOI de dest\u00ed, ja que hauria de pre-inscriure\u2019s com alumne\/a nou\/nova.<\/li>\n\n\n\n<li>Quan l\u2019alumne\/a ja est\u00e0 matriculat en una EOI i es vol traslladar un cop comen\u00e7at el curs, ha de sol\u00b7licitar un trasllat de \u201cmatr\u00edcula viva\u201d, que ha de ser autoritzat pr\u00e8viament per l\u2019EOI de dest\u00ed, i nom\u00e9s es concedeix quan hi ha vacants. Aquest procediment es podr\u00e0 realitzar fins al darrer dia h\u00e0bil del mes d\u2019abril.<\/li>\n<\/ol>\n\n\n\n<p>Els trasllats de matr\u00edcula viva dintre de Catalunya <strong>no donaran lloc al pagament de taxes<\/strong>, per\u00f2 els alumnes que arribin procedents d\u2019una EOI d\u2019una altra Comunitat Aut\u00f2noma hauran de pagar la totalitat de la taxa per serveis acad\u00e8mics.<\/p>\n\n\n\n<p>Els&nbsp;trasllats de matr\u00edcula es faran en els terminis especificats en la normativa i sempre acabat el proc\u00e9s de matr\u00edcula corresponent.&nbsp;Consulteu les dates espec\u00edfiques per cada curs amb el servei d\u2019administraci\u00f3 del centre.<\/p>\n\n\n\n<p>Si ho desitgeu, empleneu digitalment la sol\u00b7licitud i envieu-la al correu <strong>secretaria@eoiigualada.cat.<\/strong><\/p>\n\n\n\n<p class=\"has-text-align-center has-black-color has-text-color has-link-color wp-elements-39e34947e5c8f19156f9f55e1466e186\"><mark style=\"background-color:var(--ast-global-color-0)\" class=\"has-inline-color\"><a href=\"https:\/\/agora-eoi.xtec.cat\/eoiigualada\/wp-content\/uploads\/usu2962\/2025\/09\/Trasllat-dexpedient.pdf\">Descarregar trasllat d\u2019expedient<\/a><\/mark><\/p>\n","protected":false},"excerpt":{"rendered":"<p>Cada alumne\/a t\u00e9 un expedient obert per cada idioma que cursa\/ha cursat. \u00c9s possible tenir expedients oberts a diferents EOI, [&hellip;]<\/p>\n","protected":false},"author":1,"featured_media":0,"parent":8358,"menu_order":6,"comment_status":"closed","ping_status":"close","template":"","meta":{"site-sidebar-layout":"default","site-content-layout":"","ast-site-content-layout":"default","site-content-style":"default","site-sidebar-style":"default","ast-global-header-display":"","ast-banner-title-visibility":"","ast-main-header-display":"","ast-hfb-above-header-display":"","ast-hfb-below-header-display":"","ast-hfb-mobile-header-display":"","site-post-title":"","ast-breadcrumbs-content":"","ast-featured-img":"","footer-sml-layout":"","theme-transparent-header-meta":"","adv-header-id-meta":"","stick-header-meta":"","header-above-stick-meta":"","header-main-stick-meta":"","header-below-stick-meta":"","astra-migrate-meta-layouts":"set","ast-page-background-enabled":"default","ast-page-background-meta":{"desktop":{"background-color":"var(--ast-global-color-4)","background-image":"","background-repeat":"repeat","background-position":"center center","background-size":"auto","background-attachment":"scroll","background-type":"","background-media":"","overlay-type":"","overlay-color":"","overlay-opacity":"","overlay-gradient":""},"tablet":{"background-color":"","background-image":"","background-repeat":"repeat","background-position":"center center","background-size":"auto","background-attachment":"scroll","background-type":"","background-media":"","overlay-type":"","overlay-color":"","overlay-opacity":"","overlay-gradient":""},"mobile":{"background-color":"","background-image":"","background-repeat":"repeat","background-position":"center center","background-size":"auto","background-attachment":"scroll","background-type":"","background-media":"","overlay-type":"","overlay-color":"","overlay-opacity":"","overlay-gradient":""}},"ast-content-background-meta":{"desktop":{"background-color":"var(--ast-global-color-5)","background-image":"","background-repeat":"repeat","background-position":"center center","background-size":"auto","background-attachment":"scroll","background-type":"","background-media":"","overlay-type":"","overlay-color":"","overlay-opacity":"","overlay-gradient":""},"tablet":{"background-color":"var(--ast-global-color-5)","background-image":"","background-repeat":"repeat","background-position":"center center","background-size":"auto","background-attachment":"scroll","background-type":"","background-media":"","overlay-type":"","overlay-color":"","overlay-opacity":"","overlay-gradient":""},"mobile":{"background-color":"var(--ast-global-color-5)","background-image":"","background-repeat":"repeat","background-position":"center center","background-size":"auto","background-attachment":"scroll","background-type":"","background-media":"","overlay-type":"","overlay-color":"","overlay-opacity":"","overlay-gradient":""}},"footnotes":""},"class_list":["post-9170","page","type-page","status-publish","hentry"],"post_mailing_queue_ids":[],"_links":{"self":[{"href":"https:\/\/agora-eoi.xtec.cat\/eoiigualada\/wp-json\/wp\/v2\/pages\/9170","targetHints":{"allow":["GET"]}}],"collection":[{"href":"https:\/\/agora-eoi.xtec.cat\/eoiigualada\/wp-json\/wp\/v2\/pages"}],"about":[{"href":"https:\/\/agora-eoi.xtec.cat\/eoiigualada\/wp-json\/wp\/v2\/types\/page"}],"author":[{"embeddable":true,"href":"https:\/\/agora-eoi.xtec.cat\/eoiigualada\/wp-json\/wp\/v2\/users\/1"}],"replies":[{"embeddable":true,"href":"https:\/\/agora-eoi.xtec.cat\/eoiigualada\/wp-json\/wp\/v2\/comments?post=9170"}],"version-history":[{"count":6,"href":"https:\/\/agora-eoi.xtec.cat\/eoiigualada\/wp-json\/wp\/v2\/pages\/9170\/revisions"}],"predecessor-version":[{"id":9841,"href":"https:\/\/agora-eoi.xtec.cat\/eoiigualada\/wp-json\/wp\/v2\/pages\/9170\/revisions\/9841"}],"up":[{"embeddable":true,"href":"https:\/\/agora-eoi.xtec.cat\/eoiigualada\/wp-json\/wp\/v2\/pages\/8358"}],"wp:attachment":[{"href":"https:\/\/agora-eoi.xtec.cat\/eoiigualada\/wp-json\/wp\/v2\/media?parent=9170"}],"curies":[{"name":"wp","href":"https:\/\/api.w.org\/{rel}","templated":true}]}}