{"id":9167,"date":"2025-01-16T17:40:04","date_gmt":"2025-01-16T16:40:04","guid":{"rendered":"https:\/\/agora-eoi.xtec.cat\/eoiigualada\/?page_id=9167"},"modified":"2025-06-19T12:22:58","modified_gmt":"2025-06-19T10:22:58","slug":"matricula-dactualitzacio","status":"publish","type":"page","link":"https:\/\/agora-eoi.xtec.cat\/eoiigualada\/matricula\/matricula-dactualitzacio\/","title":{"rendered":"Matr\u00edcula d\u2019actualitzaci\u00f3"},"content":{"rendered":"\n<p><strong>TORNA A L\u2019EOI D\u2019IGUALADA I RECUPERA EL TEU NIVELL DE LLENGUA! ARA JA \u00c9S POSSIBLE!<\/strong><\/p>\n\n\n\n<p>Aquelles persones que ja hagin cursat i superat amb anterioritat qualsevol dels cursos de les Escoles Oficials d\u2019Idiomes, del Centre de Formaci\u00f3 d\u2019Adults (CFA) dels nivells A1 o A2,\u00a0 o alumnat en r\u00e8gim lliure que vulguin actualitzar-ne els coneixements, poden sol\u00b7licitar matricular-se en l&#8217;\u00faltim curs realitzat o en qualsevol dels cursos anteriors.<\/p>\n\n\n\n<ul class=\"wp-block-list\">\n<li><strong>Qu\u00e8 he de fer si m\u2019interessa?<\/strong><\/li>\n<\/ul>\n\n\n\n<p>Durant el mes de setembre, has de presentar una sol\u00b7licitud. Una vegada finalitzat el per\u00edode d&#8217;admissi\u00f3 de nou alumnat, ens posarem en contacte amb tu i podr\u00e0s\u00a0 accedir als grups en qu\u00e8 existeixin vacants en el curs i idioma sol\u00b7licitat (normalment tenim disponibilitat de places vacants a gaireb\u00e9 tots els grups). La sol\u00b7licitud ser\u00e0 v\u00e0lida \u00fanicament per al curs acad\u00e8mic en qu\u00e8 se sol\u00b7liciti i s\u2019haur\u00e0 de tornar a presentar per a cursos\u00a0 acad\u00e8mics posteriors, en cas que vulguis continuar actualitzant coneixements.\u00a0\u00a0<\/p>\n\n\n\n<ul class=\"wp-block-list\">\n<li><strong>Quin preu t\u00e9 la matr\u00edcula d\u2019actualitzaci\u00f3?<\/strong><\/li>\n<\/ul>\n\n\n\n<p>La taxa o el preu p\u00fablic corresponent, sense penalitzaci\u00f3 per repetici\u00f3.<\/p>\n\n\n\n<ul class=\"wp-block-list\">\n<li><strong>Quina nota tindr\u00e9?<\/strong> <strong>Obtindr\u00e9 un nou certificat?<\/strong><\/li>\n<\/ul>\n\n\n\n<p>Aquest tipus de matr\u00edcula no t\u00e9 efectes acad\u00e8mics ni dona lloc a cap certificaci\u00f3 oficial. La qualificaci\u00f3\u00a0 que es far\u00e0 constar a l\u2019expedient acad\u00e8mic ser\u00e0 de \u201cno qualificat\/da\u201d, per\u00f2 tindr\u00e0s l\u2019opci\u00f3 de demanar un certificat d\u2019aprofitament del curs, en cas que l\u2019hagis aprofitat. <\/p>\n\n\n\n<p>Per tant, podr\u00e0s sol\u00b7licitar un certificat d\u2019actualitzaci\u00f3 al centre, per\u00f2 no una nova expedici\u00f3 del certificat\u00a0 obtingut anteriorment.<\/p>\n\n\n\n<p><strong>NOTA<\/strong>: No es pot simultaniejar una matr\u00edcula ordin\u00e0ria als ensenyaments presencials amb una matr\u00edcula d\u2019actualitzaci\u00f3 del mateix idioma durant un mateix curs acad\u00e8mic.<\/p>\n\n\n\n<p><\/p>\n","protected":false},"excerpt":{"rendered":"<p>TORNA A L\u2019EOI D\u2019IGUALADA I RECUPERA EL TEU NIVELL DE LLENGUA! ARA JA \u00c9S POSSIBLE! Aquelles persones que ja hagin [&hellip;]<\/p>\n","protected":false},"author":1,"featured_media":0,"parent":8161,"menu_order":4,"comment_status":"closed","ping_status":"close","template":"","meta":{"site-sidebar-layout":"default","site-content-layout":"","ast-site-content-layout":"default","site-content-style":"default","site-sidebar-style":"default","ast-global-header-display":"","ast-banner-title-visibility":"","ast-main-header-display":"","ast-hfb-above-header-display":"","ast-hfb-below-header-display":"","ast-hfb-mobile-header-display":"","site-post-title":"","ast-breadcrumbs-content":"","ast-featured-img":"","footer-sml-layout":"","theme-transparent-header-meta":"","adv-header-id-meta":"","stick-header-meta":"","header-above-stick-meta":"","header-main-stick-meta":"","header-below-stick-meta":"","astra-migrate-meta-layouts":"set","ast-page-background-enabled":"default","ast-page-background-meta":{"desktop":{"background-color":"var(--ast-global-color-4)","background-image":"","background-repeat":"repeat","background-position":"center center","background-size":"auto","background-attachment":"scroll","background-type":"","background-media":"","overlay-type":"","overlay-color":"","overlay-opacity":"","overlay-gradient":""},"tablet":{"background-color":"","background-image":"","background-repeat":"repeat","background-position":"center center","background-size":"auto","background-attachment":"scroll","background-type":"","background-media":"","overlay-type":"","overlay-color":"","overlay-opacity":"","overlay-gradient":""},"mobile":{"background-color":"","background-image":"","background-repeat":"repeat","background-position":"center center","background-size":"auto","background-attachment":"scroll","background-type":"","background-media":"","overlay-type":"","overlay-color":"","overlay-opacity":"","overlay-gradient":""}},"ast-content-background-meta":{"desktop":{"background-color":"var(--ast-global-color-5)","background-image":"","background-repeat":"repeat","background-position":"center center","background-size":"auto","background-attachment":"scroll","background-type":"","background-media":"","overlay-type":"","overlay-color":"","overlay-opacity":"","overlay-gradient":""},"tablet":{"background-color":"var(--ast-global-color-5)","background-image":"","background-repeat":"repeat","background-position":"center center","background-size":"auto","background-attachment":"scroll","background-type":"","background-media":"","overlay-type":"","overlay-color":"","overlay-opacity":"","overlay-gradient":""},"mobile":{"background-color":"var(--ast-global-color-5)","background-image":"","background-repeat":"repeat","background-position":"center center","background-size":"auto","background-attachment":"scroll","background-type":"","background-media":"","overlay-type":"","overlay-color":"","overlay-opacity":"","overlay-gradient":""}},"footnotes":""},"class_list":["post-9167","page","type-page","status-publish","hentry"],"post_mailing_queue_ids":[],"_links":{"self":[{"href":"https:\/\/agora-eoi.xtec.cat\/eoiigualada\/wp-json\/wp\/v2\/pages\/9167","targetHints":{"allow":["GET"]}}],"collection":[{"href":"https:\/\/agora-eoi.xtec.cat\/eoiigualada\/wp-json\/wp\/v2\/pages"}],"about":[{"href":"https:\/\/agora-eoi.xtec.cat\/eoiigualada\/wp-json\/wp\/v2\/types\/page"}],"author":[{"embeddable":true,"href":"https:\/\/agora-eoi.xtec.cat\/eoiigualada\/wp-json\/wp\/v2\/users\/1"}],"replies":[{"embeddable":true,"href":"https:\/\/agora-eoi.xtec.cat\/eoiigualada\/wp-json\/wp\/v2\/comments?post=9167"}],"version-history":[{"count":3,"href":"https:\/\/agora-eoi.xtec.cat\/eoiigualada\/wp-json\/wp\/v2\/pages\/9167\/revisions"}],"predecessor-version":[{"id":9598,"href":"https:\/\/agora-eoi.xtec.cat\/eoiigualada\/wp-json\/wp\/v2\/pages\/9167\/revisions\/9598"}],"up":[{"embeddable":true,"href":"https:\/\/agora-eoi.xtec.cat\/eoiigualada\/wp-json\/wp\/v2\/pages\/8161"}],"wp:attachment":[{"href":"https:\/\/agora-eoi.xtec.cat\/eoiigualada\/wp-json\/wp\/v2\/media?parent=9167"}],"curies":[{"name":"wp","href":"https:\/\/api.w.org\/{rel}","templated":true}]}}