{"id":9161,"date":"2025-01-16T17:29:52","date_gmt":"2025-01-16T16:29:52","guid":{"rendered":"https:\/\/agora-eoi.xtec.cat\/eoiigualada\/?page_id=9161"},"modified":"2025-09-21T11:28:13","modified_gmt":"2025-09-21T09:28:13","slug":"assistencia-a-classe","status":"publish","type":"page","link":"https:\/\/agora-eoi.xtec.cat\/eoiigualada\/secretaria\/assistencia-a-classe\/","title":{"rendered":"Assist\u00e8ncia a classe"},"content":{"rendered":"\n<p>L\u2019assist\u00e8ncia a classe \u00e9s <strong>obligat\u00f2ria<\/strong>. El professorat portar\u00e0 un control mensual com a comprovant de la seva assist\u00e8ncia.<\/p>\n\n\n\n<p>En el cas d\u2019abs\u00e8ncies superiors al 35% del temps lectiu (els cursos tenen com a m\u00ednim de 130 hores), l\u2019alumne\/a <strong>no podr\u00e0 acollir-se a l\u2019avaluaci\u00f3 cont\u00ednua<\/strong> i per ser avaluat nom\u00e9s podr\u00e0 presentar-se a la prova de fi de curs que es far\u00e0 a finals del mes de maig.<\/p>\n\n\n\n<p>L\u2019alumnat oficial que hagi de fer la prova de fi de curs, \u00e9s a dir, que no s\u2019aculli a l\u2019avaluaci\u00f3 cont\u00ednua, i no es presenti a l\u2019examen ser\u00e0 qualificat amb NO PRESENTAT, i haur\u00e0 gastat una convocat\u00f2ria.<\/p>\n\n\n\n<p><strong>L&#8217;alumnat menor de 18 anys han de justificar al seu professor\/a totes les seves abs\u00e8ncies i retards a classe, aix\u00ed com la seva sortida del centre abans de finalitzar la classe<\/strong>. Aix\u00f2 es pot fer abans o just despr\u00e9s de l&#8217;abs\u00e8ncia, mitjan\u00e7ant un correu electr\u00f2nic a <strong>secretaria@eoiigualada.cat<\/strong>.  Si es produeix una abs\u00e8ncia sense justificar, el centre es posar\u00e0 en contacte amb les fam\u00edlies o persones tutores legals mitjan\u00e7ant trucada telef\u00f2nica o missatge WhatsApp per tal d&#8217;informar-los.<\/p>\n\n\n\n<div class=\"wp-block-buttons is-content-justification-center is-layout-flex wp-container-core-buttons-is-layout-1 wp-block-buttons-is-layout-flex\">\n<div class=\"wp-block-button\"><a class=\"wp-block-button__link wp-element-button\" href=\"https:\/\/agora-eoi.xtec.cat\/eoiigualada\/wp-content\/uploads\/usu2962\/2025\/09\/Justificant-de-faltes-dassistencia-editable.pdf\"><strong>Justificant faltes d\u2019assist\u00e8ncia<\/strong> (alumnat menor)<\/a><\/div>\n<\/div>\n\n\n\n<p>A m\u00e9s, se\u2019ls proporcionar\u00e0 per part dels professors un FULL D\u2019AUTORITZACI\u00d3 per no romandre al centre en cas d\u2019abs\u00e8ncia per for\u00e7a major del professor\/a, que els pares o representant legal ompliran i faran arribar al professor\/a corresponent abans del 15 d\u2019octubre. Si el centre no disposa de l\u2019autoritzaci\u00f3, l\u2019alumne\/a haur\u00e0 de romandre a la biblioteca del centre.<\/p>\n","protected":false},"excerpt":{"rendered":"<p>L\u2019assist\u00e8ncia a classe \u00e9s obligat\u00f2ria. El professorat portar\u00e0 un control mensual com a comprovant de la seva assist\u00e8ncia. En el [&hellip;]<\/p>\n","protected":false},"author":1,"featured_media":0,"parent":8358,"menu_order":1,"comment_status":"closed","ping_status":"close","template":"","meta":{"site-sidebar-layout":"default","site-content-layout":"","ast-site-content-layout":"default","site-content-style":"default","site-sidebar-style":"default","ast-global-header-display":"","ast-banner-title-visibility":"","ast-main-header-display":"","ast-hfb-above-header-display":"","ast-hfb-below-header-display":"","ast-hfb-mobile-header-display":"","site-post-title":"","ast-breadcrumbs-content":"","ast-featured-img":"","footer-sml-layout":"","theme-transparent-header-meta":"","adv-header-id-meta":"","stick-header-meta":"","header-above-stick-meta":"","header-main-stick-meta":"","header-below-stick-meta":"","astra-migrate-meta-layouts":"set","ast-page-background-enabled":"default","ast-page-background-meta":{"desktop":{"background-color":"var(--ast-global-color-4)","background-image":"","background-repeat":"repeat","background-position":"center center","background-size":"auto","background-attachment":"scroll","background-type":"","background-media":"","overlay-type":"","overlay-color":"","overlay-opacity":"","overlay-gradient":""},"tablet":{"background-color":"","background-image":"","background-repeat":"repeat","background-position":"center center","background-size":"auto","background-attachment":"scroll","background-type":"","background-media":"","overlay-type":"","overlay-color":"","overlay-opacity":"","overlay-gradient":""},"mobile":{"background-color":"","background-image":"","background-repeat":"repeat","background-position":"center center","background-size":"auto","background-attachment":"scroll","background-type":"","background-media":"","overlay-type":"","overlay-color":"","overlay-opacity":"","overlay-gradient":""}},"ast-content-background-meta":{"desktop":{"background-color":"var(--ast-global-color-5)","background-image":"","background-repeat":"repeat","background-position":"center center","background-size":"auto","background-attachment":"scroll","background-type":"","background-media":"","overlay-type":"","overlay-color":"","overlay-opacity":"","overlay-gradient":""},"tablet":{"background-color":"var(--ast-global-color-5)","background-image":"","background-repeat":"repeat","background-position":"center center","background-size":"auto","background-attachment":"scroll","background-type":"","background-media":"","overlay-type":"","overlay-color":"","overlay-opacity":"","overlay-gradient":""},"mobile":{"background-color":"var(--ast-global-color-5)","background-image":"","background-repeat":"repeat","background-position":"center center","background-size":"auto","background-attachment":"scroll","background-type":"","background-media":"","overlay-type":"","overlay-color":"","overlay-opacity":"","overlay-gradient":""}},"footnotes":""},"class_list":["post-9161","page","type-page","status-publish","hentry"],"post_mailing_queue_ids":[],"_links":{"self":[{"href":"https:\/\/agora-eoi.xtec.cat\/eoiigualada\/wp-json\/wp\/v2\/pages\/9161","targetHints":{"allow":["GET"]}}],"collection":[{"href":"https:\/\/agora-eoi.xtec.cat\/eoiigualada\/wp-json\/wp\/v2\/pages"}],"about":[{"href":"https:\/\/agora-eoi.xtec.cat\/eoiigualada\/wp-json\/wp\/v2\/types\/page"}],"author":[{"embeddable":true,"href":"https:\/\/agora-eoi.xtec.cat\/eoiigualada\/wp-json\/wp\/v2\/users\/1"}],"replies":[{"embeddable":true,"href":"https:\/\/agora-eoi.xtec.cat\/eoiigualada\/wp-json\/wp\/v2\/comments?post=9161"}],"version-history":[{"count":6,"href":"https:\/\/agora-eoi.xtec.cat\/eoiigualada\/wp-json\/wp\/v2\/pages\/9161\/revisions"}],"predecessor-version":[{"id":9861,"href":"https:\/\/agora-eoi.xtec.cat\/eoiigualada\/wp-json\/wp\/v2\/pages\/9161\/revisions\/9861"}],"up":[{"embeddable":true,"href":"https:\/\/agora-eoi.xtec.cat\/eoiigualada\/wp-json\/wp\/v2\/pages\/8358"}],"wp:attachment":[{"href":"https:\/\/agora-eoi.xtec.cat\/eoiigualada\/wp-json\/wp\/v2\/media?parent=9161"}],"curies":[{"name":"wp","href":"https:\/\/api.w.org\/{rel}","templated":true}]}}