{"id":9157,"date":"2025-01-14T17:56:24","date_gmt":"2025-01-14T16:56:24","guid":{"rendered":"https:\/\/agora-eoi.xtec.cat\/eoiigualada\/?page_id=9157"},"modified":"2025-07-01T11:58:46","modified_gmt":"2025-07-01T09:58:46","slug":"canvi-dhorari","status":"publish","type":"page","link":"https:\/\/agora-eoi.xtec.cat\/eoiigualada\/secretaria\/canvi-dhorari\/","title":{"rendered":"Canvi d\u2019horari"},"content":{"rendered":"\n<p>Un cop iniciades les classes, aquells alumnes que vulguin canviar l\u2019horari assignat per un altre podran utilitzar els seg\u00fcents mecanismes:<\/p>\n\n\n\n<h3 class=\"wp-block-heading\">Canvi d\u2019horari oficial<\/h3>\n\n\n\n<p>\u00danicament es concedir\u00e0 per causes produ\u00efdes en data posterior a la data de matr\u00edcula, d\u2019acord amb la condici\u00f3 seg\u00fcent: nom\u00e9s es podran concedir canvis per cobrir places en aquells horaris que en tinguin de vacants.<\/p>\n\n\n\n<p>Podran sol\u00b7licitar-lo els alumnes que al\u00b7leguin un dels motius seg\u00fcents:<\/p>\n\n\n\n<ul class=\"wp-block-list\">\n<li>Problemes greus de salut.<\/li>\n\n\n\n<li>Incompatibilitat de l\u2019horari assignat amb l\u2019activitat laboral.<\/li>\n\n\n\n<li>Incompatibilitat amb altres estudis oficials prioritaris.<\/li>\n\n\n\n<li>Altres causes (caldr\u00e0 especificar-les).<\/li>\n<\/ul>\n\n\n\n<p><strong>Procediment<\/strong>: els alumnes interessats presentaran a Secretaria, a l\u2019atenci\u00f3 de la&nbsp;directora o de la  secret\u00e0ria de l\u2019escola, una inst\u00e0ncia (segons model que es podr\u00e0 demanar a consergeria o descarregar), en la qual se sol\u00b7licita el nou horari.<\/p>\n\n\n\n<p>Les inst\u00e0ncies es classificaran per idioma i per l\u2019horari sol\u00b7licitat, i la secret\u00e0ria&nbsp;concedir\u00e0 o denegar\u00e0 els canvis en funci\u00f3 de la disponibilitat de places. Les places disponibles s\u2019atorgaran per rigor\u00f3s ordre d\u2019entrada.<\/p>\n\n\n\n<p>Cada alumne nom\u00e9s&nbsp;podr\u00e0 fer un canvi de grup per curs.<\/p>\n\n\n\n<p>Si desitgeu canviar el vostre horari, empleneu digitalment la sol\u00b7licitud i envieu-la al correu <strong>secretaria@eoiigualada.cat.<\/strong><\/p>\n\n\n\n<p>Descarregar <em><a href=\"https:\/\/agora-eoi.xtec.cat\/eoiigualada\/wp-content\/uploads\/usu2962\/2025\/07\/Canvi-de-grup-PDF-EDITABLE.pdf\" data-type=\"attachment\" data-id=\"9685\">aqu\u00ed formulari canvi de grup<\/a><\/em><\/p>\n\n\n\n<h3 class=\"wp-block-heading\">Permuta<\/h3>\n\n\n\n<p>Es tracta de l\u2019intercanvi de pla\u00e7a entre dues persones matriculades en dos horaris diferents del mateix idioma i curs; cal que sigui acceptat lliurement per cadascun dels dos alumnes que la realitzen.<\/p>\n\n\n\n<p><strong>Procediment<\/strong>: es pot fer en qualsevol moment del curs; nom\u00e9s cal que els dos alumnes interessats es presentin a Secretaria i comuniquin la seva intenci\u00f3 de permutar els seus horaris (a m\u00e9s de notificar-la als professors respectius).<\/p>\n","protected":false},"excerpt":{"rendered":"<p>Un cop iniciades les classes, aquells alumnes que vulguin canviar l\u2019horari assignat per un altre podran utilitzar els seg\u00fcents mecanismes: [&hellip;]<\/p>\n","protected":false},"author":1,"featured_media":0,"parent":8358,"menu_order":5,"comment_status":"closed","ping_status":"close","template":"","meta":{"site-sidebar-layout":"default","site-content-layout":"","ast-site-content-layout":"default","site-content-style":"default","site-sidebar-style":"default","ast-global-header-display":"","ast-banner-title-visibility":"","ast-main-header-display":"","ast-hfb-above-header-display":"","ast-hfb-below-header-display":"","ast-hfb-mobile-header-display":"","site-post-title":"","ast-breadcrumbs-content":"","ast-featured-img":"","footer-sml-layout":"","theme-transparent-header-meta":"","adv-header-id-meta":"","stick-header-meta":"","header-above-stick-meta":"","header-main-stick-meta":"","header-below-stick-meta":"","astra-migrate-meta-layouts":"set","ast-page-background-enabled":"default","ast-page-background-meta":{"desktop":{"background-color":"var(--ast-global-color-4)","background-image":"","background-repeat":"repeat","background-position":"center center","background-size":"auto","background-attachment":"scroll","background-type":"","background-media":"","overlay-type":"","overlay-color":"","overlay-opacity":"","overlay-gradient":""},"tablet":{"background-color":"","background-image":"","background-repeat":"repeat","background-position":"center center","background-size":"auto","background-attachment":"scroll","background-type":"","background-media":"","overlay-type":"","overlay-color":"","overlay-opacity":"","overlay-gradient":""},"mobile":{"background-color":"","background-image":"","background-repeat":"repeat","background-position":"center center","background-size":"auto","background-attachment":"scroll","background-type":"","background-media":"","overlay-type":"","overlay-color":"","overlay-opacity":"","overlay-gradient":""}},"ast-content-background-meta":{"desktop":{"background-color":"var(--ast-global-color-5)","background-image":"","background-repeat":"repeat","background-position":"center center","background-size":"auto","background-attachment":"scroll","background-type":"","background-media":"","overlay-type":"","overlay-color":"","overlay-opacity":"","overlay-gradient":""},"tablet":{"background-color":"var(--ast-global-color-5)","background-image":"","background-repeat":"repeat","background-position":"center center","background-size":"auto","background-attachment":"scroll","background-type":"","background-media":"","overlay-type":"","overlay-color":"","overlay-opacity":"","overlay-gradient":""},"mobile":{"background-color":"var(--ast-global-color-5)","background-image":"","background-repeat":"repeat","background-position":"center center","background-size":"auto","background-attachment":"scroll","background-type":"","background-media":"","overlay-type":"","overlay-color":"","overlay-opacity":"","overlay-gradient":""}},"footnotes":""},"class_list":["post-9157","page","type-page","status-publish","hentry"],"post_mailing_queue_ids":[],"_links":{"self":[{"href":"https:\/\/agora-eoi.xtec.cat\/eoiigualada\/wp-json\/wp\/v2\/pages\/9157","targetHints":{"allow":["GET"]}}],"collection":[{"href":"https:\/\/agora-eoi.xtec.cat\/eoiigualada\/wp-json\/wp\/v2\/pages"}],"about":[{"href":"https:\/\/agora-eoi.xtec.cat\/eoiigualada\/wp-json\/wp\/v2\/types\/page"}],"author":[{"embeddable":true,"href":"https:\/\/agora-eoi.xtec.cat\/eoiigualada\/wp-json\/wp\/v2\/users\/1"}],"replies":[{"embeddable":true,"href":"https:\/\/agora-eoi.xtec.cat\/eoiigualada\/wp-json\/wp\/v2\/comments?post=9157"}],"version-history":[{"count":6,"href":"https:\/\/agora-eoi.xtec.cat\/eoiigualada\/wp-json\/wp\/v2\/pages\/9157\/revisions"}],"predecessor-version":[{"id":9686,"href":"https:\/\/agora-eoi.xtec.cat\/eoiigualada\/wp-json\/wp\/v2\/pages\/9157\/revisions\/9686"}],"up":[{"embeddable":true,"href":"https:\/\/agora-eoi.xtec.cat\/eoiigualada\/wp-json\/wp\/v2\/pages\/8358"}],"wp:attachment":[{"href":"https:\/\/agora-eoi.xtec.cat\/eoiigualada\/wp-json\/wp\/v2\/media?parent=9157"}],"curies":[{"name":"wp","href":"https:\/\/api.w.org\/{rel}","templated":true}]}}