{"id":8742,"date":"2016-06-20T16:13:14","date_gmt":"2016-06-20T15:13:14","guid":{"rendered":"https:\/\/agora-eoi.xtec.cat\/eoiigualada\/?page_id=8742"},"modified":"2025-11-18T10:21:28","modified_gmt":"2025-11-18T09:21:28","slug":"recursos-dautoaprenentatge","status":"publish","type":"page","link":"https:\/\/agora-eoi.xtec.cat\/eoiigualada\/idiomes\/angles\/recursos-dautoaprenentatge\/","title":{"rendered":"Recursos d&#8217;autoaprenentatge angl\u00e8s"},"content":{"rendered":"\n<h3 class=\"wp-block-heading\">Recursos online<\/h3>\n\n\n\n<h4 class=\"wp-block-heading\">All skills<\/h4>\n\n\n\n<p>En aquestes p\u00e0gines trobareu una miqueta de tot perqu\u00e8 pogueu triar vosaltres mateixos.<\/p>\n\n\n\n<p><a href=\"http:\/\/www.bbc.com\/learningenglish\/\" target=\"_blank\" rel=\"noreferrer noopener\">http:\/\/www.bbc.com\/learningenglish\/<\/a><br>P\u00e0gina cl\u00e0ssica i de qualitat contrastada on trobareu diverses seccions per practicar les diferents habilitiats.<\/p>\n\n\n\n<p><a href=\"https:\/\/learningenglish.voanews.com\/\" target=\"_blank\" rel=\"noreferrer noopener\">https:\/\/learningenglish.voanews.com\/<\/a><br>Similar a la de la BBC per\u00f2 la versi\u00f3 americana. For\u00e7a recursos amb v\u00eddeos. Material classificat per nivells, molt \u00fatil.<\/p>\n\n\n\n<p><a href=\"https:\/\/www.thoughtco.com\/esl-4133095\" target=\"_blank\" rel=\"noreferrer noopener\">https:\/\/www.thoughtco.com\/esl-4133095<\/a><br>Articles amb explicacions i exemples de diferents aspectes gramaticals, de pronunciaci\u00f3 i de writing. Llistats de vocabulari per temes. Articles per llegir amb exercicis de comprensi\u00f3.<\/p>\n\n\n\n<h4 class=\"wp-block-heading\">Dictionaries<\/h4>\n\n\n\n<p><a href=\"http:\/\/www.oxfordlearnersdictionaries.com\/\">www.oxfordlearnersdictionaries.com<\/a>&nbsp;(Oxford)<\/p>\n\n\n\n<p><a href=\"https:\/\/www.collinsdictionary.com\/dictionary\/english\">www.dictionary.cambridge.org\/es\/&nbsp;<\/a>(Cambridge)<\/p>\n\n\n\n<p><a href=\"http:\/\/www.wordreference.com\/\" target=\"_blank\" rel=\"noreferrer noopener\">www.wordreference.com<\/a><\/p>\n\n\n\n<p><a href=\"http:\/\/www.freecollocation.com\/\" target=\"_blank\" rel=\"noreferrer noopener\">http:\/\/www.freecollocation.com<\/a>&nbsp;(Collocations)<\/p>\n\n\n\n<p><a href=\"http:\/\/thesaurus.reference.com\/\" target=\"_blank\" rel=\"noreferrer noopener\">www.thesaurus.com<\/a>\u00a0(Synonyms)<\/p>\n\n\n\n<h4 class=\"wp-block-heading\">Listening <\/h4>\n\n\n\n<p><a href=\"https:\/\/www.bbc.co.uk\/search?q=6-minute+English\" target=\"_blank\" rel=\"noreferrer noopener\">https:\/\/www.bbc.co.uk\/search?q=6-minute+English<\/a><br>Audios de 6 minuts (sense transcripci\u00f3) sobre molts temes diferents.<\/p>\n\n\n\n<p><a href=\"http:\/\/www.bbc.co.uk\/learningenglish\/english\/features\/lingohack\" target=\"_blank\" rel=\"noreferrer noopener\">http:\/\/www.bbc.co.uk\/learningenglish\/english\/features\/lingohack<\/a><br>V\u00eddeos curts amb transcripci\u00f3 i un breu glossari (level \u2013 B1 &amp; B2.1)<\/p>\n\n\n\n<p><a href=\"http:\/\/elllo.org\/\" target=\"_blank\" rel=\"noreferrer noopener\">www.elllo.org<\/a><br>Audios amb la transcripci\u00f3 i exercicis. Diferents accents.<\/p>\n\n\n\n<p><a href=\"https:\/\/edition.cnn.com\/cnn10\" target=\"_blank\" rel=\"noreferrer noopener\">https:\/\/edition.cnn.com\/cnn10<\/a><br>V\u00eddeos de reportatges de 10 minuts amb transcripcions.<\/p>\n\n\n\n<p><a href=\"https:\/\/www.bbc.com\/ideas\/\" target=\"_blank\" rel=\"noreferrer noopener\">https:\/\/www.bbc.com\/ideas\/<\/a><br>V\u00eddeos breus (2-5 minuts) sobre molts temes, amb possiilitat de posar subt\u00edtols.<\/p>\n\n\n\n<p><a href=\"http:\/\/esl-lab.com\/\" target=\"_blank\" rel=\"noreferrer noopener\">www.esl-lab.com<\/a><br>Activitats de listening amb exercisis de pre-listening, listening and post-listening . Tamb\u00e9 pots tenir la transcripci\u00f3 (\u2018quiz scrip\u2019) i el vocabulari dif\u00edcil o important del text. Molt interessant.<\/p>\n\n\n\n<p><a href=\"https:\/\/ed.ted.com\/\" target=\"_blank\" rel=\"noreferrer noopener\">https:\/\/ed.ted.com\/<\/a><br>Web molt coneguda amb exercicis basats ens v\u00eddeos de Ted-talks. Cal registrar-s\u2019hi gratu\u00eftament.<\/p>\n\n\n\n<h4 class=\"wp-block-heading\">Podcasts &amp; Media <\/h4>\n\n\n\n<p><a href=\"http:\/\/esl.podomatic.com\/\" target=\"_blank\" rel=\"noreferrer noopener\">www.esl.podomatic.com<\/a><\/p>\n\n\n\n<p><a href=\"http:\/\/www.eslpod.com\/\" target=\"_blank\" rel=\"noreferrer noopener\">www.eslpod.com<\/a><\/p>\n\n\n\n<p><a href=\"https:\/\/www.cataloniatoday.cat\/\" data-type=\"link\" data-id=\"https:\/\/www.cataloniatoday.cat\/\">https:\/\/www.cataloniatoday.cat\/<\/a><\/p>\n\n\n\n<p><a href=\"https:\/\/www.elpuntavui.tv\/programes\/english-hour.html\" target=\"_blank\" rel=\"noreferrer noopener\">https:\/\/www.elpuntavui.tv\/programes\/english-hour.html<\/a><br>Secci\u00f3 en angl\u00e8s del mitj\u00e0 catal\u00e0 amb entrevistes i altres programes amb parlants nadius i tamb\u00e9 no-nadius.<\/p>\n\n\n\n<p><a href=\"https:\/\/www.bbc.com\/\">https:\/\/www.bbc.com\/<\/a>\u00a0<\/p>\n\n\n\n<p><a href=\"https:\/\/watch.plex.tv\/es\">https:\/\/watch.plex.tv\/es<\/a> (You can watch old series and movies for free, and quite a lot of them in English)<\/p>\n\n\n\n<h4 class=\"wp-block-heading\">Pronunciation &amp; Speaking<\/h4>\n\n\n\n<p><a href=\"http:\/\/www.evaeaston.com\/\" target=\"_blank\" rel=\"noreferrer noopener\">www.evaeaston.com<\/a><br>Tutorials i explicacions sobre aspectes de pron\u00fancia (angl\u00e8s americ\u00e0). Tamb\u00e9 exercicis amb correccions.<\/p>\n\n\n\n<p><a href=\"http:\/\/www.bbc.co.uk\/learningenglish\/features\/pronunciation\/tims-pronunciation-workshop-ep-13\" target=\"_blank\" rel=\"noreferrer noopener\">http:\/\/www.bbc.co.uk\/learningenglish\/features\/pronunciation\/tims-pronunciation-workshop-ep-13<\/a><br>Secci\u00f3 especif\u00edca de pronunciaci\u00f3 de la p\u00e0gina general de la BBC, amb v\u00eddeos explicatius sobre aspectes espec\u00edfics de pronunciaci\u00f3. Nivell B1 i B2.1<\/p>\n\n\n\n<p><a href=\"https:\/\/elsaspeak.com\/\" target=\"_blank\" rel=\"noreferrer noopener\">https:\/\/elsaspeak.com\/<\/a><br>Una app que es pot descarregar (tb al m\u00f2bil) per practicar speaking amb di\u00e0legs curts i divertits. Mitjan\u00e7ant tecnologia d\u2019intel\u00b7lig\u00e8ncia artificial d\u00f3na feedback sobre la teva pronunciaci\u00f3.<\/p>\n\n\n\n<p><a href=\"https:\/\/www.bbc.co.uk\/learningenglish\/features\/pronunciation\" data-type=\"link\" data-id=\"https:\/\/www.bbc.co.uk\/learningenglish\/features\/pronunciation\">https:\/\/www.bbc.co.uk\/learningenglish\/features\/pronunciation<\/a>  (Tim&#8217;s pronunciation workshop)<\/p>\n\n\n\n<h4 class=\"wp-block-heading\">Reading &amp; Writing<\/h4>\n\n\n\n<p><a href=\"https:\/\/breakingnewsenglish.com\/\" data-type=\"link\" data-id=\"https:\/\/breakingnewsenglish.com\/\">https:\/\/breakingnewsenglish.com\/<\/a><\/p>\n\n\n\n<p><a href=\"https:\/\/lingua.com\/english\/reading\/\">https:\/\/lingua.com\/english\/reading\/<\/a>  <\/p>\n\n\n\n<p><a href=\"https:\/\/www.fabulang.com\/en\/en\" data-type=\"link\" data-id=\"https:\/\/www.fabulang.com\/en\/en\">https:\/\/www.fabulang.com\/en\/en<\/a>   (learn English by reading stories)<\/p>\n\n\n\n<h4 class=\"wp-block-heading\">Grammar &amp; Vocabulary<\/h4>\n\n\n\n<p><a href=\"https:\/\/english-practice.net\/#\" data-type=\"link\" data-id=\"https:\/\/english-practice.net\/#\">https:\/\/english-practice.net\/#<\/a><\/p>\n\n\n\n<p><a href=\"https:\/\/www.perfect-english-grammar.com\/\" data-type=\"link\" data-id=\"https:\/\/www.perfect-english-grammar.com\/\">https:\/\/www.perfect-english-grammar.com\/<\/a><\/p>\n\n\n\n<p><a href=\"https:\/\/learnenglish.britishcouncil.org\/grammar\" data-type=\"link\" data-id=\"https:\/\/learnenglish.britishcouncil.org\/grammar\">https:\/\/learnenglish.britishcouncil.org\/grammar<\/a><\/p>\n\n\n\n<p><a href=\"https:\/\/www.esl-lounge.com\/student\/\">https:\/\/www.esl-lounge.com\/student\/ <\/a><\/p>\n","protected":false},"excerpt":{"rendered":"<p>Recursos online All skills En aquestes p\u00e0gines trobareu una miqueta de tot perqu\u00e8 pogueu triar vosaltres mateixos. http:\/\/www.bbc.com\/learningenglish\/P\u00e0gina cl\u00e0ssica i [&hellip;]<\/p>\n","protected":false},"author":1,"featured_media":0,"parent":8189,"menu_order":4,"comment_status":"closed","ping_status":"closed","template":"","meta":{"site-sidebar-layout":"default","site-content-layout":"","ast-site-content-layout":"default","site-content-style":"default","site-sidebar-style":"default","ast-global-header-display":"","ast-banner-title-visibility":"","ast-main-header-display":"","ast-hfb-above-header-display":"","ast-hfb-below-header-display":"","ast-hfb-mobile-header-display":"","site-post-title":"","ast-breadcrumbs-content":"","ast-featured-img":"","footer-sml-layout":"","theme-transparent-header-meta":"","adv-header-id-meta":"","stick-header-meta":"","header-above-stick-meta":"","header-main-stick-meta":"","header-below-stick-meta":"","astra-migrate-meta-layouts":"set","ast-page-background-enabled":"default","ast-page-background-meta":{"desktop":{"background-color":"var(--ast-global-color-4)","background-image":"","background-repeat":"repeat","background-position":"center center","background-size":"auto","background-attachment":"scroll","background-type":"","background-media":"","overlay-type":"","overlay-color":"","overlay-opacity":"","overlay-gradient":""},"tablet":{"background-color":"","background-image":"","background-repeat":"repeat","background-position":"center center","background-size":"auto","background-attachment":"scroll","background-type":"","background-media":"","overlay-type":"","overlay-color":"","overlay-opacity":"","overlay-gradient":""},"mobile":{"background-color":"","background-image":"","background-repeat":"repeat","background-position":"center center","background-size":"auto","background-attachment":"scroll","background-type":"","background-media":"","overlay-type":"","overlay-color":"","overlay-opacity":"","overlay-gradient":""}},"ast-content-background-meta":{"desktop":{"background-color":"var(--ast-global-color-5)","background-image":"","background-repeat":"repeat","background-position":"center center","background-size":"auto","background-attachment":"scroll","background-type":"","background-media":"","overlay-type":"","overlay-color":"","overlay-opacity":"","overlay-gradient":""},"tablet":{"background-color":"var(--ast-global-color-5)","background-image":"","background-repeat":"repeat","background-position":"center center","background-size":"auto","background-attachment":"scroll","background-type":"","background-media":"","overlay-type":"","overlay-color":"","overlay-opacity":"","overlay-gradient":""},"mobile":{"background-color":"var(--ast-global-color-5)","background-image":"","background-repeat":"repeat","background-position":"center center","background-size":"auto","background-attachment":"scroll","background-type":"","background-media":"","overlay-type":"","overlay-color":"","overlay-opacity":"","overlay-gradient":""}},"footnotes":""},"class_list":["post-8742","page","type-page","status-publish","hentry"],"post_mailing_queue_ids":[],"_links":{"self":[{"href":"https:\/\/agora-eoi.xtec.cat\/eoiigualada\/wp-json\/wp\/v2\/pages\/8742","targetHints":{"allow":["GET"]}}],"collection":[{"href":"https:\/\/agora-eoi.xtec.cat\/eoiigualada\/wp-json\/wp\/v2\/pages"}],"about":[{"href":"https:\/\/agora-eoi.xtec.cat\/eoiigualada\/wp-json\/wp\/v2\/types\/page"}],"author":[{"embeddable":true,"href":"https:\/\/agora-eoi.xtec.cat\/eoiigualada\/wp-json\/wp\/v2\/users\/1"}],"replies":[{"embeddable":true,"href":"https:\/\/agora-eoi.xtec.cat\/eoiigualada\/wp-json\/wp\/v2\/comments?post=8742"}],"version-history":[{"count":6,"href":"https:\/\/agora-eoi.xtec.cat\/eoiigualada\/wp-json\/wp\/v2\/pages\/8742\/revisions"}],"predecessor-version":[{"id":9934,"href":"https:\/\/agora-eoi.xtec.cat\/eoiigualada\/wp-json\/wp\/v2\/pages\/8742\/revisions\/9934"}],"up":[{"embeddable":true,"href":"https:\/\/agora-eoi.xtec.cat\/eoiigualada\/wp-json\/wp\/v2\/pages\/8189"}],"wp:attachment":[{"href":"https:\/\/agora-eoi.xtec.cat\/eoiigualada\/wp-json\/wp\/v2\/media?parent=8742"}],"curies":[{"name":"wp","href":"https:\/\/api.w.org\/{rel}","templated":true}]}}