{"id":8662,"date":"2016-06-20T14:52:46","date_gmt":"2016-06-20T13:52:46","guid":{"rendered":"https:\/\/agora-eoi.xtec.cat\/eoiigualada\/?page_id=8662"},"modified":"2025-06-15T13:04:34","modified_gmt":"2025-06-15T11:04:34","slug":"recursos-dautoaprenentatge","status":"publish","type":"page","link":"https:\/\/agora-eoi.xtec.cat\/eoiigualada\/idiomes\/alemany\/recursos-dautoaprenentatge\/","title":{"rendered":"Recursos d&#8217;autoaprenentatge alemany"},"content":{"rendered":"\n<h3 class=\"wp-block-heading\">Recursos online<\/h3>\n\n\n\n<h4 class=\"wp-block-heading\">Aktuelle Nachrichten (Videoformat)<\/h4>\n\n\n\n<p>Nachrichten und mehr:&nbsp;<a href=\"https:\/\/www.zdf.de\/magazine\/logo-154\">https:\/\/www.zdf.de\/magazine\/logo-154<\/a><a href=\"http:\/\/www.tivi.de\/fernsehen\/logo\/start\/\"><br><\/a>Molt bona. P\u00e0gina amb textos i not\u00edcies actuals. \u00c9s un canal per a nens, per\u00f2 \u00e9s molt bo per practicar i aprendre.<\/p>\n\n\n\n<p>ZDF&nbsp;:&nbsp;<a href=\"http:\/\/www.zdf.de\/\">www.zdf.de<\/a><br>Molt bona web per veure v\u00eddeos de tot tipus (s\u00e8ries, documentals, etc.). Sobretot per als nivells intermedi i avan\u00e7at.<\/p>\n\n\n\n<p>Deutsche Welle:&nbsp;<a href=\"https:\/\/learngerman.dw.com\/de\/langsam-gesprochene-nachrichten\/s-60040332\" target=\"_blank\" rel=\"noreferrer noopener\">https:\/\/learngerman.dw.com\/de\/langsam-gesprochene-nachrichten\/s-60040332<\/a><br>Bona web on podreu gaudir de not\u00edcies, les quals es reprodueixen a una velocitat inferior a la normal, per tal de poder entendre-les millor.<\/p>\n\n\n\n<p>Tagesschau:&nbsp;<a href=\"http:\/\/www.tagesschau.de\/\">www.tagesschau.de<br><\/a>Molt bona. Not\u00edcies. Nivells intermedi i avan\u00e7at.<\/p>\n\n\n\n<p>Bayerischer Rundfunk:&nbsp;<a href=\"http:\/\/www.br.de\/index.html\">http:\/\/www.br.de\/index.html<br><\/a>Molt bona. Not\u00edcies, r\u00e0dio, televisi\u00f3, mediateca.<\/p>\n\n\n\n<p>Deutschlandlabor (Niveau A2):<a href=\"https:\/\/learngerman.dw.com\/de\/das-deutschlandlabor\/c-53074503\"> https:\/\/learngerman.dw.com\/de\/das-deutschlandlabor\/c-53074503<\/a><br>Molt bona. V\u00eddeos sobre temes d\u2019Alemanya i els alemanys (l\u2019escola a Alemanya, el menjar, la moda, etc.).<\/p>\n\n\n\n<h4 class=\"wp-block-heading\">Aussprache<\/h4>\n\n\n\n<p><a href=\"https:\/\/www.goethe.de\/de\/spr\/ueb\/ast.html\" rel=\"noreferrer noopener\" target=\"_blank\">https:\/\/www.goethe.de\/de\/spr\/ueb\/ast.html<\/a><br>Molt bona. P\u00e0gina per practicar i aprendre pronunciaci\u00f3.<\/p>\n\n\n\n<h4 class=\"wp-block-heading\">Deutsche Literatur: E-books<\/h4>\n\n\n\n<p><a href=\"https:\/\/www.projekt-gutenberg.org\/\" target=\"_blank\" rel=\"noreferrer noopener\">https:\/\/www.projekt-gutenberg.org\/<\/a><br>Molt bona web, en qu\u00e8 podreu trobar textos famosos de la literatura en llengua alemanya.<\/p>\n\n\n\n<h4 class=\"wp-block-heading\">Deutscher Akademischer Austauschtdienst<\/h4>\n\n\n\n<p><a href=\"https:\/\/www2.daad.de\/deutschland\/studienangebote\/sommerkurse\/de\/\" target=\"_blank\" rel=\"noreferrer noopener\">https:\/\/www2.daad.de\/deutschland\/studienangebote\/sommerkurse\/de\/<\/a><br>Molt bona web per assabentar-se de cursos internacionals a Alemanya, organitzats pel DAAD (Deutscher Akademischer Austauschdienst).<\/p>\n\n\n\n<h4 class=\"wp-block-heading\">Grammatik<\/h4>\n\n\n\n<p><a href=\"http:\/\/mein-deutschbuch.de\/grammatik.html\" target=\"_blank\" rel=\"noreferrer noopener\">http:\/\/mein-deutschbuch.de\/grammatik.html<\/a><br>Molt bona. Tots els nivells, per\u00f2 sobretot a partir de l\u2019intermedi. P\u00e0gina bona on es poden trobar tots els temes gramaticals, online i en pdf. Tamb\u00e9 amb exercicis i materials extres.<\/p>\n\n\n\n<p><a href=\"http:\/\/www.deutschegrammatik20.de\/\" target=\"_blank\" rel=\"noreferrer noopener\">http:\/\/www.deutschegrammatik20.de\/<br><\/a>Molt bona. Tots els nivells, per\u00f2 sobretot a partir de l\u2019intermedi. P\u00e0gina bona on es poden trobar tots els temes gramaticals, online i en pdf. Tamb\u00e9 amb exercicis.<\/p>\n\n\n\n<p><a href=\"http:\/\/www.die-konjugation.de\/\" target=\"_blank\" rel=\"noreferrer noopener\">http:\/\/www.die-konjugation.de\/<br><\/a>P\u00e0gina web per a conjugar verbs.<\/p>\n\n\n\n<h4 class=\"wp-block-heading\">Lese- und H\u00f6rverstehen<\/h4>\n\n\n\n<p><a href=\"https:\/\/www.dw.com\/de\/deutsch-lernen\/s-2055\" target=\"_blank\" rel=\"noreferrer noopener\">https:\/\/www.dw.com\/de\/deutsch-lernen\/s-2055<\/a><br>Fant\u00e0stica. P\u00e0gina on trobareu exercicis, podcasts, cursets, lectures, \u00e0udios, v\u00eddeos, etc. de tots els nivells. Busqueu el vostre nivell i endavant!<\/p>\n\n\n\n<p><a href=\"http:\/\/www.planet-wissen.de\/\" target=\"_blank\" rel=\"noreferrer noopener\">www.planet-wissen.de<br><\/a>Molt bona. V\u00eddeos de tot tipus, nivells intermedi i avan\u00e7at.<\/p>\n\n\n\n<p><a href=\"https:\/\/www.youtube.com\/playlist?list=PL3936178A38BB5F87\" target=\"_blank\" rel=\"noreferrer noopener\">https:\/\/www.youtube.com\/playlist?list=PL3936178A38BB5F87<br><\/a>(YouTube, canal <em>Easy German: Learning German from the streets<\/em>)<br>V\u00eddeos molt bons, aut\u00e8ntics i amb subt\u00edtols. Hi ha v\u00eddeos per molts temes i de nivells diferents. Molt recomanable.<\/p>\n\n\n\n<p><a href=\"https:\/\/audio-lingua.ac-versailles.fr\/\" target=\"_blank\" rel=\"noreferrer noopener\">https:\/\/audio-lingua.ac-versailles.fr<\/a><br>Molt bona. P\u00e0gina web on podreu sentir i descarregar-vos \u00e0udios de molts idiomes, per nivells i temes. \u00c0udios aut\u00e8ntics gravats per parlants nadius.<\/p>\n\n\n\n<h4 class=\"wp-block-heading\">Online-\u00dcbungen<\/h4>\n\n\n\n<p><a href=\"http:\/\/www.aufgaben.schubert-verlag.de\/\" target=\"_blank\" rel=\"noreferrer noopener\">http:\/\/www.aufgaben.schubert-verlag.de\/<br><\/a>Molt bona. Molts exercicis de tots els temes gramaticals i de tots els nivells, amb les solucions online. Tamb\u00e9 hi ha exercicis de comprensi\u00f3 oral i fitxes de vocabulari, verbs, etc.<\/p>\n\n\n\n<p><a href=\"https:\/\/www.hueber.de\/shared\/uebungen\/schritte\/\" target=\"_blank\" rel=\"noreferrer noopener\">https:\/\/www.hueber.de\/shared\/uebungen\/schritte\/<br><\/a>Molt bona. Molts exercicis de tots els temes gramaticals i de tots els nivells, amb les solucions online.<\/p>\n\n\n\n<p><a href=\"https:\/\/www.klett-sprachen.de\/digitales\/online-uebungen\/online-uebungen-daf\/c-867\" target=\"_blank\" rel=\"noreferrer noopener\">https:\/\/www.klett-sprachen.de\/digitales\/online-uebungen\/online-uebungen-daf\/c-867<\/a><br>Molt bona. Exercicis online dels nivells A1 fins al C1.<\/p>\n\n\n\n<h4 class=\"wp-block-heading\">Radio<\/h4>\n\n\n\n<p><a href=\"http:\/\/www.deutschland.fm\/\" rel=\"noreferrer noopener\" target=\"_blank\">http:\/\/www.deutschland.fm\/<br><\/a>Molt bona. Aqu\u00ed hi trobareu moltes emissores de r\u00e0dio en alemany.<\/p>\n\n\n\n<p>Altres llocs web d&#8217;emissores de r\u00e0dio: <br><a href=\"https:\/\/www.radioberlin.de\/http:\/\/www.br.de\/radio\/index.html\">https:\/\/www.radioberlin.de\/<\/a><\/p>\n\n\n\n<p><a href=\"https:\/\/www.br.de\/radio\/index.html\">http:\/\/www.br.de\/radio\/index.html<\/a><\/p>\n\n\n\n<p><a href=\"http:\/\/radio.orf.at\/\" target=\"_blank\" rel=\"noreferrer noopener\">http:\/\/www.orf.at\/<\/a> <br>Molt bona. Aqu\u00ed hi trobareu les emissores de r\u00e0dio nacionals austr\u00edaques i nou de regionals.<\/p>\n\n\n\n<h4 class=\"wp-block-heading\">Serien<\/h4>\n\n\n\n<p>Nicos Weg:&nbsp;<a href=\"https:\/\/learngerman.dw.com\/en\/beginners\/c-36519789\">https:\/\/learngerman.dw.com\/en\/beginners\/c-36519789<\/a><br>Molt bona. S\u00e8rie per a nivell b\u00e0sic amb capitols curts subtitulats.<\/p>\n\n\n\n<p><a href=\"https:\/\/www.ardmediathek.de\/daserste\/sendungen-a-bis-z#A\" target=\"_blank\" rel=\"noreferrer noopener\">https:\/\/www.ardmediathek.de\/daserste\/sendungen-a-bis-z#A<\/a><br>Molt bona web on podreu trobar s\u00e8ries en alemany.<\/p>\n\n\n\n<h4 class=\"wp-block-heading\">W\u00f6rterb\u00fccher<\/h4>\n\n\n\n<p><a href=\"https:\/\/de.pons.com\">https:\/\/de.pons.com<\/a><\/p>\n\n\n\n<p><a href=\"https:\/\/dict.leo.org\/alem%C3%A1n-espa%C3%B1ol\">https:\/\/dict.leo.org\/alem%C3%A1n-espa%C3%B1ol<\/a><\/p>\n\n\n\n<p><a href=\"http:\/\/www.bildwoerterbuch.com\/\" target=\"_blank\" rel=\"noreferrer noopener\">www.bildwoerterbuch.com<\/a> <br>Bon diccionari visual, on hi podreu trobar paraules agrupades per \u00e0mbits. Per exemple, la construcci\u00f3, la cuina, etc.<\/p>\n\n\n\n<h4 class=\"wp-block-heading\">Zeitschriften (a partir de B1)<\/h4>\n\n\n\n<p>Spiegel (Nachrichtenmagazin):&nbsp;<a href=\"http:\/\/www.spiegel.de\/\" target=\"_blank\" rel=\"noreferrer noopener\">www.spiegel.de<br><\/a>Stern (Nachrichtenmagazin):&nbsp;<a href=\"http:\/\/www.stern.de\/\" target=\"_blank\" rel=\"noreferrer noopener\">www.stern.de<br><\/a>Focus (Nachrichtenmagazin):&nbsp;<a href=\"http:\/\/www.focus.de\/\" target=\"_blank\" rel=\"noreferrer noopener\">www.focus.de<br><\/a>Brigitte (Frauenmagazin):&nbsp;<a href=\"http:\/\/www.brigitte.de\/\" target=\"_blank\" rel=\"noreferrer noopener\">www.brigitte.de<\/a><br>Femmit (Frauenmagazin):&nbsp;<a href=\"https:\/\/femmit-mag.de\/\" target=\"_blank\" rel=\"noreferrer noopener\">https:\/\/femmit-mag.de\/<\/a><\/p>\n\n\n\n<h4 class=\"wp-block-heading\">Zeitungen<\/h4>\n\n\n\n<p>Die Zeit:&nbsp;<a href=\"http:\/\/www.zeit.de\/\" target=\"_blank\" rel=\"noreferrer noopener\">www.zeit.de<br><\/a>Die Welt:&nbsp;<a href=\"http:\/\/www.welt.de\/\" target=\"_blank\" rel=\"noreferrer noopener\">www.welt.de<br><\/a>S\u00fcddeutsche Zeitung:&nbsp;<a href=\"http:\/\/www.sueddeutsche.de\/\" target=\"_blank\" rel=\"noreferrer noopener\">www.sueddeutsche.de<br><\/a>Frankfurter Allgemeine:&nbsp;<a href=\"http:\/\/www.faz.net\/s\/homepage.html\" target=\"_blank\" rel=\"noreferrer noopener\">www.faz.net<br><\/a>Bild (Sensationspresse):&nbsp;<a href=\"http:\/\/www.bild.de\/\" target=\"_blank\" rel=\"noreferrer noopener\">www.bild.de<br><\/a>Der Standard:&nbsp;<a href=\"http:\/\/www.derstandard.at\/\" target=\"_blank\" rel=\"noreferrer noopener\">www.derstandard.at\/<\/a><\/p>\n\n\n\n<p><\/p>\n","protected":false},"excerpt":{"rendered":"<p>Recursos online Aktuelle Nachrichten (Videoformat) Nachrichten und mehr:&nbsp;https:\/\/www.zdf.de\/magazine\/logo-154Molt bona. P\u00e0gina amb textos i not\u00edcies actuals. \u00c9s un canal per a [&hellip;]<\/p>\n","protected":false},"author":1,"featured_media":0,"parent":8185,"menu_order":4,"comment_status":"closed","ping_status":"closed","template":"","meta":{"site-sidebar-layout":"default","site-content-layout":"","ast-site-content-layout":"default","site-content-style":"default","site-sidebar-style":"default","ast-global-header-display":"","ast-banner-title-visibility":"","ast-main-header-display":"","ast-hfb-above-header-display":"","ast-hfb-below-header-display":"","ast-hfb-mobile-header-display":"","site-post-title":"","ast-breadcrumbs-content":"","ast-featured-img":"","footer-sml-layout":"","theme-transparent-header-meta":"","adv-header-id-meta":"","stick-header-meta":"","header-above-stick-meta":"","header-main-stick-meta":"","header-below-stick-meta":"","astra-migrate-meta-layouts":"set","ast-page-background-enabled":"default","ast-page-background-meta":{"desktop":{"background-color":"var(--ast-global-color-4)","background-image":"","background-repeat":"repeat","background-position":"center center","background-size":"auto","background-attachment":"scroll","background-type":"","background-media":"","overlay-type":"","overlay-color":"","overlay-opacity":"","overlay-gradient":""},"tablet":{"background-color":"","background-image":"","background-repeat":"repeat","background-position":"center center","background-size":"auto","background-attachment":"scroll","background-type":"","background-media":"","overlay-type":"","overlay-color":"","overlay-opacity":"","overlay-gradient":""},"mobile":{"background-color":"","background-image":"","background-repeat":"repeat","background-position":"center center","background-size":"auto","background-attachment":"scroll","background-type":"","background-media":"","overlay-type":"","overlay-color":"","overlay-opacity":"","overlay-gradient":""}},"ast-content-background-meta":{"desktop":{"background-color":"var(--ast-global-color-5)","background-image":"","background-repeat":"repeat","background-position":"center center","background-size":"auto","background-attachment":"scroll","background-type":"","background-media":"","overlay-type":"","overlay-color":"","overlay-opacity":"","overlay-gradient":""},"tablet":{"background-color":"var(--ast-global-color-5)","background-image":"","background-repeat":"repeat","background-position":"center center","background-size":"auto","background-attachment":"scroll","background-type":"","background-media":"","overlay-type":"","overlay-color":"","overlay-opacity":"","overlay-gradient":""},"mobile":{"background-color":"var(--ast-global-color-5)","background-image":"","background-repeat":"repeat","background-position":"center center","background-size":"auto","background-attachment":"scroll","background-type":"","background-media":"","overlay-type":"","overlay-color":"","overlay-opacity":"","overlay-gradient":""}},"footnotes":""},"class_list":["post-8662","page","type-page","status-publish","hentry"],"post_mailing_queue_ids":[],"_links":{"self":[{"href":"https:\/\/agora-eoi.xtec.cat\/eoiigualada\/wp-json\/wp\/v2\/pages\/8662","targetHints":{"allow":["GET"]}}],"collection":[{"href":"https:\/\/agora-eoi.xtec.cat\/eoiigualada\/wp-json\/wp\/v2\/pages"}],"about":[{"href":"https:\/\/agora-eoi.xtec.cat\/eoiigualada\/wp-json\/wp\/v2\/types\/page"}],"author":[{"embeddable":true,"href":"https:\/\/agora-eoi.xtec.cat\/eoiigualada\/wp-json\/wp\/v2\/users\/1"}],"replies":[{"embeddable":true,"href":"https:\/\/agora-eoi.xtec.cat\/eoiigualada\/wp-json\/wp\/v2\/comments?post=8662"}],"version-history":[{"count":6,"href":"https:\/\/agora-eoi.xtec.cat\/eoiigualada\/wp-json\/wp\/v2\/pages\/8662\/revisions"}],"predecessor-version":[{"id":9418,"href":"https:\/\/agora-eoi.xtec.cat\/eoiigualada\/wp-json\/wp\/v2\/pages\/8662\/revisions\/9418"}],"up":[{"embeddable":true,"href":"https:\/\/agora-eoi.xtec.cat\/eoiigualada\/wp-json\/wp\/v2\/pages\/8185"}],"wp:attachment":[{"href":"https:\/\/agora-eoi.xtec.cat\/eoiigualada\/wp-json\/wp\/v2\/media?parent=8662"}],"curies":[{"name":"wp","href":"https:\/\/api.w.org\/{rel}","templated":true}]}}