{"id":8414,"date":"2016-06-14T14:55:48","date_gmt":"2016-06-14T13:55:48","guid":{"rendered":"https:\/\/agora-eoi.xtec.cat\/eoiigualada\/?page_id=8414"},"modified":"2025-06-18T11:35:35","modified_gmt":"2025-06-18T09:35:35","slug":"biblioteca","status":"publish","type":"page","link":"https:\/\/agora-eoi.xtec.cat\/eoiigualada\/serveis\/biblioteca\/","title":{"rendered":"Biblioteca"},"content":{"rendered":"\n<figure class=\"wp-block-image alignleft size-large is-resized\"><a href=\"https:\/\/agora-eoi.xtec.cat\/eoiigualada\/wp-content\/uploads\/usu2962\/2025\/06\/llibres.jpg\"><img loading=\"lazy\" decoding=\"async\" width=\"1024\" height=\"576\" src=\"https:\/\/agora-eoi.xtec.cat\/eoiigualada\/wp-content\/uploads\/usu2962\/2025\/06\/llibres-1024x576.jpg\" alt=\"\" class=\"wp-image-9580\" style=\"width:450px\" srcset=\"https:\/\/agora-eoi.xtec.cat\/eoiigualada\/wp-content\/uploads\/usu2962\/2025\/06\/llibres-1024x576.jpg 1024w, https:\/\/agora-eoi.xtec.cat\/eoiigualada\/wp-content\/uploads\/usu2962\/2025\/06\/llibres-300x169.jpg 300w, https:\/\/agora-eoi.xtec.cat\/eoiigualada\/wp-content\/uploads\/usu2962\/2025\/06\/llibres-768x432.jpg 768w, https:\/\/agora-eoi.xtec.cat\/eoiigualada\/wp-content\/uploads\/usu2962\/2025\/06\/llibres.jpg 1366w\" sizes=\"auto, (max-width: 1024px) 100vw, 1024px\" \/><\/a><\/figure>\n\n\n\n<p>Coneix la nostra biblioteca i servei de pr\u00e9stec.<\/p>\n\n\n\n<p>La biblioteca de l\u2019Escola est\u00e0 equipada amb el seg\u00fcent material relacionat amb l\u2019angl\u00e8s&nbsp;i l\u2019alemany:<\/p>\n\n\n\n<ul class=\"wp-block-list\">\n<li>Llibres, manuals i gram\u00e0tiques de consulta<\/li>\n\n\n\n<li>Novel\u00b7les i llibres de lectura<\/li>\n\n\n\n<li>Diccionaris<\/li>\n\n\n\n<li>Pel\u00b7l\u00edcules i documentals en DVD<\/li>\n\n\n\n<li>Revistes i diaris<\/li>\n<\/ul>\n\n\n\n<p>Els alumnes oficials poden gaudir de tot el material llistat de la biblioteca, dintre dels horaris establerts, i tamb\u00e9 poden emportar-se material en pr\u00e9stec. Per fer-ho, consulteu els detalls m\u00e9s avall.<\/p>\n\n\n\n<p>A m\u00e9s, l\u2019espai est\u00e0 equipat amb ordinadors amb connexi\u00f3 a Internet a disposici\u00f3 del nostre alumnat.<\/p>\n\n\n\n<p><strong>Horari de la biblioteca<\/strong><\/p>\n\n\n\n<p>De dilluns a dijous, de 9:00h a 13:30h i de 15:30h a 20:30h.&nbsp;Divendres de 9:00h a 13:30h.<\/p>\n\n\n\n<p>No oblideu d\u2019emplenar el registre d\u2019entrades i sortides.<\/p>\n\n\n\n<h3 class=\"wp-block-heading\">Servei de pr\u00e9stec<\/h3>\n\n\n\n<figure class=\"wp-block-image alignleft size-large is-resized\"><a href=\"https:\/\/agora-eoi.xtec.cat\/eoiigualada\/wp-content\/uploads\/usu2962\/2025\/06\/Targetes-web-NODES.jpg\"><img loading=\"lazy\" decoding=\"async\" width=\"1024\" height=\"576\" src=\"https:\/\/agora-eoi.xtec.cat\/eoiigualada\/wp-content\/uploads\/usu2962\/2025\/06\/Targetes-web-NODES-1024x576.jpg\" alt=\"\" class=\"wp-image-9578\" style=\"aspect-ratio:2.5;object-fit:contain;width:400px\" srcset=\"https:\/\/agora-eoi.xtec.cat\/eoiigualada\/wp-content\/uploads\/usu2962\/2025\/06\/Targetes-web-NODES-1024x576.jpg 1024w, https:\/\/agora-eoi.xtec.cat\/eoiigualada\/wp-content\/uploads\/usu2962\/2025\/06\/Targetes-web-NODES-300x169.jpg 300w, https:\/\/agora-eoi.xtec.cat\/eoiigualada\/wp-content\/uploads\/usu2962\/2025\/06\/Targetes-web-NODES-768x432.jpg 768w, https:\/\/agora-eoi.xtec.cat\/eoiigualada\/wp-content\/uploads\/usu2962\/2025\/06\/Targetes-web-NODES.jpg 1366w\" sizes=\"auto, (max-width: 1024px) 100vw, 1024px\" \/><\/a><\/figure>\n\n\n\n<p>Gaireb\u00e9 tot el material de la biblioteca es pot demanar en pr\u00e9stec.<\/p>\n\n\n\n<p>El material de pr\u00e9stec est\u00e0 etiquetat en blanc (el que t\u00e9 etiqueta vermella no \u00e9s susceptible de pr\u00e9stec). Per realitzar el pr\u00e9stec, l\u2019alumnat haur\u00e0 d\u2019agafar el material, anar a secretaria i presentar el carnet d\u2019estudiant de l\u2019escola.<\/p>\n\n\n\n<p>L\u2019alumnat podr\u00e0 disposar del material en pr\u00e9stec per un per\u00edode de:<\/p>\n\n\n\n<ul class=\"wp-block-list\">\n<li>1 mes, si \u00e9s un llibre.<\/li>\n\n\n\n<li>2 setmanes, si \u00e9s un DVD, una revista o un llibre de lectura obligat\u00f2ria.<\/li>\n<\/ul>\n\n\n\n<p>Un cop passat aquest termini, si no s\u2019ha tornat el material, se sancionar\u00e0 l\u2019alumnat amb un mes d\u2019inhabilitaci\u00f3 per fer pr\u00e9stecs.<\/p>\n\n\n\n<p><\/p>\n","protected":false},"excerpt":{"rendered":"<p>Coneix la nostra biblioteca i servei de pr\u00e9stec. La biblioteca de l\u2019Escola est\u00e0 equipada amb el seg\u00fcent material relacionat amb [&hellip;]<\/p>\n","protected":false},"author":1,"featured_media":0,"parent":8411,"menu_order":30,"comment_status":"closed","ping_status":"closed","template":"","meta":{"site-sidebar-layout":"default","site-content-layout":"","ast-site-content-layout":"default","site-content-style":"default","site-sidebar-style":"default","ast-global-header-display":"","ast-banner-title-visibility":"","ast-main-header-display":"","ast-hfb-above-header-display":"","ast-hfb-below-header-display":"","ast-hfb-mobile-header-display":"","site-post-title":"","ast-breadcrumbs-content":"","ast-featured-img":"","footer-sml-layout":"","theme-transparent-header-meta":"","adv-header-id-meta":"","stick-header-meta":"","header-above-stick-meta":"","header-main-stick-meta":"","header-below-stick-meta":"","astra-migrate-meta-layouts":"set","ast-page-background-enabled":"default","ast-page-background-meta":{"desktop":{"background-color":"var(--ast-global-color-4)","background-image":"","background-repeat":"repeat","background-position":"center center","background-size":"auto","background-attachment":"scroll","background-type":"","background-media":"","overlay-type":"","overlay-color":"","overlay-opacity":"","overlay-gradient":""},"tablet":{"background-color":"","background-image":"","background-repeat":"repeat","background-position":"center center","background-size":"auto","background-attachment":"scroll","background-type":"","background-media":"","overlay-type":"","overlay-color":"","overlay-opacity":"","overlay-gradient":""},"mobile":{"background-color":"","background-image":"","background-repeat":"repeat","background-position":"center center","background-size":"auto","background-attachment":"scroll","background-type":"","background-media":"","overlay-type":"","overlay-color":"","overlay-opacity":"","overlay-gradient":""}},"ast-content-background-meta":{"desktop":{"background-color":"var(--ast-global-color-5)","background-image":"","background-repeat":"repeat","background-position":"center center","background-size":"auto","background-attachment":"scroll","background-type":"","background-media":"","overlay-type":"","overlay-color":"","overlay-opacity":"","overlay-gradient":""},"tablet":{"background-color":"var(--ast-global-color-5)","background-image":"","background-repeat":"repeat","background-position":"center center","background-size":"auto","background-attachment":"scroll","background-type":"","background-media":"","overlay-type":"","overlay-color":"","overlay-opacity":"","overlay-gradient":""},"mobile":{"background-color":"var(--ast-global-color-5)","background-image":"","background-repeat":"repeat","background-position":"center center","background-size":"auto","background-attachment":"scroll","background-type":"","background-media":"","overlay-type":"","overlay-color":"","overlay-opacity":"","overlay-gradient":""}},"footnotes":""},"class_list":["post-8414","page","type-page","status-publish","hentry"],"post_mailing_queue_ids":[],"_links":{"self":[{"href":"https:\/\/agora-eoi.xtec.cat\/eoiigualada\/wp-json\/wp\/v2\/pages\/8414","targetHints":{"allow":["GET"]}}],"collection":[{"href":"https:\/\/agora-eoi.xtec.cat\/eoiigualada\/wp-json\/wp\/v2\/pages"}],"about":[{"href":"https:\/\/agora-eoi.xtec.cat\/eoiigualada\/wp-json\/wp\/v2\/types\/page"}],"author":[{"embeddable":true,"href":"https:\/\/agora-eoi.xtec.cat\/eoiigualada\/wp-json\/wp\/v2\/users\/1"}],"replies":[{"embeddable":true,"href":"https:\/\/agora-eoi.xtec.cat\/eoiigualada\/wp-json\/wp\/v2\/comments?post=8414"}],"version-history":[{"count":6,"href":"https:\/\/agora-eoi.xtec.cat\/eoiigualada\/wp-json\/wp\/v2\/pages\/8414\/revisions"}],"predecessor-version":[{"id":9583,"href":"https:\/\/agora-eoi.xtec.cat\/eoiigualada\/wp-json\/wp\/v2\/pages\/8414\/revisions\/9583"}],"up":[{"embeddable":true,"href":"https:\/\/agora-eoi.xtec.cat\/eoiigualada\/wp-json\/wp\/v2\/pages\/8411"}],"wp:attachment":[{"href":"https:\/\/agora-eoi.xtec.cat\/eoiigualada\/wp-json\/wp\/v2\/media?parent=8414"}],"curies":[{"name":"wp","href":"https:\/\/api.w.org\/{rel}","templated":true}]}}