{"id":8366,"date":"2016-06-13T13:27:59","date_gmt":"2016-06-13T12:27:59","guid":{"rendered":"https:\/\/agora-eoi.xtec.cat\/eoiigualada\/?page_id=8366"},"modified":"2025-06-18T13:03:27","modified_gmt":"2025-06-18T11:03:27","slug":"horari","status":"publish","type":"page","link":"https:\/\/agora-eoi.xtec.cat\/eoiigualada\/tramits\/horari\/","title":{"rendered":"Horari d&#8217;atenci\u00f3 administrativa"},"content":{"rendered":"\n<p>Per\u00a0secretaria podeu realitzar la majoria de les gestions relacionades amb els vostres estudis a l\u2019escola.\u00a0Els horaris d\u2019atenci\u00f3 s\u00f3n els seg\u00fcents:<\/p>\n\n\n\n<h4 class=\"wp-block-heading\">Horari d\u2019hivern (durant el per\u00edode lectiu)<\/h4>\n\n\n\n<ul class=\"wp-block-list\">\n<li><strong>Administraci\u00f3<\/strong>: de dilluns a dijous de 9:00\u202fh a 13:30\u202fh i de 16:00 a 19:00,\u00a0divendres de 9:00\u202fh a 14:00 h.<\/li>\n<\/ul>\n\n\n\n<h4 class=\"wp-block-heading\" style=\"border-radius:0px;padding-top:var(--wp--preset--spacing--20);padding-bottom:var(--wp--preset--spacing--20)\">Horari d\u2019estiu (nom\u00e9s matins)<\/h4>\n\n\n\n<p style=\"padding-top:0;padding-right:0;padding-bottom:0;padding-left:0\">De l\u20191 de juny al 18 de juliol (ambd\u00f3s inclosos) i de l\u20191 al 19 de setembre l\u2019horari d\u2019atenci\u00f3 al p\u00fablic ser\u00e0 de 9:00\u202fh a 14:00\u202fh.<\/p>\n\n\n\n<p style=\"padding-top:0;padding-bottom:0\"><strong>El mes d\u2019agost el centre romandr\u00e0 tancat<\/strong>.<\/p>\n\n\n\n<p style=\"padding-top:var(--wp--preset--spacing--70);padding-bottom:var(--wp--preset--spacing--70)\">Per a qualsevol informaci\u00f3 o aclariment podeu contactar <a href=\"secretaria@eoiigualada.cat\" data-type=\"link\" data-id=\"secretaria@eoiigualada.cat\">secretaria@eoiigualada.cat<\/a><\/p>\n","protected":false},"excerpt":{"rendered":"<p>Per\u00a0secretaria podeu realitzar la majoria de les gestions relacionades amb els vostres estudis a l\u2019escola.\u00a0Els horaris d\u2019atenci\u00f3 s\u00f3n els seg\u00fcents: [&hellip;]<\/p>\n","protected":false},"author":1,"featured_media":0,"parent":9230,"menu_order":9,"comment_status":"closed","ping_status":"closed","template":"","meta":{"site-sidebar-layout":"left-sidebar","site-content-layout":"","ast-site-content-layout":"default","site-content-style":"default","site-sidebar-style":"default","ast-global-header-display":"","ast-banner-title-visibility":"","ast-main-header-display":"","ast-hfb-above-header-display":"","ast-hfb-below-header-display":"","ast-hfb-mobile-header-display":"","site-post-title":"","ast-breadcrumbs-content":"","ast-featured-img":"","footer-sml-layout":"","theme-transparent-header-meta":"","adv-header-id-meta":"","stick-header-meta":"","header-above-stick-meta":"","header-main-stick-meta":"","header-below-stick-meta":"","astra-migrate-meta-layouts":"set","ast-page-background-enabled":"default","ast-page-background-meta":{"desktop":{"background-color":"var(--ast-global-color-4)","background-image":"","background-repeat":"repeat","background-position":"center center","background-size":"auto","background-attachment":"scroll","background-type":"","background-media":"","overlay-type":"","overlay-color":"","overlay-opacity":"","overlay-gradient":""},"tablet":{"background-color":"","background-image":"","background-repeat":"repeat","background-position":"center center","background-size":"auto","background-attachment":"scroll","background-type":"","background-media":"","overlay-type":"","overlay-color":"","overlay-opacity":"","overlay-gradient":""},"mobile":{"background-color":"","background-image":"","background-repeat":"repeat","background-position":"center center","background-size":"auto","background-attachment":"scroll","background-type":"","background-media":"","overlay-type":"","overlay-color":"","overlay-opacity":"","overlay-gradient":""}},"ast-content-background-meta":{"desktop":{"background-color":"var(--ast-global-color-5)","background-image":"","background-repeat":"repeat","background-position":"center center","background-size":"auto","background-attachment":"scroll","background-type":"","background-media":"","overlay-type":"","overlay-color":"","overlay-opacity":"","overlay-gradient":""},"tablet":{"background-color":"var(--ast-global-color-5)","background-image":"","background-repeat":"repeat","background-position":"center center","background-size":"auto","background-attachment":"scroll","background-type":"","background-media":"","overlay-type":"","overlay-color":"","overlay-opacity":"","overlay-gradient":""},"mobile":{"background-color":"var(--ast-global-color-5)","background-image":"","background-repeat":"repeat","background-position":"center center","background-size":"auto","background-attachment":"scroll","background-type":"","background-media":"","overlay-type":"","overlay-color":"","overlay-opacity":"","overlay-gradient":""}},"footnotes":""},"class_list":["post-8366","page","type-page","status-publish","hentry"],"post_mailing_queue_ids":[],"_links":{"self":[{"href":"https:\/\/agora-eoi.xtec.cat\/eoiigualada\/wp-json\/wp\/v2\/pages\/8366","targetHints":{"allow":["GET"]}}],"collection":[{"href":"https:\/\/agora-eoi.xtec.cat\/eoiigualada\/wp-json\/wp\/v2\/pages"}],"about":[{"href":"https:\/\/agora-eoi.xtec.cat\/eoiigualada\/wp-json\/wp\/v2\/types\/page"}],"author":[{"embeddable":true,"href":"https:\/\/agora-eoi.xtec.cat\/eoiigualada\/wp-json\/wp\/v2\/users\/1"}],"replies":[{"embeddable":true,"href":"https:\/\/agora-eoi.xtec.cat\/eoiigualada\/wp-json\/wp\/v2\/comments?post=8366"}],"version-history":[{"count":5,"href":"https:\/\/agora-eoi.xtec.cat\/eoiigualada\/wp-json\/wp\/v2\/pages\/8366\/revisions"}],"predecessor-version":[{"id":9413,"href":"https:\/\/agora-eoi.xtec.cat\/eoiigualada\/wp-json\/wp\/v2\/pages\/8366\/revisions\/9413"}],"up":[{"embeddable":true,"href":"https:\/\/agora-eoi.xtec.cat\/eoiigualada\/wp-json\/wp\/v2\/pages\/9230"}],"wp:attachment":[{"href":"https:\/\/agora-eoi.xtec.cat\/eoiigualada\/wp-json\/wp\/v2\/media?parent=8366"}],"curies":[{"name":"wp","href":"https:\/\/api.w.org\/{rel}","templated":true}]}}