{"id":8166,"date":"2016-06-08T17:01:17","date_gmt":"2016-06-08T16:01:17","guid":{"rendered":"https:\/\/agora-eoi.xtec.cat\/eoiigualada\/?page_id=8166"},"modified":"2025-09-22T10:26:33","modified_gmt":"2025-09-22T08:26:33","slug":"alumnes-nous","status":"publish","type":"page","link":"https:\/\/agora-eoi.xtec.cat\/eoiigualada\/matricula\/alumnes-nous\/","title":{"rendered":"Preinscripci\u00f3 i matr\u00edcula: nou alumnat"},"content":{"rendered":"\n<p class=\"has-vivid-red-color has-text-color has-link-color wp-elements-43483abc9c6c45f95ba9e69146f26fb4\">Si no us vau preinscriure, sou fora de termini, per\u00f2 si hi esteu interessats, empleneu el formulari <em>Places Disponibles <\/em><strong><a href=\"https:\/\/docs.google.com\/forms\/d\/e\/1FAIpQLSfyxmCIUs_Ep0DrENBRBgE3YUJbxk7_FI7o351R4MToirSb4w\/viewform\" data-type=\"link\" data-id=\"https:\/\/docs.google.com\/forms\/d\/e\/1FAIpQLSfyxmCIUs_Ep0DrENBRBgE3YUJbxk7_FI7o351R4MToirSb4w\/viewform\">aqu\u00ed<\/a><\/strong> i contactarem amb vosaltres en breu. <\/p>\n\n\n\n<hr class=\"wp-block-separator has-alpha-channel-opacity\"\/>\n\n\n\n<p>La preinscripci\u00f3 i matr\u00edcula del nou alumnat per al curs 2025-26<strong> <\/strong>ser\u00e0 en l\u00ednia de l\u2019<strong>1 al 8 de setembre (fins a les 15h) <\/strong>de 2025.  M\u00e9s info&nbsp;<a href=\"https:\/\/preinscripcio.gencat.cat\/ca\/estudis\/idiomes-eoi\/inici\/index.html\" target=\"_blank\" rel=\"noreferrer noopener\">aqu\u00ed<\/a>.<\/p>\n\n\n\n<p>Tamb\u00e9 es podr\u00e0 matricular l&#8217;alumnat que hagi cursat estudis en l&#8217;EOI que, o b\u00e9 no va formalitzar la matr\u00edcula al juliol o no ha estat alumnat recentment.<\/p>\n\n\n\n<p><strong>TOTS ELS TR\u00c0MITS ES FAN EN EL MATEIX APLICATIU: <\/strong>la preinscripci\u00f3, el test de nivell en l\u00ednia, la consulta del resultat del test, la tria d\u2019horari i grup i la matr\u00edcula.<\/p>\n\n\n\n<p><strong>CAL ENTRAR A L\u2019APLICACI\u00d3 DE PREINSCRIPCI\u00d3 I MATR\u00cdCULA EN CADA MOMENT DEL PROC\u00c9S, NO REBREU MAILS NI MISSATGES DE CONFIRMAC<strong>I<\/strong>\u00d3, L\u2019ALUMNE\/A \u00c9S  RESPONSABLE D\u2019ENTRAR A FER LES CONSULTES EN TOT MOMENT.&nbsp;<\/strong><\/p>\n\n\n\n<div class=\"wp-block-buttons is-content-justification-center is-layout-flex wp-container-core-buttons-is-layout-1 wp-block-buttons-is-layout-flex\">\n<div class=\"wp-block-button has-custom-font-size is-style-fill has-medium-font-size\"><a class=\"wp-block-button__link wp-element-button\" href=\"https:\/\/www.eoidigital.com\/eoicat\/alumnes\/\" target=\"_blank\" rel=\"noreferrer noopener\"><strong>Acc\u00e9s aplicatiu de preinscripci\u00f3<\/strong><\/a><\/div>\n<\/div>\n\n\n\n<h6 class=\"wp-block-heading has-text-align-center\">                                                                                    Resum del proc\u00e9s:<\/h6>\n\n\n\n<ol class=\"wp-block-list\">\n<li>Consulteu grups i horaris de l&#8217;EOI d&#8217;Igualada: <a href=\"https:\/\/agora-eoi.xtec.cat\/eoiigualada\/wp-content\/uploads\/usu2962\/2025\/09\/webGrups-i-horaris-curs-25-26-alemany.pdf\" data-type=\"attachment\" data-id=\"9608\" target=\"_blank\" rel=\"noreferrer noopener\">grups alemany<\/a> \/ <a href=\"https:\/\/agora-eoi.xtec.cat\/eoiigualada\/wp-content\/uploads\/usu2962\/2025\/09\/webGrups-i-horaris-curs-25-26-angles.pdf\" data-type=\"attachment\" data-id=\"9607\" target=\"_blank\" rel=\"noreferrer noopener\">grups angl\u00e8s<\/a><\/li>\n\n\n\n<li>Preinscripci\u00f3 nou alumnat &nbsp;telem\u00e0ticament&nbsp;a partir de les&nbsp;12\u202fh de l\u20191 de setembre fins a les 15\u202fh del 8 de setembre de 2025.<\/li>\n\n\n\n<li>Test de nivell<strong>*<\/strong> en l\u00ednia de l\u20191 de setembre (a partir de les 12\u202fh) al 10 de setembre (fins a les 17\u202fh).<\/li>\n\n\n\n<li>Sorteig per a l\u2019assignaci\u00f3 de places.<strong>&nbsp;<\/strong>Publicaci\u00f3 del resultat: 15 de setembre a partir de les 18\u202fh (comprovar si s\u2019\u00e9s adm\u00e8s, llista d\u2019espera o no adm\u00e8s). Si per algun motiu has quedat excl\u00f2s posa&#8217;t en contacte amb nosaltres.<\/li>\n\n\n\n<li>Consulteu resultats test de nivell i trieu horaris del 12 (a partir de les 18\u202fh) al 15 de setembre (fins a les 10\u202fh).<\/li>\n\n\n\n<li>Matr\u00edcula en l\u00ednia (alumnes admesos)&nbsp;del 15 de setembre (a partir de les 18:00\u202fh) al 17 de setembre.<\/li>\n\n\n\n<li>Matr\u00edcula llista d&#8217;espera i vacants<\/li>\n<\/ol>\n\n\n\n<h6 class=\"wp-block-heading has-text-align-center\"><strong>  * Test de nivell:<\/strong><\/h6>\n\n\n\n<ol class=\"wp-block-list\">\n<li>No heu de fer el test de nivell si us heu preinscrit a A1 o teniu alguna de les titulacions oficials que us sortiran a l&#8217;aplicatiu en el moment de la preinscripci\u00f3.<\/li>\n\n\n\n<li> <em>\u201cEl test de nivell no \u00e9s cap examen, sin\u00f3 una eina per col\u00b7locar-vos al nivell al qual aprendreu m\u00e9s. Si arribeu al bloc 3, feu l\u2019expressi\u00f3 escrita sense consultar cap font per assegurar-vos que us assigna el nivell adequat<\/em>\u201d.<\/li>\n<\/ol>\n","protected":false},"excerpt":{"rendered":"<p>Si no us vau preinscriure, sou fora de termini, per\u00f2 si hi esteu interessats, empleneu el formulari Places Disponibles aqu\u00ed [&hellip;]<\/p>\n","protected":false},"author":1,"featured_media":0,"parent":8161,"menu_order":2,"comment_status":"closed","ping_status":"closed","template":"","meta":{"site-sidebar-layout":"default","site-content-layout":"","ast-site-content-layout":"default","site-content-style":"default","site-sidebar-style":"default","ast-global-header-display":"","ast-banner-title-visibility":"","ast-main-header-display":"","ast-hfb-above-header-display":"","ast-hfb-below-header-display":"","ast-hfb-mobile-header-display":"","site-post-title":"","ast-breadcrumbs-content":"","ast-featured-img":"","footer-sml-layout":"","theme-transparent-header-meta":"","adv-header-id-meta":"","stick-header-meta":"","header-above-stick-meta":"","header-main-stick-meta":"","header-below-stick-meta":"","astra-migrate-meta-layouts":"set","ast-page-background-enabled":"default","ast-page-background-meta":{"desktop":{"background-color":"var(--ast-global-color-4)","background-image":"","background-repeat":"repeat","background-position":"center center","background-size":"auto","background-attachment":"scroll","background-type":"","background-media":"","overlay-type":"","overlay-color":"","overlay-opacity":"","overlay-gradient":""},"tablet":{"background-color":"","background-image":"","background-repeat":"repeat","background-position":"center center","background-size":"auto","background-attachment":"scroll","background-type":"","background-media":"","overlay-type":"","overlay-color":"","overlay-opacity":"","overlay-gradient":""},"mobile":{"background-color":"","background-image":"","background-repeat":"repeat","background-position":"center center","background-size":"auto","background-attachment":"scroll","background-type":"","background-media":"","overlay-type":"","overlay-color":"","overlay-opacity":"","overlay-gradient":""}},"ast-content-background-meta":{"desktop":{"background-color":"var(--ast-global-color-5)","background-image":"","background-repeat":"repeat","background-position":"center center","background-size":"auto","background-attachment":"scroll","background-type":"","background-media":"","overlay-type":"","overlay-color":"","overlay-opacity":"","overlay-gradient":""},"tablet":{"background-color":"var(--ast-global-color-5)","background-image":"","background-repeat":"repeat","background-position":"center center","background-size":"auto","background-attachment":"scroll","background-type":"","background-media":"","overlay-type":"","overlay-color":"","overlay-opacity":"","overlay-gradient":""},"mobile":{"background-color":"var(--ast-global-color-5)","background-image":"","background-repeat":"repeat","background-position":"center center","background-size":"auto","background-attachment":"scroll","background-type":"","background-media":"","overlay-type":"","overlay-color":"","overlay-opacity":"","overlay-gradient":""}},"footnotes":""},"class_list":["post-8166","page","type-page","status-publish","hentry"],"post_mailing_queue_ids":[],"_links":{"self":[{"href":"https:\/\/agora-eoi.xtec.cat\/eoiigualada\/wp-json\/wp\/v2\/pages\/8166","targetHints":{"allow":["GET"]}}],"collection":[{"href":"https:\/\/agora-eoi.xtec.cat\/eoiigualada\/wp-json\/wp\/v2\/pages"}],"about":[{"href":"https:\/\/agora-eoi.xtec.cat\/eoiigualada\/wp-json\/wp\/v2\/types\/page"}],"author":[{"embeddable":true,"href":"https:\/\/agora-eoi.xtec.cat\/eoiigualada\/wp-json\/wp\/v2\/users\/1"}],"replies":[{"embeddable":true,"href":"https:\/\/agora-eoi.xtec.cat\/eoiigualada\/wp-json\/wp\/v2\/comments?post=8166"}],"version-history":[{"count":6,"href":"https:\/\/agora-eoi.xtec.cat\/eoiigualada\/wp-json\/wp\/v2\/pages\/8166\/revisions"}],"predecessor-version":[{"id":9870,"href":"https:\/\/agora-eoi.xtec.cat\/eoiigualada\/wp-json\/wp\/v2\/pages\/8166\/revisions\/9870"}],"up":[{"embeddable":true,"href":"https:\/\/agora-eoi.xtec.cat\/eoiigualada\/wp-json\/wp\/v2\/pages\/8161"}],"wp:attachment":[{"href":"https:\/\/agora-eoi.xtec.cat\/eoiigualada\/wp-json\/wp\/v2\/media?parent=8166"}],"curies":[{"name":"wp","href":"https:\/\/api.w.org\/{rel}","templated":true}]}}