{"id":9991,"date":"2019-09-19T17:42:15","date_gmt":"2019-09-19T15:42:15","guid":{"rendered":"http:\/\/agora-eoi.xtec.cat\/eoiguixols\/?page_id=9991"},"modified":"2025-10-22T20:04:50","modified_gmt":"2025-10-22T18:04:50","slug":"sala-destudi","status":"publish","type":"page","link":"https:\/\/agora-eoi.xtec.cat\/eoiguixols\/serveis\/sala-destudi\/","title":{"rendered":"Sala d&#8217;estudi (aula 22)"},"content":{"rendered":"<h4>Ubicaci\u00f3<\/h4>\n<p>A l&#8217;aula 22 (segona planta).<\/p>\n<h4><strong>Horari<br \/>\n<\/strong><\/h4>\n<p>D\u2019octubre a maig. Tardes de dilluns a dijous de 15:30h a 19:30h.<\/p>\n<h4><strong>Funcionament<\/strong><\/h4>\n<p>Podran accedir a la sala totes les persones matriculades a l&#8217;escola durant el curs acad\u00e8mic.<\/p>\n<p>Abans d&#8217;accedir a l&#8217;aula \u00e9s imprescindible identificar-se al quadern de registre que trobareu a l&#8217;entrada de l&#8217;aula 22 i fer constar les dades personals.<\/p>\n<h4><strong>Normativa<\/strong><\/h4>\n<p>Per al bon funcionament de l&#8217;espai i un bon \u00fas col\u00b7lectiu d&#8217;aquest es prega:<\/p>\n<ul>\n<li>Tenir cura del mobiliari i els equipaments.<\/li>\n<li>Mantenir una actitud de respecte amb el treball i la concentraci\u00f3 dels altres usuaris.<\/li>\n<li>Fer \u00fas del m\u00f2bil nom\u00e9s si no molesta a la resta d&#8217;usuaris.<\/li>\n<li>Cas de modificar la disposici\u00f3 del mobiliari, tornar-lo a deixar com estava en entrar a l&#8217;aula.<\/li>\n<li>No es pot menjar ni beure.<\/li>\n<li>Mantenir l&#8217;aula neta.<\/li>\n<\/ul>\n","protected":false},"excerpt":{"rendered":"<p>Ubicaci\u00f3 A l&#8217;aula 22 (segona planta). Horari D\u2019octubre a maig. Tardes de dilluns a dijous de 15:30h a 19:30h. Funcionament Podran accedir a la sala totes les persones matriculades a l&#8217;escola durant el curs acad\u00e8mic. Abans d&#8217;accedir a l&#8217;aula \u00e9s imprescindible identificar-se al quadern de registre que trobareu a l&#8217;entrada de l&#8217;aula 22 i fer [&hellip;]<\/p>\n","protected":false},"author":1,"featured_media":0,"parent":8411,"menu_order":22,"comment_status":"closed","ping_status":"closed","template":"","meta":{"_bbp_topic_count":0,"_bbp_reply_count":0,"_bbp_total_topic_count":0,"_bbp_total_reply_count":0,"_bbp_voice_count":0,"_bbp_anonymous_reply_count":0,"_bbp_topic_count_hidden":0,"_bbp_reply_count_hidden":0,"_bbp_forum_subforum_count":0,"site-sidebar-layout":"default","site-content-layout":"","ast-site-content-layout":"default","site-content-style":"default","site-sidebar-style":"default","ast-global-header-display":"","ast-banner-title-visibility":"","ast-main-header-display":"","ast-hfb-above-header-display":"","ast-hfb-below-header-display":"","ast-hfb-mobile-header-display":"","site-post-title":"","ast-breadcrumbs-content":"","ast-featured-img":"","footer-sml-layout":"","theme-transparent-header-meta":"default","adv-header-id-meta":"","stick-header-meta":"","header-above-stick-meta":"","header-main-stick-meta":"","header-below-stick-meta":"","astra-migrate-meta-layouts":"set","ast-page-background-enabled":"default","ast-page-background-meta":{"desktop":{"background-color":"var(--ast-global-color-4)","background-image":"","background-repeat":"repeat","background-position":"center center","background-size":"auto","background-attachment":"scroll","background-type":"","background-media":"","overlay-type":"","overlay-color":"","overlay-opacity":"","overlay-gradient":""},"tablet":{"background-color":"","background-image":"","background-repeat":"repeat","background-position":"center center","background-size":"auto","background-attachment":"scroll","background-type":"","background-media":"","overlay-type":"","overlay-color":"","overlay-opacity":"","overlay-gradient":""},"mobile":{"background-color":"","background-image":"","background-repeat":"repeat","background-position":"center center","background-size":"auto","background-attachment":"scroll","background-type":"","background-media":"","overlay-type":"","overlay-color":"","overlay-opacity":"","overlay-gradient":""}},"ast-content-background-meta":{"desktop":{"background-color":"var(--ast-global-color-5)","background-image":"","background-repeat":"repeat","background-position":"center center","background-size":"auto","background-attachment":"scroll","background-type":"","background-media":"","overlay-type":"","overlay-color":"","overlay-opacity":"","overlay-gradient":""},"tablet":{"background-color":"var(--ast-global-color-5)","background-image":"","background-repeat":"repeat","background-position":"center center","background-size":"auto","background-attachment":"scroll","background-type":"","background-media":"","overlay-type":"","overlay-color":"","overlay-opacity":"","overlay-gradient":""},"mobile":{"background-color":"var(--ast-global-color-5)","background-image":"","background-repeat":"repeat","background-position":"center center","background-size":"auto","background-attachment":"scroll","background-type":"","background-media":"","overlay-type":"","overlay-color":"","overlay-opacity":"","overlay-gradient":""}},"footnotes":""},"class_list":["post-9991","page","type-page","status-publish","hentry"],"post_mailing_queue_ids":[],"_links":{"self":[{"href":"https:\/\/agora-eoi.xtec.cat\/eoiguixols\/wp-json\/wp\/v2\/pages\/9991","targetHints":{"allow":["GET"]}}],"collection":[{"href":"https:\/\/agora-eoi.xtec.cat\/eoiguixols\/wp-json\/wp\/v2\/pages"}],"about":[{"href":"https:\/\/agora-eoi.xtec.cat\/eoiguixols\/wp-json\/wp\/v2\/types\/page"}],"author":[{"embeddable":true,"href":"https:\/\/agora-eoi.xtec.cat\/eoiguixols\/wp-json\/wp\/v2\/users\/1"}],"replies":[{"embeddable":true,"href":"https:\/\/agora-eoi.xtec.cat\/eoiguixols\/wp-json\/wp\/v2\/comments?post=9991"}],"version-history":[{"count":7,"href":"https:\/\/agora-eoi.xtec.cat\/eoiguixols\/wp-json\/wp\/v2\/pages\/9991\/revisions"}],"predecessor-version":[{"id":13512,"href":"https:\/\/agora-eoi.xtec.cat\/eoiguixols\/wp-json\/wp\/v2\/pages\/9991\/revisions\/13512"}],"up":[{"embeddable":true,"href":"https:\/\/agora-eoi.xtec.cat\/eoiguixols\/wp-json\/wp\/v2\/pages\/8411"}],"wp:attachment":[{"href":"https:\/\/agora-eoi.xtec.cat\/eoiguixols\/wp-json\/wp\/v2\/media?parent=9991"}],"curies":[{"name":"wp","href":"https:\/\/api.w.org\/{rel}","templated":true}]}}