{"id":9188,"date":"2017-07-04T13:05:53","date_gmt":"2017-07-04T11:05:53","guid":{"rendered":"http:\/\/agora-eoi.xtec.cat\/eoiguixols\/?page_id=9188"},"modified":"2025-07-14T22:53:13","modified_gmt":"2025-07-14T20:53:13","slug":"preguntes-mes-frequents","status":"publish","type":"page","link":"https:\/\/agora-eoi.xtec.cat\/eoiguixols\/secretaria\/preguntes-mes-frequents\/","title":{"rendered":"Preguntes m\u00e9s freq\u00fcents"},"content":{"rendered":"<p><span style=\"color: #c32300;\">Si s\u00f3c alumne\/a oficial del curs anterior, tinc l&#8217;horari assegurat per aquest curs?<\/span><\/p>\n<p>Els\/Les alumnes del curs immediatament anterior (aprovats, suspesos, no presentats i ren\u00fancies) tenen reserva de pla\u00e7a per\u00f2 no se&#8217;ls garanteix un horari determinat. Per exercir aquest dret heu de fer la matr\u00edcula telem\u00e0tica durant el mes de juliol.<\/p>\n<p><span style=\"color: #c32300;\">Si s\u00f3c alumne\/a oficial del curs anterior haig de fer preinscripci\u00f3 per al nou curs?<\/span><\/p>\n<p>No, has de fer directament la matr\u00edcula telem\u00e0tica durant el mes de juliol.<\/p>\n<p><span style=\"color: #c32300;\">Si he susp\u00e8s, tinc pla\u00e7a reservada per l&#8217;any seg\u00fcent? \/ Si he fet ren\u00fancia de matr\u00edcula, tinc pla\u00e7a reservada per al curs seg\u00fcent?<\/span><\/p>\n<p>S\u00ed, tens pla\u00e7a reservada (no horari) al mateix nivell com a antic\/ga alumne\/a i cal que et matriculis en les dates indicades del mes de juliol.. Si est\u00e0s repetint per segona vegada cal que abans de matricular-te consultis la informaci\u00f3 a <a href=\"https:\/\/agora-eoi.xtec.cat\/eoiguixols\/el-servei-educatiu\/normes-i-funcionament\/\" target=\"_blank\" rel=\"noopener\">Normes i funcionament<\/a> per saber si cal que demanis convocat\u00f2ria addicional. Si no et matricules en les dates que s&#8217;indiquen entenem que renuncies a la reserva i oferim la pla\u00e7a a l&#8217;alumnat procedent de preinscripci\u00f3.<\/p>\n<p><span style=\"color: #c32300;\">Qu\u00e8 passa si no he fet l&#8217;examen?<\/span><\/p>\n<p>Res. Tens reserva de pla\u00e7a per al curs seg\u00fcent igualment, et matricules com a antic\/ga alumne\/a a tots els efectes.<\/p>\n<p><span style=\"color: #c32300;\">Quantes vegades es pot repetir cada curs?<\/span><\/p>\n<p>Dins de cada nivell \u2014b\u00e0sic, intermedi i avan\u00e7at\u2014, l\u2019alumnat t\u00e9 dret a romandre matriculat en el r\u00e8gim d\u2019ensenyament oficial, modalitat presencial, durant un m\u00e0xim de cursos acad\u00e8mics equivalents al doble dels cursos de qu\u00e8 consta el nivell per a l\u2019idioma corresponent. L\u2019alumne\/a que cursa per tercera vegada el primer curs del nivell b\u00e0sic o que cursa per tercera vegada el primer curs del nivell intermedi B2 i no el supera, no pot tornar a cursar aquest curs una altra vegada. L\u2019alumne\/a que accedeix directament a segon curs del nivell b\u00e0sic o a segon curs del nivell intermedi B2, el pot cursar un m\u00e0xim de dues vegades.<br \/>\nPer poder fer un curs m\u00e9s vegades que les previstes a la normativa caldr\u00e0 demanar una convocat\u00f2ria addicional. Tingueu en compte per\u00f2 que si renuncieu a la matr\u00edcula dins el termini previst, no compta com a convocat\u00f2ria exhaurida.<\/p>\n<p><span style=\"color: #c32300;\">Qu\u00e8 \u00e9s una convocat\u00f2ria addicional?<\/span><\/p>\n<p>En casos excepcionals a valorar per la direcci\u00f3 de l\u2019escola, i sempre que no representi fer el mateix curs per quarta vegada, la direcci\u00f3 podr\u00e0 autoritzar la repetici\u00f3 o perman\u00e8ncia d\u2019un curs m\u00e9s en r\u00e8gim oficial presencial a l\u2019alumnat que ho sol\u00b7liciti a trav\u00e9s d&#8217;una inst\u00e0ncia quan ja hagi superat el nombre m\u00e0xim de cursos de perman\u00e8ncia autoritzats amb car\u00e0cter general per al nivell corresponent. Els\/Les alumnes que obtenen la convocat\u00f2ria addicional es matriculen el dia de places vacants.<\/p>\n<p><span style=\"color: #c32300;\">Vaig aprovar l&#8217;examen de Certificat de Nivell intermedi B1 per lliure durant el curs passat, tinc pla\u00e7a reservada per aquest curs per matricular-me a B2.1?<\/span><\/p>\n<p>No. Els\/Les alumnes lliures han de passar pel proc\u00e9s de preinscripci\u00f3 i matriculaci\u00f3 per esdevenir alumnes oficials el curs seg\u00fcent.<\/p>\n<p><span style=\"color: #c32300;\">Si s\u00f3c alumne\/a oficial del curs anterior i vaig suspendre, puc fer el test de nivell per veure si puc passar de curs?<\/span><\/p>\n<p>No. Els\/Les alumnes que han estat alumnes oficials de qualsevol EOI durant el curs immediatament anterior al qual es volen preinscriure queden exclosos de l&#8217;acc\u00e9s per test de nivell. Excepcionalment si l&#8217;alumne\/a ha assistit com a m\u00ednim a un 65% del nombre de classes durant el curs anterior i pot justificar documentalment que durant l&#8217;estiu ha fet alguna activitat d&#8217;aprenentatge, el cap de departament podr\u00e0 estudiar la viabilitat de la proposta i autoritzar l&#8217;alumne\/a a fer una prova de nivell per accedir al curs superior.<\/p>\n<p><span style=\"color: #c32300;\">Puc fer preinscripci\u00f3 a m\u00e9s d&#8217;un idioma?<\/span><\/p>\n<p>S\u00ed. La preinscripci\u00f3 es pot fer per a dos idiomes i per a cadascun d&#8217;aquests dos idiomes es poden escollir en dos centres diferents fins a un m\u00e0xim de 4 opcions d&#8217;horari en total.<\/p>\n<p><span style=\"color: #c32300;\">Quina edat m\u00ednima haig de tenir per poder-me preinscriure?<\/span><\/p>\n<p>Per accedir als ensenyaments d&#8217;idiomes en les escoles oficials \u00e9s requisit imprescindible tenir 16 anys complerts abans del 31 de desembre de l&#8217;any en qu\u00e8 es comencin els estudis. Tamb\u00e9 hi poden accedir el\/les m\u00e9s grans de 14 anys, per seguir els ensenyaments d&#8217;un idioma diferent del cursat en l&#8217;educaci\u00f3 secund\u00e0ria obligat\u00f2ria.<\/p>\n<p><span style=\"color: #c32300;\">Puc fer la preinscripci\u00f3 per a una altra persona?<\/span><\/p>\n<p>S\u00ed, per\u00f2 necessitar\u00e0s el seu DNI, Passaport, Carnet de conduir o Targeta de resid\u00e8ncia.<\/p>\n<p><span style=\"color: #c32300;\">He fet tard, se m&#8217;ha passat la preinscripci\u00f3, hi ha encara alguna possibilitat de matricular-me?<\/span><\/p>\n<p>S\u00ed. Si reuneixes els requisits per al nivell concret al qual et vols matricular encara ho pots fer el dia de places vacants, si en queden.<\/p>\n<p><span style=\"color: #c32300;\">Se m&#8217;ha passat el termini de matr\u00edcula, hi ha alguna manera de poder-me matricular?<\/span><\/p>\n<p>S\u00ed. El dia de places vacants, si en queden.<\/p>\n<p><span style=\"color: #c32300;\">Vaig aprovar primer (A1) fa molts anys, puc fer test de nivell per passar a tercer (B1)?<\/span><\/p>\n<p>S\u00ed.<\/p>\n<p><span style=\"color: #c32300;\">Cal estudiar per fer el test de nivell?<\/span><\/p>\n<p>No, perqu\u00e8 no \u00e9s un examen per aprovar o suspendre i no \u00e9s un prova de valor acad\u00e8mic. \u00c9s simplement diagn\u00f2stica del nivell que una persona t\u00e9 en un moment donat d&#8217;un idioma.<\/p>\n<p><span style=\"color: #c32300;\">L&#8217;assist\u00e8ncia a classe \u00e9s obligat\u00f2ria?<\/span><\/p>\n<p>S\u00ed. Els\/Les alumnes que no venen a classe estan ocupant una pla\u00e7a que potser alg\u00fa s\u00ed que hagu\u00e9s aprofitat plenament venint a classe.<\/p>\n<p><span style=\"color: #c32300;\">Puc presentar-me a l&#8217;examen si no he assistit a classe?<\/span><\/p>\n<p>S\u00ed, per\u00f2 t&#8217;ho jugar\u00e0s tot en una sola prova, en la qual haur\u00e0s d&#8217;obtenir com a m\u00ednim un 65% per aprovar.<\/p>\n<p><span style=\"color: #c32300;\">Puc matricular-me a un grup que no em va b\u00e9 per horari i venir a un altre horari?<\/span><\/p>\n<p>No. Els canvis de grup no es poden autoconcedir, s&#8217;ha de demanar per escrit a la direcci\u00f3. No recomanem aquesta opci\u00f3 perqu\u00e8 si no es concedeix el canvi de grup, a m\u00e9s d&#8217;haver pagat uns serveis dels quals no et beneficiar\u00e0s, est\u00e0s ocupant una pla\u00e7a que potser alg\u00fa s\u00ed que hagu\u00e9s aprofitat plenament venint a classe.<\/p>\n<p><span style=\"color: #c32300;\">Si s\u00f3c antic\/ga alumne\/a puc accedir a un altre idioma sense passar per preinscripci\u00f3?<\/span><\/p>\n<p>No. Caldr\u00e0 passar per proc\u00e9s de preinscripci\u00f3 perqu\u00e8 l&#8217;oficialitat en un idioma no d\u00f3na l&#8217;oficialitat en un altre.<\/p>\n<p><span style=\"color: #c32300;\">Quan podem saber els horaris i llibres que necessitarem el curs vinent?<\/span><\/p>\n<p>Els horaris, al juliol. Els llibres, al setembre. Ho podeu consultar al nostre web i\/o als taulers d&#8217;anuncis de l&#8217;escola.<\/p>\n<p><span style=\"color: #c32300;\">Els t\u00edtols d&#8217;altres institucions es convaliden amb els de l&#8217;EOI?<\/span><\/p>\n<p>No. Cap t\u00edtol pot substituir els certificats expedits per les EOI. De tota manera, hi ha una taula d&#8217;exempcions de test de nivell per poder preinscriure&#8217;t directament a un nivell sense haver de fer el test de nivell.<\/p>\n<p><span style=\"color: #c32300;\">Si estic matriculat\/da en una EOI com alumne\/a oficial, puc presentar-me per lliure per obtenir algun dels\u00a0tres certificats del mateix idioma?<\/span><\/p>\n<p>No. La matr\u00edcula oficial \u00e9s incompatible amb la matr\u00edcula lliure del mateix idioma.<\/p>\n<p><span style=\"color: #c32300;\">Si s\u00f3c alumne\/a oficial i el curs seg\u00fcent no em vull matricular perdr\u00e9 la reserva de pla\u00e7a per d&#8217;aqu\u00ed a dos cursos?<\/span><\/p>\n<p>S\u00ed.<\/p>\n<p><span style=\"color: #c32300;\">Puc fer preinscripci\u00f3 del mateix idioma a m\u00e9s d&#8217;una EOI?<\/span><\/p>\n<p>S\u00ed, a trav\u00e9s del web de preinscripci\u00f3 telem\u00e0tica a les EOI de Catalunya es pot fer preinscripcions de dos idiomes i per a cadascun d&#8217;aquests dos idiomes es poden escollir\u00a0en dos centres diferents fins a un m\u00e0xim de 4 opcions d&#8217;horari en total.<\/p>\n<p><span style=\"color: #c32300;\">He estat alumne\/a d&#8217;una altra EOI i he aprovat el curs. Em puc matricular a l&#8217;EOI Sant Feliu de Gu\u00edxols per continuar els meus estudis encara que faci anys que el vaig aprovar?<\/span><\/p>\n<p>S\u00ed. Has de fer preinscripci\u00f3 i si acabes podent-te matricular haur\u00e0s de presentar la papereta de notes que et varen lliurar a la teva escola i a m\u00e9s haur\u00e0s de sol\u00b7licitar un trasllat d&#8217;expedient a l&#8217;escola on anaves des de l&#8217;EOI Sant Feliu de Gu\u00edxols.<\/p>\n<p><span style=\"color: #c32300;\">Com es sol\u00b7licita un trasllat d&#8217;expedient?<\/span><\/p>\n<p>Es pot fer des de l&#8217;EOI Sant Feliu de Gu\u00edxols, omplint un formulari i enviant-lo a l&#8217;escola d&#8217;origen perqu\u00e8 facin efectiu el trasllat.<\/p>\n<p><span style=\"color: #c32300;\">Qu\u00e8 \u00e9s una matricula viva?<\/span><\/p>\n<p>Si despr\u00e9s de formalitzar la matr\u00edcula en un centre, un\/a alumne\/a demana poder continuar el curs en un altre centre, el trasllat s&#8217;anomena trasllat de matr\u00edcula viva.<\/p>\n<p><span style=\"color: #c32300;\">Com es pot sol\u00b7licitar un trasllat de matr\u00edcula viva?<\/span><\/p>\n<p>Es fa al centre de destinaci\u00f3 i sempre queda condicionat a la disponibilitat de places del centre de destinaci\u00f3. El termini m\u00e0xim per sol\u00b7licitar-ho \u00e9s el darrer dia lectiu del m\u00e9s d&#8217;abril. El trasllat de matr\u00edcula viva no dona lloc al pagament de taxes si es fa entre centres de Catalunya.<\/p>\n<p><span style=\"color: #c32300;\">Tinc aprovat el Certificat Elemental\/Certificat Intermedi\/Certificat Nivell intermedi B1 per lliure, com puc esdevenir alumne oficial de Nivell intermedi B2?<\/span><\/p>\n<p>Has de fer preinscripci\u00f3 a B2.1 o optar pel test de nivell, cas que consideris que potser podries fer B2.2 directament.<\/p>\n<p><span style=\"color: #c32300;\">Fa molts anys vaig aprovar un nivell de l&#8217;EOI per\u00f2 m&#8217;agradaria repetir-lo perqu\u00e8 no me&#8217;n recordo de res, puc fer-ho?<\/span><\/p>\n<p>S\u00ed, tens la possibilitat de fer una <a href=\"https:\/\/agora-eoi.xtec.cat\/eoiguixols\/secretaria\/matricula\/matricula-dactualitzacio\/\" target=\"_blank\" rel=\"noopener\">matr\u00edcula d&#8217;actualitzaci\u00f3<\/a> dels teus coneixements.<\/p>\n<p><span style=\"color: #c32300;\">Vaig aprovar el Certificat d&#8217;Aptitud \/ Certificat de Nivell avan\u00e7at \/ Certificat de Nivell intermedi B2 fa m\u00e9s d&#8217;un any, puc tornar a l&#8217;escola per fer C1?<\/span><\/p>\n<p>S\u00ed, has de fer preinscripci\u00f3 a l&#8217;EOI Sant Feliu de Gu\u00edxols durant el setembre.<\/p>\n<p><span style=\"color: #c32300;\">No tinc el certificat Certificat d&#8217;Aptitud \/ Certificat de Nivell avan\u00e7at \/Certificat de Nivell intermedi B2 per\u00f2 tinc una titulaci\u00f3 de B2 equivalent, puc accedir a C1?<\/span><\/p>\n<p>S\u00ed, has de fer preinscripci\u00f3 a l&#8217;EOI Sant Feliu de Gu\u00edxols durant el setembre. Tanmateix haur\u00e0s de comprovar si la teva titulaci\u00f3 \u00e9s equivalent al B2 a trav\u00e9s de la nostra taula d&#8217;equival\u00e8ncies i presentar-la. <a href=\"https:\/\/agora-eoi.xtec.cat\/eoiguixols\/angles\/equivalencies\/\" target=\"_blank\" rel=\"noopener\">Taula de certificacions equivalents al nivell B2 d&#8217;angl\u00e8s<\/a>. D&#8217;altra banda, haur\u00e0s de fer el test de nivell el setembre.<\/p>\n<p><span style=\"color: #c32300;\">Acabo d&#8217;aprovar el Certificat de Nivell intermedi B2 en la modalitat lliure, puc passar a fer C1 en la modalitat oficial?<\/span><\/p>\n<p>S\u00ed, has de fer preinscripci\u00f3 a l&#8217;EOI Sant Feliu de Gu\u00edxols durant el setembre.<\/p>\n","protected":false},"excerpt":{"rendered":"<p>Si s\u00f3c alumne\/a oficial del curs anterior, tinc l&#8217;horari assegurat per aquest curs? Els\/Les alumnes del curs immediatament anterior (aprovats, suspesos, no presentats i ren\u00fancies) tenen reserva de pla\u00e7a per\u00f2 no se&#8217;ls garanteix un horari determinat. Per exercir aquest dret heu de fer la matr\u00edcula telem\u00e0tica durant el mes de juliol. Si s\u00f3c alumne\/a oficial [&hellip;]<\/p>\n","protected":false},"author":1,"featured_media":0,"parent":8358,"menu_order":60,"comment_status":"closed","ping_status":"closed","template":"page-templates\/side-menu.php","meta":{"_bbp_topic_count":0,"_bbp_reply_count":0,"_bbp_total_topic_count":0,"_bbp_total_reply_count":0,"_bbp_voice_count":0,"_bbp_anonymous_reply_count":0,"_bbp_topic_count_hidden":0,"_bbp_reply_count_hidden":0,"_bbp_forum_subforum_count":0,"site-sidebar-layout":"default","site-content-layout":"","ast-site-content-layout":"","site-content-style":"default","site-sidebar-style":"default","ast-global-header-display":"","ast-banner-title-visibility":"","ast-main-header-display":"","ast-hfb-above-header-display":"","ast-hfb-below-header-display":"","ast-hfb-mobile-header-display":"","site-post-title":"","ast-breadcrumbs-content":"","ast-featured-img":"","footer-sml-layout":"","theme-transparent-header-meta":"","adv-header-id-meta":"","stick-header-meta":"","header-above-stick-meta":"","header-main-stick-meta":"","header-below-stick-meta":"","astra-migrate-meta-layouts":"default","ast-page-background-enabled":"default","ast-page-background-meta":{"desktop":{"background-color":"var(--ast-global-color-4)","background-image":"","background-repeat":"repeat","background-position":"center center","background-size":"auto","background-attachment":"scroll","background-type":"","background-media":"","overlay-type":"","overlay-color":"","overlay-opacity":"","overlay-gradient":""},"tablet":{"background-color":"","background-image":"","background-repeat":"repeat","background-position":"center center","background-size":"auto","background-attachment":"scroll","background-type":"","background-media":"","overlay-type":"","overlay-color":"","overlay-opacity":"","overlay-gradient":""},"mobile":{"background-color":"","background-image":"","background-repeat":"repeat","background-position":"center center","background-size":"auto","background-attachment":"scroll","background-type":"","background-media":"","overlay-type":"","overlay-color":"","overlay-opacity":"","overlay-gradient":""}},"ast-content-background-meta":{"desktop":{"background-color":"var(--ast-global-color-5)","background-image":"","background-repeat":"repeat","background-position":"center center","background-size":"auto","background-attachment":"scroll","background-type":"","background-media":"","overlay-type":"","overlay-color":"","overlay-opacity":"","overlay-gradient":""},"tablet":{"background-color":"var(--ast-global-color-5)","background-image":"","background-repeat":"repeat","background-position":"center center","background-size":"auto","background-attachment":"scroll","background-type":"","background-media":"","overlay-type":"","overlay-color":"","overlay-opacity":"","overlay-gradient":""},"mobile":{"background-color":"var(--ast-global-color-5)","background-image":"","background-repeat":"repeat","background-position":"center center","background-size":"auto","background-attachment":"scroll","background-type":"","background-media":"","overlay-type":"","overlay-color":"","overlay-opacity":"","overlay-gradient":""}},"footnotes":""},"class_list":["post-9188","page","type-page","status-publish","hentry"],"post_mailing_queue_ids":[],"_links":{"self":[{"href":"https:\/\/agora-eoi.xtec.cat\/eoiguixols\/wp-json\/wp\/v2\/pages\/9188","targetHints":{"allow":["GET"]}}],"collection":[{"href":"https:\/\/agora-eoi.xtec.cat\/eoiguixols\/wp-json\/wp\/v2\/pages"}],"about":[{"href":"https:\/\/agora-eoi.xtec.cat\/eoiguixols\/wp-json\/wp\/v2\/types\/page"}],"author":[{"embeddable":true,"href":"https:\/\/agora-eoi.xtec.cat\/eoiguixols\/wp-json\/wp\/v2\/users\/1"}],"replies":[{"embeddable":true,"href":"https:\/\/agora-eoi.xtec.cat\/eoiguixols\/wp-json\/wp\/v2\/comments?post=9188"}],"version-history":[{"count":3,"href":"https:\/\/agora-eoi.xtec.cat\/eoiguixols\/wp-json\/wp\/v2\/pages\/9188\/revisions"}],"predecessor-version":[{"id":12060,"href":"https:\/\/agora-eoi.xtec.cat\/eoiguixols\/wp-json\/wp\/v2\/pages\/9188\/revisions\/12060"}],"up":[{"embeddable":true,"href":"https:\/\/agora-eoi.xtec.cat\/eoiguixols\/wp-json\/wp\/v2\/pages\/8358"}],"wp:attachment":[{"href":"https:\/\/agora-eoi.xtec.cat\/eoiguixols\/wp-json\/wp\/v2\/media?parent=9188"}],"curies":[{"name":"wp","href":"https:\/\/api.w.org\/{rel}","templated":true}]}}