{"id":9005,"date":"2017-05-23T18:43:21","date_gmt":"2017-05-23T16:43:21","guid":{"rendered":"http:\/\/agora-eoi.xtec.cat\/eoiguixols\/?page_id=9005"},"modified":"2026-02-11T10:32:27","modified_gmt":"2026-02-11T09:32:27","slug":"convocatoria-dajuts-borsa-de-viatge-i-compra-de-material","status":"publish","type":"page","link":"https:\/\/agora-eoi.xtec.cat\/eoiguixols\/serveis\/convocatoria-dajuts-borsa-de-viatge-i-compra-de-material\/","title":{"rendered":"Convocat\u00f2ria d&#8217;ajuts i de borses"},"content":{"rendered":"<p>L&#8217;Escola Oficial d&#8217;Idiomes de Sant Feliu de Gu\u00edxols, seguint l&#8217;esperit de fomentar l&#8217;aprenentatge, la pr\u00e0ctica i l&#8217;adquisici\u00f3 de coneixements culturals de les lleng\u00fces estrangeres objecte d&#8217;estudi al nostre centre, informa sobre les bases de la convocat\u00f2ria d&#8217;ajuts i de borses per al nostre alumnat oficial.<\/p>\n<p>En la present convocat\u00f2ria s&#8217;ofereixen:<\/p>\n<ul>\n<li>10 Ajuts per a la Compra de Material (de 100\u20ac cadascun)<\/li>\n<li>2 Borses d&#8217;Estada Ling\u00fc\u00edstica John Langdon-Davies (de 800\u20ac cadascuna)<\/li>\n<\/ul>\n<p><a href=\"https:\/\/agora-eoi.xtec.cat\/eoiguixols\/wp-content\/uploads\/usu2257\/2026\/02\/Bases_Ajuts_Conv_25_26.pdf\" target=\"_blank\" rel=\"noopener\">Bases Ajuts per a la Compra de Material<\/a> <span style=\"color: #ff0000;\">\u00a0<\/span><strong>I\u00a0<\/strong>\u00a0 <a href=\"https:\/\/agora-eoi.xtec.cat\/eoiguixols\/wp-content\/uploads\/usu2257\/2026\/02\/Sollicitud_Ajut_Compra_Material_25_26.docx\" target=\"_blank\" rel=\"noopener\">Sol.licitud Ajuts<\/a> <strong>I\u00a0 \u00a0<\/strong><a href=\"https:\/\/agora-eoi.xtec.cat\/eoiguixols\/wp-content\/uploads\/usu2257\/2025\/02\/Ajuts-Compra-Material_Recursos-Alumnes.pdf\" target=\"_blank\" rel=\"noopener\">Recursos did\u00e0ctics<\/a><\/p>\n<p><a href=\"https:\/\/agora-eoi.xtec.cat\/eoiguixols\/wp-content\/uploads\/usu2257\/2026\/02\/Bases_Borses_JLD_Conv_25_26.pdf\" target=\"_blank\" rel=\"noopener\">Bases Borses d&#8217;Estada Ling\u00fc\u00edstica John Langdon-Davies<\/a><span style=\"color: #ff0000;\">\u00a0<\/span><strong>\u00a0I\u00a0 <\/strong> <a href=\"https:\/\/agora-eoi.xtec.cat\/eoiguixols\/wp-content\/uploads\/usu2257\/2026\/02\/Sollicitud_Borsa_Estada_Linguistica_JLD_25_26.docx\" target=\"_blank\" rel=\"noopener\">Sol.licitud Borses<\/a> <strong>I\u00a0\u00a0<\/strong> <a href=\"https:\/\/agora-eoi.xtec.cat\/eoiguixols\/wp-content\/uploads\/usu2257\/2025\/02\/BORSES-JLD-Recursos-Alumnes.docx.pdf\" target=\"_blank\" rel=\"noopener\">Recursos<\/a><\/p>\n<p style=\"padding-left: 40px;\"><a href=\"https:\/\/agora-eoi.xtec.cat\/eoiguixols\/wp-content\/uploads\/usu2257\/2026\/02\/Carta-Compromis-Estada-Linguistica-JLD.docx\" target=\"_blank\" rel=\"noopener\">Carta comprom\u00eds &#8211; Estada Ling\u00fc\u00edstica John Langdon-Davies<\/a><\/p>\n<p style=\"padding-left: 40px;\"><a href=\"https:\/\/agora-eoi.xtec.cat\/eoiguixols\/wp-content\/uploads\/usu2257\/2026\/02\/Autoritzacio-Alumnat-Menor-dEdat-per-sol.licitar-un-Ajut-una-Borsa.pdf\" target=\"_blank\" rel=\"noopener\">Autoritzaci\u00f3 alumnat menor d&#8217;edat per sol.licitar un Ajut \/ Borsa<\/a><\/p>\n<p><a href=\"https:\/\/agora-eoi.xtec.cat\/eoiguixols\/categoria\/borses-destada-linguistica-john-langdon-davies\/\" target=\"_blank\" rel=\"noopener\">Guanyadors\/es d&#8217;una borsa d&#8217;estada ling\u00fc\u00edstica en les convocat\u00f2ries anteriors<\/a><\/p>\n<p><span style=\"color: #808080;\">\u00a0<\/span>Llista sol.licituds acceptades <span style=\"color: #993366;\">(Publicaci\u00f3 &#8211; 17 d&#8217;abril) <\/span>&#8211; Borses d&#8217;Estada Ling\u00fc\u00edstica John Langdon-Davies\/Ajuts per a la Compra de Material 2026<\/p>\n","protected":false},"excerpt":{"rendered":"<p>L&#8217;Escola Oficial d&#8217;Idiomes de Sant Feliu de Gu\u00edxols, seguint l&#8217;esperit de fomentar l&#8217;aprenentatge, la pr\u00e0ctica i l&#8217;adquisici\u00f3 de coneixements culturals de les lleng\u00fces estrangeres objecte d&#8217;estudi al nostre centre, informa sobre les bases de la convocat\u00f2ria d&#8217;ajuts i de borses per al nostre alumnat oficial. En la present convocat\u00f2ria s&#8217;ofereixen: 10 Ajuts per a la [&hellip;]<\/p>\n","protected":false},"author":1,"featured_media":0,"parent":8411,"menu_order":27,"comment_status":"closed","ping_status":"closed","template":"","meta":{"_bbp_topic_count":0,"_bbp_reply_count":0,"_bbp_total_topic_count":0,"_bbp_total_reply_count":0,"_bbp_voice_count":0,"_bbp_anonymous_reply_count":0,"_bbp_topic_count_hidden":0,"_bbp_reply_count_hidden":0,"_bbp_forum_subforum_count":0,"site-sidebar-layout":"default","site-content-layout":"","ast-site-content-layout":"default","site-content-style":"default","site-sidebar-style":"default","ast-global-header-display":"","ast-banner-title-visibility":"","ast-main-header-display":"","ast-hfb-above-header-display":"","ast-hfb-below-header-display":"","ast-hfb-mobile-header-display":"","site-post-title":"","ast-breadcrumbs-content":"","ast-featured-img":"","footer-sml-layout":"","theme-transparent-header-meta":"default","adv-header-id-meta":"","stick-header-meta":"","header-above-stick-meta":"","header-main-stick-meta":"","header-below-stick-meta":"","astra-migrate-meta-layouts":"set","ast-page-background-enabled":"default","ast-page-background-meta":{"desktop":{"background-color":"var(--ast-global-color-4)","background-image":"","background-repeat":"repeat","background-position":"center center","background-size":"auto","background-attachment":"scroll","background-type":"","background-media":"","overlay-type":"","overlay-color":"","overlay-opacity":"","overlay-gradient":""},"tablet":{"background-color":"","background-image":"","background-repeat":"repeat","background-position":"center center","background-size":"auto","background-attachment":"scroll","background-type":"","background-media":"","overlay-type":"","overlay-color":"","overlay-opacity":"","overlay-gradient":""},"mobile":{"background-color":"","background-image":"","background-repeat":"repeat","background-position":"center center","background-size":"auto","background-attachment":"scroll","background-type":"","background-media":"","overlay-type":"","overlay-color":"","overlay-opacity":"","overlay-gradient":""}},"ast-content-background-meta":{"desktop":{"background-color":"var(--ast-global-color-5)","background-image":"","background-repeat":"repeat","background-position":"center center","background-size":"auto","background-attachment":"scroll","background-type":"","background-media":"","overlay-type":"","overlay-color":"","overlay-opacity":"","overlay-gradient":""},"tablet":{"background-color":"var(--ast-global-color-5)","background-image":"","background-repeat":"repeat","background-position":"center center","background-size":"auto","background-attachment":"scroll","background-type":"","background-media":"","overlay-type":"","overlay-color":"","overlay-opacity":"","overlay-gradient":""},"mobile":{"background-color":"var(--ast-global-color-5)","background-image":"","background-repeat":"repeat","background-position":"center center","background-size":"auto","background-attachment":"scroll","background-type":"","background-media":"","overlay-type":"","overlay-color":"","overlay-opacity":"","overlay-gradient":""}},"footnotes":""},"class_list":["post-9005","page","type-page","status-publish","hentry"],"post_mailing_queue_ids":[],"_links":{"self":[{"href":"https:\/\/agora-eoi.xtec.cat\/eoiguixols\/wp-json\/wp\/v2\/pages\/9005","targetHints":{"allow":["GET"]}}],"collection":[{"href":"https:\/\/agora-eoi.xtec.cat\/eoiguixols\/wp-json\/wp\/v2\/pages"}],"about":[{"href":"https:\/\/agora-eoi.xtec.cat\/eoiguixols\/wp-json\/wp\/v2\/types\/page"}],"author":[{"embeddable":true,"href":"https:\/\/agora-eoi.xtec.cat\/eoiguixols\/wp-json\/wp\/v2\/users\/1"}],"replies":[{"embeddable":true,"href":"https:\/\/agora-eoi.xtec.cat\/eoiguixols\/wp-json\/wp\/v2\/comments?post=9005"}],"version-history":[{"count":7,"href":"https:\/\/agora-eoi.xtec.cat\/eoiguixols\/wp-json\/wp\/v2\/pages\/9005\/revisions"}],"predecessor-version":[{"id":13633,"href":"https:\/\/agora-eoi.xtec.cat\/eoiguixols\/wp-json\/wp\/v2\/pages\/9005\/revisions\/13633"}],"up":[{"embeddable":true,"href":"https:\/\/agora-eoi.xtec.cat\/eoiguixols\/wp-json\/wp\/v2\/pages\/8411"}],"wp:attachment":[{"href":"https:\/\/agora-eoi.xtec.cat\/eoiguixols\/wp-json\/wp\/v2\/media?parent=9005"}],"curies":[{"name":"wp","href":"https:\/\/api.w.org\/{rel}","templated":true}]}}