{"id":8994,"date":"2017-05-23T17:49:22","date_gmt":"2017-05-23T15:49:22","guid":{"rendered":"http:\/\/agora-eoi.xtec.cat\/eoiguixols\/?page_id=8994"},"modified":"2025-10-02T07:45:42","modified_gmt":"2025-10-02T05:45:42","slug":"qualificacions","status":"publish","type":"page","link":"https:\/\/agora-eoi.xtec.cat\/eoiguixols\/idiomes\/examens\/qualificacions\/","title":{"rendered":"Qualificacions"},"content":{"rendered":"<header class=\"entry-header\">\n<h4>Curs 2024-2025 <span style=\"color: #ff0000;\">(Pendent d&#8217;actualitzar per al curs 2025-2026)<\/span><\/h4>\n<\/header>\n<div class=\"entry-content\">\n<p>Els resultats es publicaran el dilluns <strong>23 de juny de 2025 a les 00.01<\/strong>.\u00a0Per accedir a la\u00a0<a href=\"https:\/\/www.informaticacentros.com\/centrosnet\/ultralogin.php?tcentro=EOI&amp;centro=GI4\" target=\"_blank\" rel=\"noopener\">intranet\u00a0<\/a>haureu d\u2019introduir les dades seg\u00fcents:<\/p>\n<div>\n<p><strong>Usuari<\/strong>: la vostra data de naixement en format 00\/00\/0000 (barres inclinades incloses)<br \/>\n<strong>Contrasenya<\/strong>: el vostre DNI (sense la lletra del darrere) \/ NIE (sense la lletra del darrere per\u00f2 amb la lletra del davant)<br \/>\n<strong>Contrasenya Personal d\u2019Alumne\/a:\u00a0<\/strong>per raons de seguretat heu de tenir una contrasenya personal que<strong>\u00a0no<\/strong>\u00a0la proporciona l\u2019escola i que\u00a0<strong>no<\/strong> \u00e9s la mateixa que la del curs Classroom. Si ja teniu una contrasenya personal per\u00f2 no la recordeu o si heu de configurar-la per primer cop, feu click <a href=\"https:\/\/agora-eoi.xtec.cat\/eoiguixols\/serveis\/intranet-eoisfg\/\" target=\"_blank\" rel=\"noopener\">aqu\u00ed<\/a>.<\/p>\n<\/div>\n<p><strong>Recordatori<\/strong>:<\/p>\n<ul>\n<li>L&#8217;alumnat oficial durant el curs 2024-2025 s\u2019ha de matricular per al curs 2025-2026 durant el mes de juliol de 2025. <a href=\"https:\/\/agora-eoi.xtec.cat\/eoiguixols\/secretaria\/matricula\/alumnes-antics\/\" target=\"_blank\" rel=\"noopener\">+info<\/a><\/li>\n<li>L&#8217;alumnat oficial de nivell intermedi A2 d\u2019alemany i de nivell intermedi B2.1 de franc\u00e8s durant el curs 2024-2025 que hagi obtingut la qualificaci\u00f3 d\u2019Apte\/a i vulgui continuar els seus estudis del mateix idioma a l\u2019EOI Girona, s\u2019haur\u00e0 de posar en contacte a principis de juliol de 2024 amb la secretaria de l\u2019EOI Girona per informar-se de si hi ha places vacants i del procediment que han de seguir per formalitzar la matr\u00edcula de forma presencial.<\/li>\n<li>L&#8217;alumnat de nivell avan\u00e7at C1 durant el curs 2024-2025 que hagi obtingut la qualificaci\u00f3 d\u2019Apte\/a i vulgui matricular-se a C2.1 a una altra EOI, haur\u00e0 de fer una preinscripci\u00f3 com a alumnat nou durant el mes de setembre. <a href=\"https:\/\/agora-eoi.xtec.cat\/eoiguixols\/secretaria\/matricula\/alumnes-nous\/\" target=\"_blank\" rel=\"noopener\">+info<\/a><\/li>\n<\/ul>\n<h4>Butlleta de notes<\/h4>\n<p>Tot l&#8217;alumnat podr\u00e0 imprimir la seva butlleta de notes des de l\u2019aplicatiu de consulta de notes, a la <a href=\"https:\/\/www.informaticacentros.com\/centrosnet\/ultralogin.php?tcentro=EOI&amp;centro=GI4\" target=\"_blank\" rel=\"noopener\">intranet<\/a> obrint la pestanya <em>General<\/em>, fent click a\u00a0<em>Papereta idiomes Catalunya<\/em>\u00a0i fent click sobre la icona del PDF.<\/p>\n<h4>Reclamacions<\/h4>\n<p>Si algun candidat\/a vol presentar una reclamaci\u00f3 pel que fa als resultats de la prova, ho haur\u00e0 de fer per escrit presentant una\u00a0<a href=\"https:\/\/agora-eoi.xtec.cat\/eoiguixols\/docs\/instancia\/\" target=\"_blank\" rel=\"noopener\">inst\u00e0ncia<\/a> a la secretaria del centre en el termini que va des de la publicaci\u00f3 de resultats fins a les 12.00h del divendres <strong>27 de juny<\/strong> de 2025. Consulteu els horaris d\u2019atenci\u00f3 al p\u00fablic. La direcci\u00f3 del centre comunicar\u00e0 la resoluci\u00f3 de la reclamaci\u00f3 als interessats per escrit.<\/p>\n<h4>Expedici\u00f3 de t\u00edtols<\/h4>\n<p>La informaci\u00f3 sobre l\u2019obtenci\u00f3 o la sol\u00b7licituds de t\u00edtols la trobareu\u00a0<a href=\"https:\/\/agora-eoi.xtec.cat\/eoiguixols\/secretaria\/expedicio-de-titols\/\" target=\"_blank\" rel=\"noopener\">aqu\u00ed<\/a>.<\/p>\n<\/div>\n","protected":false},"excerpt":{"rendered":"<p>Curs 2024-2025 (Pendent d&#8217;actualitzar per al curs 2025-2026) Els resultats es publicaran el dilluns 23 de juny de 2025 a les 00.01.\u00a0Per accedir a la\u00a0intranet\u00a0haureu d\u2019introduir les dades seg\u00fcents: Usuari: la vostra data de naixement en format 00\/00\/0000 (barres inclinades incloses) Contrasenya: el vostre DNI (sense la lletra del darrere) \/ NIE (sense la lletra [&hellip;]<\/p>\n","protected":false},"author":1,"featured_media":0,"parent":8988,"menu_order":0,"comment_status":"closed","ping_status":"closed","template":"","meta":{"_bbp_topic_count":0,"_bbp_reply_count":0,"_bbp_total_topic_count":0,"_bbp_total_reply_count":0,"_bbp_voice_count":0,"_bbp_anonymous_reply_count":0,"_bbp_topic_count_hidden":0,"_bbp_reply_count_hidden":0,"_bbp_forum_subforum_count":0,"site-sidebar-layout":"default","site-content-layout":"","ast-site-content-layout":"default","site-content-style":"default","site-sidebar-style":"default","ast-global-header-display":"","ast-banner-title-visibility":"","ast-main-header-display":"","ast-hfb-above-header-display":"","ast-hfb-below-header-display":"","ast-hfb-mobile-header-display":"","site-post-title":"","ast-breadcrumbs-content":"","ast-featured-img":"","footer-sml-layout":"","theme-transparent-header-meta":"default","adv-header-id-meta":"","stick-header-meta":"","header-above-stick-meta":"","header-main-stick-meta":"","header-below-stick-meta":"","astra-migrate-meta-layouts":"set","ast-page-background-enabled":"default","ast-page-background-meta":{"desktop":{"background-color":"var(--ast-global-color-4)","background-image":"","background-repeat":"repeat","background-position":"center center","background-size":"auto","background-attachment":"scroll","background-type":"","background-media":"","overlay-type":"","overlay-color":"","overlay-opacity":"","overlay-gradient":""},"tablet":{"background-color":"","background-image":"","background-repeat":"repeat","background-position":"center center","background-size":"auto","background-attachment":"scroll","background-type":"","background-media":"","overlay-type":"","overlay-color":"","overlay-opacity":"","overlay-gradient":""},"mobile":{"background-color":"","background-image":"","background-repeat":"repeat","background-position":"center center","background-size":"auto","background-attachment":"scroll","background-type":"","background-media":"","overlay-type":"","overlay-color":"","overlay-opacity":"","overlay-gradient":""}},"ast-content-background-meta":{"desktop":{"background-color":"var(--ast-global-color-5)","background-image":"","background-repeat":"repeat","background-position":"center center","background-size":"auto","background-attachment":"scroll","background-type":"","background-media":"","overlay-type":"","overlay-color":"","overlay-opacity":"","overlay-gradient":""},"tablet":{"background-color":"var(--ast-global-color-5)","background-image":"","background-repeat":"repeat","background-position":"center center","background-size":"auto","background-attachment":"scroll","background-type":"","background-media":"","overlay-type":"","overlay-color":"","overlay-opacity":"","overlay-gradient":""},"mobile":{"background-color":"var(--ast-global-color-5)","background-image":"","background-repeat":"repeat","background-position":"center center","background-size":"auto","background-attachment":"scroll","background-type":"","background-media":"","overlay-type":"","overlay-color":"","overlay-opacity":"","overlay-gradient":""}},"footnotes":""},"class_list":["post-8994","page","type-page","status-publish","hentry"],"post_mailing_queue_ids":[],"_links":{"self":[{"href":"https:\/\/agora-eoi.xtec.cat\/eoiguixols\/wp-json\/wp\/v2\/pages\/8994","targetHints":{"allow":["GET"]}}],"collection":[{"href":"https:\/\/agora-eoi.xtec.cat\/eoiguixols\/wp-json\/wp\/v2\/pages"}],"about":[{"href":"https:\/\/agora-eoi.xtec.cat\/eoiguixols\/wp-json\/wp\/v2\/types\/page"}],"author":[{"embeddable":true,"href":"https:\/\/agora-eoi.xtec.cat\/eoiguixols\/wp-json\/wp\/v2\/users\/1"}],"replies":[{"embeddable":true,"href":"https:\/\/agora-eoi.xtec.cat\/eoiguixols\/wp-json\/wp\/v2\/comments?post=8994"}],"version-history":[{"count":7,"href":"https:\/\/agora-eoi.xtec.cat\/eoiguixols\/wp-json\/wp\/v2\/pages\/8994\/revisions"}],"predecessor-version":[{"id":13502,"href":"https:\/\/agora-eoi.xtec.cat\/eoiguixols\/wp-json\/wp\/v2\/pages\/8994\/revisions\/13502"}],"up":[{"embeddable":true,"href":"https:\/\/agora-eoi.xtec.cat\/eoiguixols\/wp-json\/wp\/v2\/pages\/8988"}],"wp:attachment":[{"href":"https:\/\/agora-eoi.xtec.cat\/eoiguixols\/wp-json\/wp\/v2\/media?parent=8994"}],"curies":[{"name":"wp","href":"https:\/\/api.w.org\/{rel}","templated":true}]}}