{"id":8992,"date":"2017-05-23T17:48:41","date_gmt":"2017-05-23T15:48:41","guid":{"rendered":"http:\/\/agora-eoi.xtec.cat\/eoiguixols\/?page_id=8992"},"modified":"2025-10-02T07:46:04","modified_gmt":"2025-10-02T05:46:04","slug":"calendari","status":"publish","type":"page","link":"https:\/\/agora-eoi.xtec.cat\/eoiguixols\/idiomes\/examens\/calendari\/","title":{"rendered":"Calendari"},"content":{"rendered":"<h4>Curs 2024-2025<\/h4>\n<h4><span style=\"color: #ff0000;\">(Pendent d&#8217;actualitzar per al curs 2025-2026)<\/span><\/h4>\n<p>Els ex\u00e0mens de l\u2019Escola Oficial d\u2019Idiomes s\u00f3n ex\u00e0mens de car\u00e0cter oficial i per aquest motiu estan subjectes a un calendari de proves inalterable. Per raons d\u2019organitzaci\u00f3 interna del centre, les proves no sempre es poden dur a terme dins de l\u2019horari habitual de cada grup.<\/p>\n<table style=\"width: 75.7861%; height: 473px;\" border=\"1\" cellspacing=\"1\" cellpadding=\"1\">\n<tbody>\n<tr style=\"height: 33px;\">\n<td style=\"height: 33px; width: 34.7904%;\"><\/td>\n<td style=\"height: 33px; width: 32.3902%;\"><strong>Part escrita*<\/strong><\/td>\n<td style=\"height: 33px; width: 83.0559%;\"><strong>Part oral*<\/strong><\/td>\n<\/tr>\n<tr style=\"height: 33px;\">\n<td style=\"height: 33px; width: 34.7904%;\">Nivell B\u00e0sic A1 alemany<\/td>\n<td style=\"height: 33px; width: 32.3902%;\">5 de juny I 16:30 (aula 15)<\/td>\n<td style=\"height: 33px; width: 83.0559%;\">12 de juny (aula 15)<\/td>\n<\/tr>\n<tr style=\"height: 33px;\">\n<td style=\"height: 33px; width: 34.7904%;\">Nivell B\u00e0sic A2 alemany<\/td>\n<td style=\"height: 33px; width: 32.3902%;\">3 de juny I 16:30 (aula 15)<\/td>\n<td style=\"height: 33px; width: 83.0559%;\">10 de juny (aula 15)<\/td>\n<\/tr>\n<tr style=\"height: 33px;\">\n<td style=\"height: 33px; width: 34.7904%;\">Nivell B\u00e0sic A1 angl\u00e8s<\/td>\n<td style=\"height: 33px; width: 32.3902%;\">4 de juny I 16:30 (aula 23)<\/td>\n<td style=\"height: 33px; width: 83.0559%;\">9 i 10 de juny (aula 26)<\/td>\n<\/tr>\n<tr style=\"height: 29px;\">\n<td style=\"height: 29px; width: 34.7904%;\">Nivell B\u00e0sic A2 angl\u00e8s<\/td>\n<td style=\"height: 29px; width: 32.3902%;\">22 de maig I 16:30 (aula 26)<\/td>\n<td style=\"height: 29px; width: 83.0559%;\">27 de maig i 2 de juny (aula 06)<\/td>\n<\/tr>\n<tr style=\"height: 49px;\">\n<td style=\"height: 49px; width: 34.7904%;\">Nivell Intermedi B1 angl\u00e8s<\/td>\n<td style=\"height: 49px; width: 32.3902%;\">30 de maig I 15:30 (aula 25)<\/td>\n<td style=\"height: 49px; width: 83.0559%;\">3, 4 i 5 de juny (aula 26)<\/td>\n<\/tr>\n<tr style=\"height: 33px;\">\n<td style=\"height: 33px; width: 34.7904%;\">Nivell Intermedi B2.1 angl\u00e8s<\/td>\n<td style=\"height: 33px; width: 32.3902%;\">22 de maig I 15:30 (aula 06)<\/td>\n<td style=\"height: 33px; width: 83.0559%;\">26 i 28 de maig (aula 06)<\/td>\n<\/tr>\n<tr style=\"height: 33px;\">\n<td style=\"height: 33px; width: 34.7904%;\">Nivell Intermedi B2.2 angl\u00e8s<\/td>\n<td style=\"height: 33px; width: 32.3902%;\">28 de maig I 15:30 (aules 24 i 25)<\/td>\n<td style=\"height: 33px; width: 83.0559%;\">29 de maig i 2 de juny (aules 23 i 26)<\/td>\n<\/tr>\n<tr style=\"height: 49px;\">\n<td style=\"height: 49px; width: 34.7904%;\">Nivell Avan\u00e7at C1 angl\u00e8s<\/td>\n<td style=\"height: 49px; width: 32.3902%;\">26 de maig I 15:30 (aula 23)<\/td>\n<td style=\"height: 49px; width: 83.0559%;\">22 i 29 de maig (aules 22 i 26)<\/td>\n<\/tr>\n<tr style=\"height: 33px;\">\n<td style=\"height: 33px; width: 34.7904%;\">Nivell B\u00e0sic A1 franc\u00e8s<\/td>\n<td style=\"height: 33px; width: 32.3902%;\">26 de maig I 16:30 (aula 26)<\/td>\n<td style=\"height: 33px; width: 83.0559%;\">28 de maig (aula 27)<\/td>\n<\/tr>\n<tr style=\"height: 33px;\">\n<td style=\"height: 33px; width: 34.7904%;\">Nivell B\u00e0sic A2 franc\u00e8s<\/td>\n<td style=\"height: 33px; width: 32.3902%;\">22 de maig I 16:30 (aula 16)<\/td>\n<td style=\"height: 33px; width: 83.0559%;\">27 de maig (aula 23)<\/td>\n<\/tr>\n<tr style=\"height: 33px;\">\n<td style=\"height: 33px; width: 34.7904%;\">Nivell Intermedi B1 franc\u00e8s<\/td>\n<td style=\"height: 33px; width: 32.3902%;\">2 de juny I 15:30 (aula 15)<\/td>\n<td style=\"height: 33px; width: 83.0559%;\">3 i 5 de juny (aula 23)<\/td>\n<\/tr>\n<tr style=\"height: 49px;\">\n<td style=\"height: 49px; width: 34.7904%;\">Nivell Intermedi B2.1 franc\u00e8s<\/td>\n<td style=\"height: 49px; width: 32.3902%;\">4 de juny I 15:30 (aula 15)<\/td>\n<td style=\"height: 49px; width: 83.0559%;\">9 de juny (aula15)<\/td>\n<\/tr>\n<\/tbody>\n<\/table>\n<p>*\u00a0Per als nivells A1 i A2:\u00a0<strong>part escrita<\/strong>\u00a0(comprensi\u00f3 escrita, comprensi\u00f3 oral, \u00fas de la llengua i expressi\u00f3 i interacci\u00f3 escrita) i\u00a0<strong>part oral<\/strong>\u00a0(expressi\u00f3 i interacci\u00f3 oral)<\/p>\n<p>* Per als nivells B1, B2.1, B2.2 i C1: <strong>part escrita<\/strong>\u00a0(comprensi\u00f3 escrita, comprensi\u00f3 oral, mediaci\u00f3 escrita i expressi\u00f3 i interacci\u00f3 escrita) i\u00a0<strong>part ora<\/strong>l (mediaci\u00f3 oral i expressi\u00f3 i interacci\u00f3 oral)<\/p>\n<h4>Horari de les proves orals<\/h4>\n<p>Al calendari de proves hi figura m\u00e9s d\u2019un dia per a la part oral per a alguns nivells. El professorat distribuir\u00e0 tots els\/les alumnes d\u2019un mateix nivell entre els diferents dies de manera que l\u2019alumnat hagi de venir nom\u00e9s un dels possibles dies per fer la prova.<\/p>\n<ul>\n<li><strong>Alumnes oficials<\/strong>: El\/la professor\/a donar\u00e0 dia i hora abans de l\u2019acabament de les classes.<\/li>\n<li><strong>Alumnes lliures<\/strong>: El dia de la prova de la part escrita rebran una convocat\u00f2ria amb el dia i l\u2019hora en qu\u00e8 han de venir a fer la part oral.<br \/>\n<h4><\/h4>\n<h4>Sessi\u00f3 de lliurament de notes per als alumnes d\u2019A1, d\u2019A2 i de B2.1<\/h4>\n<p>Dia: <strong>dimarts 17 de juny<\/strong>.<\/p>\n<p>El\/la professor\/a indicar\u00e0 l\u2019hora i l\u2019aula.<\/p>\n<h4>Publicaci\u00f3 de les qualificacions de tots els nivells al web<\/h4>\n<ul>\n<li>Alumnes <strong>oficials<\/strong>: dimarts <strong>23 de juny<\/strong> a les 00.01.<\/li>\n<li>Alumnes <strong>lliures<\/strong>: el dia <strong>23 de juny<\/strong>.<\/li>\n<\/ul>\n<p><a href=\"https:\/\/agora-eoi.xtec.cat\/eoiguixols\/examens\/qualificacions\/\">+ info<\/a><\/p>\n<h4>Per\u00edode de reclamacions per als alumnes de B1, de B2.2 i de C1<\/h4>\n<p>Si algun candidat\/a vol presentar una reclamaci\u00f3 pel que fa als resultats de la prova, ho haur\u00e0 de fer per escrit presentant una\u00a0<a href=\"https:\/\/agora-eoi.xtec.cat\/eoiguixols\/docs\/instancia\/\">inst\u00e0ncia<\/a> a la secretaria del centre en el termini que va des de la publicaci\u00f3 de resultats fins a les 12.00h del <strong>divendres 27 de juny de 2025<\/strong>. Consulteu els horaris d\u2019atenci\u00f3 al p\u00fablic. La direcci\u00f3 del centre comunicar\u00e0 la resoluci\u00f3 de la reclamaci\u00f3 als interessats per escrit.<\/p>\n<h4>Nota molt important<\/h4>\n<p>En cas que a algun\/a alumne\/a, per for\u00e7a major, li sigui impossible assistir a qualsevol de les proves en la data senyalada, haur\u00e0 d\u2019adre\u00e7ar una\u00a0<a href=\"https:\/\/agora-eoi.xtec.cat\/eoiguixols\/docs\/instancia\/\">inst\u00e0ncia<\/a> a la secretaria del centre exposant-ne els motius i adjuntant documents acreditatius, fins al <strong>divendres 16 de maig de 2025<\/strong>. La direcci\u00f3 del centre estudiar\u00e0 el cas i si ho considera oport\u00fa, oferir\u00e0 a l\u2019alumne\/a la possibilitat de realitzar la prova en una data alternativa.<\/p>\n<p>Aix\u00ed mateix, si algun\/a alumne\/a pateix alguna incid\u00e8ncia imprevisible de car\u00e0cter personal (malaltia, accident, \u2026) el mateix dia de la prova, haur\u00e0 d\u2019adre\u00e7ar una\u00a0<a href=\"https:\/\/agora-eoi.xtec.cat\/eoiguixols\/docs\/instancia\/\">inst\u00e0ncia<\/a>\u00a0a la secretaria del centre exposant-ne els motius i adjuntant documents acreditatius, just el dia seg\u00fcent a la prova. La direcci\u00f3 del centre estudiar\u00e0 el cas i si ho considera oport\u00fa, oferir\u00e0 a l\u2019alumne\/a la possibilitat de realitzar la prova en una data alternativa.<\/p>\n<p>L\u2019Escola Oficial d\u2019Idiomes de Sant Feliu de Gu\u00edxols lliurar\u00e0 un <strong>certificat de justificaci\u00f3 d\u2019assist\u00e8ncia<\/strong> a les proves a tot l\u2019alumnat que ho demani.<\/li>\n<\/ul>\n<h4><\/h4>\n","protected":false},"excerpt":{"rendered":"<p>Curs 2024-2025 (Pendent d&#8217;actualitzar per al curs 2025-2026) Els ex\u00e0mens de l\u2019Escola Oficial d\u2019Idiomes s\u00f3n ex\u00e0mens de car\u00e0cter oficial i per aquest motiu estan subjectes a un calendari de proves inalterable. Per raons d\u2019organitzaci\u00f3 interna del centre, les proves no sempre es poden dur a terme dins de l\u2019horari habitual de cada grup. Part escrita* [&hellip;]<\/p>\n","protected":false},"author":1,"featured_media":0,"parent":8988,"menu_order":0,"comment_status":"closed","ping_status":"closed","template":"","meta":{"_bbp_topic_count":0,"_bbp_reply_count":0,"_bbp_total_topic_count":0,"_bbp_total_reply_count":0,"_bbp_voice_count":0,"_bbp_anonymous_reply_count":0,"_bbp_topic_count_hidden":0,"_bbp_reply_count_hidden":0,"_bbp_forum_subforum_count":0,"site-sidebar-layout":"default","site-content-layout":"","ast-site-content-layout":"default","site-content-style":"default","site-sidebar-style":"default","ast-global-header-display":"","ast-banner-title-visibility":"","ast-main-header-display":"","ast-hfb-above-header-display":"","ast-hfb-below-header-display":"","ast-hfb-mobile-header-display":"","site-post-title":"","ast-breadcrumbs-content":"","ast-featured-img":"","footer-sml-layout":"","theme-transparent-header-meta":"default","adv-header-id-meta":"","stick-header-meta":"","header-above-stick-meta":"","header-main-stick-meta":"","header-below-stick-meta":"","astra-migrate-meta-layouts":"set","ast-page-background-enabled":"default","ast-page-background-meta":{"desktop":{"background-color":"var(--ast-global-color-4)","background-image":"","background-repeat":"repeat","background-position":"center center","background-size":"auto","background-attachment":"scroll","background-type":"","background-media":"","overlay-type":"","overlay-color":"","overlay-opacity":"","overlay-gradient":""},"tablet":{"background-color":"","background-image":"","background-repeat":"repeat","background-position":"center center","background-size":"auto","background-attachment":"scroll","background-type":"","background-media":"","overlay-type":"","overlay-color":"","overlay-opacity":"","overlay-gradient":""},"mobile":{"background-color":"","background-image":"","background-repeat":"repeat","background-position":"center center","background-size":"auto","background-attachment":"scroll","background-type":"","background-media":"","overlay-type":"","overlay-color":"","overlay-opacity":"","overlay-gradient":""}},"ast-content-background-meta":{"desktop":{"background-color":"var(--ast-global-color-5)","background-image":"","background-repeat":"repeat","background-position":"center center","background-size":"auto","background-attachment":"scroll","background-type":"","background-media":"","overlay-type":"","overlay-color":"","overlay-opacity":"","overlay-gradient":""},"tablet":{"background-color":"var(--ast-global-color-5)","background-image":"","background-repeat":"repeat","background-position":"center center","background-size":"auto","background-attachment":"scroll","background-type":"","background-media":"","overlay-type":"","overlay-color":"","overlay-opacity":"","overlay-gradient":""},"mobile":{"background-color":"var(--ast-global-color-5)","background-image":"","background-repeat":"repeat","background-position":"center center","background-size":"auto","background-attachment":"scroll","background-type":"","background-media":"","overlay-type":"","overlay-color":"","overlay-opacity":"","overlay-gradient":""}},"footnotes":""},"class_list":["post-8992","page","type-page","status-publish","hentry"],"post_mailing_queue_ids":[],"_links":{"self":[{"href":"https:\/\/agora-eoi.xtec.cat\/eoiguixols\/wp-json\/wp\/v2\/pages\/8992","targetHints":{"allow":["GET"]}}],"collection":[{"href":"https:\/\/agora-eoi.xtec.cat\/eoiguixols\/wp-json\/wp\/v2\/pages"}],"about":[{"href":"https:\/\/agora-eoi.xtec.cat\/eoiguixols\/wp-json\/wp\/v2\/types\/page"}],"author":[{"embeddable":true,"href":"https:\/\/agora-eoi.xtec.cat\/eoiguixols\/wp-json\/wp\/v2\/users\/1"}],"replies":[{"embeddable":true,"href":"https:\/\/agora-eoi.xtec.cat\/eoiguixols\/wp-json\/wp\/v2\/comments?post=8992"}],"version-history":[{"count":6,"href":"https:\/\/agora-eoi.xtec.cat\/eoiguixols\/wp-json\/wp\/v2\/pages\/8992\/revisions"}],"predecessor-version":[{"id":13503,"href":"https:\/\/agora-eoi.xtec.cat\/eoiguixols\/wp-json\/wp\/v2\/pages\/8992\/revisions\/13503"}],"up":[{"embeddable":true,"href":"https:\/\/agora-eoi.xtec.cat\/eoiguixols\/wp-json\/wp\/v2\/pages\/8988"}],"wp:attachment":[{"href":"https:\/\/agora-eoi.xtec.cat\/eoiguixols\/wp-json\/wp\/v2\/media?parent=8992"}],"curies":[{"name":"wp","href":"https:\/\/api.w.org\/{rel}","templated":true}]}}