{"id":8990,"date":"2017-05-23T17:48:00","date_gmt":"2017-05-23T15:48:00","guid":{"rendered":"http:\/\/agora-eoi.xtec.cat\/eoiguixols\/?page_id=8990"},"modified":"2024-06-07T13:03:05","modified_gmt":"2024-06-07T11:03:05","slug":"informacio-general","status":"publish","type":"page","link":"https:\/\/agora-eoi.xtec.cat\/eoiguixols\/idiomes\/examens\/informacio-general\/","title":{"rendered":"Informaci\u00f3 general"},"content":{"rendered":"<p>Els ex\u00e0mens de l&#8217;Escola Oficial d&#8217;Idiomes s\u00f3n ex\u00e0mens de car\u00e0cter oficial i per aquest motiu estan subjectes a un calendari de proves inalterable. Les proves es realitzen durant les dues \u00faltimes setmanes del mes de maig i durant el mes de juny. Per raons d&#8217;organitzaci\u00f3 interna del centre, les proves no sempre es poden dur a terme dins de l&#8217;horari habitual de cada grup.<\/p>\n<p>Les proves es divideixen en dues sessions, una per a la part escrita i una altra per a la part oral, que se celebren en dues dates diferents.<\/p>\n<ul>\n<li>Per als <strong>nivells A1 i A2<\/strong>: part escrita (comprensi\u00f3 escrita, comprensi\u00f3 oral, \u00fas de la llengua i expressi\u00f3 i interacci\u00f3 escrita) i part oral (expressi\u00f3 i interacci\u00f3 oral)<\/li>\n<li>Per als <strong>nivells B1, B2.1, B2.2 i C1<\/strong>: part escrita (comprensi\u00f3 escrita, comprensi\u00f3 oral, mediaci\u00f3 escrita i expressi\u00f3 i interacci\u00f3 escrita) i part oral (mediaci\u00f3 oral i expressi\u00f3 i interacci\u00f3 oral)<\/li>\n<\/ul>\n","protected":false},"excerpt":{"rendered":"<p>Els ex\u00e0mens de l&#8217;Escola Oficial d&#8217;Idiomes s\u00f3n ex\u00e0mens de car\u00e0cter oficial i per aquest motiu estan subjectes a un calendari de proves inalterable. Les proves es realitzen durant les dues \u00faltimes setmanes del mes de maig i durant el mes de juny. Per raons d&#8217;organitzaci\u00f3 interna del centre, les proves no sempre es poden dur [&hellip;]<\/p>\n","protected":false},"author":1,"featured_media":0,"parent":8988,"menu_order":0,"comment_status":"closed","ping_status":"closed","template":"page-templates\/side-menu.php","meta":{"_bbp_topic_count":0,"_bbp_reply_count":0,"_bbp_total_topic_count":0,"_bbp_total_reply_count":0,"_bbp_voice_count":0,"_bbp_anonymous_reply_count":0,"_bbp_topic_count_hidden":0,"_bbp_reply_count_hidden":0,"_bbp_forum_subforum_count":0,"site-sidebar-layout":"default","site-content-layout":"","ast-site-content-layout":"","site-content-style":"default","site-sidebar-style":"default","ast-global-header-display":"","ast-banner-title-visibility":"","ast-main-header-display":"","ast-hfb-above-header-display":"","ast-hfb-below-header-display":"","ast-hfb-mobile-header-display":"","site-post-title":"","ast-breadcrumbs-content":"","ast-featured-img":"","footer-sml-layout":"","theme-transparent-header-meta":"","adv-header-id-meta":"","stick-header-meta":"","header-above-stick-meta":"","header-main-stick-meta":"","header-below-stick-meta":"","astra-migrate-meta-layouts":"default","ast-page-background-enabled":"default","ast-page-background-meta":{"desktop":{"background-color":"var(--ast-global-color-4)","background-image":"","background-repeat":"repeat","background-position":"center center","background-size":"auto","background-attachment":"scroll","background-type":"","background-media":"","overlay-type":"","overlay-color":"","overlay-opacity":"","overlay-gradient":""},"tablet":{"background-color":"","background-image":"","background-repeat":"repeat","background-position":"center center","background-size":"auto","background-attachment":"scroll","background-type":"","background-media":"","overlay-type":"","overlay-color":"","overlay-opacity":"","overlay-gradient":""},"mobile":{"background-color":"","background-image":"","background-repeat":"repeat","background-position":"center center","background-size":"auto","background-attachment":"scroll","background-type":"","background-media":"","overlay-type":"","overlay-color":"","overlay-opacity":"","overlay-gradient":""}},"ast-content-background-meta":{"desktop":{"background-color":"var(--ast-global-color-5)","background-image":"","background-repeat":"repeat","background-position":"center center","background-size":"auto","background-attachment":"scroll","background-type":"","background-media":"","overlay-type":"","overlay-color":"","overlay-opacity":"","overlay-gradient":""},"tablet":{"background-color":"var(--ast-global-color-5)","background-image":"","background-repeat":"repeat","background-position":"center center","background-size":"auto","background-attachment":"scroll","background-type":"","background-media":"","overlay-type":"","overlay-color":"","overlay-opacity":"","overlay-gradient":""},"mobile":{"background-color":"var(--ast-global-color-5)","background-image":"","background-repeat":"repeat","background-position":"center center","background-size":"auto","background-attachment":"scroll","background-type":"","background-media":"","overlay-type":"","overlay-color":"","overlay-opacity":"","overlay-gradient":""}},"footnotes":""},"class_list":["post-8990","page","type-page","status-publish","hentry"],"post_mailing_queue_ids":[],"_links":{"self":[{"href":"https:\/\/agora-eoi.xtec.cat\/eoiguixols\/wp-json\/wp\/v2\/pages\/8990","targetHints":{"allow":["GET"]}}],"collection":[{"href":"https:\/\/agora-eoi.xtec.cat\/eoiguixols\/wp-json\/wp\/v2\/pages"}],"about":[{"href":"https:\/\/agora-eoi.xtec.cat\/eoiguixols\/wp-json\/wp\/v2\/types\/page"}],"author":[{"embeddable":true,"href":"https:\/\/agora-eoi.xtec.cat\/eoiguixols\/wp-json\/wp\/v2\/users\/1"}],"replies":[{"embeddable":true,"href":"https:\/\/agora-eoi.xtec.cat\/eoiguixols\/wp-json\/wp\/v2\/comments?post=8990"}],"version-history":[{"count":5,"href":"https:\/\/agora-eoi.xtec.cat\/eoiguixols\/wp-json\/wp\/v2\/pages\/8990\/revisions"}],"predecessor-version":[{"id":12846,"href":"https:\/\/agora-eoi.xtec.cat\/eoiguixols\/wp-json\/wp\/v2\/pages\/8990\/revisions\/12846"}],"up":[{"embeddable":true,"href":"https:\/\/agora-eoi.xtec.cat\/eoiguixols\/wp-json\/wp\/v2\/pages\/8988"}],"wp:attachment":[{"href":"https:\/\/agora-eoi.xtec.cat\/eoiguixols\/wp-json\/wp\/v2\/media?parent=8990"}],"curies":[{"name":"wp","href":"https:\/\/api.w.org\/{rel}","templated":true}]}}