{"id":8623,"date":"2016-06-20T11:26:35","date_gmt":"2016-06-20T10:26:35","guid":{"rendered":"http:\/\/agora-eoi.xtec.cat\/eoiguixols\/?page_id=8623"},"modified":"2025-09-12T14:04:14","modified_gmt":"2025-09-12T12:04:14","slug":"carrecs-de-coordinacio","status":"publish","type":"page","link":"https:\/\/agora-eoi.xtec.cat\/eoiguixols\/el-servei-educatiu\/organigrama\/carrecs-de-coordinacio\/","title":{"rendered":"C\u00e0rrecs de coordinaci\u00f3"},"content":{"rendered":"<p><strong>Cap de Departament d&#8217;Alemany<\/strong><br \/>\nTabea Burn<br \/>\ntabea.burn@eoiguixols.cat<br \/>\nHorari d\u2019atenci\u00f3: per determinar<\/p>\n<p><strong>Cap de Departament d&#8217;Angl\u00e8s<\/strong><br \/>\nFrancis Boyle<br \/>\n<a href=\"mailto:francis.boyle@eoiguixols.cat\">francis.boyle@eoiguixols.cat<\/a><br \/>\nHorari d\u2019atenci\u00f3: Dimecres de 15.30 a 16.00<\/p>\n<p><strong>Cap de Departament de Franc\u00e8s<\/strong><\/p>\n<p>Ruben Antonio Monllor Mu\u00f1oz<br \/>\nruben.monllor@eoiguixols.cat<br \/>\nHorari d\u2019atenci\u00f3: per determinar<\/p>\n<p><strong>Coordinador\/a Digital<\/strong><br \/>\nEva Boadas Prunell<br \/>\neva.boadas@eoiguixols.cat<\/p>\n<p><strong>Coordinador\/a de Llengua, Interculturalitat i Cohesi\u00f3 Social<\/strong><\/p>\n<p>Bernat LLopis Valdellou<br \/>\nbernat.llopis@eoiguixols.cat<\/p>\n<p><strong>Coordinador\/a de Prevenci\u00f3 de Riscos Laborals<\/strong><br \/>\nTabea Burn<br \/>\ntabea.burn@eoiguixols.cat<\/p>\n<p><strong>Coordinador\/a de Coeducaci\u00f3, Conviv\u00e8ncia i Benestar de l\u2019Alumnat (COCOBE)\u00a0<\/strong><br \/>\nYannick Sourisseau<br \/>\nyannick.sourisseau@eoiguixols.cat<\/p>\n<div style=\"display: none;\"><\/div>\n","protected":false},"excerpt":{"rendered":"<p>Cap de Departament d&#8217;Alemany Tabea Burn tabea.burn@eoiguixols.cat Horari d\u2019atenci\u00f3: per determinar Cap de Departament d&#8217;Angl\u00e8s Francis Boyle francis.boyle@eoiguixols.cat Horari d\u2019atenci\u00f3: Dimecres de 15.30 a 16.00 Cap de Departament de Franc\u00e8s Ruben Antonio Monllor Mu\u00f1oz ruben.monllor@eoiguixols.cat Horari d\u2019atenci\u00f3: per determinar Coordinador\/a Digital Eva Boadas Prunell eva.boadas@eoiguixols.cat Coordinador\/a de Llengua, Interculturalitat i Cohesi\u00f3 Social Bernat LLopis Valdellou [&hellip;]<\/p>\n","protected":false},"author":1,"featured_media":0,"parent":8141,"menu_order":45,"comment_status":"closed","ping_status":"closed","template":"","meta":{"_bbp_topic_count":0,"_bbp_reply_count":0,"_bbp_total_topic_count":0,"_bbp_total_reply_count":0,"_bbp_voice_count":0,"_bbp_anonymous_reply_count":0,"_bbp_topic_count_hidden":0,"_bbp_reply_count_hidden":0,"_bbp_forum_subforum_count":0,"site-sidebar-layout":"default","site-content-layout":"","ast-site-content-layout":"default","site-content-style":"default","site-sidebar-style":"default","ast-global-header-display":"","ast-banner-title-visibility":"","ast-main-header-display":"","ast-hfb-above-header-display":"","ast-hfb-below-header-display":"","ast-hfb-mobile-header-display":"","site-post-title":"","ast-breadcrumbs-content":"","ast-featured-img":"","footer-sml-layout":"","theme-transparent-header-meta":"default","adv-header-id-meta":"","stick-header-meta":"","header-above-stick-meta":"","header-main-stick-meta":"","header-below-stick-meta":"","astra-migrate-meta-layouts":"set","ast-page-background-enabled":"default","ast-page-background-meta":{"desktop":{"background-color":"var(--ast-global-color-4)","background-image":"","background-repeat":"repeat","background-position":"center center","background-size":"auto","background-attachment":"scroll","background-type":"","background-media":"","overlay-type":"","overlay-color":"","overlay-opacity":"","overlay-gradient":""},"tablet":{"background-color":"","background-image":"","background-repeat":"repeat","background-position":"center center","background-size":"auto","background-attachment":"scroll","background-type":"","background-media":"","overlay-type":"","overlay-color":"","overlay-opacity":"","overlay-gradient":""},"mobile":{"background-color":"","background-image":"","background-repeat":"repeat","background-position":"center center","background-size":"auto","background-attachment":"scroll","background-type":"","background-media":"","overlay-type":"","overlay-color":"","overlay-opacity":"","overlay-gradient":""}},"ast-content-background-meta":{"desktop":{"background-color":"var(--ast-global-color-5)","background-image":"","background-repeat":"repeat","background-position":"center center","background-size":"auto","background-attachment":"scroll","background-type":"","background-media":"","overlay-type":"","overlay-color":"","overlay-opacity":"","overlay-gradient":""},"tablet":{"background-color":"var(--ast-global-color-5)","background-image":"","background-repeat":"repeat","background-position":"center center","background-size":"auto","background-attachment":"scroll","background-type":"","background-media":"","overlay-type":"","overlay-color":"","overlay-opacity":"","overlay-gradient":""},"mobile":{"background-color":"var(--ast-global-color-5)","background-image":"","background-repeat":"repeat","background-position":"center center","background-size":"auto","background-attachment":"scroll","background-type":"","background-media":"","overlay-type":"","overlay-color":"","overlay-opacity":"","overlay-gradient":""}},"footnotes":""},"class_list":["post-8623","page","type-page","status-publish","hentry"],"post_mailing_queue_ids":[],"_links":{"self":[{"href":"https:\/\/agora-eoi.xtec.cat\/eoiguixols\/wp-json\/wp\/v2\/pages\/8623","targetHints":{"allow":["GET"]}}],"collection":[{"href":"https:\/\/agora-eoi.xtec.cat\/eoiguixols\/wp-json\/wp\/v2\/pages"}],"about":[{"href":"https:\/\/agora-eoi.xtec.cat\/eoiguixols\/wp-json\/wp\/v2\/types\/page"}],"author":[{"embeddable":true,"href":"https:\/\/agora-eoi.xtec.cat\/eoiguixols\/wp-json\/wp\/v2\/users\/1"}],"replies":[{"embeddable":true,"href":"https:\/\/agora-eoi.xtec.cat\/eoiguixols\/wp-json\/wp\/v2\/comments?post=8623"}],"version-history":[{"count":6,"href":"https:\/\/agora-eoi.xtec.cat\/eoiguixols\/wp-json\/wp\/v2\/pages\/8623\/revisions"}],"predecessor-version":[{"id":13484,"href":"https:\/\/agora-eoi.xtec.cat\/eoiguixols\/wp-json\/wp\/v2\/pages\/8623\/revisions\/13484"}],"up":[{"embeddable":true,"href":"https:\/\/agora-eoi.xtec.cat\/eoiguixols\/wp-json\/wp\/v2\/pages\/8141"}],"wp:attachment":[{"href":"https:\/\/agora-eoi.xtec.cat\/eoiguixols\/wp-json\/wp\/v2\/media?parent=8623"}],"curies":[{"name":"wp","href":"https:\/\/api.w.org\/{rel}","templated":true}]}}