{"id":8619,"date":"2016-06-20T11:24:25","date_gmt":"2016-06-20T10:24:25","guid":{"rendered":"http:\/\/agora-eoi.xtec.cat\/eoiguixols\/?page_id=8619"},"modified":"2023-07-02T15:03:03","modified_gmt":"2023-07-02T13:03:03","slug":"equip-directiu","status":"publish","type":"page","link":"https:\/\/agora-eoi.xtec.cat\/eoiguixols\/el-servei-educatiu\/organigrama\/equip-directiu\/","title":{"rendered":"Equip directiu"},"content":{"rendered":"<p><strong>Director <\/strong>(perfil\u00a0<a href=\"https:\/\/drive.google.com\/file\/d\/1_WL5SPXTWO_8Ai5FoEZMgq0PAxxDAnGJ\/view?usp=sharing\" target=\"_blank\" rel=\"noopener\">aqu\u00ed<\/a>)<strong><br \/>\n<\/strong>David Avellaneda Gonz\u00e1lez <a href=\"mailto:direccio@eoiguixols.cat\">direccio@eoiguixols.cat<\/a><br \/>\nHorari d&#8217;atenci\u00f3: Dilluns de 12h a 14h<\/p>\n<p><strong>Secret\u00e0ria<\/strong> (perfil\u00a0aqu\u00ed)<br \/>\nMariona Salvador Jaum\u00e0 <a href=\"mailto:secretaria@eoiguixols.cat\" target=\"_blank\" rel=\"noopener\">secretaria@eoiguixols.cat<\/a><br \/>\nHorari d&#8217;atenci\u00f3: Dimarts de 12h a 14h<br \/>\n(Per a assumptes relacionats amb la matr\u00edcula, les taxes i els certificats)<\/p>\n","protected":false},"excerpt":{"rendered":"<p>Director (perfil\u00a0aqu\u00ed) David Avellaneda Gonz\u00e1lez direccio@eoiguixols.cat Horari d&#8217;atenci\u00f3: Dilluns de 12h a 14h Secret\u00e0ria (perfil\u00a0aqu\u00ed) Mariona Salvador Jaum\u00e0 secretaria@eoiguixols.cat Horari d&#8217;atenci\u00f3: Dimarts de 12h a 14h (Per a assumptes relacionats amb la matr\u00edcula, les taxes i els certificats)<\/p>\n","protected":false},"author":1,"featured_media":0,"parent":8141,"menu_order":30,"comment_status":"closed","ping_status":"closed","template":"page-templates\/side-menu.php","meta":{"_bbp_topic_count":0,"_bbp_reply_count":0,"_bbp_total_topic_count":0,"_bbp_total_reply_count":0,"_bbp_voice_count":0,"_bbp_anonymous_reply_count":0,"_bbp_topic_count_hidden":0,"_bbp_reply_count_hidden":0,"_bbp_forum_subforum_count":0,"site-sidebar-layout":"default","site-content-layout":"","ast-site-content-layout":"","site-content-style":"default","site-sidebar-style":"default","ast-global-header-display":"","ast-banner-title-visibility":"","ast-main-header-display":"","ast-hfb-above-header-display":"","ast-hfb-below-header-display":"","ast-hfb-mobile-header-display":"","site-post-title":"","ast-breadcrumbs-content":"","ast-featured-img":"","footer-sml-layout":"","theme-transparent-header-meta":"","adv-header-id-meta":"","stick-header-meta":"","header-above-stick-meta":"","header-main-stick-meta":"","header-below-stick-meta":"","astra-migrate-meta-layouts":"default","ast-page-background-enabled":"default","ast-page-background-meta":{"desktop":{"background-color":"var(--ast-global-color-4)","background-image":"","background-repeat":"repeat","background-position":"center center","background-size":"auto","background-attachment":"scroll","background-type":"","background-media":"","overlay-type":"","overlay-color":"","overlay-opacity":"","overlay-gradient":""},"tablet":{"background-color":"","background-image":"","background-repeat":"repeat","background-position":"center center","background-size":"auto","background-attachment":"scroll","background-type":"","background-media":"","overlay-type":"","overlay-color":"","overlay-opacity":"","overlay-gradient":""},"mobile":{"background-color":"","background-image":"","background-repeat":"repeat","background-position":"center center","background-size":"auto","background-attachment":"scroll","background-type":"","background-media":"","overlay-type":"","overlay-color":"","overlay-opacity":"","overlay-gradient":""}},"ast-content-background-meta":{"desktop":{"background-color":"var(--ast-global-color-5)","background-image":"","background-repeat":"repeat","background-position":"center center","background-size":"auto","background-attachment":"scroll","background-type":"","background-media":"","overlay-type":"","overlay-color":"","overlay-opacity":"","overlay-gradient":""},"tablet":{"background-color":"var(--ast-global-color-5)","background-image":"","background-repeat":"repeat","background-position":"center center","background-size":"auto","background-attachment":"scroll","background-type":"","background-media":"","overlay-type":"","overlay-color":"","overlay-opacity":"","overlay-gradient":""},"mobile":{"background-color":"var(--ast-global-color-5)","background-image":"","background-repeat":"repeat","background-position":"center center","background-size":"auto","background-attachment":"scroll","background-type":"","background-media":"","overlay-type":"","overlay-color":"","overlay-opacity":"","overlay-gradient":""}},"footnotes":""},"class_list":["post-8619","page","type-page","status-publish","hentry"],"post_mailing_queue_ids":[],"_links":{"self":[{"href":"https:\/\/agora-eoi.xtec.cat\/eoiguixols\/wp-json\/wp\/v2\/pages\/8619","targetHints":{"allow":["GET"]}}],"collection":[{"href":"https:\/\/agora-eoi.xtec.cat\/eoiguixols\/wp-json\/wp\/v2\/pages"}],"about":[{"href":"https:\/\/agora-eoi.xtec.cat\/eoiguixols\/wp-json\/wp\/v2\/types\/page"}],"author":[{"embeddable":true,"href":"https:\/\/agora-eoi.xtec.cat\/eoiguixols\/wp-json\/wp\/v2\/users\/1"}],"replies":[{"embeddable":true,"href":"https:\/\/agora-eoi.xtec.cat\/eoiguixols\/wp-json\/wp\/v2\/comments?post=8619"}],"version-history":[{"count":3,"href":"https:\/\/agora-eoi.xtec.cat\/eoiguixols\/wp-json\/wp\/v2\/pages\/8619\/revisions"}],"predecessor-version":[{"id":12450,"href":"https:\/\/agora-eoi.xtec.cat\/eoiguixols\/wp-json\/wp\/v2\/pages\/8619\/revisions\/12450"}],"up":[{"embeddable":true,"href":"https:\/\/agora-eoi.xtec.cat\/eoiguixols\/wp-json\/wp\/v2\/pages\/8141"}],"wp:attachment":[{"href":"https:\/\/agora-eoi.xtec.cat\/eoiguixols\/wp-json\/wp\/v2\/media?parent=8619"}],"curies":[{"name":"wp","href":"https:\/\/api.w.org\/{rel}","templated":true}]}}