{"id":8613,"date":"2016-06-20T11:17:12","date_gmt":"2016-06-20T10:17:12","guid":{"rendered":"http:\/\/agora-eoi.xtec.cat\/eoiguixols\/?page_id=8613"},"modified":"2023-03-04T12:22:29","modified_gmt":"2023-03-04T11:22:29","slug":"curriculum","status":"publish","type":"page","link":"https:\/\/agora-eoi.xtec.cat\/eoiguixols\/el-servei-educatiu\/pla-destudis\/curriculum\/","title":{"rendered":"Curr\u00edculum"},"content":{"rendered":"<h4>Curr\u00edculum Nivell B\u00e0sic, Nivell Intermedi i Nivell Avan\u00e7at C1<\/h4>\n<p><span style=\"color: #000000;\">La <strong><a style=\"color: #000000;\" href=\"https:\/\/www.boe.es\/buscar\/pdf\/2006\/BOE-A-2006-7899-consolidado.pdf\" target=\"_blank\" rel=\"noopener\">Ley Org\u00e1nica 2\/2006, de 3 de maig<\/a><\/strong>, d\u2019Educaci\u00f3 en el seu article 59.1 estableix que els ensenyaments del nivell B\u00e0sic tindran les caracter\u00edstiques i l&#8217;organitzaci\u00f3 que les administracions educatives determinin.<\/span><\/p>\n<p><span style=\"color: #000000;\">El <strong><a style=\"color: #000000;\" href=\"https:\/\/www.boe.es\/buscar\/doc.php?id=BOE-A-2017-15367\" target=\"_blank\" rel=\"noopener\">Real Decreto 1041\/2017, de 22 de desembre<\/a><\/strong>, estableix el curr\u00edculum b\u00e0sic dels nivells Intermedi B1, Intermedi B2, Avan\u00e7at C1 i Avan\u00e7at C2 dels ensenyaments d&#8217;idiomes de r\u00e8gim especial regulats per la Llei Org\u00e0nica 2\/2006, de 3 de maig, d&#8217;Educaci\u00f3.<\/span><\/p>\n<p><span style=\"color: #000000;\">Els curr\u00edculums dels nivells Intermedi B1 i Intermedi B2 es poden trobar al <strong><a style=\"color: #000000;\" href=\"https:\/\/portaldogc.gencat.cat\/utilsEADOP\/PDF\/8628\/1896408.pdf\" target=\"_blank\" rel=\"noopener\">Decret 45\/2022, de 15 de mar\u00e7<\/a><\/strong>, pel qual s&#8217;estableix l&#8217;ordenaci\u00f3 dels ensenyaments d&#8217;idiomes de r\u00e8gim especial i el curr\u00edculum del nivell Intermedi de diversos idiomes.<\/span><\/p>\n<p><span style=\"color: #000000;\">Els curr\u00edculums del nivell B\u00e0sic i de nivell Avan\u00e7at C1 es poden trobar al <a href=\"https:\/\/dogc.gencat.cat\/ca\/document-del-dogc\/?documentId=940619\" target=\"_blank\" rel=\"noopener\">Decret 243\/2022, de 18 d&#8217;octubre<\/a>,\u00a0pel qual s&#8217;estableixen els curr\u00edculums de nivell B\u00e0sic (A2) i del nivell Avan\u00e7at (C1 i C2) dels ensenyaments de r\u00e8gim especial de diversos idiomes.<\/span><\/p>\n<p><span style=\"color: #000000;\">El curr\u00edculum LOE segueix les recomanacions del Consell d\u2019Europa tal com es concreten en el <strong><a style=\"color: #000000;\" href=\"https:\/\/llengua.gencat.cat\/ca\/serveis\/informacio_i_difusio\/publicacions_en_linia\/classific_temes\/temes_materials_didactics\/marc_europeu_de_referencia_per_a_les_llengues\" target=\"_blank\" rel=\"noopener\">Marc Europeu Com\u00fa de Refer\u00e8ncia per a les Lleng\u00fces <\/a><\/strong>(2001) i al <a href=\"https:\/\/cvc.cervantes.es\/ensenanza\/biblioteca_ele\/marco_complementario\/mcer_volumen-complementario.pdf\" target=\"_blank\" rel=\"noopener\">MECR. Volum complementari<\/a> (2020).<\/span><\/p>\n","protected":false},"excerpt":{"rendered":"<p>Curr\u00edculum Nivell B\u00e0sic, Nivell Intermedi i Nivell Avan\u00e7at C1 La Ley Org\u00e1nica 2\/2006, de 3 de maig, d\u2019Educaci\u00f3 en el seu article 59.1 estableix que els ensenyaments del nivell B\u00e0sic tindran les caracter\u00edstiques i l&#8217;organitzaci\u00f3 que les administracions educatives determinin. El Real Decreto 1041\/2017, de 22 de desembre, estableix el curr\u00edculum b\u00e0sic dels nivells Intermedi [&hellip;]<\/p>\n","protected":false},"author":1,"featured_media":0,"parent":8610,"menu_order":20,"comment_status":"closed","ping_status":"closed","template":"page-templates\/side-menu.php","meta":{"_bbp_topic_count":0,"_bbp_reply_count":0,"_bbp_total_topic_count":0,"_bbp_total_reply_count":0,"_bbp_voice_count":0,"_bbp_anonymous_reply_count":0,"_bbp_topic_count_hidden":0,"_bbp_reply_count_hidden":0,"_bbp_forum_subforum_count":0,"site-sidebar-layout":"default","site-content-layout":"","ast-site-content-layout":"","site-content-style":"default","site-sidebar-style":"default","ast-global-header-display":"","ast-banner-title-visibility":"","ast-main-header-display":"","ast-hfb-above-header-display":"","ast-hfb-below-header-display":"","ast-hfb-mobile-header-display":"","site-post-title":"","ast-breadcrumbs-content":"","ast-featured-img":"","footer-sml-layout":"","theme-transparent-header-meta":"","adv-header-id-meta":"","stick-header-meta":"","header-above-stick-meta":"","header-main-stick-meta":"","header-below-stick-meta":"","astra-migrate-meta-layouts":"default","ast-page-background-enabled":"default","ast-page-background-meta":{"desktop":{"background-color":"var(--ast-global-color-4)","background-image":"","background-repeat":"repeat","background-position":"center center","background-size":"auto","background-attachment":"scroll","background-type":"","background-media":"","overlay-type":"","overlay-color":"","overlay-opacity":"","overlay-gradient":""},"tablet":{"background-color":"","background-image":"","background-repeat":"repeat","background-position":"center center","background-size":"auto","background-attachment":"scroll","background-type":"","background-media":"","overlay-type":"","overlay-color":"","overlay-opacity":"","overlay-gradient":""},"mobile":{"background-color":"","background-image":"","background-repeat":"repeat","background-position":"center center","background-size":"auto","background-attachment":"scroll","background-type":"","background-media":"","overlay-type":"","overlay-color":"","overlay-opacity":"","overlay-gradient":""}},"ast-content-background-meta":{"desktop":{"background-color":"var(--ast-global-color-5)","background-image":"","background-repeat":"repeat","background-position":"center center","background-size":"auto","background-attachment":"scroll","background-type":"","background-media":"","overlay-type":"","overlay-color":"","overlay-opacity":"","overlay-gradient":""},"tablet":{"background-color":"var(--ast-global-color-5)","background-image":"","background-repeat":"repeat","background-position":"center center","background-size":"auto","background-attachment":"scroll","background-type":"","background-media":"","overlay-type":"","overlay-color":"","overlay-opacity":"","overlay-gradient":""},"mobile":{"background-color":"var(--ast-global-color-5)","background-image":"","background-repeat":"repeat","background-position":"center center","background-size":"auto","background-attachment":"scroll","background-type":"","background-media":"","overlay-type":"","overlay-color":"","overlay-opacity":"","overlay-gradient":""}},"footnotes":""},"class_list":["post-8613","page","type-page","status-publish","hentry"],"post_mailing_queue_ids":[],"_links":{"self":[{"href":"https:\/\/agora-eoi.xtec.cat\/eoiguixols\/wp-json\/wp\/v2\/pages\/8613","targetHints":{"allow":["GET"]}}],"collection":[{"href":"https:\/\/agora-eoi.xtec.cat\/eoiguixols\/wp-json\/wp\/v2\/pages"}],"about":[{"href":"https:\/\/agora-eoi.xtec.cat\/eoiguixols\/wp-json\/wp\/v2\/types\/page"}],"author":[{"embeddable":true,"href":"https:\/\/agora-eoi.xtec.cat\/eoiguixols\/wp-json\/wp\/v2\/users\/1"}],"replies":[{"embeddable":true,"href":"https:\/\/agora-eoi.xtec.cat\/eoiguixols\/wp-json\/wp\/v2\/comments?post=8613"}],"version-history":[{"count":4,"href":"https:\/\/agora-eoi.xtec.cat\/eoiguixols\/wp-json\/wp\/v2\/pages\/8613\/revisions"}],"predecessor-version":[{"id":12072,"href":"https:\/\/agora-eoi.xtec.cat\/eoiguixols\/wp-json\/wp\/v2\/pages\/8613\/revisions\/12072"}],"up":[{"embeddable":true,"href":"https:\/\/agora-eoi.xtec.cat\/eoiguixols\/wp-json\/wp\/v2\/pages\/8610"}],"wp:attachment":[{"href":"https:\/\/agora-eoi.xtec.cat\/eoiguixols\/wp-json\/wp\/v2\/media?parent=8613"}],"curies":[{"name":"wp","href":"https:\/\/api.w.org\/{rel}","templated":true}]}}