{"id":8448,"date":"2016-06-14T16:22:09","date_gmt":"2016-06-14T15:22:09","guid":{"rendered":"http:\/\/agora-eoi.xtec.cat\/eoiguixols\/?page_id=8448"},"modified":"2025-11-04T10:56:44","modified_gmt":"2025-11-04T09:56:44","slug":"carnet-destudiant","status":"publish","type":"page","link":"https:\/\/agora-eoi.xtec.cat\/eoiguixols\/serveis\/carnet-destudiant\/","title":{"rendered":"Carnet d&#8217;estudiant"},"content":{"rendered":"<p><a href=\"http:\/\/agora-eoi.xtec.cat\/eoiguixols\/wp-content\/uploads\/usu2257\/2016\/06\/Carnet.jpg\"><img loading=\"lazy\" decoding=\"async\" class=\"alignnone size-full wp-image-8960\" src=\"http:\/\/agora-eoi.xtec.cat\/eoiguixols\/wp-content\/uploads\/usu2257\/2016\/06\/Carnet.jpg\" alt=\"Carnet\" width=\"343\" height=\"222\" srcset=\"https:\/\/agora-eoi.xtec.cat\/eoiguixols\/wp-content\/uploads\/usu2257\/2016\/06\/Carnet.jpg 343w, https:\/\/agora-eoi.xtec.cat\/eoiguixols\/wp-content\/uploads\/usu2257\/2016\/06\/Carnet-300x194.jpg 300w\" sizes=\"auto, (max-width: 343px) 100vw, 343px\" \/><\/a><\/p>\n<p>Per aconseguir el vostre carnet d&#8217;estudiant descarregueu-vos el document pdf i seguiu les instruccions que s&#8217;hi indiquen.<\/p>\n<p><a href=\"https:\/\/agora-eoi.xtec.cat\/eoiguixols\/wp-content\/uploads\/usu2257\/2025\/09\/Carnet_estudiant_2526.pdf\">Carnet d&#8217;estudiant<\/a><\/p>\n<h2>Avantatges del carnet d&#8217;estudiant<\/h2>\n<p><span style=\"font-weight: 400;\">Amb el carnet de la nostra escola pots gaudir dels seg\u00fcents avantatges:<\/span><\/p>\n<p>&nbsp;<\/p>\n<p><b>BIBLIOTECA DE L\u2019ESCOLA<\/b><\/p>\n<p><span style=\"font-weight: 400;\">Utilitzaci\u00f3 de la <\/span><b>biblioteca <\/b><span style=\"font-weight: 400;\">i <\/span><b>servei de pr\u00e9stec<\/b><span style=\"font-weight: 400;\"> de llibres, revistes i DVDs.<\/span><\/p>\n<p>&nbsp;<\/p>\n<p><b>LLIBRERIES:<\/b><\/p>\n<p><a href=\"https:\/\/agora-eoi.xtec.cat\/eoiguixols\/wp-content\/uploads\/usu2257\/2024\/04\/LLibreria-La-Guineu.png\"><img loading=\"lazy\" decoding=\"async\" class=\"alignnone wp-image-12783\" src=\"https:\/\/agora-eoi.xtec.cat\/eoiguixols\/wp-content\/uploads\/usu2257\/2024\/04\/LLibreria-La-Guineu-300x72.png\" alt=\"\" width=\"204\" height=\"49\" srcset=\"https:\/\/agora-eoi.xtec.cat\/eoiguixols\/wp-content\/uploads\/usu2257\/2024\/04\/LLibreria-La-Guineu-300x72.png 300w, https:\/\/agora-eoi.xtec.cat\/eoiguixols\/wp-content\/uploads\/usu2257\/2024\/04\/LLibreria-La-Guineu.png 457w\" sizes=\"auto, (max-width: 204px) 100vw, 204px\" \/><\/a><\/p>\n<ul>\n<li style=\"font-weight: 400;\" aria-level=\"1\"><b>La Guineu<\/b><span style=\"font-weight: 400;\"> (C\/ Capmany, 25 &#8211; Sant Feliu de Gu\u00edxols &#8211; 972 32 13 26) \u2013 Descompte d\u2019un 5% en els llibres de text obligatoris del curs <\/span><span style=\"font-weight: 400;\">a l\u2019EOI \u2013 <\/span><a href=\"https:\/\/www.laguineu.cat\/\"><span style=\"font-weight: 400;\">enlla\u00e7. <\/span><\/a><span style=\"font-weight: 400;\">(Presentant carnet d&#8217;estudiant o resguard de matr\u00edcula).<\/span><b><\/b><\/li>\n<\/ul>\n<p><a href=\"https:\/\/agora-eoi.xtec.cat\/eoiguixols\/wp-content\/uploads\/usu2257\/2024\/04\/Nobel.png\"><img loading=\"lazy\" decoding=\"async\" class=\"alignnone wp-image-12784\" src=\"https:\/\/agora-eoi.xtec.cat\/eoiguixols\/wp-content\/uploads\/usu2257\/2024\/04\/Nobel.png\" alt=\"\" width=\"91\" height=\"91\" srcset=\"https:\/\/agora-eoi.xtec.cat\/eoiguixols\/wp-content\/uploads\/usu2257\/2024\/04\/Nobel.png 225w, https:\/\/agora-eoi.xtec.cat\/eoiguixols\/wp-content\/uploads\/usu2257\/2024\/04\/Nobel-150x150.png 150w\" sizes=\"auto, (max-width: 91px) 100vw, 91px\" \/><\/a><\/p>\n<ul>\n<li style=\"font-weight: 400;\" aria-level=\"1\"><b>Espai Lector Nobel<\/b> <b>Sant Feliu de Gu\u00edxols <\/b><span style=\"font-weight: 400;\">(<\/span><span style=\"font-weight: 400;\">C\/ Joan Maragall, 4 &#8211; Sant Feliu de Gu\u00edxols &#8211;<\/span> <span style=\"font-weight: 400;\">972 82 19 77) <\/span><span style=\"font-weight: 400;\">Descompte del 5% o el 10% en llibres de text (alemany, angl\u00e8s i franc\u00e8s) segons si s\u00f3n llibres de preu fix o lliure. Consultar amb la llibreria.\u00a0\u00a0<\/span><\/li>\n<\/ul>\n<p>&nbsp;<\/p>\n<p><b>PAPERERIES\u00a0<\/b><\/p>\n<p><b><a href=\"https:\/\/agora-eoi.xtec.cat\/eoiguixols\/wp-content\/uploads\/usu2257\/2024\/07\/Paper-Copy-Eva-Tendero-Logo.png\"><img loading=\"lazy\" decoding=\"async\" class=\"alignnone wp-image-12945\" src=\"https:\/\/agora-eoi.xtec.cat\/eoiguixols\/wp-content\/uploads\/usu2257\/2024\/07\/Paper-Copy-Eva-Tendero-Logo-300x52.png\" alt=\"\" width=\"196\" height=\"34\" srcset=\"https:\/\/agora-eoi.xtec.cat\/eoiguixols\/wp-content\/uploads\/usu2257\/2024\/07\/Paper-Copy-Eva-Tendero-Logo-300x52.png 300w, https:\/\/agora-eoi.xtec.cat\/eoiguixols\/wp-content\/uploads\/usu2257\/2024\/07\/Paper-Copy-Eva-Tendero-Logo.png 340w\" sizes=\"auto, (max-width: 196px) 100vw, 196px\" \/><\/a><\/b><\/p>\n<ul>\n<li><b>Papereria llibreria Eva <\/b><span style=\"font-weight: 400;\">(Avda. Saragossa, 93 &#8211; Sant Feliu de Gu\u00edxols &#8211; 972 32 33 94) \u2013<\/span> <a href=\"https:\/\/www.papereriaeva.com\/\"><span style=\"font-weight: 400;\">enlla\u00e7<\/span><\/a><span style=\"font-weight: 400;\">.<\/span><\/li>\n<\/ul>\n<p><a href=\"https:\/\/agora-eoi.xtec.cat\/eoiguixols\/wp-content\/uploads\/usu2257\/2024\/07\/comercial-paperera.svg\"><img loading=\"lazy\" decoding=\"async\" class=\"alignnone wp-image-12949\" src=\"https:\/\/agora-eoi.xtec.cat\/eoiguixols\/wp-content\/uploads\/usu2257\/2024\/07\/comercial-paperera.svg\" alt=\"\" width=\"279\" height=\"55\" \/><\/a><\/p>\n<ul>\n<li aria-level=\"1\"><b>Comercial Paperera <\/b><span style=\"font-weight: 400;\">(Can Pau Birol, 14 &#8211; Pol\u00edgon Industrial Mas Xirgu, 17005, GIRONA &#8211; 972 406 301) &#8211; <\/span><a href=\"https:\/\/www.comercialpaperera.com\/\"><span style=\"font-weight: 400;\">enlla\u00e7<\/span><\/a><span style=\"font-weight: 400;\">.\u00a0 Descompte del 10 % presentant el carnet escolar del curs vigent (llevat dels consumibles d&#8217;inform\u00e0tica, impressores i articles en promoci\u00f3).<\/span><\/li>\n<\/ul>\n<p>&nbsp;<\/p>\n<p><strong>IMPRESSI\u00d3:<\/strong><\/p>\n<p><a href=\"https:\/\/agora-eoi.xtec.cat\/eoiguixols\/wp-content\/uploads\/usu2257\/2024\/07\/LogoGlobalGrafic.png\"><img loading=\"lazy\" decoding=\"async\" class=\"alignnone wp-image-13018\" src=\"https:\/\/agora-eoi.xtec.cat\/eoiguixols\/wp-content\/uploads\/usu2257\/2024\/07\/LogoGlobalGrafic-300x132.png\" alt=\"\" width=\"161\" height=\"71\" srcset=\"https:\/\/agora-eoi.xtec.cat\/eoiguixols\/wp-content\/uploads\/usu2257\/2024\/07\/LogoGlobalGrafic-300x132.png 300w, https:\/\/agora-eoi.xtec.cat\/eoiguixols\/wp-content\/uploads\/usu2257\/2024\/07\/LogoGlobalGrafic-768x338.png 768w, https:\/\/agora-eoi.xtec.cat\/eoiguixols\/wp-content\/uploads\/usu2257\/2024\/07\/LogoGlobalGrafic.png 945w\" sizes=\"auto, (max-width: 161px) 100vw, 161px\" \/><\/a><\/p>\n<ul>\n<li><strong>Global Gr\u00e0fic<\/strong> (C. Bourg de Peage, 87 &#8211; 17220 &#8211; Sant Feliu de Gu\u00edxols &#8211; 972 32 04 63) &#8211; <a href=\"https:\/\/globalgrafic.webnode.es\/quisom\/\">enlla\u00e7<\/a>. Descompte del 10% presentant el carnet escolar del curs vigent.<br \/>\n<h3><\/h3>\n<\/li>\n<\/ul>\n<p><strong>SUBSCRIPCIONS:\u00a0<\/strong><\/p>\n<p><a href=\"https:\/\/agora-eoi.xtec.cat\/eoiguixols\/wp-content\/uploads\/usu2257\/2024\/07\/catalonia-today.png\"><img loading=\"lazy\" decoding=\"async\" class=\"alignnone wp-image-12948\" src=\"https:\/\/agora-eoi.xtec.cat\/eoiguixols\/wp-content\/uploads\/usu2257\/2024\/07\/catalonia-today.png\" alt=\"\" width=\"62\" height=\"62\" \/><\/a><\/p>\n<ul>\n<li aria-level=\"1\"><b>Catalonia Today <\/b><span style=\"font-weight: 400;\">(<\/span><a href=\"https:\/\/www.cataloniatoday.cat\/\"><span style=\"font-weight: 400;\">enlla\u00e7<\/span><\/a><span style=\"font-weight: 400;\">)<\/span> <span style=\"font-weight: 400;\">descompte del 50% a la subscripci\u00f3 anual. Preu final de 18\u20ac. Per sol\u00b7licitar el descompte cal trucar al 972 186 478.\u00a0\u00a0<\/span><\/li>\n<\/ul>\n<p>&nbsp;<\/p>\n<p><b>ACTIVITATS CULTURALS<\/b><\/p>\n<p><b>TEATRE: <span style=\"color: #ff0000;\">(pendent de renovaci\u00f3)<\/span><\/b><\/p>\n<ul>\n<li style=\"font-weight: 400;\" aria-level=\"1\"><span style=\"font-weight: 400;\">Descompte (preu d\u2019entrada redu\u00efda, entrades limitades) a<\/span> <a href=\"https:\/\/guixols.cat\/teatre\"><span style=\"font-weight: 400;\">Gu\u00edxols Escena<\/span><\/a><span style=\"font-weight: 400;\">.<\/span><\/li>\n<\/ul>\n<p><b>CINEMA:<\/b><\/p>\n<ul>\n<li style=\"font-weight: 400;\" aria-level=\"1\"><span style=\"font-weight: 400;\">Cinema Truffaut de Girona &#8211; <\/span><a href=\"https:\/\/cinematruffaut.girona.cat\/\"><span style=\"font-weight: 400;\">enlla\u00e7<\/span><\/a><span style=\"font-weight: 400;\"> &#8211; (Carrer Nou del Teatre, 16 &#8211; Girona &#8211; 972 22 50 44). Descomptes: el preu de l\u2019entrada presentant el carnet d\u2019estudiant de l\u2019EOI \u00e9s de 5,5 \u20ac.<\/span><\/li>\n<\/ul>\n<p><b>MUSEUS:<\/b><\/p>\n<p><a href=\"https:\/\/agora-eoi.xtec.cat\/eoiguixols\/wp-content\/uploads\/usu2257\/2024\/07\/museu.png\"><img loading=\"lazy\" decoding=\"async\" class=\"alignnone wp-image-12996\" src=\"https:\/\/agora-eoi.xtec.cat\/eoiguixols\/wp-content\/uploads\/usu2257\/2024\/07\/museu.png\" alt=\"\" width=\"187\" height=\"62\" \/><\/a><\/p>\n<ul>\n<li aria-level=\"1\"><strong>Museu d&#8217;Hist\u00f2ria de Sant Feliu de Gu\u00edxols<\/strong>.<\/li>\n<\/ul>\n<p>&nbsp;<\/p>\n<ul>\n<li style=\"font-weight: 400;\" aria-level=\"1\"><span style=\"font-weight: 400;\">El carnet de l\u2019EOI Sant Feliu de Gu\u00edxols tamb\u00e9 pot servir per a gaudir de descomptes per entrar a museus tant dins de Catalunya o Espanya com a l\u2019estranger.<\/span><\/li>\n<\/ul>\n<p>&nbsp;<\/p>\n<p><b>\u00d2PTIQUES:<\/b><\/p>\n<p><a href=\"https:\/\/agora-eoi.xtec.cat\/eoiguixols\/wp-content\/uploads\/usu2257\/2024\/07\/OpticaMilent.jpg\"><img loading=\"lazy\" decoding=\"async\" class=\"alignnone wp-image-12954\" src=\"https:\/\/agora-eoi.xtec.cat\/eoiguixols\/wp-content\/uploads\/usu2257\/2024\/07\/OpticaMilent.jpg\" alt=\"\" width=\"104\" height=\"101\" \/><\/a><\/p>\n<ul>\n<li aria-level=\"1\"><b>\u00d2ptica Milent <\/b><span style=\"font-weight: 400;\">(C\/ Major 41, St Feliu de Gu\u00edxols &#8211; <\/span><span style=\"font-weight: 400;\">972.821.887) &#8211; <\/span><a href=\"https:\/\/opticamilent.com\/\"><span style=\"font-weight: 400;\">enlla\u00e7<\/span><\/a><span style=\"font-weight: 400;\">. L\u2019EOI Sant Feliu de Gu\u00edxols forma part del programa \u201cEmpresa Friends\u201d, i per tant presentant el carnet d\u2019estudiants el nostre alumnat pot gaudir de:\u00a0<\/span><\/li>\n<\/ul>\n<ul>\n<li style=\"list-style-type: none;\">\n<ul>\n<li aria-level=\"2\"><span style=\"font-weight: 400;\">-30% de descompte en ulleres de sol graduades.<\/span><\/li>\n<\/ul>\n<\/li>\n<\/ul>\n<ul>\n<li style=\"list-style-type: none;\">\n<ul>\n<li aria-level=\"2\"><span style=\"font-weight: 400;\">-30% de\u00a0 descompte en ulleres de sol.<\/span><\/li>\n<\/ul>\n<\/li>\n<\/ul>\n<ul>\n<li style=\"list-style-type: none;\">\n<ul>\n<li aria-level=\"2\"><span style=\"font-weight: 400;\">-15% de descompte en lents de contacte i l\u00edquids de manteniment.<\/span><\/li>\n<\/ul>\n<\/li>\n<\/ul>\n<p>&nbsp;<\/p>\n<p><b>ACTIVITATS ESPORTIVES<\/b><span style=\"font-weight: 400;\">:<\/span><\/p>\n<p><a href=\"https:\/\/agora-eoi.xtec.cat\/eoiguixols\/wp-content\/uploads\/usu2257\/2024\/07\/logo-fons-blanc.png\"><img loading=\"lazy\" decoding=\"async\" class=\"alignnone wp-image-12944\" src=\"https:\/\/agora-eoi.xtec.cat\/eoiguixols\/wp-content\/uploads\/usu2257\/2024\/07\/logo-fons-blanc-300x300.png\" alt=\"\" width=\"124\" height=\"124\" srcset=\"https:\/\/agora-eoi.xtec.cat\/eoiguixols\/wp-content\/uploads\/usu2257\/2024\/07\/logo-fons-blanc-300x300.png 300w, https:\/\/agora-eoi.xtec.cat\/eoiguixols\/wp-content\/uploads\/usu2257\/2024\/07\/logo-fons-blanc-1024x1022.png 1024w, https:\/\/agora-eoi.xtec.cat\/eoiguixols\/wp-content\/uploads\/usu2257\/2024\/07\/logo-fons-blanc-150x150.png 150w, https:\/\/agora-eoi.xtec.cat\/eoiguixols\/wp-content\/uploads\/usu2257\/2024\/07\/logo-fons-blanc-768x767.png 768w, https:\/\/agora-eoi.xtec.cat\/eoiguixols\/wp-content\/uploads\/usu2257\/2024\/07\/logo-fons-blanc-1536x1534.png 1536w, https:\/\/agora-eoi.xtec.cat\/eoiguixols\/wp-content\/uploads\/usu2257\/2024\/07\/logo-fons-blanc-2048x2045.png 2048w\" sizes=\"auto, (max-width: 124px) 100vw, 124px\" \/><\/a><\/p>\n<ul>\n<li style=\"font-weight: 400;\" aria-level=\"1\"><b>Break Away Ecoturismo <\/b><span style=\"font-weight: 400;\">\u2013 <\/span><a href=\"https:\/\/www.breakawaysfg.com\/ca\/\"><span style=\"font-weight: 400;\">enlla\u00e7<\/span><span style=\"font-weight: 400;\"> \u2013 <\/span><\/a><span style=\"font-weight: 400;\">Descompte del 10% aplicat al preu final de les activitats.<\/span><\/li>\n<\/ul>\n<p><a href=\"https:\/\/agora-eoi.xtec.cat\/eoiguixols\/wp-content\/uploads\/usu2257\/2024\/07\/CNSFG.png\"><img loading=\"lazy\" decoding=\"async\" class=\"alignnone size-medium wp-image-12943\" src=\"https:\/\/agora-eoi.xtec.cat\/eoiguixols\/wp-content\/uploads\/usu2257\/2024\/07\/CNSFG-300x95.png\" alt=\"\" width=\"300\" height=\"95\" srcset=\"https:\/\/agora-eoi.xtec.cat\/eoiguixols\/wp-content\/uploads\/usu2257\/2024\/07\/CNSFG-300x95.png 300w, https:\/\/agora-eoi.xtec.cat\/eoiguixols\/wp-content\/uploads\/usu2257\/2024\/07\/CNSFG-1024x323.png 1024w, https:\/\/agora-eoi.xtec.cat\/eoiguixols\/wp-content\/uploads\/usu2257\/2024\/07\/CNSFG-768x242.png 768w, https:\/\/agora-eoi.xtec.cat\/eoiguixols\/wp-content\/uploads\/usu2257\/2024\/07\/CNSFG-1536x484.png 1536w, https:\/\/agora-eoi.xtec.cat\/eoiguixols\/wp-content\/uploads\/usu2257\/2024\/07\/CNSFG.png 1608w\" sizes=\"auto, (max-width: 300px) 100vw, 300px\" \/><\/a><\/p>\n<ul>\n<li style=\"font-weight: 400;\" aria-level=\"1\"><b>Club N\u00e0utic Sant Feliu de Gu\u00edxols<\/b><span style=\"font-weight: 400;\"> &#8211; <\/span><a href=\"https:\/\/cnsfg.cat\/\"><span style=\"font-weight: 400;\">enlla\u00e7<\/span><\/a><span style=\"font-weight: 400;\"> &#8211; Descompte del 10% en les activitats del Club (Cursos, Abonats o Equips de regates).<\/span><\/li>\n<\/ul>\n<p>&nbsp;<\/p>\n<p><b>EST\u00c8TIQUES<\/b><\/p>\n<ul>\n<li aria-level=\"1\"><b>U\u00f1aStudio Centre d\u2019Est\u00e8tica<\/b><span style=\"font-weight: 400;\"> (Carrer Especiers, 12, Sant Feliu de Gu\u00edxols &#8211; 972 82 22 88). Descompte del 20% en diferents tractaments presentant el carnet d\u2019estudiant. Consultar amb el centre d\u2019est\u00e8tica.\u00a0<\/span><\/li>\n<\/ul>\n<p>&nbsp;<\/p>\n","protected":false},"excerpt":{"rendered":"<p>Per aconseguir el vostre carnet d&#8217;estudiant descarregueu-vos el document pdf i seguiu les instruccions que s&#8217;hi indiquen. Carnet d&#8217;estudiant Avantatges del carnet d&#8217;estudiant Amb el carnet de la nostra escola pots gaudir dels seg\u00fcents avantatges: &nbsp; BIBLIOTECA DE L\u2019ESCOLA Utilitzaci\u00f3 de la biblioteca i servei de pr\u00e9stec de llibres, revistes i DVDs. &nbsp; LLIBRERIES: La [&hellip;]<\/p>\n","protected":false},"author":1,"featured_media":0,"parent":8411,"menu_order":25,"comment_status":"closed","ping_status":"closed","template":"","meta":{"_bbp_topic_count":0,"_bbp_reply_count":0,"_bbp_total_topic_count":0,"_bbp_total_reply_count":0,"_bbp_voice_count":0,"_bbp_anonymous_reply_count":0,"_bbp_topic_count_hidden":0,"_bbp_reply_count_hidden":0,"_bbp_forum_subforum_count":0,"site-sidebar-layout":"default","site-content-layout":"","ast-site-content-layout":"default","site-content-style":"default","site-sidebar-style":"default","ast-global-header-display":"","ast-banner-title-visibility":"","ast-main-header-display":"","ast-hfb-above-header-display":"","ast-hfb-below-header-display":"","ast-hfb-mobile-header-display":"","site-post-title":"","ast-breadcrumbs-content":"","ast-featured-img":"","footer-sml-layout":"","theme-transparent-header-meta":"default","adv-header-id-meta":"","stick-header-meta":"","header-above-stick-meta":"","header-main-stick-meta":"","header-below-stick-meta":"","astra-migrate-meta-layouts":"set","ast-page-background-enabled":"default","ast-page-background-meta":{"desktop":{"background-color":"var(--ast-global-color-4)","background-image":"","background-repeat":"repeat","background-position":"center center","background-size":"auto","background-attachment":"scroll","background-type":"","background-media":"","overlay-type":"","overlay-color":"","overlay-opacity":"","overlay-gradient":""},"tablet":{"background-color":"","background-image":"","background-repeat":"repeat","background-position":"center center","background-size":"auto","background-attachment":"scroll","background-type":"","background-media":"","overlay-type":"","overlay-color":"","overlay-opacity":"","overlay-gradient":""},"mobile":{"background-color":"","background-image":"","background-repeat":"repeat","background-position":"center center","background-size":"auto","background-attachment":"scroll","background-type":"","background-media":"","overlay-type":"","overlay-color":"","overlay-opacity":"","overlay-gradient":""}},"ast-content-background-meta":{"desktop":{"background-color":"var(--ast-global-color-5)","background-image":"","background-repeat":"repeat","background-position":"center center","background-size":"auto","background-attachment":"scroll","background-type":"","background-media":"","overlay-type":"","overlay-color":"","overlay-opacity":"","overlay-gradient":""},"tablet":{"background-color":"var(--ast-global-color-5)","background-image":"","background-repeat":"repeat","background-position":"center center","background-size":"auto","background-attachment":"scroll","background-type":"","background-media":"","overlay-type":"","overlay-color":"","overlay-opacity":"","overlay-gradient":""},"mobile":{"background-color":"var(--ast-global-color-5)","background-image":"","background-repeat":"repeat","background-position":"center center","background-size":"auto","background-attachment":"scroll","background-type":"","background-media":"","overlay-type":"","overlay-color":"","overlay-opacity":"","overlay-gradient":""}},"footnotes":""},"class_list":["post-8448","page","type-page","status-publish","hentry"],"post_mailing_queue_ids":[],"_links":{"self":[{"href":"https:\/\/agora-eoi.xtec.cat\/eoiguixols\/wp-json\/wp\/v2\/pages\/8448","targetHints":{"allow":["GET"]}}],"collection":[{"href":"https:\/\/agora-eoi.xtec.cat\/eoiguixols\/wp-json\/wp\/v2\/pages"}],"about":[{"href":"https:\/\/agora-eoi.xtec.cat\/eoiguixols\/wp-json\/wp\/v2\/types\/page"}],"author":[{"embeddable":true,"href":"https:\/\/agora-eoi.xtec.cat\/eoiguixols\/wp-json\/wp\/v2\/users\/1"}],"replies":[{"embeddable":true,"href":"https:\/\/agora-eoi.xtec.cat\/eoiguixols\/wp-json\/wp\/v2\/comments?post=8448"}],"version-history":[{"count":6,"href":"https:\/\/agora-eoi.xtec.cat\/eoiguixols\/wp-json\/wp\/v2\/pages\/8448\/revisions"}],"predecessor-version":[{"id":13528,"href":"https:\/\/agora-eoi.xtec.cat\/eoiguixols\/wp-json\/wp\/v2\/pages\/8448\/revisions\/13528"}],"up":[{"embeddable":true,"href":"https:\/\/agora-eoi.xtec.cat\/eoiguixols\/wp-json\/wp\/v2\/pages\/8411"}],"wp:attachment":[{"href":"https:\/\/agora-eoi.xtec.cat\/eoiguixols\/wp-json\/wp\/v2\/media?parent=8448"}],"curies":[{"name":"wp","href":"https:\/\/api.w.org\/{rel}","templated":true}]}}