{"id":8444,"date":"2016-06-14T16:06:08","date_gmt":"2016-06-14T15:06:08","guid":{"rendered":"http:\/\/agora-eoi.xtec.cat\/eoiguixols\/?page_id=8444"},"modified":"2025-07-14T23:32:51","modified_gmt":"2025-07-14T21:32:51","slug":"certificats-i-proves","status":"publish","type":"page","link":"https:\/\/agora-eoi.xtec.cat\/eoiguixols\/el-servei-educatiu\/pla-destudis\/certificats-i-proves\/","title":{"rendered":"Certificats i proves"},"content":{"rendered":"<p>Les escoles oficials d&#8217;idiomes gestionen i administren les proves per a l&#8217;obtenci\u00f3 de quatre certificats oficials:<\/p>\n<ul>\n<li>El <b>Certificat de Nivell B\u00e0sic<\/b>, en assolir els objectius dels nivells A1 i A2.<\/li>\n<li>El <b>Certificat de Nivell Intermedi B1<\/b>, en assolir els objectius del nivell B1.<\/li>\n<li>El <b>Certificat de Nivell<\/b> <b>Intermedi B2<\/b>, en assolir els objectius dels nivells B2.1 i B2.2.<\/li>\n<li>El\u00a0<b>Certificat de Nivell Avan\u00e7at C1<\/b>, en assolir els objectius del nivell C1.<\/li>\n<\/ul>\n<p>A Catalunya, el Departament d&#8217;Educaci\u00f3 elabora les proves de Certificat de Nivell Intermedi B1, Certificat de Nivell Intermedi B2 i Certificat de Nivell Avan\u00e7at C1 i s&#8217;administren a totes les escoles oficials d&#8217;idiomes de Catalunya en una \u00fanica convocat\u00f2ria tant a alumnes oficials, presencials i a dist\u00e0ncia, com a alumnes lliures. La unificaci\u00f3 en l&#8217;elaboraci\u00f3 de les proves i en els criteris d&#8217;administraci\u00f3 i correcci\u00f3 asseguren la qualitat, la validesa i la fiabilitat de les proves. Les proves s\u00f3n administrades i corregides per equips de professors especialistes que observen estrictament les pautes establertes.<\/p>\n<h4><a name=\"TOC-Descripci-Mostra-de-les-proves-\"><\/a>Descripci\u00f3<\/h4>\n<p>L&#8217;objectiu de les proves per a l&#8217;obtenci\u00f3 dels certificats de l&#8217;EOI \u00e9s acreditar la capacitat d&#8217;\u00fas de l&#8217;idioma com a vehicle de comunicaci\u00f3 general a nivell b\u00e0sic, intermedi i avan\u00e7at. Per assolir aquesta finalitat, a les EOI es treballa per tal que l&#8217;alumnat:<\/p>\n<ul>\n<li>Adquireixi les habilitats b\u00e0siques receptives i productives, tant del llenguatge oral com de l&#8217;escrit.<\/li>\n<li>Desenvolupi estrat\u00e8gies comunicatives en diferents \u00e0rees de comunicaci\u00f3.<\/li>\n<li>Desenvolupi estrat\u00e8gies per a l&#8217;aprenentatge aut\u00f2nom i continu de lleng\u00fces, que puguin facilitar l&#8217;\u00fas de l&#8217;idioma en l&#8217;exercici d&#8217;activitats professionals i en altres \u00e0mbits de la cultura o d&#8217;inter\u00e8s personal.<\/li>\n<li>Desenvolupi actituds positives envers la diversitat ling\u00fc\u00edstica i el pluralisme cultural del m\u00f3n actual.<\/li>\n<\/ul>\n<p>Les proves de certificaci\u00f3 consten de cinc parts, que garanteixen una avaluaci\u00f3 completa dels diferents aspectes de la compet\u00e8ncia comunicativa de cada candidat o candidata:<\/p>\n<ul>\n<li>Comprensi\u00f3 Oral<\/li>\n<li>Comprensi\u00f3 Escrita<\/li>\n<li>\u00das de la Llengua (nom\u00e9s per al Nivell b\u00e0sic)<\/li>\n<li>Expressi\u00f3 i Interacci\u00f3 Escrita<\/li>\n<li>Expressi\u00f3 i Interacci\u00f3 Oral<\/li>\n<li>Mediaci\u00f3 Oral i Escrita (excepte per al Nivell b\u00e0sic)<\/li>\n<\/ul>\n<p>Les proves tenen com a referent principal el curr\u00edculum de les EOI, i s&#8217;elaboren a partir de documents escrits i orals aut\u00e8ntics, extrets de revistes, premsa, televisi\u00f3, cinema, etc. Podeu consultar\u00a0<a href=\"http:\/\/ensenyament.gencat.cat\/ca\/serveis-tramits\/proves\/proves-lliures-obtencio-titols\/convocat-ordinaria-idiomes\/mostres-proves\/\" target=\"_blank\" rel=\"nofollow noopener noreferrer\">mostres de proves<\/a> en aquesta p\u00e0gina web.<\/p>\n<p>En les proves de comprensi\u00f3 oral, \u00fas de la llengua i comprensi\u00f3 escrita es puntuen les respostes correctes i no es penalitzen les errades. En la prova d&#8217;expressi\u00f3 i interacci\u00f3 escrita es puntuen tant la impressi\u00f3 global dels textos com la seva riquesa i correcci\u00f3 ling\u00fc\u00edstica. En la prova d&#8217;expressi\u00f3 i interacci\u00f3 oral es puntua la capacitat d&#8217;interacci\u00f3 de la persona candidata, la pron\u00fancia, la compet\u00e8ncia gramatical i l&#8217;\u00fas de vocabulari. En la prova de mediaci\u00f3 es puntua la capacitat de seleccionar informaci\u00f3 rellevant d&#8217;un input rebut i d&#8217;adaptaci\u00f3 d&#8217;aquesta informaci\u00f3 a la situaci\u00f3 comunicativa plantejada.<\/p>\n<p>Per tenir dret a l&#8217;obtenci\u00f3 de la qualificaci\u00f3 global final, cal haver dut a terme totes les parts. Excepte en el cas del Certificat de Nivell B\u00e0sic, s&#8217;ha de superar cadascuna de les 5 parts de l&#8217;examen amb un m\u00ednim del 50% de la nota. La nota global ha de ser superior al 65% de la nota total.<\/p>\n<p>Els resultats de les proves de certificat es publiquen a finals de juny. Les eventuals reclamacions es dirigiran per escrit a la direcci\u00f3 del centre i s&#8217;han de presentar dins el termini establert a partir de la publicaci\u00f3 de les qualificacions.<\/p>\n<p>El <b>Certificat de Nivell B\u00e0sic<\/b> i <b>Certificat de Nivell Intermedi B1\u00a0<\/b>ser\u00e0 expedit per l&#8217;Escola Oficial d&#8217;Idiomes on la persona candidata hagi formalitzat la matr\u00edcula i hagi realitzat la prova. El <b>Certificat de Nivell Intermedi B2 <\/b>i<b>\u00a0<\/b><b>Certificat de Nivell Avan\u00e7at C1 <\/b>ser\u00e0 expedit pel Departament d&#8217;Educaci\u00f3, pr\u00e8via sol\u00b7licitud i abonament de les taxes corresponents a l&#8217;escola on la persona candidata hagi formalitzat la matr\u00edcula i hagi realitzat la prova.<\/p>\n<h4><a name=\"TOC-Nivell\"><\/a>Nivell<\/h4>\n<p>El <b>Certificat de Nivell B\u00e0sic<\/b> garanteix l&#8217;assoliment del nivell de compet\u00e8ncia ling\u00fc\u00edstica comunicativa que es descriu en el curr\u00edculum de les escoles oficials d&#8217;idiomes per al nivell b\u00e0sic. Aquest certificat correspon al nivell <b>A2 <\/b>del Marc Europeu Com\u00fa de Refer\u00e8ncia del Consell d&#8217;Europa.<\/p>\n<p>El <b>Certificat de Nivell Intermedi B1\u00a0<\/b>garanteix l&#8217;assoliment del nivell de compet\u00e8ncia ling\u00fc\u00edstica comunicativa que es descriu en el curr\u00edculum de les escoles oficials d&#8217;idiomes per al primer curs de nivell intermedi. Aquest certificat correspon al nivell <b>B1 <\/b>del Marc Europeu Com\u00fa de Refer\u00e8ncia del Consell d&#8217;Europa.<\/p>\n<p>El <b>Certificat de Nivell Intermedi B2<\/b>\u00a0garanteix l&#8217;assoliment del nivell de compet\u00e8ncia ling\u00fc\u00edstica comunicativa que es descriu en el curr\u00edculum de les escoles oficials d&#8217;idiomes per al segon i tercer\u00a0curs de nivell intermedi. Aquest certificat correspon al nivell <b>B2 <\/b>del Marc Europeu Com\u00fa de Refer\u00e8ncia del Consell d&#8217;Europa.<\/p>\n<p>El\u00a0<b>Certificat de Nivell Avan\u00e7at C1\u00a0<\/b>garanteix l&#8217;assoliment del nivell de compet\u00e8ncia ling\u00fc\u00edstica comunicativa que es descriu en el curr\u00edculum de les escoles oficials d&#8217;idiomes per al primer curs de nivell avan\u00e7at. Aquest certificat correspon al nivell\u00a0<b>C1\u00a0<\/b>del Marc Europeu Com\u00fa de Refer\u00e8ncia del Consell d&#8217;Europa.<\/p>\n","protected":false},"excerpt":{"rendered":"<p>Les escoles oficials d&#8217;idiomes gestionen i administren les proves per a l&#8217;obtenci\u00f3 de quatre certificats oficials: El Certificat de Nivell B\u00e0sic, en assolir els objectius dels nivells A1 i A2. El Certificat de Nivell Intermedi B1, en assolir els objectius del nivell B1. El Certificat de Nivell Intermedi B2, en assolir els objectius dels nivells [&hellip;]<\/p>\n","protected":false},"author":1,"featured_media":0,"parent":8610,"menu_order":25,"comment_status":"closed","ping_status":"closed","template":"page-templates\/side-menu.php","meta":{"_bbp_topic_count":0,"_bbp_reply_count":0,"_bbp_total_topic_count":0,"_bbp_total_reply_count":0,"_bbp_voice_count":0,"_bbp_anonymous_reply_count":0,"_bbp_topic_count_hidden":0,"_bbp_reply_count_hidden":0,"_bbp_forum_subforum_count":0,"site-sidebar-layout":"default","site-content-layout":"","ast-site-content-layout":"","site-content-style":"default","site-sidebar-style":"default","ast-global-header-display":"","ast-banner-title-visibility":"","ast-main-header-display":"","ast-hfb-above-header-display":"","ast-hfb-below-header-display":"","ast-hfb-mobile-header-display":"","site-post-title":"","ast-breadcrumbs-content":"","ast-featured-img":"","footer-sml-layout":"","theme-transparent-header-meta":"","adv-header-id-meta":"","stick-header-meta":"","header-above-stick-meta":"","header-main-stick-meta":"","header-below-stick-meta":"","astra-migrate-meta-layouts":"default","ast-page-background-enabled":"default","ast-page-background-meta":{"desktop":{"background-color":"var(--ast-global-color-4)","background-image":"","background-repeat":"repeat","background-position":"center center","background-size":"auto","background-attachment":"scroll","background-type":"","background-media":"","overlay-type":"","overlay-color":"","overlay-opacity":"","overlay-gradient":""},"tablet":{"background-color":"","background-image":"","background-repeat":"repeat","background-position":"center center","background-size":"auto","background-attachment":"scroll","background-type":"","background-media":"","overlay-type":"","overlay-color":"","overlay-opacity":"","overlay-gradient":""},"mobile":{"background-color":"","background-image":"","background-repeat":"repeat","background-position":"center center","background-size":"auto","background-attachment":"scroll","background-type":"","background-media":"","overlay-type":"","overlay-color":"","overlay-opacity":"","overlay-gradient":""}},"ast-content-background-meta":{"desktop":{"background-color":"var(--ast-global-color-5)","background-image":"","background-repeat":"repeat","background-position":"center center","background-size":"auto","background-attachment":"scroll","background-type":"","background-media":"","overlay-type":"","overlay-color":"","overlay-opacity":"","overlay-gradient":""},"tablet":{"background-color":"var(--ast-global-color-5)","background-image":"","background-repeat":"repeat","background-position":"center center","background-size":"auto","background-attachment":"scroll","background-type":"","background-media":"","overlay-type":"","overlay-color":"","overlay-opacity":"","overlay-gradient":""},"mobile":{"background-color":"var(--ast-global-color-5)","background-image":"","background-repeat":"repeat","background-position":"center center","background-size":"auto","background-attachment":"scroll","background-type":"","background-media":"","overlay-type":"","overlay-color":"","overlay-opacity":"","overlay-gradient":""}},"footnotes":""},"class_list":["post-8444","page","type-page","status-publish","hentry"],"post_mailing_queue_ids":[],"_links":{"self":[{"href":"https:\/\/agora-eoi.xtec.cat\/eoiguixols\/wp-json\/wp\/v2\/pages\/8444","targetHints":{"allow":["GET"]}}],"collection":[{"href":"https:\/\/agora-eoi.xtec.cat\/eoiguixols\/wp-json\/wp\/v2\/pages"}],"about":[{"href":"https:\/\/agora-eoi.xtec.cat\/eoiguixols\/wp-json\/wp\/v2\/types\/page"}],"author":[{"embeddable":true,"href":"https:\/\/agora-eoi.xtec.cat\/eoiguixols\/wp-json\/wp\/v2\/users\/1"}],"replies":[{"embeddable":true,"href":"https:\/\/agora-eoi.xtec.cat\/eoiguixols\/wp-json\/wp\/v2\/comments?post=8444"}],"version-history":[{"count":4,"href":"https:\/\/agora-eoi.xtec.cat\/eoiguixols\/wp-json\/wp\/v2\/pages\/8444\/revisions"}],"predecessor-version":[{"id":10893,"href":"https:\/\/agora-eoi.xtec.cat\/eoiguixols\/wp-json\/wp\/v2\/pages\/8444\/revisions\/10893"}],"up":[{"embeddable":true,"href":"https:\/\/agora-eoi.xtec.cat\/eoiguixols\/wp-json\/wp\/v2\/pages\/8610"}],"wp:attachment":[{"href":"https:\/\/agora-eoi.xtec.cat\/eoiguixols\/wp-json\/wp\/v2\/media?parent=8444"}],"curies":[{"name":"wp","href":"https:\/\/api.w.org\/{rel}","templated":true}]}}