{"id":8414,"date":"2016-06-14T14:55:48","date_gmt":"2016-06-14T13:55:48","guid":{"rendered":"http:\/\/agora-eoi.xtec.cat\/eoiguixols\/?page_id=8414"},"modified":"2025-10-22T20:06:13","modified_gmt":"2025-10-22T18:06:13","slug":"biblioteca","status":"publish","type":"page","link":"https:\/\/agora-eoi.xtec.cat\/eoiguixols\/serveis\/biblioteca\/","title":{"rendered":"Biblioteca"},"content":{"rendered":"<h4><strong>Horari de pr\u00e9stec<br \/>\n<\/strong><\/h4>\n<p>D\u2019octubre a maig. Tardes: Dilluns i dimarts de 15:30h a 19:00h.<\/p>\n<h4><strong>Funcionament<\/strong><\/h4>\n<p>Per fer efectiu el servei de pr\u00e9stec, dins l&#8217;horari establert, s&#8217;haur\u00e0 d&#8217;anar a la secretaria, avisar l&#8217;administrativa i presentar el carnet d&#8217;estudiant de l&#8217;EOI Sant Feliu de Gu\u00edxols del curs actual.<\/p>\n<p>Pr\u00e9stec telem\u00e0tic &#8211; Aneu al seg\u00fcent <a href=\"https:\/\/docs.google.com\/spreadsheets\/d\/1dw2OcQUxweFIJ9E_OQArcVzwbY3dFmQhC2e4UayIcak\/edit?usp=sharing\" target=\"_blank\" rel=\"noopener\"><strong>enlla\u00e7<\/strong><\/a>, consulteu el cat\u00e0leg disponible, i envieu un correu electr\u00f2nic a <strong>eoiguixols@xtec.cat<\/strong> amb l&#8217;assumpte: <strong>Pr\u00e9stec Biblioteca<\/strong>, detallant els documents que voleu.<\/p>\n<p>Si el document ja es troba en pr\u00e9stec estar\u00e0 marcat de color.<\/p>\n<h4><strong>Normativa<\/strong><\/h4>\n<p>Es prega utilitzar amb cura el fons documental, el mobiliari i els equipaments de la biblioteca.<\/p>\n<h4><strong>Pr\u00e9stec<br \/>\n<\/strong><\/h4>\n<p>El servei de pr\u00e9stec de documents permet emportar-se conjuntament: <strong>\u00a02 llibres<\/strong>,<strong> 2 DVD<\/strong>, <strong>2 CD-\u00c0udio <\/strong>i<strong> 2 revista.<\/strong><\/p>\n<ul>\n<li>El termini de pr\u00e9stec varia segons el tipus de material:\n<ul>\n<li>Material audiovisual (DVD i CD): <strong>3 setmanes <\/strong>(prorrogable dues vegades).<\/li>\n<li>M\u00e8todes, gram\u00e0tiques i llibres d&#8217;activitats: <strong>2 setmanes <\/strong>(prorrogables dues vegades).<\/li>\n<li>Documents en general: <strong>\u00a03 setmanes<\/strong> (prorrogables dues vegades)<\/li>\n<\/ul>\n<\/li>\n<li>Es podr\u00e0 <strong>renovar<\/strong> el pr\u00e9stec dels documents, sempre que no hagin estat reservats per un altre usuari, durant els tres \u00faltims dies del seu termini de pr\u00e9stec.<\/li>\n<li>Es podran fer <strong>reserves<\/strong> de documents. Cada usuari podr\u00e0 tenir \u00fanicament una reserva activa, que haur\u00e0 de ser recollida durant els dos dies posteriors a l\u2019av\u00eds per e-mail de la disponibilitat del document a la biblioteca; si no \u00e9s aix\u00ed, la reserva quedar\u00e0 anul\u00b7lada. Cada document podr\u00e0 \u00e9sser reservat nom\u00e9s per dos usuaris simult\u00e0niament.<\/li>\n<li>Els retards en la devoluci\u00f3 de documents es sancionaran excloent l\u2019usuari del servei de pr\u00e9stec tants dies com dies de retard s\u2019hagin acumulat per cada document.<\/li>\n<li>En cas de deteriorament o p\u00e8rdua dels materials prestats, l\u2019usuari estar\u00e0 obligat a adquirir un nou exemplar (exceptuant el cas de robatori si l\u2019usuari presenta la den\u00fancia corresponent).<\/li>\n<li>En cas de no devoluci\u00f3 d\u2019algun document es denegar\u00e0 el pr\u00e9stec de tot tipus de material.<\/li>\n<li>S\u2019haur\u00e0 de respectar la normativa vigent en mat\u00e8ria de propietat intel\u2022lectual dels documents en pr\u00e9stec.<\/li>\n<\/ul>\n","protected":false},"excerpt":{"rendered":"<p>Horari de pr\u00e9stec D\u2019octubre a maig. Tardes: Dilluns i dimarts de 15:30h a 19:00h. Funcionament Per fer efectiu el servei de pr\u00e9stec, dins l&#8217;horari establert, s&#8217;haur\u00e0 d&#8217;anar a la secretaria, avisar l&#8217;administrativa i presentar el carnet d&#8217;estudiant de l&#8217;EOI Sant Feliu de Gu\u00edxols del curs actual. Pr\u00e9stec telem\u00e0tic &#8211; Aneu al seg\u00fcent enlla\u00e7, consulteu el [&hellip;]<\/p>\n","protected":false},"author":1,"featured_media":0,"parent":8411,"menu_order":20,"comment_status":"closed","ping_status":"closed","template":"","meta":{"_bbp_topic_count":0,"_bbp_reply_count":0,"_bbp_total_topic_count":0,"_bbp_total_reply_count":0,"_bbp_voice_count":0,"_bbp_anonymous_reply_count":0,"_bbp_topic_count_hidden":0,"_bbp_reply_count_hidden":0,"_bbp_forum_subforum_count":0,"site-sidebar-layout":"default","site-content-layout":"","ast-site-content-layout":"default","site-content-style":"default","site-sidebar-style":"default","ast-global-header-display":"","ast-banner-title-visibility":"","ast-main-header-display":"","ast-hfb-above-header-display":"","ast-hfb-below-header-display":"","ast-hfb-mobile-header-display":"","site-post-title":"","ast-breadcrumbs-content":"","ast-featured-img":"","footer-sml-layout":"","theme-transparent-header-meta":"default","adv-header-id-meta":"","stick-header-meta":"","header-above-stick-meta":"","header-main-stick-meta":"","header-below-stick-meta":"","astra-migrate-meta-layouts":"set","ast-page-background-enabled":"default","ast-page-background-meta":{"desktop":{"background-color":"var(--ast-global-color-4)","background-image":"","background-repeat":"repeat","background-position":"center center","background-size":"auto","background-attachment":"scroll","background-type":"","background-media":"","overlay-type":"","overlay-color":"","overlay-opacity":"","overlay-gradient":""},"tablet":{"background-color":"","background-image":"","background-repeat":"repeat","background-position":"center center","background-size":"auto","background-attachment":"scroll","background-type":"","background-media":"","overlay-type":"","overlay-color":"","overlay-opacity":"","overlay-gradient":""},"mobile":{"background-color":"","background-image":"","background-repeat":"repeat","background-position":"center center","background-size":"auto","background-attachment":"scroll","background-type":"","background-media":"","overlay-type":"","overlay-color":"","overlay-opacity":"","overlay-gradient":""}},"ast-content-background-meta":{"desktop":{"background-color":"var(--ast-global-color-5)","background-image":"","background-repeat":"repeat","background-position":"center center","background-size":"auto","background-attachment":"scroll","background-type":"","background-media":"","overlay-type":"","overlay-color":"","overlay-opacity":"","overlay-gradient":""},"tablet":{"background-color":"var(--ast-global-color-5)","background-image":"","background-repeat":"repeat","background-position":"center center","background-size":"auto","background-attachment":"scroll","background-type":"","background-media":"","overlay-type":"","overlay-color":"","overlay-opacity":"","overlay-gradient":""},"mobile":{"background-color":"var(--ast-global-color-5)","background-image":"","background-repeat":"repeat","background-position":"center center","background-size":"auto","background-attachment":"scroll","background-type":"","background-media":"","overlay-type":"","overlay-color":"","overlay-opacity":"","overlay-gradient":""}},"footnotes":""},"class_list":["post-8414","page","type-page","status-publish","hentry"],"post_mailing_queue_ids":[],"_links":{"self":[{"href":"https:\/\/agora-eoi.xtec.cat\/eoiguixols\/wp-json\/wp\/v2\/pages\/8414","targetHints":{"allow":["GET"]}}],"collection":[{"href":"https:\/\/agora-eoi.xtec.cat\/eoiguixols\/wp-json\/wp\/v2\/pages"}],"about":[{"href":"https:\/\/agora-eoi.xtec.cat\/eoiguixols\/wp-json\/wp\/v2\/types\/page"}],"author":[{"embeddable":true,"href":"https:\/\/agora-eoi.xtec.cat\/eoiguixols\/wp-json\/wp\/v2\/users\/1"}],"replies":[{"embeddable":true,"href":"https:\/\/agora-eoi.xtec.cat\/eoiguixols\/wp-json\/wp\/v2\/comments?post=8414"}],"version-history":[{"count":7,"href":"https:\/\/agora-eoi.xtec.cat\/eoiguixols\/wp-json\/wp\/v2\/pages\/8414\/revisions"}],"predecessor-version":[{"id":13513,"href":"https:\/\/agora-eoi.xtec.cat\/eoiguixols\/wp-json\/wp\/v2\/pages\/8414\/revisions\/13513"}],"up":[{"embeddable":true,"href":"https:\/\/agora-eoi.xtec.cat\/eoiguixols\/wp-json\/wp\/v2\/pages\/8411"}],"wp:attachment":[{"href":"https:\/\/agora-eoi.xtec.cat\/eoiguixols\/wp-json\/wp\/v2\/media?parent=8414"}],"curies":[{"name":"wp","href":"https:\/\/api.w.org\/{rel}","templated":true}]}}