{"id":8377,"date":"2016-06-13T13:50:10","date_gmt":"2016-06-13T12:50:10","guid":{"rendered":"http:\/\/agora-eoi.xtec.cat\/eoiguixols\/?page_id=8377"},"modified":"2026-02-09T12:22:44","modified_gmt":"2026-02-09T11:22:44","slug":"expedicio-de-titols","status":"publish","type":"page","link":"https:\/\/agora-eoi.xtec.cat\/eoiguixols\/tramits\/expedicio-de-titols\/","title":{"rendered":"Expedici\u00f3 de certificats oficials i t\u00edtols"},"content":{"rendered":"<h4><span style=\"color: #800000;\"><strong>Nivells b\u00e0sic A2 i intermedi B1<\/strong><\/span><\/h4>\n<ul>\n<li>L\u2019alumnat oficial d&#8217;A2 que ha obtingut la qualificaci\u00f3 d&#8217;Apte\/a obt\u00e9 el <strong>Certificat de nivell b\u00e0sic A2<\/strong>.<\/li>\n<li>L\u2019alumnat oficial o els candidats o candidates lliures de B1 que han obtingut la qualificaci\u00f3 d&#8217;Apte\/a obtenen el <strong style=\"font-family: inherit; font-size: 1em;\">Certificat de nivell intermedi B1<\/strong><span style=\"font-family: inherit; font-size: 1em;\">.<\/span><\/li>\n<\/ul>\n<p><strong>Procediment:<\/strong><\/p>\n<ul>\n<li>L\u2019escola expedeix els certificats pr\u00e8via sol\u00b7licitud per tel\u00e8fon o correu electr\u00f2nic. Aquest proc\u00e9s no implica cap pagament de taxes.<\/li>\n<li>Es pot recollir personalment a la secretaria del centre presentant el DNI, passaport o NIE de la persona interessada.<\/li>\n<li>Si l&#8217;interessat\/da no pot recollir el t\u00edtol personalment haur\u00e0 d&#8217;omplir el model <a href=\"https:\/\/agora-eoi.xtec.cat\/eoiguixols\/wp-content\/uploads\/usu2257\/2025\/07\/Autoritzacio-lliurament-de-titol.doc\" target=\"_blank\" rel=\"noopener\">Autoritzaci\u00f3 lliurament de t\u00edtol<\/a>.<\/li>\n<\/ul>\n<h4><span style=\"color: #800000;\"><strong>Nivells\u00a0<\/strong><strong>intermedi B2 i\u00a0<\/strong><strong>avan\u00e7at C1<\/strong><\/span><\/h4>\n<ul>\n<li>L\u2019alumnat oficial o els candidats o candidates lliures de B2.2 que han obtingut la qualificaci\u00f3 d&#8217;Apte\/a obtenen el <strong>Certificat de nivell intermedi B2<\/strong>.<\/li>\n<li>L\u2019alumnat oficial de C1 que ha obtingut la qualificaci\u00f3 d&#8217;Apte\/a obt\u00e9 el <strong>Certificat de nivell avan\u00e7at C1<\/strong>.<\/li>\n<\/ul>\n<p><strong>Procediment:<\/strong><\/p>\n<p>Els <strong>Certificat de nivell intermedi B2 <\/strong>i <strong>Certificat de nivell avan\u00e7at C1<\/strong> els expedeix el Departament d\u2019Educaci\u00f3 pr\u00e8via <a href=\"https:\/\/tramits.gencat.cat\/ca\/tramits\/tramits-temes\/titols-academics-no-universitaris?category=742b7874-a82c-11e3-a972-000c29052e2c\" target=\"_blank\" rel=\"noopener\">sol\u00b7licitud<\/a> en l\u00ednia i abonament de les <a href=\"https:\/\/educacio.gencat.cat\/ca\/departament\/normativa\/taxes-preus-publics\/taxes\/\" target=\"_blank\" rel=\"noopener\">taxes<\/a> corresponents.<\/p>\n<ul>\n<li>L&#8217;alumnat haur\u00e0 d&#8217;adre\u00e7ar-se al seg\u00fcent <a href=\"https:\/\/tramits.gencat.cat\/ca\/tramits\/tramits-temes\/titols-academics-no-universitaris?category=742b7874-a82c-11e3-a972-000c29052e2c\" target=\"_blank\" rel=\"noopener\">enlla\u00e7<\/a> per fer la sol\u00b7licitud i posteriorment comunicar-ho a l&#8217;escola. Es necessita:\n<ul>\n<li style=\"list-style-type: none;\">\n<ul>\n<li>Ordinador, tauleta o tel\u00e8fon m\u00f2bil amb connexi\u00f3 a Internet.<\/li>\n<li>Eina d&#8217;identificaci\u00f3 digital (<a title=\"Ves-hi\" href=\"https:\/\/web.gencat.cat\/ca\/tramits\/suport-tramitacio\/durant-la-tramitacio\/signatura-identificacio-digital\/idcat-mobil\/\" target=\"_blank\" rel=\"noopener\">idCAT M\u00f2bil<\/a>, certificat digital o\u00a0<a title=\"Ves-hi\" href=\"https:\/\/clave.gob.es\/\" target=\"_blank\" rel=\"noopener\">Cl@ve<\/a>).<\/li>\n<li>Si \u00e9s la primera vegada que sol.licites un t\u00edtol ves <a href=\"https:\/\/agora-eoi.xtec.cat\/eoiguixols\/wp-content\/uploads\/usu2257\/2026\/02\/sollicitud-primera-expedicio.pdf\" target=\"_blank\" rel=\"noopener\">aqu\u00ed<\/a>.<\/li>\n<\/ul>\n<\/li>\n<\/ul>\n<\/li>\n<li>Fer el pagament de les taxes d\u2019expedici\u00f3 a \u201cLa Caixa\u201d amb el document de pagament em\u00e8s per l&#8217;aplicatiu de sol.licitud.<\/li>\n<li>Fer arribar a la secretaria del centre el comprovant de pagament juntament amb la carta de pagament. L&#8217;escola el segellar\u00e0 i lliurar\u00e0 el resguard a l&#8217;interessat\/da. Aquest procediment es pot fer de forma presencial o telem\u00e0tica a eoiguixols@xtec.cat<\/li>\n<\/ul>\n<p><span style=\"font-size: 16px;\">Quan l\u2019escola rebi el t\u00edtol, s\u2019informar\u00e0 l&#8217;interessat\/da perqu\u00e8 el passi a recollir per l&#8217;escola. (Aix\u00f2 es produeix en el termini d&#8217;uns dos anys despr\u00e9s de la sol\u00b7licitud, per\u00f2 el resguard t\u00e9 la mateixa validesa)<\/span><\/p>\n<p>Els t\u00edtols s\u2019han de recollir personalment a la secretaria del centre presentant el DNI, NIE o Passaport i el resguard de pagament de les taxes. En cas que no sigui possible es contemplen els dos casos seg\u00fcents:<\/p>\n<ul>\n<li>Si l&#8217;interessat\/da ha\u00a0perdut el resguard del t\u00edtol haur\u00e0 d&#8217;omplir el model <a href=\"https:\/\/agora-eoi.xtec.cat\/eoiguixols\/wp-content\/uploads\/usu2257\/2025\/07\/Sollicitud-lliurament-de-titol-sense-resguard-B2-i-C1.doc\" target=\"_blank\" rel=\"noopener\">Sol\u00b7licitud de lliurament de t\u00edtol sense presentar resguard<\/a>.<\/li>\n<li>Si l&#8217;interessat\/da no pot recollir el t\u00edtol personalment haur\u00e0 d&#8217;omplir el model <a href=\"https:\/\/agora-eoi.xtec.cat\/eoiguixols\/wp-content\/uploads\/usu2257\/2025\/07\/Autoritzacio-lliurament-de-titol.doc\" target=\"_blank\" rel=\"noopener\">Autoritzaci\u00f3 lliurament de t\u00edtol<\/a>.<\/li>\n<\/ul>\n<p><strong>Tipus de taxes<\/strong> (Certificats de nivell intermedi B2 i avan\u00e7at C1)<\/p>\n<ul>\n<li>Ordin\u00e0ria: 78,00 \u20ac<\/li>\n<li>Fam\u00edlies nombroses generals o monoparentals: 39,00 \u20ac<\/li>\n<li>Fam\u00edlies nombroses de categoria especial: Exempts<\/li>\n<li>V\u00edctimes del terrorisme (i els seus c\u00f2njuges i els seus fills): Exempts<\/li>\n<li>Discapacitat igual o superior al 33%: Exempts<\/li>\n<\/ul>\n","protected":false},"excerpt":{"rendered":"<p>Nivells b\u00e0sic A2 i intermedi B1 L\u2019alumnat oficial d&#8217;A2 que ha obtingut la qualificaci\u00f3 d&#8217;Apte\/a obt\u00e9 el Certificat de nivell b\u00e0sic A2. L\u2019alumnat oficial o els candidats o candidates lliures de B1 que han obtingut la qualificaci\u00f3 d&#8217;Apte\/a obtenen el Certificat de nivell intermedi B1. Procediment: L\u2019escola expedeix els certificats pr\u00e8via sol\u00b7licitud per tel\u00e8fon o [&hellip;]<\/p>\n","protected":false},"author":1,"featured_media":0,"parent":12880,"menu_order":30,"comment_status":"closed","ping_status":"closed","template":"","meta":{"_bbp_topic_count":0,"_bbp_reply_count":0,"_bbp_total_topic_count":0,"_bbp_total_reply_count":0,"_bbp_voice_count":0,"_bbp_anonymous_reply_count":0,"_bbp_topic_count_hidden":0,"_bbp_reply_count_hidden":0,"_bbp_forum_subforum_count":0,"site-sidebar-layout":"default","site-content-layout":"","ast-site-content-layout":"default","site-content-style":"default","site-sidebar-style":"default","ast-global-header-display":"","ast-banner-title-visibility":"","ast-main-header-display":"","ast-hfb-above-header-display":"","ast-hfb-below-header-display":"","ast-hfb-mobile-header-display":"","site-post-title":"","ast-breadcrumbs-content":"","ast-featured-img":"","footer-sml-layout":"","theme-transparent-header-meta":"default","adv-header-id-meta":"","stick-header-meta":"","header-above-stick-meta":"","header-main-stick-meta":"","header-below-stick-meta":"","astra-migrate-meta-layouts":"set","ast-page-background-enabled":"default","ast-page-background-meta":{"desktop":{"background-color":"var(--ast-global-color-4)","background-image":"","background-repeat":"repeat","background-position":"center center","background-size":"auto","background-attachment":"scroll","background-type":"","background-media":"","overlay-type":"","overlay-color":"","overlay-opacity":"","overlay-gradient":""},"tablet":{"background-color":"","background-image":"","background-repeat":"repeat","background-position":"center center","background-size":"auto","background-attachment":"scroll","background-type":"","background-media":"","overlay-type":"","overlay-color":"","overlay-opacity":"","overlay-gradient":""},"mobile":{"background-color":"","background-image":"","background-repeat":"repeat","background-position":"center center","background-size":"auto","background-attachment":"scroll","background-type":"","background-media":"","overlay-type":"","overlay-color":"","overlay-opacity":"","overlay-gradient":""}},"ast-content-background-meta":{"desktop":{"background-color":"var(--ast-global-color-5)","background-image":"","background-repeat":"repeat","background-position":"center center","background-size":"auto","background-attachment":"scroll","background-type":"","background-media":"","overlay-type":"","overlay-color":"","overlay-opacity":"","overlay-gradient":""},"tablet":{"background-color":"var(--ast-global-color-5)","background-image":"","background-repeat":"repeat","background-position":"center center","background-size":"auto","background-attachment":"scroll","background-type":"","background-media":"","overlay-type":"","overlay-color":"","overlay-opacity":"","overlay-gradient":""},"mobile":{"background-color":"var(--ast-global-color-5)","background-image":"","background-repeat":"repeat","background-position":"center center","background-size":"auto","background-attachment":"scroll","background-type":"","background-media":"","overlay-type":"","overlay-color":"","overlay-opacity":"","overlay-gradient":""}},"footnotes":""},"class_list":["post-8377","page","type-page","status-publish","hentry"],"post_mailing_queue_ids":[],"_links":{"self":[{"href":"https:\/\/agora-eoi.xtec.cat\/eoiguixols\/wp-json\/wp\/v2\/pages\/8377","targetHints":{"allow":["GET"]}}],"collection":[{"href":"https:\/\/agora-eoi.xtec.cat\/eoiguixols\/wp-json\/wp\/v2\/pages"}],"about":[{"href":"https:\/\/agora-eoi.xtec.cat\/eoiguixols\/wp-json\/wp\/v2\/types\/page"}],"author":[{"embeddable":true,"href":"https:\/\/agora-eoi.xtec.cat\/eoiguixols\/wp-json\/wp\/v2\/users\/1"}],"replies":[{"embeddable":true,"href":"https:\/\/agora-eoi.xtec.cat\/eoiguixols\/wp-json\/wp\/v2\/comments?post=8377"}],"version-history":[{"count":6,"href":"https:\/\/agora-eoi.xtec.cat\/eoiguixols\/wp-json\/wp\/v2\/pages\/8377\/revisions"}],"predecessor-version":[{"id":13621,"href":"https:\/\/agora-eoi.xtec.cat\/eoiguixols\/wp-json\/wp\/v2\/pages\/8377\/revisions\/13621"}],"up":[{"embeddable":true,"href":"https:\/\/agora-eoi.xtec.cat\/eoiguixols\/wp-json\/wp\/v2\/pages\/12880"}],"wp:attachment":[{"href":"https:\/\/agora-eoi.xtec.cat\/eoiguixols\/wp-json\/wp\/v2\/media?parent=8377"}],"curies":[{"name":"wp","href":"https:\/\/api.w.org\/{rel}","templated":true}]}}