{"id":8372,"date":"2016-06-13T13:41:51","date_gmt":"2016-06-13T12:41:51","guid":{"rendered":"http:\/\/agora-eoi.xtec.cat\/eoiguixols\/?page_id=8372"},"modified":"2025-11-17T14:36:40","modified_gmt":"2025-11-17T13:36:40","slug":"normes-i-funcionament","status":"publish","type":"page","link":"https:\/\/agora-eoi.xtec.cat\/eoiguixols\/el-servei-educatiu\/normes-i-funcionament\/","title":{"rendered":"Documents de gesti\u00f3 de centre"},"content":{"rendered":"<p><a href=\"https:\/\/agora-eoi.xtec.cat\/eoiguixols\/wp-content\/uploads\/usu2257\/2023\/07\/PEC_V3_2023.pdf\" target=\"_blank\" rel=\"noopener\">Projecte Educatiu de Centre<\/a> (PEC)<\/p>\n<p>Annexos:<\/p>\n<p>I. <a href=\"https:\/\/agora-eoi.xtec.cat\/eoiguixols\/wp-content\/uploads\/usu2257\/2023\/06\/PAT_V1_2023.pdf\" target=\"_blank\" rel=\"noopener\">Pla d&#8217;Acci\u00f3 Tutorial <\/a>(PAT)<br \/>\nII. Projecte Curricular de Centre (PCC): \u00a0<a href=\"https:\/\/agora-eoi.xtec.cat\/eoiguixols\/alemany\/programacio\/\" target=\"_blank\" rel=\"noopener\">Alemany<\/a>\u00a0 &#8211;\u00a0 <a href=\"https:\/\/agora-eoi.xtec.cat\/eoiguixols\/angles\/programacio\/\" target=\"_blank\" rel=\"noopener\">Angl\u00e8s<\/a>\u00a0 &#8211;\u00a0 <a href=\"https:\/\/agora-eoi.xtec.cat\/eoiguixols\/frances\/programacio\/\" target=\"_blank\" rel=\"noopener\">Franc\u00e8s<\/a><br \/>\nIII. <a href=\"https:\/\/agora-eoi.xtec.cat\/eoiguixols\/wp-content\/uploads\/usu2257\/2024\/08\/NOFC_V6_2024.pdf\" target=\"_blank\" rel=\"noopener\">Normes d&#8217;Organitzaci\u00f3 i de Funcionament de Centre <\/a>(NOFC)<br \/>\nIV. <a href=\"https:\/\/agora-eoi.xtec.cat\/eoiguixols\/wp-content\/uploads\/usu2257\/2023\/07\/Projecte-Linguistic-del-Centre_V2_2023-1.pdf\" target=\"_blank\" rel=\"noopener\">Projecte Ling\u00fc\u00edstic del Centre <\/a>(PLC)<br \/>\nV.\u00a0 \u00a0<a href=\"https:\/\/agora-eoi.xtec.cat\/eoiguixols\/wp-content\/uploads\/usu2257\/2025\/11\/EOI-GUIXOLS-Presentacio_Pla-demergencia-2025_2026.pdf\" target=\"_blank\" rel=\"noopener\">Presentaci\u00f3 protocol d&#8217;emerg\u00e8ncia<\/a> (2025_2026) +\u00a0 <a href=\"https:\/\/agora-eoi.xtec.cat\/eoiguixols\/wp-content\/uploads\/usu2257\/2024\/11\/Pla-demergencia_EOI-SFG_2024_2025_DEF.pdf\" target=\"_blank\" rel=\"noopener\">Pla d&#8217;emerg\u00e8ncia<\/a> (pendent d&#8217;actualitzar)<br \/>\nVI. <a href=\"https:\/\/sites.google.com\/xtec.cat\/edceoisfg\/inici\" target=\"_blank\" rel=\"noopener\">Estrat\u00e8gia Digital de Centre<\/a> (EDC)<\/p>\n<p>&nbsp;<\/p>\n<p>&nbsp;<\/p>\n","protected":false},"excerpt":{"rendered":"<p>Projecte Educatiu de Centre (PEC) Annexos: I. Pla d&#8217;Acci\u00f3 Tutorial (PAT) II. Projecte Curricular de Centre (PCC): \u00a0Alemany\u00a0 &#8211;\u00a0 Angl\u00e8s\u00a0 &#8211;\u00a0 Franc\u00e8s III. Normes d&#8217;Organitzaci\u00f3 i de Funcionament de Centre (NOFC) IV. Projecte Ling\u00fc\u00edstic del Centre (PLC) V.\u00a0 \u00a0Presentaci\u00f3 protocol d&#8217;emerg\u00e8ncia (2025_2026) +\u00a0 Pla d&#8217;emerg\u00e8ncia (pendent d&#8217;actualitzar) VI. Estrat\u00e8gia Digital de Centre (EDC) &nbsp; &nbsp;<\/p>\n","protected":false},"author":1,"featured_media":0,"parent":806,"menu_order":35,"comment_status":"closed","ping_status":"closed","template":"","meta":{"_bbp_topic_count":0,"_bbp_reply_count":0,"_bbp_total_topic_count":0,"_bbp_total_reply_count":0,"_bbp_voice_count":0,"_bbp_anonymous_reply_count":0,"_bbp_topic_count_hidden":0,"_bbp_reply_count_hidden":0,"_bbp_forum_subforum_count":0,"site-sidebar-layout":"default","site-content-layout":"","ast-site-content-layout":"default","site-content-style":"default","site-sidebar-style":"default","ast-global-header-display":"","ast-banner-title-visibility":"","ast-main-header-display":"","ast-hfb-above-header-display":"","ast-hfb-below-header-display":"","ast-hfb-mobile-header-display":"","site-post-title":"","ast-breadcrumbs-content":"","ast-featured-img":"","footer-sml-layout":"","theme-transparent-header-meta":"default","adv-header-id-meta":"","stick-header-meta":"","header-above-stick-meta":"","header-main-stick-meta":"","header-below-stick-meta":"","astra-migrate-meta-layouts":"set","ast-page-background-enabled":"default","ast-page-background-meta":{"desktop":{"background-color":"var(--ast-global-color-4)","background-image":"","background-repeat":"repeat","background-position":"center center","background-size":"auto","background-attachment":"scroll","background-type":"","background-media":"","overlay-type":"","overlay-color":"","overlay-opacity":"","overlay-gradient":""},"tablet":{"background-color":"","background-image":"","background-repeat":"repeat","background-position":"center center","background-size":"auto","background-attachment":"scroll","background-type":"","background-media":"","overlay-type":"","overlay-color":"","overlay-opacity":"","overlay-gradient":""},"mobile":{"background-color":"","background-image":"","background-repeat":"repeat","background-position":"center center","background-size":"auto","background-attachment":"scroll","background-type":"","background-media":"","overlay-type":"","overlay-color":"","overlay-opacity":"","overlay-gradient":""}},"ast-content-background-meta":{"desktop":{"background-color":"var(--ast-global-color-5)","background-image":"","background-repeat":"repeat","background-position":"center center","background-size":"auto","background-attachment":"scroll","background-type":"","background-media":"","overlay-type":"","overlay-color":"","overlay-opacity":"","overlay-gradient":""},"tablet":{"background-color":"var(--ast-global-color-5)","background-image":"","background-repeat":"repeat","background-position":"center center","background-size":"auto","background-attachment":"scroll","background-type":"","background-media":"","overlay-type":"","overlay-color":"","overlay-opacity":"","overlay-gradient":""},"mobile":{"background-color":"var(--ast-global-color-5)","background-image":"","background-repeat":"repeat","background-position":"center center","background-size":"auto","background-attachment":"scroll","background-type":"","background-media":"","overlay-type":"","overlay-color":"","overlay-opacity":"","overlay-gradient":""}},"footnotes":""},"class_list":["post-8372","page","type-page","status-publish","hentry"],"post_mailing_queue_ids":[],"_links":{"self":[{"href":"https:\/\/agora-eoi.xtec.cat\/eoiguixols\/wp-json\/wp\/v2\/pages\/8372","targetHints":{"allow":["GET"]}}],"collection":[{"href":"https:\/\/agora-eoi.xtec.cat\/eoiguixols\/wp-json\/wp\/v2\/pages"}],"about":[{"href":"https:\/\/agora-eoi.xtec.cat\/eoiguixols\/wp-json\/wp\/v2\/types\/page"}],"author":[{"embeddable":true,"href":"https:\/\/agora-eoi.xtec.cat\/eoiguixols\/wp-json\/wp\/v2\/users\/1"}],"replies":[{"embeddable":true,"href":"https:\/\/agora-eoi.xtec.cat\/eoiguixols\/wp-json\/wp\/v2\/comments?post=8372"}],"version-history":[{"count":7,"href":"https:\/\/agora-eoi.xtec.cat\/eoiguixols\/wp-json\/wp\/v2\/pages\/8372\/revisions"}],"predecessor-version":[{"id":13541,"href":"https:\/\/agora-eoi.xtec.cat\/eoiguixols\/wp-json\/wp\/v2\/pages\/8372\/revisions\/13541"}],"up":[{"embeddable":true,"href":"https:\/\/agora-eoi.xtec.cat\/eoiguixols\/wp-json\/wp\/v2\/pages\/806"}],"wp:attachment":[{"href":"https:\/\/agora-eoi.xtec.cat\/eoiguixols\/wp-json\/wp\/v2\/media?parent=8372"}],"curies":[{"name":"wp","href":"https:\/\/api.w.org\/{rel}","templated":true}]}}