{"id":8370,"date":"2016-06-13T13:38:46","date_gmt":"2016-06-13T12:38:46","guid":{"rendered":"http:\/\/agora-eoi.xtec.cat\/eoiguixols\/?page_id=8370"},"modified":"2025-10-01T08:58:03","modified_gmt":"2025-10-01T06:58:03","slug":"instancies-i-solicituds","status":"publish","type":"page","link":"https:\/\/agora-eoi.xtec.cat\/eoiguixols\/tramits\/instancies-i-solicituds\/","title":{"rendered":"Autoritzacions i sol\u00b7licituds"},"content":{"rendered":"<p>Per facilitar la realitzaci\u00f3 de gestions administratives podeu <strong>descarregar-vos les autoritzacions i sol\u00b7licituds seg\u00fcents<\/strong>.<\/p>\n<p><strong>Ompliu-les i lliureu-les a secretaria<\/strong>, tot <strong>aportant la documentaci\u00f3 requerida<\/strong> per cada gesti\u00f3, o b\u00e9 feu-les arribar per correu electr\u00f2nic a <strong>eoiguixols@xtec.cat<\/strong>.<\/p>\n<ul>\n<li><a href=\"https:\/\/agora-eoi.xtec.cat\/eoiguixols\/wp-content\/uploads\/usu2257\/2025\/05\/Autoritzacio_lliurament_de_titol.doc\" target=\"_blank\" rel=\"noopener\">Autoritzaci\u00f3 lliurament de t\u00edtol<\/a><\/li>\n<li><a href=\"https:\/\/agora-eoi.xtec.cat\/eoiguixols\/wp-content\/uploads\/usu2257\/2025\/03\/Sollicitud-adaptacio-examen.docx\" target=\"_blank\" rel=\"noopener\">Sol\u00b7licitud d&#8217;adaptaci\u00f3 d&#8217;examen<\/a> (per alumnat amb necessitats espec\u00edfiques de suport educatiu)<\/li>\n<li><a href=\"https:\/\/agora-eoi.xtec.cat\/eoiguixols\/docs\/ajut-per-a-la-compra-de-material\/\" target=\"_blank\" rel=\"noopener\">Sol\u00b7licitud d&#8217;Ajut per a la Compra de Material<\/a><\/li>\n<li><a href=\"https:\/\/agora-eoi.xtec.cat\/eoiguixols\/docs\/borsa-destada-linguistica-john-langdon-davies\/\" target=\"_blank\" rel=\"noopener\">Sol\u00b7licitud de Borsa d\u2019Estada Ling\u00fc\u00edstica John Langdon-Davies<\/a><\/li>\n<li><a href=\"https:\/\/agora-eoi.xtec.cat\/eoiguixols\/wp-content\/uploads\/usu2257\/2025\/03\/Sollicitud-generica.doc\" target=\"_blank\" rel=\"noopener\">Sol\u00b7licitud gen\u00e8rica<\/a><\/li>\n<li><a href=\"https:\/\/agora-eoi.xtec.cat\/eoiguixols\/wp-content\/uploads\/usu2257\/2025\/10\/Sol.licitud-canvi-dhorari.doc\" target=\"_blank\" rel=\"noopener\">Sol\u00b7licitud de canvi d\u2019horari<\/a><\/li>\n<li><a href=\"https:\/\/agora-eoi.xtec.cat\/eoiguixols\/docs\/sol%c2%b7licitud-de-devolucio-de-taxa-en-la-prestacio-de-serveis-docents-de-les-escoles-oficials-didiomes-eoi-o-per-a-la-inscripcio-en-les-proves-lliures\/\" target=\"_blank\" rel=\"noopener\">Sol\u00b7licitud de devoluci\u00f3 de taxa en la prestaci\u00f3 de serveis docents de les escoles oficials d&#8217;idiomes (EOI) o per a la inscripci\u00f3 en les proves lliures<\/a><\/li>\n<li><a href=\"https:\/\/agora-eoi.xtec.cat\/eoiguixols\/wp-content\/uploads\/usu2257\/2025\/07\/Sollicitud-lliurament-de-titol-sense-resguard-B2-i-C1-1.doc\" target=\"_blank\" rel=\"noopener\">Sol\u00b7licitud de lliurament de t\u00edtol sense presentar resguard<\/a><\/li>\n<li><a href=\"https:\/\/agora-eoi.xtec.cat\/eoiguixols\/wp-content\/uploads\/usu2257\/bp-attachments\/8583\/sol-permuta.doc\" target=\"_blank\" rel=\"noopener\">Sol\u00b7licitud de permuta d\u2019horari<\/a><\/li>\n<li><a href=\"https:\/\/agora-eoi.xtec.cat\/eoiguixols\/wp-content\/uploads\/usu2257\/2025\/07\/Sol.licitud-de-renuncia-de-matricula.doc\" target=\"_blank\" rel=\"noopener\">Sol\u00b7licitud de ren\u00fancia de matr\u00edcula<\/a><\/li>\n<li><a href=\"https:\/\/agora-eoi.xtec.cat\/eoiguixols\/docs\/sol%c2%b7licitud-de-trasllat-dexpedient\/\" target=\"_blank\" rel=\"noopener\">Sol\u00b7licitud de trasllat d\u2019expedient<\/a><\/li>\n<li><a href=\"https:\/\/agora-eoi.xtec.cat\/eoiguixols\/wp-content\/uploads\/usu2257\/2025\/06\/Sol.licitud_actualitzacio.doc\" target=\"_blank\" rel=\"noopener\">Sol\u00b7licitud de matr\u00edcula d&#8217;actualitzaci\u00f3<\/a><\/li>\n<\/ul>\n","protected":false},"excerpt":{"rendered":"<p>Per facilitar la realitzaci\u00f3 de gestions administratives podeu descarregar-vos les autoritzacions i sol\u00b7licituds seg\u00fcents. Ompliu-les i lliureu-les a secretaria, tot aportant la documentaci\u00f3 requerida per cada gesti\u00f3, o b\u00e9 feu-les arribar per correu electr\u00f2nic a eoiguixols@xtec.cat. Autoritzaci\u00f3 lliurament de t\u00edtol Sol\u00b7licitud d&#8217;adaptaci\u00f3 d&#8217;examen (per alumnat amb necessitats espec\u00edfiques de suport educatiu) Sol\u00b7licitud d&#8217;Ajut per a [&hellip;]<\/p>\n","protected":false},"author":1,"featured_media":0,"parent":12880,"menu_order":60,"comment_status":"closed","ping_status":"closed","template":"","meta":{"_bbp_topic_count":0,"_bbp_reply_count":0,"_bbp_total_topic_count":0,"_bbp_total_reply_count":0,"_bbp_voice_count":0,"_bbp_anonymous_reply_count":0,"_bbp_topic_count_hidden":0,"_bbp_reply_count_hidden":0,"_bbp_forum_subforum_count":0,"site-sidebar-layout":"default","site-content-layout":"","ast-site-content-layout":"default","site-content-style":"default","site-sidebar-style":"default","ast-global-header-display":"","ast-banner-title-visibility":"","ast-main-header-display":"","ast-hfb-above-header-display":"","ast-hfb-below-header-display":"","ast-hfb-mobile-header-display":"","site-post-title":"","ast-breadcrumbs-content":"","ast-featured-img":"","footer-sml-layout":"","theme-transparent-header-meta":"default","adv-header-id-meta":"","stick-header-meta":"","header-above-stick-meta":"","header-main-stick-meta":"","header-below-stick-meta":"","astra-migrate-meta-layouts":"set","ast-page-background-enabled":"default","ast-page-background-meta":{"desktop":{"background-color":"var(--ast-global-color-4)","background-image":"","background-repeat":"repeat","background-position":"center center","background-size":"auto","background-attachment":"scroll","background-type":"","background-media":"","overlay-type":"","overlay-color":"","overlay-opacity":"","overlay-gradient":""},"tablet":{"background-color":"","background-image":"","background-repeat":"repeat","background-position":"center center","background-size":"auto","background-attachment":"scroll","background-type":"","background-media":"","overlay-type":"","overlay-color":"","overlay-opacity":"","overlay-gradient":""},"mobile":{"background-color":"","background-image":"","background-repeat":"repeat","background-position":"center center","background-size":"auto","background-attachment":"scroll","background-type":"","background-media":"","overlay-type":"","overlay-color":"","overlay-opacity":"","overlay-gradient":""}},"ast-content-background-meta":{"desktop":{"background-color":"var(--ast-global-color-5)","background-image":"","background-repeat":"repeat","background-position":"center center","background-size":"auto","background-attachment":"scroll","background-type":"","background-media":"","overlay-type":"","overlay-color":"","overlay-opacity":"","overlay-gradient":""},"tablet":{"background-color":"var(--ast-global-color-5)","background-image":"","background-repeat":"repeat","background-position":"center center","background-size":"auto","background-attachment":"scroll","background-type":"","background-media":"","overlay-type":"","overlay-color":"","overlay-opacity":"","overlay-gradient":""},"mobile":{"background-color":"var(--ast-global-color-5)","background-image":"","background-repeat":"repeat","background-position":"center center","background-size":"auto","background-attachment":"scroll","background-type":"","background-media":"","overlay-type":"","overlay-color":"","overlay-opacity":"","overlay-gradient":""}},"footnotes":""},"class_list":["post-8370","page","type-page","status-publish","hentry"],"post_mailing_queue_ids":[],"_links":{"self":[{"href":"https:\/\/agora-eoi.xtec.cat\/eoiguixols\/wp-json\/wp\/v2\/pages\/8370","targetHints":{"allow":["GET"]}}],"collection":[{"href":"https:\/\/agora-eoi.xtec.cat\/eoiguixols\/wp-json\/wp\/v2\/pages"}],"about":[{"href":"https:\/\/agora-eoi.xtec.cat\/eoiguixols\/wp-json\/wp\/v2\/types\/page"}],"author":[{"embeddable":true,"href":"https:\/\/agora-eoi.xtec.cat\/eoiguixols\/wp-json\/wp\/v2\/users\/1"}],"replies":[{"embeddable":true,"href":"https:\/\/agora-eoi.xtec.cat\/eoiguixols\/wp-json\/wp\/v2\/comments?post=8370"}],"version-history":[{"count":6,"href":"https:\/\/agora-eoi.xtec.cat\/eoiguixols\/wp-json\/wp\/v2\/pages\/8370\/revisions"}],"predecessor-version":[{"id":13499,"href":"https:\/\/agora-eoi.xtec.cat\/eoiguixols\/wp-json\/wp\/v2\/pages\/8370\/revisions\/13499"}],"up":[{"embeddable":true,"href":"https:\/\/agora-eoi.xtec.cat\/eoiguixols\/wp-json\/wp\/v2\/pages\/12880"}],"wp:attachment":[{"href":"https:\/\/agora-eoi.xtec.cat\/eoiguixols\/wp-json\/wp\/v2\/media?parent=8370"}],"curies":[{"name":"wp","href":"https:\/\/api.w.org\/{rel}","templated":true}]}}