{"id":8295,"date":"2016-06-13T11:34:05","date_gmt":"2016-06-13T10:34:05","guid":{"rendered":"http:\/\/agora-eoi.xtec.cat\/eoiguixols\/?page_id=8295"},"modified":"2025-08-01T15:03:30","modified_gmt":"2025-08-01T13:03:30","slug":"llibres-i-lectura","status":"publish","type":"page","link":"https:\/\/agora-eoi.xtec.cat\/eoiguixols\/idiomes\/frances\/llibres-i-lectura\/","title":{"rendered":"Llibres"},"content":{"rendered":"<h6>Curs 2025-2026<\/h6>\n<p>Us informem que els llibres no estan inclosos en els imports de la matr\u00edcula i que no es vendran a l\u2019escola.<\/p>\n<p>Tots els llibres de text <strong>D\u00c9FI<\/strong> donen l\u2019acc\u00e9s a una plataforma digital d\u2019aprenentatge. Aquest acc\u00e9s es troba a dins del llibre.<\/p>\n<p>Accediu al <strong>Carnet d&#8217;estudiant<\/strong> <a href=\"https:\/\/agora-eoi.xtec.cat\/eoiguixols\/serveis\/carnet-destudiant\/\">aqu\u00ed<\/a> i gaudireu d&#8217;un ventall de descomptes.<\/p>\n<p>Consulteu el <strong>Banc d&#8217;intercanvi de llibres EOI<\/strong> <a href=\"https:\/\/agora-eoi.xtec.cat\/eoiguixols\/serveis\/banc-dintercanvi-de-llibres\/\">aqu\u00ed<\/a>.<\/p>\n<table style=\"width: 100%;\">\n<tbody>\n<tr>\n<td style=\"width: 19.5946%;\"><a href=\"https:\/\/agora-eoi.xtec.cat\/eoiguixols\/wp-content\/uploads\/usu2257\/2025\/07\/Defi-Actuel-1.1.jpg\"><img loading=\"lazy\" decoding=\"async\" class=\"alignnone size-medium wp-image-13462\" src=\"https:\/\/agora-eoi.xtec.cat\/eoiguixols\/wp-content\/uploads\/usu2257\/2025\/07\/Defi-Actuel-1.1-212x300.jpg\" alt=\"\" width=\"212\" height=\"300\" srcset=\"https:\/\/agora-eoi.xtec.cat\/eoiguixols\/wp-content\/uploads\/usu2257\/2025\/07\/Defi-Actuel-1.1-212x300.jpg 212w, https:\/\/agora-eoi.xtec.cat\/eoiguixols\/wp-content\/uploads\/usu2257\/2025\/07\/Defi-Actuel-1.1-724x1024.jpg 724w, https:\/\/agora-eoi.xtec.cat\/eoiguixols\/wp-content\/uploads\/usu2257\/2025\/07\/Defi-Actuel-1.1.jpg 740w\" sizes=\"auto, (max-width: 212px) 100vw, 212px\" \/><\/a><\/p>\n<p><a href=\"https:\/\/agora-eoi.xtec.cat\/eoiguixols\/wp-content\/uploads\/usu2257\/2025\/07\/Defi-Actuel-1.2.jpg\"><img loading=\"lazy\" decoding=\"async\" class=\"alignnone size-medium wp-image-13461\" src=\"https:\/\/agora-eoi.xtec.cat\/eoiguixols\/wp-content\/uploads\/usu2257\/2025\/07\/Defi-Actuel-1.2-212x300.jpg\" alt=\"\" width=\"212\" height=\"300\" srcset=\"https:\/\/agora-eoi.xtec.cat\/eoiguixols\/wp-content\/uploads\/usu2257\/2025\/07\/Defi-Actuel-1.2-212x300.jpg 212w, https:\/\/agora-eoi.xtec.cat\/eoiguixols\/wp-content\/uploads\/usu2257\/2025\/07\/Defi-Actuel-1.2-724x1024.jpg 724w, https:\/\/agora-eoi.xtec.cat\/eoiguixols\/wp-content\/uploads\/usu2257\/2025\/07\/Defi-Actuel-1.2.jpg 740w\" sizes=\"auto, (max-width: 212px) 100vw, 212px\" \/><\/a><\/td>\n<td style=\"width: 79.3243%;\">\n<h5>A1<\/h5>\n<p><strong>D\u00e9fi actuel 1 \u00c9d. hybride.<\/strong> <strong>Livre de l&#8217;\u00e9l\u00e8ve.<\/strong> Maison des Langues.<\/p>\n<p>ISBN: 978-84-1157-151-7<\/p>\n<p>&nbsp;<\/p>\n<p>&nbsp;<\/p>\n<p><strong>D\u00e9fi actuel 1 Cahier d\u00b4exercices.<\/strong> Maison des Langues.<\/p>\n<p>ISBN: 978-84-1157-152-4<\/td>\n<\/tr>\n<tr>\n<td style=\"width: 19.5946%;\"><a href=\"https:\/\/agora-eoi.xtec.cat\/eoiguixols\/wp-content\/uploads\/usu2257\/2025\/07\/Defi-Actuel-2.1.jpg\"><img loading=\"lazy\" decoding=\"async\" class=\"alignnone size-medium wp-image-13464\" src=\"https:\/\/agora-eoi.xtec.cat\/eoiguixols\/wp-content\/uploads\/usu2257\/2025\/07\/Defi-Actuel-2.1-212x300.jpg\" alt=\"\" width=\"212\" height=\"300\" srcset=\"https:\/\/agora-eoi.xtec.cat\/eoiguixols\/wp-content\/uploads\/usu2257\/2025\/07\/Defi-Actuel-2.1-212x300.jpg 212w, https:\/\/agora-eoi.xtec.cat\/eoiguixols\/wp-content\/uploads\/usu2257\/2025\/07\/Defi-Actuel-2.1-724x1024.jpg 724w, https:\/\/agora-eoi.xtec.cat\/eoiguixols\/wp-content\/uploads\/usu2257\/2025\/07\/Defi-Actuel-2.1.jpg 740w\" sizes=\"auto, (max-width: 212px) 100vw, 212px\" \/><\/a><\/p>\n<p><a href=\"https:\/\/agora-eoi.xtec.cat\/eoiguixols\/wp-content\/uploads\/usu2257\/2025\/07\/Defi-Actuel-2.2.jpg\"><img loading=\"lazy\" decoding=\"async\" class=\"alignnone size-medium wp-image-13463\" src=\"https:\/\/agora-eoi.xtec.cat\/eoiguixols\/wp-content\/uploads\/usu2257\/2025\/07\/Defi-Actuel-2.2-212x300.jpg\" alt=\"\" width=\"212\" height=\"300\" srcset=\"https:\/\/agora-eoi.xtec.cat\/eoiguixols\/wp-content\/uploads\/usu2257\/2025\/07\/Defi-Actuel-2.2-212x300.jpg 212w, https:\/\/agora-eoi.xtec.cat\/eoiguixols\/wp-content\/uploads\/usu2257\/2025\/07\/Defi-Actuel-2.2-724x1024.jpg 724w, https:\/\/agora-eoi.xtec.cat\/eoiguixols\/wp-content\/uploads\/usu2257\/2025\/07\/Defi-Actuel-2.2.jpg 740w\" sizes=\"auto, (max-width: 212px) 100vw, 212px\" \/><\/a><\/td>\n<td style=\"width: 79.3243%;\">\n<h5>A2<\/h5>\n<p><strong>D\u00e9fi actuel 2 \u00c9d. hybride. Livre de l&#8217;\u00e9l\u00e8ve.<\/strong> Maison des Langues.<\/p>\n<p>ISBN: 978-84-1157-154-8<\/p>\n<p>&nbsp;<\/p>\n<p>&nbsp;<\/p>\n<p><strong>D\u00e9fi actuel 2 Cahier d\u00b4exercices.<\/strong> Maison des Langues.<\/p>\n<p>ISBN: 978-84-1157-155-5<\/td>\n<\/tr>\n<tr>\n<td style=\"width: 19.5946%;\"><a href=\"https:\/\/agora-eoi.xtec.cat\/eoiguixols\/wp-content\/uploads\/usu2257\/2025\/07\/Defi-actuel-3.webp\"><img loading=\"lazy\" decoding=\"async\" class=\"alignnone size-medium wp-image-13465\" src=\"https:\/\/agora-eoi.xtec.cat\/eoiguixols\/wp-content\/uploads\/usu2257\/2025\/07\/Defi-actuel-3-212x300.webp\" alt=\"\" width=\"212\" height=\"300\" srcset=\"https:\/\/agora-eoi.xtec.cat\/eoiguixols\/wp-content\/uploads\/usu2257\/2025\/07\/Defi-actuel-3-212x300.webp 212w, https:\/\/agora-eoi.xtec.cat\/eoiguixols\/wp-content\/uploads\/usu2257\/2025\/07\/Defi-actuel-3.webp 416w\" sizes=\"auto, (max-width: 212px) 100vw, 212px\" \/><\/a><\/p>\n<p><a href=\"https:\/\/agora-eoi.xtec.cat\/eoiguixols\/wp-content\/uploads\/usu2257\/2025\/08\/Couverture-site-3.png\"><img loading=\"lazy\" decoding=\"async\" class=\"alignnone size-medium wp-image-13468\" src=\"https:\/\/agora-eoi.xtec.cat\/eoiguixols\/wp-content\/uploads\/usu2257\/2025\/08\/Couverture-site-3-212x300.png\" alt=\"\" width=\"212\" height=\"300\" srcset=\"https:\/\/agora-eoi.xtec.cat\/eoiguixols\/wp-content\/uploads\/usu2257\/2025\/08\/Couverture-site-3-212x300.png 212w, https:\/\/agora-eoi.xtec.cat\/eoiguixols\/wp-content\/uploads\/usu2257\/2025\/08\/Couverture-site-3.png 424w\" sizes=\"auto, (max-width: 212px) 100vw, 212px\" \/><\/a><\/td>\n<td style=\"width: 79.3243%;\">\n<h5><\/h5>\n<h5>B1<\/h5>\n<p><strong>D\u00e9fi actuel 3 \u00c9d. hybride. Livre de l&#8217;\u00e9l\u00e8ve.<\/strong>\u00a0Maison des Langues.<\/p>\n<p>ISBN: 978-84-1157-370-2<\/p>\n<p>&nbsp;<\/p>\n<p>&nbsp;<\/p>\n<p><strong>D\u00e9fi actuel 3 Cahier d\u00b4exercices.<\/strong> Maison des Langues.<\/p>\n<p>ISBN: 978-84-1157-371-9<\/p>\n<p>&nbsp;<\/td>\n<\/tr>\n<tr>\n<td style=\"width: 19.5946%;\"><a href=\"https:\/\/agora-eoi.xtec.cat\/eoiguixols\/wp-content\/uploads\/usu2257\/2025\/07\/defi4_sbk_hyb_9788419236579_M.jpg\"><img loading=\"lazy\" decoding=\"async\" class=\"alignnone size-medium wp-image-13310\" src=\"https:\/\/agora-eoi.xtec.cat\/eoiguixols\/wp-content\/uploads\/usu2257\/2025\/07\/defi4_sbk_hyb_9788419236579_M-212x300.jpg\" alt=\"\" width=\"212\" height=\"300\" srcset=\"https:\/\/agora-eoi.xtec.cat\/eoiguixols\/wp-content\/uploads\/usu2257\/2025\/07\/defi4_sbk_hyb_9788419236579_M-212x300.jpg 212w, https:\/\/agora-eoi.xtec.cat\/eoiguixols\/wp-content\/uploads\/usu2257\/2025\/07\/defi4_sbk_hyb_9788419236579_M.jpg 424w\" sizes=\"auto, (max-width: 212px) 100vw, 212px\" \/><\/a><\/p>\n<h6><a href=\"https:\/\/agora-eoi.xtec.cat\/eoiguixols\/wp-content\/uploads\/usu2257\/2025\/07\/defi4.cahier.1341087.37.jpg\"><img loading=\"lazy\" decoding=\"async\" class=\"alignnone size-medium wp-image-13328\" src=\"https:\/\/agora-eoi.xtec.cat\/eoiguixols\/wp-content\/uploads\/usu2257\/2025\/07\/defi4.cahier.1341087.37-212x300.jpg\" alt=\"\" width=\"212\" height=\"300\" srcset=\"https:\/\/agora-eoi.xtec.cat\/eoiguixols\/wp-content\/uploads\/usu2257\/2025\/07\/defi4.cahier.1341087.37-212x300.jpg 212w, https:\/\/agora-eoi.xtec.cat\/eoiguixols\/wp-content\/uploads\/usu2257\/2025\/07\/defi4.cahier.1341087.37-724x1024.jpg 724w, https:\/\/agora-eoi.xtec.cat\/eoiguixols\/wp-content\/uploads\/usu2257\/2025\/07\/defi4.cahier.1341087.37.jpg 740w\" sizes=\"auto, (max-width: 212px) 100vw, 212px\" \/><\/a><\/h6>\n<\/td>\n<td style=\"width: 79.3243%;\">\n<h5>B2.1<\/h5>\n<p><strong>D\u00e9fi 4 (B2) Hybride Livre de l\u2019\u00e9l\u00e8ve.<\/strong>\u00a0\u00c9ditions Maison des langues. M\u00e9thode de Fran\u00e7ais avec Livre de l\u2019\u00e9l\u00e8ve.<\/p>\n<p>ISBN: 978-84-19236-57-9<\/p>\n<p>&nbsp;<\/p>\n<p>&nbsp;<\/p>\n<p><strong>D\u00e9fi 4 (B2) Cahier d&#8217;exercices <\/strong>I \u00c9ditions Maison des langues. M\u00e9thode de Fran\u00e7ais avec .<\/p>\n<p>ISBN: 978-84-17249-68-7<\/td>\n<\/tr>\n<\/tbody>\n<\/table>\n<p>&nbsp;<\/p>\n","protected":false},"excerpt":{"rendered":"<p>Curs 2025-2026 Us informem que els llibres no estan inclosos en els imports de la matr\u00edcula i que no es vendran a l\u2019escola. Tots els llibres de text D\u00c9FI donen l\u2019acc\u00e9s a una plataforma digital d\u2019aprenentatge. Aquest acc\u00e9s es troba a dins del llibre. Accediu al Carnet d&#8217;estudiant aqu\u00ed i gaudireu d&#8217;un ventall de descomptes. [&hellip;]<\/p>\n","protected":false},"author":1,"featured_media":0,"parent":8195,"menu_order":30,"comment_status":"closed","ping_status":"closed","template":"","meta":{"_bbp_topic_count":0,"_bbp_reply_count":0,"_bbp_total_topic_count":0,"_bbp_total_reply_count":0,"_bbp_voice_count":0,"_bbp_anonymous_reply_count":0,"_bbp_topic_count_hidden":0,"_bbp_reply_count_hidden":0,"_bbp_forum_subforum_count":0,"site-sidebar-layout":"default","site-content-layout":"","ast-site-content-layout":"default","site-content-style":"default","site-sidebar-style":"default","ast-global-header-display":"","ast-banner-title-visibility":"","ast-main-header-display":"","ast-hfb-above-header-display":"","ast-hfb-below-header-display":"","ast-hfb-mobile-header-display":"","site-post-title":"","ast-breadcrumbs-content":"","ast-featured-img":"","footer-sml-layout":"","theme-transparent-header-meta":"default","adv-header-id-meta":"","stick-header-meta":"","header-above-stick-meta":"","header-main-stick-meta":"","header-below-stick-meta":"","astra-migrate-meta-layouts":"set","ast-page-background-enabled":"default","ast-page-background-meta":{"desktop":{"background-color":"var(--ast-global-color-4)","background-image":"","background-repeat":"repeat","background-position":"center center","background-size":"auto","background-attachment":"scroll","background-type":"","background-media":"","overlay-type":"","overlay-color":"","overlay-opacity":"","overlay-gradient":""},"tablet":{"background-color":"","background-image":"","background-repeat":"repeat","background-position":"center center","background-size":"auto","background-attachment":"scroll","background-type":"","background-media":"","overlay-type":"","overlay-color":"","overlay-opacity":"","overlay-gradient":""},"mobile":{"background-color":"","background-image":"","background-repeat":"repeat","background-position":"center center","background-size":"auto","background-attachment":"scroll","background-type":"","background-media":"","overlay-type":"","overlay-color":"","overlay-opacity":"","overlay-gradient":""}},"ast-content-background-meta":{"desktop":{"background-color":"var(--ast-global-color-5)","background-image":"","background-repeat":"repeat","background-position":"center center","background-size":"auto","background-attachment":"scroll","background-type":"","background-media":"","overlay-type":"","overlay-color":"","overlay-opacity":"","overlay-gradient":""},"tablet":{"background-color":"var(--ast-global-color-5)","background-image":"","background-repeat":"repeat","background-position":"center center","background-size":"auto","background-attachment":"scroll","background-type":"","background-media":"","overlay-type":"","overlay-color":"","overlay-opacity":"","overlay-gradient":""},"mobile":{"background-color":"var(--ast-global-color-5)","background-image":"","background-repeat":"repeat","background-position":"center center","background-size":"auto","background-attachment":"scroll","background-type":"","background-media":"","overlay-type":"","overlay-color":"","overlay-opacity":"","overlay-gradient":""}},"footnotes":""},"class_list":["post-8295","page","type-page","status-publish","hentry"],"post_mailing_queue_ids":[],"_links":{"self":[{"href":"https:\/\/agora-eoi.xtec.cat\/eoiguixols\/wp-json\/wp\/v2\/pages\/8295","targetHints":{"allow":["GET"]}}],"collection":[{"href":"https:\/\/agora-eoi.xtec.cat\/eoiguixols\/wp-json\/wp\/v2\/pages"}],"about":[{"href":"https:\/\/agora-eoi.xtec.cat\/eoiguixols\/wp-json\/wp\/v2\/types\/page"}],"author":[{"embeddable":true,"href":"https:\/\/agora-eoi.xtec.cat\/eoiguixols\/wp-json\/wp\/v2\/users\/1"}],"replies":[{"embeddable":true,"href":"https:\/\/agora-eoi.xtec.cat\/eoiguixols\/wp-json\/wp\/v2\/comments?post=8295"}],"version-history":[{"count":6,"href":"https:\/\/agora-eoi.xtec.cat\/eoiguixols\/wp-json\/wp\/v2\/pages\/8295\/revisions"}],"predecessor-version":[{"id":13471,"href":"https:\/\/agora-eoi.xtec.cat\/eoiguixols\/wp-json\/wp\/v2\/pages\/8295\/revisions\/13471"}],"up":[{"embeddable":true,"href":"https:\/\/agora-eoi.xtec.cat\/eoiguixols\/wp-json\/wp\/v2\/pages\/8195"}],"wp:attachment":[{"href":"https:\/\/agora-eoi.xtec.cat\/eoiguixols\/wp-json\/wp\/v2\/media?parent=8295"}],"curies":[{"name":"wp","href":"https:\/\/api.w.org\/{rel}","templated":true}]}}