{"id":8206,"date":"2016-06-13T09:03:11","date_gmt":"2016-06-13T08:03:11","guid":{"rendered":"http:\/\/agora-eoi.xtec.cat\/eoiguixols\/?page_id=8206"},"modified":"2025-09-16T11:13:44","modified_gmt":"2025-09-16T09:13:44","slug":"horaris-professorat","status":"publish","type":"page","link":"https:\/\/agora-eoi.xtec.cat\/eoiguixols\/idiomes\/alemany\/horaris-professorat\/","title":{"rendered":"Horaris i professorat"},"content":{"rendered":"<p><a href=\"http:\/\/agora-eoi.xtec.cat\/eoiguixols\/wp-content\/uploads\/usu2257\/2016\/06\/Clock-96.png\" rel=\"attachment wp-att-8695\"><img loading=\"lazy\" decoding=\"async\" class=\"wp-image-8695 alignleft\" src=\"http:\/\/agora-eoi.xtec.cat\/eoiguixols\/wp-content\/uploads\/usu2257\/2016\/06\/Clock-96.png\" alt=\"Clock-96\" width=\"68\" height=\"68\" \/><\/a><\/p>\n<h4>Departament d&#8217;Alemany<\/h4>\n<p><strong>Curs 2025-2026<\/strong><\/p>\n<table style=\"border-collapse: collapse; width: 100%;\">\n<tbody>\n<tr>\n<td style=\"width: 9.07473%;\" valign=\"top\"><strong>Curs<\/strong><\/td>\n<td style=\"width: 14.9466%;\" valign=\"top\"><strong>Modalitat<\/strong><\/td>\n<td style=\"width: 18.8612%;\" valign=\"top\"><strong>Hores anuals<\/strong><\/td>\n<td style=\"width: 16.548%;\" valign=\"top\"><strong>Horari<\/strong><\/td>\n<td style=\"width: 10.3203%;\" valign=\"top\"><strong>Dies<\/strong><\/td>\n<td style=\"width: 21.3523%;\" valign=\"top\"><strong>Professor\/a<\/strong><\/td>\n<td style=\"width: 8.71886%;\" valign=\"top\"><strong>Aula<\/strong><\/td>\n<\/tr>\n<tr>\n<td style=\"width: 9.07473%;\">A1<\/td>\n<td style=\"width: 14.9466%;\">Presencial<\/td>\n<td style=\"width: 18.8612%;\">130<\/td>\n<td style=\"width: 16.548%;\">16.00-18.15<\/td>\n<td style=\"width: 10.3203%;\">Dm\/Dj<\/td>\n<td style=\"width: 21.3523%;\">Tabea Burn<\/td>\n<td style=\"width: 8.71886%;\">25<\/td>\n<\/tr>\n<tr>\n<td style=\"width: 9.07473%;\" valign=\"top\">A2<\/td>\n<td style=\"width: 14.9466%;\">Presencial<\/td>\n<td style=\"width: 18.8612%;\" valign=\"top\">130<\/td>\n<td style=\"width: 16.548%;\" valign=\"top\">18.30-20.45<\/td>\n<td style=\"width: 10.3203%;\" valign=\"top\">Dm\/Dj<\/td>\n<td style=\"width: 21.3523%;\" valign=\"top\">Tabea Burn<\/td>\n<td style=\"width: 8.71886%;\" valign=\"top\">25<\/td>\n<\/tr>\n<\/tbody>\n<\/table>\n<p><strong style=\"font-family: inherit; font-size: 1em;\"><br \/>\nHorari d\u2019atenci\u00f3<\/strong><span style=\"font-family: inherit; font-size: 1em;\"> (amb cita pr\u00e8via)<\/span><\/p>\n<table style=\"border-collapse: collapse; width: 100%;\">\n<tbody>\n<tr>\n<td style=\"width: 33.3333%;\">Tabea Burn (Cap de departament)<\/td>\n<td style=\"width: 33.3333%;\">Horari d&#8217;atenci\u00f3 a l&#8217;alumnat<\/td>\n<td style=\"width: 33.3333%;\">tabea.burn<span class=\"\">@eoiguixols.cat<\/span><\/td>\n<\/tr>\n<\/tbody>\n<\/table>\n","protected":false},"excerpt":{"rendered":"<p>Departament d&#8217;Alemany Curs 2025-2026 Curs Modalitat Hores anuals Horari Dies Professor\/a Aula A1 Presencial 130 16.00-18.15 Dm\/Dj Tabea Burn 25 A2 Presencial 130 18.30-20.45 Dm\/Dj Tabea Burn 25 Horari d\u2019atenci\u00f3 (amb cita pr\u00e8via) Tabea Burn (Cap de departament) Horari d&#8217;atenci\u00f3 a l&#8217;alumnat tabea.burn@eoiguixols.cat<\/p>\n","protected":false},"author":1,"featured_media":0,"parent":8185,"menu_order":10,"comment_status":"closed","ping_status":"closed","template":"","meta":{"_bbp_topic_count":0,"_bbp_reply_count":0,"_bbp_total_topic_count":0,"_bbp_total_reply_count":0,"_bbp_voice_count":0,"_bbp_anonymous_reply_count":0,"_bbp_topic_count_hidden":0,"_bbp_reply_count_hidden":0,"_bbp_forum_subforum_count":0,"site-sidebar-layout":"default","site-content-layout":"","ast-site-content-layout":"default","site-content-style":"default","site-sidebar-style":"default","ast-global-header-display":"","ast-banner-title-visibility":"","ast-main-header-display":"","ast-hfb-above-header-display":"","ast-hfb-below-header-display":"","ast-hfb-mobile-header-display":"","site-post-title":"","ast-breadcrumbs-content":"","ast-featured-img":"","footer-sml-layout":"","theme-transparent-header-meta":"default","adv-header-id-meta":"","stick-header-meta":"","header-above-stick-meta":"","header-main-stick-meta":"","header-below-stick-meta":"","astra-migrate-meta-layouts":"set","ast-page-background-enabled":"default","ast-page-background-meta":{"desktop":{"background-color":"var(--ast-global-color-4)","background-image":"","background-repeat":"repeat","background-position":"center center","background-size":"auto","background-attachment":"scroll","background-type":"","background-media":"","overlay-type":"","overlay-color":"","overlay-opacity":"","overlay-gradient":""},"tablet":{"background-color":"","background-image":"","background-repeat":"repeat","background-position":"center center","background-size":"auto","background-attachment":"scroll","background-type":"","background-media":"","overlay-type":"","overlay-color":"","overlay-opacity":"","overlay-gradient":""},"mobile":{"background-color":"","background-image":"","background-repeat":"repeat","background-position":"center center","background-size":"auto","background-attachment":"scroll","background-type":"","background-media":"","overlay-type":"","overlay-color":"","overlay-opacity":"","overlay-gradient":""}},"ast-content-background-meta":{"desktop":{"background-color":"var(--ast-global-color-5)","background-image":"","background-repeat":"repeat","background-position":"center center","background-size":"auto","background-attachment":"scroll","background-type":"","background-media":"","overlay-type":"","overlay-color":"","overlay-opacity":"","overlay-gradient":""},"tablet":{"background-color":"var(--ast-global-color-5)","background-image":"","background-repeat":"repeat","background-position":"center center","background-size":"auto","background-attachment":"scroll","background-type":"","background-media":"","overlay-type":"","overlay-color":"","overlay-opacity":"","overlay-gradient":""},"mobile":{"background-color":"var(--ast-global-color-5)","background-image":"","background-repeat":"repeat","background-position":"center center","background-size":"auto","background-attachment":"scroll","background-type":"","background-media":"","overlay-type":"","overlay-color":"","overlay-opacity":"","overlay-gradient":""}},"footnotes":""},"class_list":["post-8206","page","type-page","status-publish","hentry"],"post_mailing_queue_ids":[],"_links":{"self":[{"href":"https:\/\/agora-eoi.xtec.cat\/eoiguixols\/wp-json\/wp\/v2\/pages\/8206","targetHints":{"allow":["GET"]}}],"collection":[{"href":"https:\/\/agora-eoi.xtec.cat\/eoiguixols\/wp-json\/wp\/v2\/pages"}],"about":[{"href":"https:\/\/agora-eoi.xtec.cat\/eoiguixols\/wp-json\/wp\/v2\/types\/page"}],"author":[{"embeddable":true,"href":"https:\/\/agora-eoi.xtec.cat\/eoiguixols\/wp-json\/wp\/v2\/users\/1"}],"replies":[{"embeddable":true,"href":"https:\/\/agora-eoi.xtec.cat\/eoiguixols\/wp-json\/wp\/v2\/comments?post=8206"}],"version-history":[{"count":7,"href":"https:\/\/agora-eoi.xtec.cat\/eoiguixols\/wp-json\/wp\/v2\/pages\/8206\/revisions"}],"predecessor-version":[{"id":13489,"href":"https:\/\/agora-eoi.xtec.cat\/eoiguixols\/wp-json\/wp\/v2\/pages\/8206\/revisions\/13489"}],"up":[{"embeddable":true,"href":"https:\/\/agora-eoi.xtec.cat\/eoiguixols\/wp-json\/wp\/v2\/pages\/8185"}],"wp:attachment":[{"href":"https:\/\/agora-eoi.xtec.cat\/eoiguixols\/wp-json\/wp\/v2\/media?parent=8206"}],"curies":[{"name":"wp","href":"https:\/\/api.w.org\/{rel}","templated":true}]}}