{"id":8189,"date":"2016-06-09T14:31:19","date_gmt":"2016-06-09T13:31:19","guid":{"rendered":"http:\/\/agora-eoi.xtec.cat\/eoiguixols\/?page_id=8189"},"modified":"2025-07-15T10:19:29","modified_gmt":"2025-07-15T08:19:29","slug":"angles","status":"publish","type":"page","link":"https:\/\/agora-eoi.xtec.cat\/eoiguixols\/idiomes\/angles\/","title":{"rendered":"Angl\u00e8s"},"content":{"rendered":"<p><a href=\"http:\/\/agora-eoi.xtec.cat\/eoiguixols\/wp-content\/uploads\/usu2257\/2014\/09\/Big-Ben-96.png\" rel=\"attachment wp-att-8396\"><img loading=\"lazy\" decoding=\"async\" class=\"size-full wp-image-8396 alignleft\" src=\"http:\/\/agora-eoi.xtec.cat\/eoiguixols\/wp-content\/uploads\/usu2257\/2014\/09\/Big-Ben-96.png\" alt=\"Big Ben-96\" width=\"96\" height=\"96\" \/><\/a><\/p>\n<div><\/div>\n<div>\n<div dir=\"ltr\">\n<p><strong>M\u00fasica, Pel\u00b7l\u00edcules, Treball, Viatges, Curr\u00edculum, Amistats, Xarxes socials, Diversi\u00f3&#8230;<\/strong><\/p>\n<p><strong>Tots tenim motius per aprendre l\u2019angl\u00e8s.<\/strong><\/p>\n<p>Benvinguts al departament d\u2019angl\u00e8s de l\u2019EOI Sant Feliu de Gu\u00edxols. Som un equip de 4 docents que treballem cada dia per millorar i actualitzar els nostres coneixements did\u00e0ctics de l\u2019ensenyament i de l&#8217;aprenentatge d\u2019una de les lleng\u00fces m\u00e9s parlades del m\u00f3n. Veniu a l\u2019EOI, el vostre nivell d\u2019angl\u00e8s millorar\u00e0 des del primer dia, fareu noves amistats, ampliareu el vostre coneixement del m\u00f3n, sentireu que podeu viatjar arreu i estareu m\u00e9s preparats per a la feina.<\/p>\n<p>A l\u2019EOI Sant Feliu de Gu\u00edxols impartim 6 cursos d\u2019angl\u00e8s que condueixen a l\u2019obtenci\u00f3 dels Certificats de Nivell B\u00e0sic A2, de Nivell Intermedi B1, de Nivell Intermedi B2 i de Nivell Avan\u00e7at C1, tots ells reconeguts per les empreses i institucions del pa\u00eds.<\/p>\n<p>Aprendre idiomes no \u00e9s f\u00e0cil del tot per\u00f2 tot \u00e9s m\u00e9s planer amb un bon equip de professionals i amb l\u2019ajut dels companys i de les companyes de classe que proporcionen un entorn\u00a0 d\u2019aprenentatge divertit i am\u00e8, per\u00f2 alhora rigor\u00f3s i professional.<\/p>\n<p>Utilitzem la metodologia m\u00e9s moderna sense renunciar a aspectes de la metodologia tradicional que tamb\u00e9 considerem apropiats. Ah, i tenim les noves tecnologies a punt.<\/p>\n<p>Us hi esperem!<\/p>\n<p><strong>We\u2019re looking forward to seeing you!<\/strong><\/p>\n<\/div>\n<\/div>\n","protected":false},"excerpt":{"rendered":"<p>M\u00fasica, Pel\u00b7l\u00edcules, Treball, Viatges, Curr\u00edculum, Amistats, Xarxes socials, Diversi\u00f3&#8230; Tots tenim motius per aprendre l\u2019angl\u00e8s. Benvinguts al departament d\u2019angl\u00e8s de l\u2019EOI Sant Feliu de Gu\u00edxols. Som un equip de 4 docents que treballem cada dia per millorar i actualitzar els nostres coneixements did\u00e0ctics de l\u2019ensenyament i de l&#8217;aprenentatge d\u2019una de les lleng\u00fces m\u00e9s parlades del [&hellip;]<\/p>\n","protected":false},"author":1,"featured_media":0,"parent":13394,"menu_order":20,"comment_status":"closed","ping_status":"closed","template":"","meta":{"_bbp_topic_count":0,"_bbp_reply_count":0,"_bbp_total_topic_count":0,"_bbp_total_reply_count":0,"_bbp_voice_count":0,"_bbp_anonymous_reply_count":0,"_bbp_topic_count_hidden":0,"_bbp_reply_count_hidden":0,"_bbp_forum_subforum_count":0,"site-sidebar-layout":"default","site-content-layout":"","ast-site-content-layout":"default","site-content-style":"default","site-sidebar-style":"default","ast-global-header-display":"","ast-banner-title-visibility":"","ast-main-header-display":"","ast-hfb-above-header-display":"","ast-hfb-below-header-display":"","ast-hfb-mobile-header-display":"","site-post-title":"","ast-breadcrumbs-content":"","ast-featured-img":"","footer-sml-layout":"","theme-transparent-header-meta":"default","adv-header-id-meta":"","stick-header-meta":"","header-above-stick-meta":"","header-main-stick-meta":"","header-below-stick-meta":"","astra-migrate-meta-layouts":"set","ast-page-background-enabled":"default","ast-page-background-meta":{"desktop":{"background-color":"var(--ast-global-color-4)","background-image":"","background-repeat":"repeat","background-position":"center center","background-size":"auto","background-attachment":"scroll","background-type":"","background-media":"","overlay-type":"","overlay-color":"","overlay-opacity":"","overlay-gradient":""},"tablet":{"background-color":"","background-image":"","background-repeat":"repeat","background-position":"center center","background-size":"auto","background-attachment":"scroll","background-type":"","background-media":"","overlay-type":"","overlay-color":"","overlay-opacity":"","overlay-gradient":""},"mobile":{"background-color":"","background-image":"","background-repeat":"repeat","background-position":"center center","background-size":"auto","background-attachment":"scroll","background-type":"","background-media":"","overlay-type":"","overlay-color":"","overlay-opacity":"","overlay-gradient":""}},"ast-content-background-meta":{"desktop":{"background-color":"var(--ast-global-color-5)","background-image":"","background-repeat":"repeat","background-position":"center center","background-size":"auto","background-attachment":"scroll","background-type":"","background-media":"","overlay-type":"","overlay-color":"","overlay-opacity":"","overlay-gradient":""},"tablet":{"background-color":"var(--ast-global-color-5)","background-image":"","background-repeat":"repeat","background-position":"center center","background-size":"auto","background-attachment":"scroll","background-type":"","background-media":"","overlay-type":"","overlay-color":"","overlay-opacity":"","overlay-gradient":""},"mobile":{"background-color":"var(--ast-global-color-5)","background-image":"","background-repeat":"repeat","background-position":"center center","background-size":"auto","background-attachment":"scroll","background-type":"","background-media":"","overlay-type":"","overlay-color":"","overlay-opacity":"","overlay-gradient":""}},"footnotes":""},"class_list":["post-8189","page","type-page","status-publish","hentry"],"post_mailing_queue_ids":[],"_links":{"self":[{"href":"https:\/\/agora-eoi.xtec.cat\/eoiguixols\/wp-json\/wp\/v2\/pages\/8189","targetHints":{"allow":["GET"]}}],"collection":[{"href":"https:\/\/agora-eoi.xtec.cat\/eoiguixols\/wp-json\/wp\/v2\/pages"}],"about":[{"href":"https:\/\/agora-eoi.xtec.cat\/eoiguixols\/wp-json\/wp\/v2\/types\/page"}],"author":[{"embeddable":true,"href":"https:\/\/agora-eoi.xtec.cat\/eoiguixols\/wp-json\/wp\/v2\/users\/1"}],"replies":[{"embeddable":true,"href":"https:\/\/agora-eoi.xtec.cat\/eoiguixols\/wp-json\/wp\/v2\/comments?post=8189"}],"version-history":[{"count":4,"href":"https:\/\/agora-eoi.xtec.cat\/eoiguixols\/wp-json\/wp\/v2\/pages\/8189\/revisions"}],"predecessor-version":[{"id":12777,"href":"https:\/\/agora-eoi.xtec.cat\/eoiguixols\/wp-json\/wp\/v2\/pages\/8189\/revisions\/12777"}],"up":[{"embeddable":true,"href":"https:\/\/agora-eoi.xtec.cat\/eoiguixols\/wp-json\/wp\/v2\/pages\/13394"}],"wp:attachment":[{"href":"https:\/\/agora-eoi.xtec.cat\/eoiguixols\/wp-json\/wp\/v2\/media?parent=8189"}],"curies":[{"name":"wp","href":"https:\/\/api.w.org\/{rel}","templated":true}]}}