{"id":8185,"date":"2016-06-09T14:29:49","date_gmt":"2016-06-09T13:29:49","guid":{"rendered":"http:\/\/agora-eoi.xtec.cat\/eoiguixols\/?page_id=8185"},"modified":"2025-07-15T10:19:24","modified_gmt":"2025-07-15T08:19:24","slug":"alemany","status":"publish","type":"page","link":"https:\/\/agora-eoi.xtec.cat\/eoiguixols\/idiomes\/alemany\/","title":{"rendered":"Alemany"},"content":{"rendered":"<p><a href=\"http:\/\/agora-eoi.xtec.cat\/eoiguixols\/wp-content\/uploads\/usu2257\/2016\/06\/German-Hat-96.png\" rel=\"attachment wp-att-8391\"><img loading=\"lazy\" decoding=\"async\" class=\"size-full wp-image-8391 alignleft\" src=\"http:\/\/agora-eoi.xtec.cat\/eoiguixols\/wp-content\/uploads\/usu2257\/2016\/06\/German-Hat-96.png\" alt=\"German Hat-96\" width=\"96\" height=\"96\" \/><\/a><\/p>\n<p><strong>Willkommen an der Deutschabteilung!<\/strong><\/p>\n<p>Benvinguts al departament d\u2019alemany!<\/p>\n<p>El departament est\u00e0 format per 1 docent. La metodologia i el nombre d\u2019alumnes per grup propicia que les classes siguin amenes i din\u00e0miques, oferint una atenci\u00f3 molt individualitzada.<\/p>\n<p>El nostre objectiu principal \u00e9s capacitar l\u2019alumnat en l\u2019\u00fas de l\u2019idioma com a vehicle de comunicaci\u00f3, de forma receptiva i productiva, tant en llengua oral com en llengua escrita. A m\u00e9s, treballem per apropar els alumnes a la cultura dels pa\u00efsos de parla alemanya i oferim un programa d\u2019activitats culturals que constitueixen no nom\u00e9s un complement de l\u2019activitat a l\u2019aula sin\u00f3 tamb\u00e9 un espai de relaci\u00f3 i comunicaci\u00f3.<\/p>\n<p>Impartim els nivells A1 i A2, els quals condueixen a l\u2019obtenci\u00f3 del certificat de Nivell B\u00e0sic A2. Aquest certificat est\u00e0 ancorat dins el Marc Europeu Com\u00fa de Refer\u00e8ncia i, per tant, reconegut per empreses, institucions i universitats de tot el pa\u00eds i dels altres pa\u00efsos de la Uni\u00f3 Europea.<\/p>\n<p>Les noves tecnologies tenen un paper molt important al nostre centre. Tindreu acc\u00e9s al nostre entorn virtual d\u2019aprenentatge, un complement ideal a les classes presencials.<\/p>\n<p>Esperem veure-us aviat!<\/p>\n<p><strong>Bis bald!<\/strong><\/p>\n<p>&nbsp;<\/p>\n","protected":false},"excerpt":{"rendered":"<p>Willkommen an der Deutschabteilung! Benvinguts al departament d\u2019alemany! El departament est\u00e0 format per 1 docent. La metodologia i el nombre d\u2019alumnes per grup propicia que les classes siguin amenes i din\u00e0miques, oferint una atenci\u00f3 molt individualitzada. El nostre objectiu principal \u00e9s capacitar l\u2019alumnat en l\u2019\u00fas de l\u2019idioma com a vehicle de comunicaci\u00f3, de forma receptiva [&hellip;]<\/p>\n","protected":false},"author":1,"featured_media":0,"parent":13394,"menu_order":10,"comment_status":"closed","ping_status":"closed","template":"","meta":{"_bbp_topic_count":0,"_bbp_reply_count":0,"_bbp_total_topic_count":0,"_bbp_total_reply_count":0,"_bbp_voice_count":0,"_bbp_anonymous_reply_count":0,"_bbp_topic_count_hidden":0,"_bbp_reply_count_hidden":0,"_bbp_forum_subforum_count":0,"site-sidebar-layout":"default","site-content-layout":"","ast-site-content-layout":"default","site-content-style":"default","site-sidebar-style":"default","ast-global-header-display":"","ast-banner-title-visibility":"","ast-main-header-display":"","ast-hfb-above-header-display":"","ast-hfb-below-header-display":"","ast-hfb-mobile-header-display":"","site-post-title":"","ast-breadcrumbs-content":"","ast-featured-img":"","footer-sml-layout":"","theme-transparent-header-meta":"default","adv-header-id-meta":"","stick-header-meta":"","header-above-stick-meta":"","header-main-stick-meta":"","header-below-stick-meta":"","astra-migrate-meta-layouts":"set","ast-page-background-enabled":"default","ast-page-background-meta":{"desktop":{"background-color":"var(--ast-global-color-4)","background-image":"","background-repeat":"repeat","background-position":"center center","background-size":"auto","background-attachment":"scroll","background-type":"","background-media":"","overlay-type":"","overlay-color":"","overlay-opacity":"","overlay-gradient":""},"tablet":{"background-color":"","background-image":"","background-repeat":"repeat","background-position":"center center","background-size":"auto","background-attachment":"scroll","background-type":"","background-media":"","overlay-type":"","overlay-color":"","overlay-opacity":"","overlay-gradient":""},"mobile":{"background-color":"","background-image":"","background-repeat":"repeat","background-position":"center center","background-size":"auto","background-attachment":"scroll","background-type":"","background-media":"","overlay-type":"","overlay-color":"","overlay-opacity":"","overlay-gradient":""}},"ast-content-background-meta":{"desktop":{"background-color":"var(--ast-global-color-5)","background-image":"","background-repeat":"repeat","background-position":"center center","background-size":"auto","background-attachment":"scroll","background-type":"","background-media":"","overlay-type":"","overlay-color":"","overlay-opacity":"","overlay-gradient":""},"tablet":{"background-color":"var(--ast-global-color-5)","background-image":"","background-repeat":"repeat","background-position":"center center","background-size":"auto","background-attachment":"scroll","background-type":"","background-media":"","overlay-type":"","overlay-color":"","overlay-opacity":"","overlay-gradient":""},"mobile":{"background-color":"var(--ast-global-color-5)","background-image":"","background-repeat":"repeat","background-position":"center center","background-size":"auto","background-attachment":"scroll","background-type":"","background-media":"","overlay-type":"","overlay-color":"","overlay-opacity":"","overlay-gradient":""}},"footnotes":""},"class_list":["post-8185","page","type-page","status-publish","hentry"],"post_mailing_queue_ids":[],"_links":{"self":[{"href":"https:\/\/agora-eoi.xtec.cat\/eoiguixols\/wp-json\/wp\/v2\/pages\/8185","targetHints":{"allow":["GET"]}}],"collection":[{"href":"https:\/\/agora-eoi.xtec.cat\/eoiguixols\/wp-json\/wp\/v2\/pages"}],"about":[{"href":"https:\/\/agora-eoi.xtec.cat\/eoiguixols\/wp-json\/wp\/v2\/types\/page"}],"author":[{"embeddable":true,"href":"https:\/\/agora-eoi.xtec.cat\/eoiguixols\/wp-json\/wp\/v2\/users\/1"}],"replies":[{"embeddable":true,"href":"https:\/\/agora-eoi.xtec.cat\/eoiguixols\/wp-json\/wp\/v2\/comments?post=8185"}],"version-history":[{"count":7,"href":"https:\/\/agora-eoi.xtec.cat\/eoiguixols\/wp-json\/wp\/v2\/pages\/8185\/revisions"}],"predecessor-version":[{"id":13028,"href":"https:\/\/agora-eoi.xtec.cat\/eoiguixols\/wp-json\/wp\/v2\/pages\/8185\/revisions\/13028"}],"up":[{"embeddable":true,"href":"https:\/\/agora-eoi.xtec.cat\/eoiguixols\/wp-json\/wp\/v2\/pages\/13394"}],"wp:attachment":[{"href":"https:\/\/agora-eoi.xtec.cat\/eoiguixols\/wp-json\/wp\/v2\/media?parent=8185"}],"curies":[{"name":"wp","href":"https:\/\/api.w.org\/{rel}","templated":true}]}}