{"id":8166,"date":"2016-06-08T17:01:17","date_gmt":"2016-06-08T16:01:17","guid":{"rendered":"http:\/\/agora-eoi.xtec.cat\/eoiguixols\/?page_id=8166"},"modified":"2025-11-04T10:54:16","modified_gmt":"2025-11-04T09:54:16","slug":"alumnes-nous","status":"publish","type":"page","link":"https:\/\/agora-eoi.xtec.cat\/eoiguixols\/secretaria\/alumnes-nous\/","title":{"rendered":"Alumnat nou &#8211; Curs 25-26"},"content":{"rendered":"<h3><span id=\"Curs_2020-2021\">Curs 2025-2026<\/span><\/h3>\n<p>El Departament d\u2019Educaci\u00f3 centralitza tot el proc\u00e9s de preinscripci\u00f3 a les EOI de Catalunya.<\/p>\n<p>Les persones interessades hauran de fer la preinscripci\u00f3 de forma telem\u00e0tica al seg\u00fcent\u00a0<a href=\"https:\/\/www.eoidigital.com\/eoicat\/alumnes\" target=\"_blank\" rel=\"noopener noreferrer\">enlla\u00e7 de preinscripci\u00f3<\/a>. Trobareu tota la informaci\u00f3 referent a aquest proc\u00e9s al web del Departament d\u2019Educaci\u00f3 de la Generalitat de Catalunya <a href=\"https:\/\/web.gencat.cat\/ca\/tramits\/tramits-temes\/preinscripcio-idiomes\" target=\"_blank\" rel=\"noopener\">Preinscripci\u00f3 2025-2026 | Idiomes a les EOI<\/a>. L\u2019aplicatiu nom\u00e9s acceptar\u00e0 preinscripcions\u00a0<strong>des de les 12h de l&#8217;1 de setembre fins a les 15h del 8 de setembre de 2025<\/strong>.<\/p>\n<p><a href=\"https:\/\/agora-eoi.xtec.cat\/eoiguixols\/wp-content\/uploads\/usu2257\/2025\/05\/eoi-10-eoi-1.pdf\" target=\"_blank\" rel=\"noopener\">Infografia Preinscripci\u00f3 2025-2026<\/a> &#8211;\u00a0<a href=\"https:\/\/preinscripcio.gencat.cat\/ca\/estudis\/idiomes-eoi\/inici\/\" target=\"_blank\" rel=\"noopener\">M\u00e9s informaci\u00f3 sobre la preinscripci\u00f3 d&#8217;idiomes a les EOI<\/a><\/p>\n","protected":false},"excerpt":{"rendered":"<p>Curs 2025-2026 El Departament d\u2019Educaci\u00f3 centralitza tot el proc\u00e9s de preinscripci\u00f3 a les EOI de Catalunya. Les persones interessades hauran de fer la preinscripci\u00f3 de forma telem\u00e0tica al seg\u00fcent\u00a0enlla\u00e7 de preinscripci\u00f3. Trobareu tota la informaci\u00f3 referent a aquest proc\u00e9s al web del Departament d\u2019Educaci\u00f3 de la Generalitat de Catalunya Preinscripci\u00f3 2025-2026 | Idiomes a les [&hellip;]<\/p>\n","protected":false},"author":1,"featured_media":0,"parent":8358,"menu_order":10,"comment_status":"closed","ping_status":"closed","template":"","meta":{"_bbp_topic_count":0,"_bbp_reply_count":0,"_bbp_total_topic_count":0,"_bbp_total_reply_count":0,"_bbp_voice_count":0,"_bbp_anonymous_reply_count":0,"_bbp_topic_count_hidden":0,"_bbp_reply_count_hidden":0,"_bbp_forum_subforum_count":0,"site-sidebar-layout":"default","site-content-layout":"","ast-site-content-layout":"default","site-content-style":"default","site-sidebar-style":"default","ast-global-header-display":"","ast-banner-title-visibility":"","ast-main-header-display":"","ast-hfb-above-header-display":"","ast-hfb-below-header-display":"","ast-hfb-mobile-header-display":"","site-post-title":"","ast-breadcrumbs-content":"","ast-featured-img":"","footer-sml-layout":"","theme-transparent-header-meta":"default","adv-header-id-meta":"","stick-header-meta":"","header-above-stick-meta":"","header-main-stick-meta":"","header-below-stick-meta":"","astra-migrate-meta-layouts":"set","ast-page-background-enabled":"default","ast-page-background-meta":{"desktop":{"background-color":"var(--ast-global-color-4)","background-image":"","background-repeat":"repeat","background-position":"center center","background-size":"auto","background-attachment":"scroll","background-type":"","background-media":"","overlay-type":"","overlay-color":"","overlay-opacity":"","overlay-gradient":""},"tablet":{"background-color":"","background-image":"","background-repeat":"repeat","background-position":"center center","background-size":"auto","background-attachment":"scroll","background-type":"","background-media":"","overlay-type":"","overlay-color":"","overlay-opacity":"","overlay-gradient":""},"mobile":{"background-color":"","background-image":"","background-repeat":"repeat","background-position":"center center","background-size":"auto","background-attachment":"scroll","background-type":"","background-media":"","overlay-type":"","overlay-color":"","overlay-opacity":"","overlay-gradient":""}},"ast-content-background-meta":{"desktop":{"background-color":"var(--ast-global-color-5)","background-image":"","background-repeat":"repeat","background-position":"center center","background-size":"auto","background-attachment":"scroll","background-type":"","background-media":"","overlay-type":"","overlay-color":"","overlay-opacity":"","overlay-gradient":""},"tablet":{"background-color":"var(--ast-global-color-5)","background-image":"","background-repeat":"repeat","background-position":"center center","background-size":"auto","background-attachment":"scroll","background-type":"","background-media":"","overlay-type":"","overlay-color":"","overlay-opacity":"","overlay-gradient":""},"mobile":{"background-color":"var(--ast-global-color-5)","background-image":"","background-repeat":"repeat","background-position":"center center","background-size":"auto","background-attachment":"scroll","background-type":"","background-media":"","overlay-type":"","overlay-color":"","overlay-opacity":"","overlay-gradient":""}},"footnotes":""},"class_list":["post-8166","page","type-page","status-publish","hentry"],"post_mailing_queue_ids":[],"_links":{"self":[{"href":"https:\/\/agora-eoi.xtec.cat\/eoiguixols\/wp-json\/wp\/v2\/pages\/8166","targetHints":{"allow":["GET"]}}],"collection":[{"href":"https:\/\/agora-eoi.xtec.cat\/eoiguixols\/wp-json\/wp\/v2\/pages"}],"about":[{"href":"https:\/\/agora-eoi.xtec.cat\/eoiguixols\/wp-json\/wp\/v2\/types\/page"}],"author":[{"embeddable":true,"href":"https:\/\/agora-eoi.xtec.cat\/eoiguixols\/wp-json\/wp\/v2\/users\/1"}],"replies":[{"embeddable":true,"href":"https:\/\/agora-eoi.xtec.cat\/eoiguixols\/wp-json\/wp\/v2\/comments?post=8166"}],"version-history":[{"count":7,"href":"https:\/\/agora-eoi.xtec.cat\/eoiguixols\/wp-json\/wp\/v2\/pages\/8166\/revisions"}],"predecessor-version":[{"id":13527,"href":"https:\/\/agora-eoi.xtec.cat\/eoiguixols\/wp-json\/wp\/v2\/pages\/8166\/revisions\/13527"}],"up":[{"embeddable":true,"href":"https:\/\/agora-eoi.xtec.cat\/eoiguixols\/wp-json\/wp\/v2\/pages\/8358"}],"wp:attachment":[{"href":"https:\/\/agora-eoi.xtec.cat\/eoiguixols\/wp-json\/wp\/v2\/media?parent=8166"}],"curies":[{"name":"wp","href":"https:\/\/api.w.org\/{rel}","templated":true}]}}