{"id":8164,"date":"2016-06-08T17:00:04","date_gmt":"2016-06-08T16:00:04","guid":{"rendered":"http:\/\/agora-eoi.xtec.cat\/eoiguixols\/?page_id=8164"},"modified":"2026-04-24T12:42:23","modified_gmt":"2026-04-24T10:42:23","slug":"alumnes-antics","status":"publish","type":"page","link":"https:\/\/agora-eoi.xtec.cat\/eoiguixols\/secretaria\/alumnes-antics\/","title":{"rendered":"Alumnat oficial"},"content":{"rendered":"<h3>Calendari de matr\u00edcula d&#8217;alumnat oficial I Curs 2026-2027 I Juliol 2026<\/h3>\n<p><span style=\"color: #ff0000;\"><strong>Informaci\u00f3 del curs 2026-2027 pendent d&#8217;actualitzar<\/strong><\/span><\/p>\n<p><span style=\"font-family: inherit; font-size: 1em;\">L&#8217;alumnat oficial \u00e9s qualsevol persona matriculada en un curs oficial d\u2019un idioma en aquesta escola el curs acad\u00e8mic immediatament anterior (en aquest cas durant el curs 2025-2026).<\/span><\/p>\n<p>Per tal d\u2019agilitzar el proc\u00e9s de matr\u00edcula d\u2019antics alumnes, a l\u2019<strong>Escola Oficial d\u2019Idiomes de Sant Feliu de Gu\u00edxols<\/strong>, l\u2019alumnat haur\u00e0 de fer la matr\u00edcula pr\u00f2pia <strong>via telem\u00e0tica <\/strong>els dies que s\u2019indiquen en el calendari seg\u00fcent i d\u2019acord amb les pautes que s\u2019hi descriuen:<\/p>\n<table style=\"width: 100%; height: 198px;\">\n<tbody>\n<tr style=\"height: 62px;\">\n<td style=\"width: 99.4199%; height: 62px;\" colspan=\"2\">\n<p style=\"text-align: center;\"><strong>ANTICS\u00a0 ALUMNES<\/strong><\/p>\n<\/td>\n<\/tr>\n<tr style=\"height: 40px;\">\n<td style=\"width: 10.5149%; height: 40px;\"><span style=\"color: #000000;\"><strong>Dies<\/strong><\/span><\/p>\n<p><span style=\"color: #000000;\"><strong>1 i 2<\/strong><strong>\u00a0de juliol<\/strong><\/span><\/td>\n<td style=\"width: 88.905%; height: 40px;\"><span style=\"color: #000000;\"><strong>Alumnes d&#8217;A1 a B2.2 del curs 2024-25<\/strong>\u00a0 que han obtingut la qualificaci\u00f3 d\u2019<strong>APTE\/A<\/strong> i que es volen matricular a un grup de la <strong>mateixa franja hor\u00e0ria<\/strong> *<\/span><\/td>\n<\/tr>\n<tr style=\"height: 62px;\">\n<td style=\"width: 10.5149%; height: 62px;\"><span style=\"color: #000000;\"><strong>Dies<\/strong><\/span><\/p>\n<p><span style=\"color: #000000;\"><strong>3 i 4 de juliol<\/strong><\/span><\/td>\n<td style=\"width: 88.905%; height: 62px;\"><span style=\"color: #000000;\"><strong>Alumnes d&#8217;A1 a B2.2 del curs 2024-25<\/strong>\u00a0 que han obtingut la qualificaci\u00f3 d\u2019<strong>APTE\/A<\/strong> i que es volen matricular a un grup d\u2019una <strong>franja hor\u00e0ria diferent <\/strong>*<\/span><\/td>\n<\/tr>\n<tr style=\"height: 34px;\">\n<td style=\"width: 10.5149%; height: 34px;\"><span style=\"color: #000000;\"><strong>Dies<\/strong><\/span><\/p>\n<p><span style=\"color: #000000;\"><strong>5, 6 i 7 de juliol<\/strong><\/span><\/td>\n<td style=\"width: 88.905%; height: 34px;\"><span style=\"color: #000000;\"><strong>Alumnes d&#8217;A1 a C1 del curs 2024-25<\/strong>\u00a0que han obtingut la qualificaci\u00f3 de <strong>NO APTE\/A, <\/strong><strong>NO PRESENTAT\/DA<\/strong> o que van fer la <strong>REN\u00daNCIA<\/strong> de matr\u00edcula.<\/span><\/td>\n<\/tr>\n<\/tbody>\n<\/table>\n<p>Consulteu aqu\u00ed els <strong>horaris del proper curs 2026-27 <\/strong>(alemany I angl\u00e8s I franc\u00e8s) al web de l\u2019escola o al tauler d\u2019anuncis.<\/p>\n<p><strong><span style=\"text-decoration: underline;\">Els\/Les alumnes que no es matriculin dins d\u2019aquest per\u00edode de matr\u00edcula del mes de juliol<\/span><\/strong> perdran la seva prioritat de dia i d\u2019horari respecte als que ja ho hagin fet. Qualsevol incid\u00e8ncia relacionada amb la matr\u00edcula, l\u2019alumnat l\u2019haur\u00e0 de resoldre el<span style=\"color: #000000;\">s dies<strong> 8 i 9 de juliol<\/strong> pr<\/span>esencialment a l\u2019escola. Si la matr\u00edcula no queda formalitzada el juliol, hauran de preinscriure\u2019s de l&#8217;<strong>1 al 8 de setembre<\/strong> com a alumnes nous.<\/p>\n<p><strong><span style=\"text-decoration: underline;\">L&#8217;alumnat oficial de nivell b\u00e0sic d&#8217;A2 d\u2019alemany i de nivell avan\u00e7at C1 d&#8217;angl\u00e8s<\/span>\u00a0<\/strong>que hagi obtingut la qualificaci\u00f3 d\u2019Apte\/a i vulgui continuar els seus estudis del mateix idioma a l\u2019EOI Girona, s\u2019haur\u00e0 de posar en contacte<strong><span style=\"color: #000000;\"> la primera setmana de juliol de 2026<\/span>\u00a0<\/strong>amb la secretaria de l&#8217;EOI Sant Feliu de Gu\u00edxols.<\/p>\n<p><strong><span style=\"text-decoration: underline;\">Els\/Les alumnes que es matriculin el mes de juliol<\/span> NO <\/strong>podran preinscriure\u2019s el mes de setembre de la mateixa llengua i curs en una altra escola amb la intenci\u00f3 de traslladar-hi la matr\u00edcula feta. El trasllat de matr\u00edcula d\u2019una escola a una altra es fa, de manera ordin\u00e0ria, durant el curs i en el cas que l\u2019escola a la qual es vulgui traslladar la matr\u00edcula disposi de places.<\/p>\n<p>De manera extraordin\u00e0ria i dins el per\u00edode no lectiu, els\/les alumnes oficials, un cop hagin formalitzat la matr\u00edcula al seu centre d\u2019origen, poden sol\u00b7licitar un <strong><span style=\"text-decoration: underline;\">trasllat de matr\u00edcula<\/span> <\/strong>a una altra escola els dies<span style=\"color: #000000;\"> <strong>10 i 11<\/strong>\u00a0<strong>de juliol.<\/strong> L<\/span>a sol\u00b7licitud es far\u00e0 <span style=\"text-decoration: underline;\">presencialment a l\u2019escola de destinaci\u00f3<\/span>, i quedar\u00e0 condicionada a la disponibilitat de places. L\u2019escola de destinaci\u00f3 es posar\u00e0 en contacte amb els\/les alumnes, a trav\u00e9s dels mitjans que estableixi, per notificar l\u2019acceptaci\u00f3 o la denegaci\u00f3 del trasllat. En cas d\u2019acceptaci\u00f3, el proc\u00e9s de trasllat ha d\u2019haver acabat abans del<span style=\"color: #000000;\"> <strong>17 de juliol<\/strong>.\u00a0<\/span> La documentaci\u00f3 que caldr\u00e0 aportar en el moment de sol\u00b7licitar el trasllat ser\u00e0 el full de pagament i el comprovant de pagament de la matr\u00edcula. En cas que hi hagi places vacants, l&#8217;escola de destinaci\u00f3 ha de sol\u00b7licitar el trasllat d\u2019expedient a l\u2019escola d\u2019origen.<\/p>\n<h4>Procediment de matr\u00edcula per alumnes oficials<\/h4>\n<p><strong>Molt important:<\/strong><\/p>\n<ul>\n<li>Abans de formalitzar la matr\u00edcula a l&#8217;aplicatiu llegiu a l&#8217;apartat <a href=\"https:\/\/agora-eoi.xtec.cat\/eoiguixols\/secretaria\/matricula\/#Condicions_generals\" target=\"_blank\" rel=\"noopener\">Matr\u00edcula<\/a> les <strong>Condicions generals<\/strong> de la matr\u00edcula, comproveu la <strong>Documentaci\u00f3 necess\u00e0ria per a la matr\u00edcula<\/strong>,\u00a0especialment la <b>requerida per als majors de 14 i menors de 16 anys i\/o per a una bonificaci\u00f3 o per a una exempci\u00f3 de<\/b><strong> Taxes i Preus p\u00fablics<\/strong> <span style=\"color: #000000;\">perqu\u00e8 si la documentaci\u00f3 que acrediteu no \u00e9s correcta o no est\u00e0 vigent la matr\u00edcula quedar\u00e0 condicionada i podria anul\u00b7lar-se.<\/span><\/li>\n<li>Un cop formalitzada la matr\u00edcula \u00e9s obligatori ensenyar a la finestreta de l&#8217;escola o <strong>enviar, digitalitzada, la documentaci\u00f3 necess\u00e0ria en el termini de 24 hores<\/strong> al correu de l\u2019escola (<a href=\"mailto:eoiguixols@xtec.cat\" target=\"_blank\" rel=\"noopener\">eoiguixols@xtec.cat<\/a>)<span style=\"color: #ff0000;\"><span style=\"color: #000000;\">, si escau. IMPORTANT: Comproveu si la documentaci\u00f3 lliurada el curs anterior encara est\u00e0 vigent i, si no ho est\u00e0, envieu el document renovat.<\/span><\/span><\/li>\n<li>Tot i que l&#8217;aplicatiu de matr\u00edcula us informa que heu d&#8217;enviar els comprovants de pagament al centre, <strong>no cal que ho feu<\/strong>.<\/li>\n<li>Recordeu que l&#8217;entitat banc\u00e0ria on heu de fer el pagament \u00e9s <strong><em>CaixaBank<\/em><\/strong>.<\/li>\n<\/ul>\n<p>Aquest aplicatiu obrir\u00e0 cada nou termini de matr\u00edcula a les <strong>9:00h<\/strong> del primer dia establert en el calendari per a aquella franja, <strong>sense tancar la franja anterior<\/strong>.<\/p>\n<p>Per accedir a l&#8217;aplicatiu haureu d&#8217;introduir les dades seg\u00fcents:<\/p>\n<p style=\"padding-left: 60px;\"><strong>Usuari<\/strong>: la vostra data de naixement en format 00\/00\/0000 (barres inclinades incloses)<br \/>\n<strong>Contrasenya<\/strong>: el vostre DNI (sense la lletra del darrere) \/ NIE (sense la lletra del darrere per\u00f2 amb la lletra del davant)<br \/>\n<strong>Contrasenya Personal d&#8217;Alumne\/a: <\/strong>per raons de seguretat heu de tenir una contrasenya personal que<strong> no<\/strong> us la proporciona l&#8217;escola. Si ja teniu una contrasenya personal per\u00f2 no la recordeu o si heu de configurar-la per primer cop, feu click <a href=\"https:\/\/agora-eoi.xtec.cat\/eoiguixols\/serveis\/intranet-eoisfg\/\" target=\"_blank\" rel=\"noopener\">aqu\u00ed<\/a>.<\/p>\n<p><a href=\"https:\/\/www.informaticacentros.com\/centrosnet\/ultralogin.php?tcentro=EOI&amp;centro=GI4\" target=\"_blank\" rel=\"nofollow noopener\">Acc\u00e9s a l&#8217;aplicatiu de matr\u00edcula <\/a>(<strong>intranet<\/strong>)<\/p>\n<p>En el moment de formalitzar la matr\u00edcula, l\u2019aplicatiu generar\u00e0<strong> una carta de pagament amb 2 codis de barres. <\/strong>Els\/Les alumnes hauran de pagar dos imports:<\/p>\n<ul>\n<li>la <strong>taxa<\/strong> (B1, B2.1, B2.2) <strong>o preu p\u00fablic <\/strong>(A1, A2, C1)<strong> per a la prestaci\u00f3 dels serveis docents <\/strong>de les escoles oficials d\u2019idiomes,\u00a0segons el nivell al que es matriculin<\/li>\n<li>el <strong>preu p\u00fablic pels serveis d&#8217;acc\u00e9s a la plataforma i materials did\u00e0ctics<\/strong> dels ensenyaments d&#8217;idiomes. No inclou els llibres de text.<\/li>\n<\/ul>\n<p>Hi ha dues maneres de fer efectius aquests dos imports:<\/p>\n<ul>\n<li>presencialment a qualsevol <strong>caixer de <em>CaixaBank<\/em><\/strong> utilitzant qualsevol targeta de cr\u00e8dit<\/li>\n<li>en l\u00ednia a trav\u00e9s de <a href=\"https:\/\/www.caixabank.cat\" target=\"_blank\" rel=\"noopener\">www.caixabank.cat<\/a><\/li>\n<\/ul>\n<p>Cal tenir en compte que el <strong>termini \u00e9s de 24h<\/strong> a partir de la formalitzaci\u00f3 de la matr\u00edcula telem\u00e0tica.<\/p>\n","protected":false},"excerpt":{"rendered":"<p>Calendari de matr\u00edcula d&#8217;alumnat oficial I Curs 2026-2027 I Juliol 2026 Informaci\u00f3 del curs 2026-2027 pendent d&#8217;actualitzar L&#8217;alumnat oficial \u00e9s qualsevol persona matriculada en un curs oficial d\u2019un idioma en aquesta escola el curs acad\u00e8mic immediatament anterior (en aquest cas durant el curs 2025-2026). Per tal d\u2019agilitzar el proc\u00e9s de matr\u00edcula d\u2019antics alumnes, a l\u2019Escola [&hellip;]<\/p>\n","protected":false},"author":1,"featured_media":0,"parent":8358,"menu_order":5,"comment_status":"closed","ping_status":"closed","template":"","meta":{"_bbp_topic_count":0,"_bbp_reply_count":0,"_bbp_total_topic_count":0,"_bbp_total_reply_count":0,"_bbp_voice_count":0,"_bbp_anonymous_reply_count":0,"_bbp_topic_count_hidden":0,"_bbp_reply_count_hidden":0,"_bbp_forum_subforum_count":0,"site-sidebar-layout":"default","site-content-layout":"","ast-site-content-layout":"default","site-content-style":"default","site-sidebar-style":"default","ast-global-header-display":"","ast-banner-title-visibility":"","ast-main-header-display":"","ast-hfb-above-header-display":"","ast-hfb-below-header-display":"","ast-hfb-mobile-header-display":"","site-post-title":"","ast-breadcrumbs-content":"","ast-featured-img":"","footer-sml-layout":"","theme-transparent-header-meta":"default","adv-header-id-meta":"","stick-header-meta":"","header-above-stick-meta":"","header-main-stick-meta":"","header-below-stick-meta":"","astra-migrate-meta-layouts":"set","ast-page-background-enabled":"default","ast-page-background-meta":{"desktop":{"background-color":"var(--ast-global-color-4)","background-image":"","background-repeat":"repeat","background-position":"center center","background-size":"auto","background-attachment":"scroll","background-type":"","background-media":"","overlay-type":"","overlay-color":"","overlay-opacity":"","overlay-gradient":""},"tablet":{"background-color":"","background-image":"","background-repeat":"repeat","background-position":"center center","background-size":"auto","background-attachment":"scroll","background-type":"","background-media":"","overlay-type":"","overlay-color":"","overlay-opacity":"","overlay-gradient":""},"mobile":{"background-color":"","background-image":"","background-repeat":"repeat","background-position":"center center","background-size":"auto","background-attachment":"scroll","background-type":"","background-media":"","overlay-type":"","overlay-color":"","overlay-opacity":"","overlay-gradient":""}},"ast-content-background-meta":{"desktop":{"background-color":"var(--ast-global-color-5)","background-image":"","background-repeat":"repeat","background-position":"center center","background-size":"auto","background-attachment":"scroll","background-type":"","background-media":"","overlay-type":"","overlay-color":"","overlay-opacity":"","overlay-gradient":""},"tablet":{"background-color":"var(--ast-global-color-5)","background-image":"","background-repeat":"repeat","background-position":"center center","background-size":"auto","background-attachment":"scroll","background-type":"","background-media":"","overlay-type":"","overlay-color":"","overlay-opacity":"","overlay-gradient":""},"mobile":{"background-color":"var(--ast-global-color-5)","background-image":"","background-repeat":"repeat","background-position":"center center","background-size":"auto","background-attachment":"scroll","background-type":"","background-media":"","overlay-type":"","overlay-color":"","overlay-opacity":"","overlay-gradient":""}},"footnotes":""},"class_list":["post-8164","page","type-page","status-publish","hentry"],"post_mailing_queue_ids":[],"_links":{"self":[{"href":"https:\/\/agora-eoi.xtec.cat\/eoiguixols\/wp-json\/wp\/v2\/pages\/8164","targetHints":{"allow":["GET"]}}],"collection":[{"href":"https:\/\/agora-eoi.xtec.cat\/eoiguixols\/wp-json\/wp\/v2\/pages"}],"about":[{"href":"https:\/\/agora-eoi.xtec.cat\/eoiguixols\/wp-json\/wp\/v2\/types\/page"}],"author":[{"embeddable":true,"href":"https:\/\/agora-eoi.xtec.cat\/eoiguixols\/wp-json\/wp\/v2\/users\/1"}],"replies":[{"embeddable":true,"href":"https:\/\/agora-eoi.xtec.cat\/eoiguixols\/wp-json\/wp\/v2\/comments?post=8164"}],"version-history":[{"count":6,"href":"https:\/\/agora-eoi.xtec.cat\/eoiguixols\/wp-json\/wp\/v2\/pages\/8164\/revisions"}],"predecessor-version":[{"id":13673,"href":"https:\/\/agora-eoi.xtec.cat\/eoiguixols\/wp-json\/wp\/v2\/pages\/8164\/revisions\/13673"}],"up":[{"embeddable":true,"href":"https:\/\/agora-eoi.xtec.cat\/eoiguixols\/wp-json\/wp\/v2\/pages\/8358"}],"wp:attachment":[{"href":"https:\/\/agora-eoi.xtec.cat\/eoiguixols\/wp-json\/wp\/v2\/media?parent=8164"}],"curies":[{"name":"wp","href":"https:\/\/api.w.org\/{rel}","templated":true}]}}