{"id":8161,"date":"2016-06-08T16:52:40","date_gmt":"2016-06-08T15:52:40","guid":{"rendered":"http:\/\/agora-eoi.xtec.cat\/eoiguixols\/?page_id=8161"},"modified":"2025-07-18T14:20:09","modified_gmt":"2025-07-18T12:20:09","slug":"matricula","status":"publish","type":"page","link":"https:\/\/agora-eoi.xtec.cat\/eoiguixols\/secretaria\/matricula\/","title":{"rendered":"Informaci\u00f3 General"},"content":{"rendered":"<h4><span id=\"Condicions_generals\">Condicions generals<\/span><\/h4>\n<div>\n<ul>\n<li>Per accedir als ensenyaments d\u2019idiomes en les escoles oficials \u00e9s requisit imprescindible tenir 16 anys complerts durant l\u2019any en qu\u00e8 es comencin els estudis (fins al 31 de desembre). Tamb\u00e9 s\u2019hi pot accedir amb 14 anys per seguir els ensenyaments d\u2019un idioma diferent del cursat en primera opci\u00f3 en l\u2019educaci\u00f3 secund\u00e0ria obligat\u00f2ria.<\/li>\n<li>Cada preinscripci\u00f3 i matr\u00edcula s\u00f3n intransferibles, tant d\u2019una persona a una altra, com d\u2019un idioma a un altre.<\/li>\n<li>No est\u00e0 perm\u00e8s fer matr\u00edcula oficial i lliure del mateix idioma dins del mateix curs acad\u00e8mic.<\/li>\n<li>No est\u00e0 perm\u00e8s ser alumne\/a presencial i a dist\u00e0ncia del mateix idioma dins del mateix curs acad\u00e8mic.<\/li>\n<li>Es procedir\u00e0 a l\u2019anul\u00b7laci\u00f3 de la matr\u00edcula d\u2019aquells\/es alumnes que no aportin la documentaci\u00f3 requerida per matricular-se i d\u2019aquells\/es que en comprovar la documentaci\u00f3 es demostri que algunes de les dades que van fer constar a la seva sol\u00b7licitud de preinscripci\u00f3 s\u00f3n falses.<\/li>\n<\/ul>\n<h4><span id=\"Documentacio_necessaria_per_a_la_matricula\">Documentaci\u00f3 necess\u00e0ria per a la matr\u00edcula<\/span><\/h4>\n<p>Abans de formalitzar la matr\u00edcula a l&#8217;aplicatiu <b>comproveu la documentaci\u00f3 requerida per als majors de 14 i menors de 16 anys i\/o per a una bonificaci\u00f3 o per a una exempci\u00f3 de taxes o preus p\u00fablics <\/b><span style=\"color: #000000;\">perqu\u00e8 si la documentaci\u00f3 que acrediteu no \u00e9s correcta o no est\u00e0 vigent la matr\u00edcula quedar\u00e0 condicionada i podria anul\u00b7lar-se.<\/span><\/p>\n<p><span style=\"font-family: inherit; font-size: 1em;\">Un cop formalitzada la matr\u00edcula, \u00e9s obligatori entregar presencialment a la finestreta de l&#8217;escola, o enviar en el termini de 24 hores, si escau, la seg\u00fcent documentaci\u00f3 digitalitzada al correu de l&#8217;escola (<\/span><a style=\"font-family: inherit; font-size: 1em;\" href=\"mailto:eoiguixols@xtec.cat\">eoiguixols@xtec.cat<\/a><span style=\"font-family: inherit; font-size: 1em;\">) per poder-la validar:<\/span><\/p>\n<ul>\n<li>Els majors de 14 i menors de 16 anys, document que acrediti quin idioma estan cursant a l\u2019ESO com a primera llengua estrangera.<\/li>\n<li>Documentaci\u00f3 acreditativa de bonificaci\u00f3 o exempci\u00f3 de taxes o preus p\u00fablics (fam\u00edlia nombrosa o monoparental, certificat de reconeixement de discapacitat, \u2026)<\/li>\n<\/ul>\n<p><span style=\"color: #000000;\">L&#8217;<strong>alumnat nou, obligat\u00f2riament, <\/strong><span style=\"color: #333300;\">ha\u00a0 d&#8217;entregar presencialment a la finestreta de l&#8217;escola, o e<\/span><\/span><span style=\"color: #333300;\">nviar per correu electr\u00f2nic a<\/span> <a href=\"mailto:eoiguixols@xtec.cat\">eoiguixols@xtec.cat<\/a>\u00a0com a molt tard abans de comen\u00e7ar les classes:<\/p>\n<ul>\n<li>Document d\u2019identitat (DNI, NIE o Passaport) \u2013 dues cares<\/li>\n<\/ul>\n<\/div>\n","protected":false},"excerpt":{"rendered":"<p>Condicions generals Per accedir als ensenyaments d\u2019idiomes en les escoles oficials \u00e9s requisit imprescindible tenir 16 anys complerts durant l\u2019any en qu\u00e8 es comencin els estudis (fins al 31 de desembre). Tamb\u00e9 s\u2019hi pot accedir amb 14 anys per seguir els ensenyaments d\u2019un idioma diferent del cursat en primera opci\u00f3 en l\u2019educaci\u00f3 secund\u00e0ria obligat\u00f2ria. Cada [&hellip;]<\/p>\n","protected":false},"author":1,"featured_media":0,"parent":8358,"menu_order":0,"comment_status":"closed","ping_status":"closed","template":"","meta":{"_bbp_topic_count":0,"_bbp_reply_count":0,"_bbp_total_topic_count":0,"_bbp_total_reply_count":0,"_bbp_voice_count":0,"_bbp_anonymous_reply_count":0,"_bbp_topic_count_hidden":0,"_bbp_reply_count_hidden":0,"_bbp_forum_subforum_count":0,"site-sidebar-layout":"default","site-content-layout":"","ast-site-content-layout":"default","site-content-style":"default","site-sidebar-style":"default","ast-global-header-display":"","ast-banner-title-visibility":"","ast-main-header-display":"","ast-hfb-above-header-display":"","ast-hfb-below-header-display":"","ast-hfb-mobile-header-display":"","site-post-title":"","ast-breadcrumbs-content":"","ast-featured-img":"","footer-sml-layout":"","theme-transparent-header-meta":"default","adv-header-id-meta":"","stick-header-meta":"","header-above-stick-meta":"","header-main-stick-meta":"","header-below-stick-meta":"","astra-migrate-meta-layouts":"set","ast-page-background-enabled":"default","ast-page-background-meta":{"desktop":{"background-color":"var(--ast-global-color-4)","background-image":"","background-repeat":"repeat","background-position":"center center","background-size":"auto","background-attachment":"scroll","background-type":"","background-media":"","overlay-type":"","overlay-color":"","overlay-opacity":"","overlay-gradient":""},"tablet":{"background-color":"","background-image":"","background-repeat":"repeat","background-position":"center center","background-size":"auto","background-attachment":"scroll","background-type":"","background-media":"","overlay-type":"","overlay-color":"","overlay-opacity":"","overlay-gradient":""},"mobile":{"background-color":"","background-image":"","background-repeat":"repeat","background-position":"center center","background-size":"auto","background-attachment":"scroll","background-type":"","background-media":"","overlay-type":"","overlay-color":"","overlay-opacity":"","overlay-gradient":""}},"ast-content-background-meta":{"desktop":{"background-color":"var(--ast-global-color-5)","background-image":"","background-repeat":"repeat","background-position":"center center","background-size":"auto","background-attachment":"scroll","background-type":"","background-media":"","overlay-type":"","overlay-color":"","overlay-opacity":"","overlay-gradient":""},"tablet":{"background-color":"var(--ast-global-color-5)","background-image":"","background-repeat":"repeat","background-position":"center center","background-size":"auto","background-attachment":"scroll","background-type":"","background-media":"","overlay-type":"","overlay-color":"","overlay-opacity":"","overlay-gradient":""},"mobile":{"background-color":"var(--ast-global-color-5)","background-image":"","background-repeat":"repeat","background-position":"center center","background-size":"auto","background-attachment":"scroll","background-type":"","background-media":"","overlay-type":"","overlay-color":"","overlay-opacity":"","overlay-gradient":""}},"footnotes":""},"class_list":["post-8161","page","type-page","status-publish","hentry"],"post_mailing_queue_ids":[],"_links":{"self":[{"href":"https:\/\/agora-eoi.xtec.cat\/eoiguixols\/wp-json\/wp\/v2\/pages\/8161","targetHints":{"allow":["GET"]}}],"collection":[{"href":"https:\/\/agora-eoi.xtec.cat\/eoiguixols\/wp-json\/wp\/v2\/pages"}],"about":[{"href":"https:\/\/agora-eoi.xtec.cat\/eoiguixols\/wp-json\/wp\/v2\/types\/page"}],"author":[{"embeddable":true,"href":"https:\/\/agora-eoi.xtec.cat\/eoiguixols\/wp-json\/wp\/v2\/users\/1"}],"replies":[{"embeddable":true,"href":"https:\/\/agora-eoi.xtec.cat\/eoiguixols\/wp-json\/wp\/v2\/comments?post=8161"}],"version-history":[{"count":7,"href":"https:\/\/agora-eoi.xtec.cat\/eoiguixols\/wp-json\/wp\/v2\/pages\/8161\/revisions"}],"predecessor-version":[{"id":13437,"href":"https:\/\/agora-eoi.xtec.cat\/eoiguixols\/wp-json\/wp\/v2\/pages\/8161\/revisions\/13437"}],"up":[{"embeddable":true,"href":"https:\/\/agora-eoi.xtec.cat\/eoiguixols\/wp-json\/wp\/v2\/pages\/8358"}],"wp:attachment":[{"href":"https:\/\/agora-eoi.xtec.cat\/eoiguixols\/wp-json\/wp\/v2\/media?parent=8161"}],"curies":[{"name":"wp","href":"https:\/\/api.w.org\/{rel}","templated":true}]}}