{"id":8158,"date":"2016-06-08T16:47:01","date_gmt":"2016-06-08T15:47:01","guid":{"rendered":"http:\/\/agora-eoi.xtec.cat\/eoiguixols\/?page_id=8158"},"modified":"2025-11-12T15:06:23","modified_gmt":"2025-11-12T14:06:23","slug":"cursos-especials","status":"publish","type":"page","link":"https:\/\/agora-eoi.xtec.cat\/eoiguixols\/cursos\/cursos-especials\/","title":{"rendered":"Oferta Espec\u00edfica"},"content":{"rendered":"<p>Les escoles oficials d&#8217;idiomes poden impartir cursos especials per perfeccionar compet\u00e8ncies en idiomes o per aprofundir en aspectes socioculturals vinculats a les lleng\u00fces que s&#8217;hi imparteixen.<\/p>\n<h4><strong>Cursos monogr\u00e0fics<br \/>\n<\/strong><\/h4>\n<p>Els cursos monogr\u00e0fics s\u00f3n cursos d&#8217;especialitzaci\u00f3 que poden tractar els aspectes seg\u00fcents: llenguatge d&#8217;especialitat (m\u00e8dic, jur\u00eddic, administratiu, etc.) i aspectes socioculturals relacionats amb la llengua d&#8217;estudi (cinema, literatura, hist\u00f2ria, civilitzaci\u00f3, etc.).<\/p>\n<h4><strong>Cursos de llengua instrumental<br \/>\n<\/strong><\/h4>\n<p>Els cursos de llengua instrumental tenen com objectiu el coneixement general de la llengua (sempre que no tinguin els mateixos objectius, continguts i durada que els cursos oficials), el treball espec\u00edfic per destreses (per exemple, conversa, pronunciaci\u00f3, etc.), l&#8217;actualitzaci\u00f3 ling\u00fc\u00edstica o el perfeccionament de l&#8217;idioma (per exemple, A2+, B2+), l&#8217;estudi d&#8217;un idioma no implantat de manera oficial, la preparaci\u00f3 per a les proves de B1, B2, C1 i C2 de les EOI (sempre que no estiguin dirigits a alumnes d&#8217;EOI de la llengua del curs), finalitats espec\u00edfiques (per exemple, angl\u00e8s per viatjar, rus per al comer\u00e7 i la restauraci\u00f3, etc.) o col\u00b7lectius espec\u00edfics (per exemple, joves d&#8217;entre 14 i 16 anys).<\/p>\n<p>Consulteu la oferta de <strong>cursos de llengua instrumental<\/strong> del <strong>curs 2025-2026<\/strong> <a href=\"https:\/\/agora-eoi.xtec.cat\/eoiguixols\/cursos\/cursos-especials\/frances-2025-2026\/\" target=\"_blank\" rel=\"noopener\">aqu\u00ed<\/a>.<\/p>\n<h4><span id=\"Exempcions_i_bonificacions\">Exempcions i bonificacions<\/span><\/h4>\n<p>Percentatge de bonificaci\u00f3 \/ exempci\u00f3 per a la oferta espec\u00edfica a les EOIs.<\/p>\n<table style=\"width: 42.0271%; height: 588px;\">\n<tbody>\n<tr style=\"height: 61px;\">\n<td style=\"width: 95.9742%; height: 61px;\"><strong>Situacions que donen lloc a una <\/strong><strong>bonificaci\u00f3 \/ exempci\u00f3<\/strong><\/td>\n<td style=\"width: 38.0509%; height: 61px; text-align: center;\"><strong>Preu p\u00fablic\u00a0<\/strong><\/td>\n<\/tr>\n<tr style=\"height: 46px;\">\n<td style=\"width: 95.9742%; height: 46px;\">Membres de fam\u00edlia nombrosa de categoria especial<\/td>\n<td style=\"width: 38.0509%; height: 46px; text-align: center;\">100%<\/td>\n<\/tr>\n<tr style=\"height: 46px;\">\n<td style=\"width: 95.9742%; height: 46px;\">Membres de fam\u00edlia nombrosa de categoria general<\/td>\n<td style=\"width: 38.0509%; height: 46px; text-align: center;\">50%<\/td>\n<\/tr>\n<tr style=\"height: 46px;\">\n<td style=\"width: 95.9742%; height: 46px;\">Membres de fam\u00edlia monoparental de qualsevol categoria<\/td>\n<td style=\"width: 38.0509%; height: 46px; text-align: center;\">50%<\/td>\n<\/tr>\n<tr style=\"height: 46px;\">\n<td style=\"width: 95.9742%; height: 46px;\">Persones amb una discapacitat igual o superior al 33%<\/td>\n<td style=\"width: 38.0509%; height: 46px; text-align: center;\">100%<\/td>\n<\/tr>\n<tr style=\"height: 46px;\">\n<td style=\"width: 95.9742%; height: 46px;\">Persones v\u00edctimes d\u2019actes terroristes, els seus c\u00f2njuges i els seus fills i filles<\/td>\n<td style=\"width: 38.0509%; height: 46px; text-align: center;\">100%<\/td>\n<\/tr>\n<tr style=\"height: 31px;\">\n<td style=\"width: 95.9742%; height: 31px;\">Adolescents en acolliment familiar<\/td>\n<td style=\"width: 38.0509%; height: 31px; text-align: center;\">100%<\/td>\n<\/tr>\n<tr style=\"height: 31px;\">\n<td style=\"width: 95.9742%; height: 31px;\"><span style=\"color: #000000;\">Persones subjectes a mesures privatives de llibertat<\/span><\/td>\n<td style=\"width: 38.0509%; height: 31px; text-align: center;\">100%<\/td>\n<\/tr>\n<tr style=\"height: 46px;\">\n<td style=\"width: 95.9742%; height: 46px;\"><span style=\"color: #000000;\">Membres de fam\u00edlies que perceben la renda <\/span><span style=\"color: #000000;\">m\u00ednima d\u2019inserci\u00f3 o la renda activa d\u2019inserci\u00f3<\/span><\/td>\n<td style=\"width: 38.0509%; height: 46px; text-align: center;\">100%<\/td>\n<\/tr>\n<tr style=\"height: 46px;\">\n<td style=\"width: 95.9742%; height: 46px;\"><span style=\"color: #000000;\">Membres de fam\u00edlies que perceben la renda garantida de ciutadania<\/span><\/td>\n<td style=\"width: 38.0509%; height: 46px; text-align: center;\">100%<\/td>\n<\/tr>\n<tr style=\"height: 61px;\">\n<td style=\"width: 95.9742%; height: 61px;\"><span style=\"color: #000000;\">Aturats de llarga durada que perceben un subsidi equivalent a la renda m\u00ednima d\u2019inserci\u00f3 o la renda activa d\u2019inserci\u00f3 o a la renda garantida de ciutadania<\/span><\/td>\n<td style=\"width: 38.0509%; text-align: center; height: 61px;\">100%<\/td>\n<\/tr>\n<tr style=\"height: 31px;\">\n<td style=\"width: 95.9742%; height: 31px;\"><span style=\"color: #000000;\">Persones v\u00edctimes de viol\u00e8ncia de g\u00e8nere<\/span><\/td>\n<td style=\"width: 38.0509%; height: 31px; text-align: center;\">100%<\/td>\n<\/tr>\n<tr style=\"height: 61px;\">\n<td style=\"width: 95.9742%; height: 51px;\"><span style=\"color: #000000;\">Persones menors tutelades o persones extutelades menors de 21 anys d\u2019edat<\/span><\/td>\n<td style=\"width: 38.0509%; height: 51px; text-align: center;\">\u00a0100%<\/td>\n<\/tr>\n<\/tbody>\n<\/table>\n<p>D&#8217;altra banda, si algun col\u00b7lectiu de la zona volgu\u00e9s fer-nos arribar una proposta formativa per dur a terme al nostre centre, poseu-vos en <a href=\"https:\/\/agora-eoi.xtec.cat\/eoiguixols\/el-servei-educatiu\/on-som\/\" target=\"_blank\" rel=\"noopener noreferrer\">contacte <\/a>amb nosaltres.<\/p>\n","protected":false},"excerpt":{"rendered":"<p>Les escoles oficials d&#8217;idiomes poden impartir cursos especials per perfeccionar compet\u00e8ncies en idiomes o per aprofundir en aspectes socioculturals vinculats a les lleng\u00fces que s&#8217;hi imparteixen. Cursos monogr\u00e0fics Els cursos monogr\u00e0fics s\u00f3n cursos d&#8217;especialitzaci\u00f3 que poden tractar els aspectes seg\u00fcents: llenguatge d&#8217;especialitat (m\u00e8dic, jur\u00eddic, administratiu, etc.) i aspectes socioculturals relacionats amb la llengua d&#8217;estudi (cinema, [&hellip;]<\/p>\n","protected":false},"author":1,"featured_media":0,"parent":8149,"menu_order":30,"comment_status":"closed","ping_status":"closed","template":"","meta":{"_bbp_topic_count":0,"_bbp_reply_count":0,"_bbp_total_topic_count":0,"_bbp_total_reply_count":0,"_bbp_voice_count":0,"_bbp_anonymous_reply_count":0,"_bbp_topic_count_hidden":0,"_bbp_reply_count_hidden":0,"_bbp_forum_subforum_count":0,"site-sidebar-layout":"default","site-content-layout":"","ast-site-content-layout":"default","site-content-style":"default","site-sidebar-style":"default","ast-global-header-display":"","ast-banner-title-visibility":"","ast-main-header-display":"","ast-hfb-above-header-display":"","ast-hfb-below-header-display":"","ast-hfb-mobile-header-display":"","site-post-title":"","ast-breadcrumbs-content":"","ast-featured-img":"","footer-sml-layout":"","theme-transparent-header-meta":"default","adv-header-id-meta":"","stick-header-meta":"","header-above-stick-meta":"","header-main-stick-meta":"","header-below-stick-meta":"","astra-migrate-meta-layouts":"set","ast-page-background-enabled":"default","ast-page-background-meta":{"desktop":{"background-color":"var(--ast-global-color-4)","background-image":"","background-repeat":"repeat","background-position":"center center","background-size":"auto","background-attachment":"scroll","background-type":"","background-media":"","overlay-type":"","overlay-color":"","overlay-opacity":"","overlay-gradient":""},"tablet":{"background-color":"","background-image":"","background-repeat":"repeat","background-position":"center center","background-size":"auto","background-attachment":"scroll","background-type":"","background-media":"","overlay-type":"","overlay-color":"","overlay-opacity":"","overlay-gradient":""},"mobile":{"background-color":"","background-image":"","background-repeat":"repeat","background-position":"center center","background-size":"auto","background-attachment":"scroll","background-type":"","background-media":"","overlay-type":"","overlay-color":"","overlay-opacity":"","overlay-gradient":""}},"ast-content-background-meta":{"desktop":{"background-color":"var(--ast-global-color-5)","background-image":"","background-repeat":"repeat","background-position":"center center","background-size":"auto","background-attachment":"scroll","background-type":"","background-media":"","overlay-type":"","overlay-color":"","overlay-opacity":"","overlay-gradient":""},"tablet":{"background-color":"var(--ast-global-color-5)","background-image":"","background-repeat":"repeat","background-position":"center center","background-size":"auto","background-attachment":"scroll","background-type":"","background-media":"","overlay-type":"","overlay-color":"","overlay-opacity":"","overlay-gradient":""},"mobile":{"background-color":"var(--ast-global-color-5)","background-image":"","background-repeat":"repeat","background-position":"center center","background-size":"auto","background-attachment":"scroll","background-type":"","background-media":"","overlay-type":"","overlay-color":"","overlay-opacity":"","overlay-gradient":""}},"footnotes":""},"class_list":["post-8158","page","type-page","status-publish","hentry"],"post_mailing_queue_ids":[],"_links":{"self":[{"href":"https:\/\/agora-eoi.xtec.cat\/eoiguixols\/wp-json\/wp\/v2\/pages\/8158","targetHints":{"allow":["GET"]}}],"collection":[{"href":"https:\/\/agora-eoi.xtec.cat\/eoiguixols\/wp-json\/wp\/v2\/pages"}],"about":[{"href":"https:\/\/agora-eoi.xtec.cat\/eoiguixols\/wp-json\/wp\/v2\/types\/page"}],"author":[{"embeddable":true,"href":"https:\/\/agora-eoi.xtec.cat\/eoiguixols\/wp-json\/wp\/v2\/users\/1"}],"replies":[{"embeddable":true,"href":"https:\/\/agora-eoi.xtec.cat\/eoiguixols\/wp-json\/wp\/v2\/comments?post=8158"}],"version-history":[{"count":6,"href":"https:\/\/agora-eoi.xtec.cat\/eoiguixols\/wp-json\/wp\/v2\/pages\/8158\/revisions"}],"predecessor-version":[{"id":13538,"href":"https:\/\/agora-eoi.xtec.cat\/eoiguixols\/wp-json\/wp\/v2\/pages\/8158\/revisions\/13538"}],"up":[{"embeddable":true,"href":"https:\/\/agora-eoi.xtec.cat\/eoiguixols\/wp-json\/wp\/v2\/pages\/8149"}],"wp:attachment":[{"href":"https:\/\/agora-eoi.xtec.cat\/eoiguixols\/wp-json\/wp\/v2\/media?parent=8158"}],"curies":[{"name":"wp","href":"https:\/\/api.w.org\/{rel}","templated":true}]}}