{"id":13551,"date":"2025-11-25T11:51:55","date_gmt":"2025-11-25T10:51:55","guid":{"rendered":"https:\/\/agora-eoi.xtec.cat\/eoiguixols\/?page_id=13551"},"modified":"2025-11-25T14:06:31","modified_gmt":"2025-11-25T13:06:31","slug":"renuncia-de-convocatoria","status":"publish","type":"page","link":"https:\/\/agora-eoi.xtec.cat\/eoiguixols\/tramits\/renuncia-de-convocatoria\/","title":{"rendered":"Ren\u00fancia de convocat\u00f2ria"},"content":{"rendered":"<p>L\u2019alumnat oficial podr\u00e0 presentar a la direcci\u00f3 de l\u2019escola la ren\u00fancia a la matriculaci\u00f3 a un idioma. Aquesta ren\u00fancia no suposar\u00e0 el c\u00f2mput del curs a efectes de repetici\u00f3 (sempre que es faci\u00a0<strong>dins el termini indicat<\/strong>), ni el dret al retorn de cap taxa.<\/p>\n<p>La ren\u00fancia suposa perdre el dret d\u2019assistir a classe, i la de l\u2019import de la matr\u00edcula, per\u00f2 permet matricular-se el PROPER curs com a alumne\/a oficial (al juliol), sense sorteig i sense perdre convocat\u00f2ria. I tampoc pagar\u00e0 cap taxa de repetici\u00f3.<\/p>\n<p>Si s\u2019abandona\u00a0<strong>amb posterioritat al termini<\/strong>\u00a0de ren\u00fancia establert, el curs es computar\u00e0 a efectes de repetici\u00f3 i es tindr\u00e0, a tots els efectes, la consideraci\u00f3 de \u201cno presentat\u201d en la qualificaci\u00f3 final.<\/p>\n<p><strong>Termini<\/strong> <strong>&#8211; <\/strong>fins l\u00b4\u00faltim dia h\u00e0bil de novembre<\/p>\n<p><strong>Sol.licitud de ren\u00fancia &#8211; <\/strong><a href=\"https:\/\/agora-eoi.xtec.cat\/eoiguixols\/wp-content\/uploads\/usu2257\/2025\/11\/Sol.licitud-de-renuncia-de-matricula.pdf\" target=\"_blank\" rel=\"noopener\">aqu\u00ed<\/a><\/p>\n","protected":false},"excerpt":{"rendered":"<p>L\u2019alumnat oficial podr\u00e0 presentar a la direcci\u00f3 de l\u2019escola la ren\u00fancia a la matriculaci\u00f3 a un idioma. Aquesta ren\u00fancia no suposar\u00e0 el c\u00f2mput del curs a efectes de repetici\u00f3 (sempre que es faci\u00a0dins el termini indicat), ni el dret al retorn de cap taxa. La ren\u00fancia suposa perdre el dret d\u2019assistir a classe, i la [&hellip;]<\/p>\n","protected":false},"author":1,"featured_media":0,"parent":12880,"menu_order":0,"comment_status":"closed","ping_status":"closed","template":"","meta":{"_bbp_topic_count":0,"_bbp_reply_count":0,"_bbp_total_topic_count":0,"_bbp_total_reply_count":0,"_bbp_voice_count":0,"_bbp_anonymous_reply_count":0,"_bbp_topic_count_hidden":0,"_bbp_reply_count_hidden":0,"_bbp_forum_subforum_count":0,"site-sidebar-layout":"default","site-content-layout":"","ast-site-content-layout":"default","site-content-style":"default","site-sidebar-style":"default","ast-global-header-display":"","ast-banner-title-visibility":"","ast-main-header-display":"","ast-hfb-above-header-display":"","ast-hfb-below-header-display":"","ast-hfb-mobile-header-display":"","site-post-title":"","ast-breadcrumbs-content":"","ast-featured-img":"","footer-sml-layout":"","theme-transparent-header-meta":"default","adv-header-id-meta":"","stick-header-meta":"","header-above-stick-meta":"","header-main-stick-meta":"","header-below-stick-meta":"","astra-migrate-meta-layouts":"set","ast-page-background-enabled":"default","ast-page-background-meta":{"desktop":{"background-color":"var(--ast-global-color-4)","background-image":"","background-repeat":"repeat","background-position":"center center","background-size":"auto","background-attachment":"scroll","background-type":"","background-media":"","overlay-type":"","overlay-color":"","overlay-opacity":"","overlay-gradient":""},"tablet":{"background-color":"","background-image":"","background-repeat":"repeat","background-position":"center center","background-size":"auto","background-attachment":"scroll","background-type":"","background-media":"","overlay-type":"","overlay-color":"","overlay-opacity":"","overlay-gradient":""},"mobile":{"background-color":"","background-image":"","background-repeat":"repeat","background-position":"center center","background-size":"auto","background-attachment":"scroll","background-type":"","background-media":"","overlay-type":"","overlay-color":"","overlay-opacity":"","overlay-gradient":""}},"ast-content-background-meta":{"desktop":{"background-color":"var(--ast-global-color-5)","background-image":"","background-repeat":"repeat","background-position":"center center","background-size":"auto","background-attachment":"scroll","background-type":"","background-media":"","overlay-type":"","overlay-color":"","overlay-opacity":"","overlay-gradient":""},"tablet":{"background-color":"var(--ast-global-color-5)","background-image":"","background-repeat":"repeat","background-position":"center center","background-size":"auto","background-attachment":"scroll","background-type":"","background-media":"","overlay-type":"","overlay-color":"","overlay-opacity":"","overlay-gradient":""},"mobile":{"background-color":"var(--ast-global-color-5)","background-image":"","background-repeat":"repeat","background-position":"center center","background-size":"auto","background-attachment":"scroll","background-type":"","background-media":"","overlay-type":"","overlay-color":"","overlay-opacity":"","overlay-gradient":""}},"footnotes":""},"class_list":["post-13551","page","type-page","status-publish","hentry"],"post_mailing_queue_ids":[],"_links":{"self":[{"href":"https:\/\/agora-eoi.xtec.cat\/eoiguixols\/wp-json\/wp\/v2\/pages\/13551","targetHints":{"allow":["GET"]}}],"collection":[{"href":"https:\/\/agora-eoi.xtec.cat\/eoiguixols\/wp-json\/wp\/v2\/pages"}],"about":[{"href":"https:\/\/agora-eoi.xtec.cat\/eoiguixols\/wp-json\/wp\/v2\/types\/page"}],"author":[{"embeddable":true,"href":"https:\/\/agora-eoi.xtec.cat\/eoiguixols\/wp-json\/wp\/v2\/users\/1"}],"replies":[{"embeddable":true,"href":"https:\/\/agora-eoi.xtec.cat\/eoiguixols\/wp-json\/wp\/v2\/comments?post=13551"}],"version-history":[{"count":4,"href":"https:\/\/agora-eoi.xtec.cat\/eoiguixols\/wp-json\/wp\/v2\/pages\/13551\/revisions"}],"predecessor-version":[{"id":13556,"href":"https:\/\/agora-eoi.xtec.cat\/eoiguixols\/wp-json\/wp\/v2\/pages\/13551\/revisions\/13556"}],"up":[{"embeddable":true,"href":"https:\/\/agora-eoi.xtec.cat\/eoiguixols\/wp-json\/wp\/v2\/pages\/12880"}],"wp:attachment":[{"href":"https:\/\/agora-eoi.xtec.cat\/eoiguixols\/wp-json\/wp\/v2\/media?parent=13551"}],"curies":[{"name":"wp","href":"https:\/\/api.w.org\/{rel}","templated":true}]}}