{"id":13443,"date":"2025-07-22T15:13:33","date_gmt":"2025-07-22T13:13:33","guid":{"rendered":"https:\/\/agora-eoi.xtec.cat\/eoiguixols\/?page_id=13443"},"modified":"2025-10-03T09:18:45","modified_gmt":"2025-10-03T07:18:45","slug":"devolucio-de-taxes-o-preus-publics-2","status":"publish","type":"page","link":"https:\/\/agora-eoi.xtec.cat\/eoiguixols\/tramits\/devolucio-de-taxes-o-preus-publics-2\/","title":{"rendered":"Devoluci\u00f3 de taxes o preus p\u00fablics"},"content":{"rendered":"<p><strong>DEVOLUCI\u00d3 DE TAXES: CAUSES QUE LA JUSTIFIQUEN:<\/strong><\/p>\n<p>Es pot sol.licitar la devoluci\u00f3 de les taxes i preus p\u00fablics\u00a0en els terminis i\/o circumst\u00e0ncies seg\u00fcents:<\/p>\n<ul>\n<li aria-level=\"1\">Per\u00a0<strong>ren\u00fancia al curs<\/strong> en els terminis legalment establerts, que per al curs 2025-2026 s\u00f3n <strong style=\"font-size: 16px;\">no m\u00e9s tard del dia 10 d\u2019octubre de 2025<\/strong><span style=\"font-size: 16px;\">.<\/span><\/li>\n<li aria-level=\"1\">Per\u00a0<strong>causes extraordin\u00e0ries<\/strong>\u00a0no imputables a l\u2019alumnat i degudament justificades, es pot sol\u00b7licitar la devoluci\u00f3 amb posterioritat a les dates esmentades (no seran considerats de for\u00e7a major els canvis en l\u2019horari laboral, ni els canvis de lloc de resid\u00e8ncia o similars).<\/li>\n<li aria-level=\"1\">Per\u00a0<strong>ren\u00fancia a la inscripci\u00f3 a les proves lliures<\/strong>\u00a0per a l\u2019obtenci\u00f3 del certificats abans de la data de publicaci\u00f3 de les llistes definitives d\u2019admesos.<\/li>\n<li aria-level=\"1\">Per <strong>trasllat a una altra comunitat aut\u00f2noma,<\/strong>\u00a0l\u2019alumnat pot sol\u00b7licitar el retorn de taxes o preus p\u00fablics abans del darrer dia h\u00e0bil de novembre.<\/li>\n<\/ul>\n<p>El termini finalitza el dia h\u00e0bil posterior si aquests dies indicats s\u00f3n festius. La ren\u00fancia a la matr\u00edcula oficial amb devoluci\u00f3 de taxa suposa l\u2019anul\u00b7laci\u00f3 de la matr\u00edcula a tots els efectes i l\u2019exclusi\u00f3 de la matr\u00edcula de l\u2019expedient acad\u00e8mic de l\u2019alumne\/a i, per tant, la ren\u00fancia a la pla\u00e7a.<\/p>\n<p><strong>VIES DE SOL.LICITUD:<\/strong><\/p>\n<ul>\n<li><strong>Preferiblement de manera telem\u00e0tica<\/strong>\u00a0a\u00a0<a href=\"https:\/\/web.gencat.cat\/ca\/tramits\/tramits-temes\/devolucio-ingressos-indeguts\" target=\"_blank\" rel=\"noopener\" data-saferedirecturl=\"https:\/\/www.google.com\/url?q=https:\/\/web.gencat.cat\/ca\/tramits\/tramits-temes\/devolucio-ingressos-indeguts&amp;source=gmail&amp;ust=1739977211996000&amp;usg=AOvVaw0Bk7PVYQVDAulOuitlwMR_\">https:\/\/web.<wbr \/>gencat.cat\/ca\/tramits\/tramits-<wbr \/>temes\/devolucio-ingressos-<wbr \/>indeguts\u00a0<\/a>\u00a0(es necessita signatura digital: idCAT M\u00f2bil o altres)<\/li>\n<li><strong>Per a tramitaci\u00f3 en l\u00ednia assistida<\/strong>\u00a0podeu adre\u00e7ar-vos presencialment a la secretaria de l\u2019escola, a les Oficines de Registre de Serveis Centrals i dels Serveis Territorials del Departament d\u2019Educaci\u00f3.<\/li>\n<li><strong>De manera presencial<\/strong>,\u00a0a la secretaria de l\u2019escola.<\/li>\n<\/ul>\n<p><strong>DOCUMENTACI\u00d3:<\/strong><\/p>\n<div class=\"box\">\n<div class=\"info\">\n<ul>\n<li>Sol\u00b7licitud emplenada i firmada (es genera i es signa dins l\u2019aplicatiu). Us la podeu descarregar <a href=\"https:\/\/agora-eoi.xtec.cat\/eoiguixols\/wp-content\/uploads\/usu2257\/2025\/07\/Sol.licitud-devolucio-taxes-EOI.pdf\" target=\"_blank\" rel=\"noopener\">aqu\u00ed<\/a>.<\/li>\n<li>C\u00f2pia del resguard de matr\u00edcula<\/li>\n<li>C\u00f2pia del comprovant de pagament<\/li>\n<li>C\u00f2pia del document que acrediti la bonificaci\u00f3 i\/o exempci\u00f3, si s\u2019escau.<\/li>\n<\/ul>\n<p>El termini de resoluci\u00f3 del procediment no dep\u00e8n de l\u2019EOI, sin\u00f3 del \u201cServei de Gesti\u00f3 Pressupost\u00e0ria del Departament d\u2019Educaci\u00f3\u201d, que \u00e9s qui en comunica la resoluci\u00f3 directament a l\u2019alumnat .<\/p>\n<\/div>\n<\/div>\n","protected":false},"excerpt":{"rendered":"<p>DEVOLUCI\u00d3 DE TAXES: CAUSES QUE LA JUSTIFIQUEN: Es pot sol.licitar la devoluci\u00f3 de les taxes i preus p\u00fablics\u00a0en els terminis i\/o circumst\u00e0ncies seg\u00fcents: Per\u00a0ren\u00fancia al curs en els terminis legalment establerts, que per al curs 2025-2026 s\u00f3n no m\u00e9s tard del dia 10 d\u2019octubre de 2025. Per\u00a0causes extraordin\u00e0ries\u00a0no imputables a l\u2019alumnat i degudament justificades, es [&hellip;]<\/p>\n","protected":false},"author":1,"featured_media":0,"parent":12880,"menu_order":5,"comment_status":"closed","ping_status":"closed","template":"","meta":{"_bbp_topic_count":0,"_bbp_reply_count":0,"_bbp_total_topic_count":0,"_bbp_total_reply_count":0,"_bbp_voice_count":0,"_bbp_anonymous_reply_count":0,"_bbp_topic_count_hidden":0,"_bbp_reply_count_hidden":0,"_bbp_forum_subforum_count":0,"site-sidebar-layout":"default","site-content-layout":"","ast-site-content-layout":"default","site-content-style":"default","site-sidebar-style":"default","ast-global-header-display":"","ast-banner-title-visibility":"","ast-main-header-display":"","ast-hfb-above-header-display":"","ast-hfb-below-header-display":"","ast-hfb-mobile-header-display":"","site-post-title":"","ast-breadcrumbs-content":"","ast-featured-img":"","footer-sml-layout":"","theme-transparent-header-meta":"default","adv-header-id-meta":"","stick-header-meta":"","header-above-stick-meta":"","header-main-stick-meta":"","header-below-stick-meta":"","astra-migrate-meta-layouts":"set","ast-page-background-enabled":"default","ast-page-background-meta":{"desktop":{"background-color":"var(--ast-global-color-4)","background-image":"","background-repeat":"repeat","background-position":"center center","background-size":"auto","background-attachment":"scroll","background-type":"","background-media":"","overlay-type":"","overlay-color":"","overlay-opacity":"","overlay-gradient":""},"tablet":{"background-color":"","background-image":"","background-repeat":"repeat","background-position":"center center","background-size":"auto","background-attachment":"scroll","background-type":"","background-media":"","overlay-type":"","overlay-color":"","overlay-opacity":"","overlay-gradient":""},"mobile":{"background-color":"","background-image":"","background-repeat":"repeat","background-position":"center center","background-size":"auto","background-attachment":"scroll","background-type":"","background-media":"","overlay-type":"","overlay-color":"","overlay-opacity":"","overlay-gradient":""}},"ast-content-background-meta":{"desktop":{"background-color":"var(--ast-global-color-5)","background-image":"","background-repeat":"repeat","background-position":"center center","background-size":"auto","background-attachment":"scroll","background-type":"","background-media":"","overlay-type":"","overlay-color":"","overlay-opacity":"","overlay-gradient":""},"tablet":{"background-color":"var(--ast-global-color-5)","background-image":"","background-repeat":"repeat","background-position":"center center","background-size":"auto","background-attachment":"scroll","background-type":"","background-media":"","overlay-type":"","overlay-color":"","overlay-opacity":"","overlay-gradient":""},"mobile":{"background-color":"var(--ast-global-color-5)","background-image":"","background-repeat":"repeat","background-position":"center center","background-size":"auto","background-attachment":"scroll","background-type":"","background-media":"","overlay-type":"","overlay-color":"","overlay-opacity":"","overlay-gradient":""}},"footnotes":""},"class_list":["post-13443","page","type-page","status-publish","hentry"],"post_mailing_queue_ids":[],"_links":{"self":[{"href":"https:\/\/agora-eoi.xtec.cat\/eoiguixols\/wp-json\/wp\/v2\/pages\/13443","targetHints":{"allow":["GET"]}}],"collection":[{"href":"https:\/\/agora-eoi.xtec.cat\/eoiguixols\/wp-json\/wp\/v2\/pages"}],"about":[{"href":"https:\/\/agora-eoi.xtec.cat\/eoiguixols\/wp-json\/wp\/v2\/types\/page"}],"author":[{"embeddable":true,"href":"https:\/\/agora-eoi.xtec.cat\/eoiguixols\/wp-json\/wp\/v2\/users\/1"}],"replies":[{"embeddable":true,"href":"https:\/\/agora-eoi.xtec.cat\/eoiguixols\/wp-json\/wp\/v2\/comments?post=13443"}],"version-history":[{"count":4,"href":"https:\/\/agora-eoi.xtec.cat\/eoiguixols\/wp-json\/wp\/v2\/pages\/13443\/revisions"}],"predecessor-version":[{"id":13504,"href":"https:\/\/agora-eoi.xtec.cat\/eoiguixols\/wp-json\/wp\/v2\/pages\/13443\/revisions\/13504"}],"up":[{"embeddable":true,"href":"https:\/\/agora-eoi.xtec.cat\/eoiguixols\/wp-json\/wp\/v2\/pages\/12880"}],"wp:attachment":[{"href":"https:\/\/agora-eoi.xtec.cat\/eoiguixols\/wp-json\/wp\/v2\/media?parent=13443"}],"curies":[{"name":"wp","href":"https:\/\/api.w.org\/{rel}","templated":true}]}}