{"id":13175,"date":"2025-03-07T10:53:22","date_gmt":"2025-03-07T09:53:22","guid":{"rendered":"https:\/\/agora-eoi.xtec.cat\/eoiguixols\/?page_id=13175"},"modified":"2025-07-22T15:40:56","modified_gmt":"2025-07-22T13:40:56","slug":"alumnes-amb-necessitats-especifiques-de-suport-educatiu","status":"publish","type":"page","link":"https:\/\/agora-eoi.xtec.cat\/eoiguixols\/tramits\/alumnes-amb-necessitats-especifiques-de-suport-educatiu\/","title":{"rendered":"Alumnes amb necessitats espec\u00edfiques de suport educatiu"},"content":{"rendered":"<p>Els aspirants amb necessitats espec\u00edfiques derivades de discapacitats f\u00edsiques, ps\u00edquiques o sensorials (o altres trastorns greus que tenen el reconeixement oficial de la situaci\u00f3 de discapacitat) poden sol\u00b7licitar els recursos addicionals necessaris per desenvolupar la prova d\u2019avaluaci\u00f3 i\/o altres tasques a l\u2019aula.<\/p>\n<p>L\u2019alumnat oficial ha d\u2019omplir una <strong>sol\u00b7licitud d\u2019adaptaci\u00f3 d\u2019examen<\/strong> (a sota d\u2019aquesta informaci\u00f3) i fer adjuntar alguns dels documents seg\u00fcents:<br \/>\na) Certificat de reconeixement de discapacitat del Departament de Treball, Afers Socials i Fam\u00edlies que informi del grau de discapacitat reconeguda i\/o certificat m\u00e8dic oficial.<br \/>\nb) Certificat em\u00e8s per l\u2019organisme acreditat corresponent que informi de les caracter\u00edstiques de la discapacitat o trastorn, si escau.<br \/>\nc) Documentaci\u00f3 justificativa de modificacions i adaptacions curriculars, autoritzades pel Departament d\u2019Educaci\u00f3, durant els \u00faltims estudis cursats en el sistema educatiu, si escau.<\/p>\n<p>Caldr\u00e0 especificar el tipus d\u2019adaptaci\u00f3 requerida: temps extra, taula, auriculars, ordinador, ampliaci\u00f3 examen, etc.<\/p>\n<p>Cal adjuntar documentaci\u00f3 justificativa juntament amb la <a href=\"https:\/\/agora-eoi.xtec.cat\/eoiguixols\/wp-content\/uploads\/usu2257\/2025\/03\/Sollicitud-adaptacio-examen.docx\" target=\"_blank\" rel=\"noopener\"><strong>sol\u00b7licitud d\u2019adaptaci\u00f3 d\u2019examen<\/strong><\/a>. Cal fer arribar aquesta documentaci\u00f3 al correu <strong>eoiguixols@xtec.cat<\/strong>. Agrairem que poseu al tema del correu:<strong> <em>documentaci\u00f3 justificativa adaptacions<\/em><\/strong>.<\/p>\n<p>Data l\u00edmit alumnat OFICIAL: mar\u00e7 2026<\/p>\n","protected":false},"excerpt":{"rendered":"<p>Els aspirants amb necessitats espec\u00edfiques derivades de discapacitats f\u00edsiques, ps\u00edquiques o sensorials (o altres trastorns greus que tenen el reconeixement oficial de la situaci\u00f3 de discapacitat) poden sol\u00b7licitar els recursos addicionals necessaris per desenvolupar la prova d\u2019avaluaci\u00f3 i\/o altres tasques a l\u2019aula. L\u2019alumnat oficial ha d\u2019omplir una sol\u00b7licitud d\u2019adaptaci\u00f3 d\u2019examen (a sota d\u2019aquesta informaci\u00f3) i [&hellip;]<\/p>\n","protected":false},"author":1,"featured_media":0,"parent":12880,"menu_order":0,"comment_status":"closed","ping_status":"closed","template":"","meta":{"_bbp_topic_count":0,"_bbp_reply_count":0,"_bbp_total_topic_count":0,"_bbp_total_reply_count":0,"_bbp_voice_count":0,"_bbp_anonymous_reply_count":0,"_bbp_topic_count_hidden":0,"_bbp_reply_count_hidden":0,"_bbp_forum_subforum_count":0,"site-sidebar-layout":"default","site-content-layout":"","ast-site-content-layout":"default","site-content-style":"default","site-sidebar-style":"default","ast-global-header-display":"","ast-banner-title-visibility":"","ast-main-header-display":"","ast-hfb-above-header-display":"","ast-hfb-below-header-display":"","ast-hfb-mobile-header-display":"","site-post-title":"","ast-breadcrumbs-content":"","ast-featured-img":"","footer-sml-layout":"","theme-transparent-header-meta":"default","adv-header-id-meta":"","stick-header-meta":"","header-above-stick-meta":"","header-main-stick-meta":"","header-below-stick-meta":"","astra-migrate-meta-layouts":"set","ast-page-background-enabled":"default","ast-page-background-meta":{"desktop":{"background-color":"var(--ast-global-color-4)","background-image":"","background-repeat":"repeat","background-position":"center center","background-size":"auto","background-attachment":"scroll","background-type":"","background-media":"","overlay-type":"","overlay-color":"","overlay-opacity":"","overlay-gradient":""},"tablet":{"background-color":"","background-image":"","background-repeat":"repeat","background-position":"center center","background-size":"auto","background-attachment":"scroll","background-type":"","background-media":"","overlay-type":"","overlay-color":"","overlay-opacity":"","overlay-gradient":""},"mobile":{"background-color":"","background-image":"","background-repeat":"repeat","background-position":"center center","background-size":"auto","background-attachment":"scroll","background-type":"","background-media":"","overlay-type":"","overlay-color":"","overlay-opacity":"","overlay-gradient":""}},"ast-content-background-meta":{"desktop":{"background-color":"var(--ast-global-color-5)","background-image":"","background-repeat":"repeat","background-position":"center center","background-size":"auto","background-attachment":"scroll","background-type":"","background-media":"","overlay-type":"","overlay-color":"","overlay-opacity":"","overlay-gradient":""},"tablet":{"background-color":"var(--ast-global-color-5)","background-image":"","background-repeat":"repeat","background-position":"center center","background-size":"auto","background-attachment":"scroll","background-type":"","background-media":"","overlay-type":"","overlay-color":"","overlay-opacity":"","overlay-gradient":""},"mobile":{"background-color":"var(--ast-global-color-5)","background-image":"","background-repeat":"repeat","background-position":"center center","background-size":"auto","background-attachment":"scroll","background-type":"","background-media":"","overlay-type":"","overlay-color":"","overlay-opacity":"","overlay-gradient":""}},"footnotes":""},"class_list":["post-13175","page","type-page","status-publish","hentry"],"post_mailing_queue_ids":[],"_links":{"self":[{"href":"https:\/\/agora-eoi.xtec.cat\/eoiguixols\/wp-json\/wp\/v2\/pages\/13175","targetHints":{"allow":["GET"]}}],"collection":[{"href":"https:\/\/agora-eoi.xtec.cat\/eoiguixols\/wp-json\/wp\/v2\/pages"}],"about":[{"href":"https:\/\/agora-eoi.xtec.cat\/eoiguixols\/wp-json\/wp\/v2\/types\/page"}],"author":[{"embeddable":true,"href":"https:\/\/agora-eoi.xtec.cat\/eoiguixols\/wp-json\/wp\/v2\/users\/1"}],"replies":[{"embeddable":true,"href":"https:\/\/agora-eoi.xtec.cat\/eoiguixols\/wp-json\/wp\/v2\/comments?post=13175"}],"version-history":[{"count":6,"href":"https:\/\/agora-eoi.xtec.cat\/eoiguixols\/wp-json\/wp\/v2\/pages\/13175\/revisions"}],"predecessor-version":[{"id":13449,"href":"https:\/\/agora-eoi.xtec.cat\/eoiguixols\/wp-json\/wp\/v2\/pages\/13175\/revisions\/13449"}],"up":[{"embeddable":true,"href":"https:\/\/agora-eoi.xtec.cat\/eoiguixols\/wp-json\/wp\/v2\/pages\/12880"}],"wp:attachment":[{"href":"https:\/\/agora-eoi.xtec.cat\/eoiguixols\/wp-json\/wp\/v2\/media?parent=13175"}],"curies":[{"name":"wp","href":"https:\/\/api.w.org\/{rel}","templated":true}]}}