{"id":12997,"date":"2024-07-18T17:56:54","date_gmt":"2024-07-18T15:56:54","guid":{"rendered":"https:\/\/agora-eoi.xtec.cat\/eoiguixols\/?page_id=12997"},"modified":"2025-07-14T22:54:35","modified_gmt":"2025-07-14T20:54:35","slug":"convalidacions-de-materies-del-batxillerat","status":"publish","type":"page","link":"https:\/\/agora-eoi.xtec.cat\/eoiguixols\/secretaria\/convalidacio-destudis-en-una-eoi\/convalidacions-de-materies-del-batxillerat\/","title":{"rendered":"Convalidacions de mat\u00e8ries del batxillerat"},"content":{"rendered":"<h5>Convalidacions de mat\u00e8ries del batxillerat per a alumnes que cursen lleng\u00fces estrangeres simult\u00e0niament en una EOI<\/h5>\n<p>L\u2019<strong>alumnat de batxillerat<\/strong>\u00a0 que cursa una segona llengua estrangera en una escola oficial d&#8217;idiomes (EOI) pot sol\u00b7licitar la convalidaci\u00f3 si es dona alguna de les condicions seg\u00fcents:<\/p>\n<p>A\u00a0<strong>primer curs<\/strong>, la convalidaci\u00f3 de 6 hores setmanals de mat\u00e8ries de la franja d\u2019optatives de qualsevol de les tres franges optatives.<\/p>\n<p>A\u00a0<strong>segon curs<\/strong>, la convalidaci\u00f3 de 4 hores setmanals de mat\u00e8ries optatives.<\/p>\n<p>Si es dona alguna de les condicions seg\u00fcents:<\/p>\n<ul>\n<li>Es cursa a l\u2019EOI amb el nivell B2 o superior una segona llengua estrangera que <strong>ofereix<\/strong> el centre de secund\u00e0ria.<\/li>\n<li>Es cursa a l\u2019EOI una llengua estrangera que <strong>no ofereix<\/strong> el centre de secund\u00e0ria.<\/li>\n<\/ul>\n<p>La convalidaci\u00f3 tindr\u00e0 car\u00e0cter anual.<\/p>\n<h6><strong>Proc\u00e9s de convalidaci\u00f3<\/strong><\/h6>\n<p>La <a href=\"https:\/\/agora-eoi.xtec.cat\/eoiguixols\/wp-content\/uploads\/usu2257\/2024\/06\/Sol.licitud_convalidacio_Optatives_BAT_EOI.pdf\" target=\"_blank\" rel=\"noopener\">sol\u00b7licitud de convalidaci\u00f3<\/a> la presenta l\u2019alumne\/a abans del darrer dia lectiu del mes d\u2019octubre al centre on estudia batxillerat, juntament amb el certificat expedit per l\u2019EOI on s\u2019acredita el curs de la segona llengua estrangera que cursa l\u2019alumne\/a.<\/p>\n<p>El director o directora del centre resol la sol\u00b7licitud seguint el model de la \u201cResoluci\u00f3 per la qual es concedeix la convalidaci\u00f3 de mat\u00e8ries optatives de batxillerat basant-se en estudis cursats en l&#8217;EOI\u201d.<\/p>\n<p>La convalidaci\u00f3 est\u00e0 condicionada a la valoraci\u00f3 favorable del seguiment de l&#8217;alumne o alumna i l&#8217;aprofitament del curs a l&#8217;EOI, que cal documentar amb un certificat d&#8217;aprofitament del nivell assolit, expedit per la secretaria de l&#8217;EOI, a trav\u00e9s d&#8217;un model normalitzat.<\/p>\n<p>Durant la primera quinzena del mes de maig, l&#8217;EOI ha de comunicar el resultat de l&#8217;avaluaci\u00f3 al centre on l&#8217;alumne o alumna estudia batxillerat, en qu\u00e8 es faci constar la menci\u00f3 &#8220;cursat amb aprofitament&#8221; o &#8220;cursat sense aprofitament&#8221;.<\/p>\n<p>La superaci\u00f3 d&#8217;aquesta avaluaci\u00f3 NO suposa en cap cas l&#8217;obtenci\u00f3 del certificat. Si l&#8217;alumne est\u00e0 matriculat en un curs que condueix a l&#8217;obtenci\u00f3 d&#8217;un certificat, per obtenir el certificat ha de fer igualment la prova ordin\u00e0ria en les dates previstes. En aquest cas, l&#8217;alumne ha d&#8217;haver obtingut la certificaci\u00f3 per passar al curs seg\u00fcent.<\/p>\n","protected":false},"excerpt":{"rendered":"<p>Convalidacions de mat\u00e8ries del batxillerat per a alumnes que cursen lleng\u00fces estrangeres simult\u00e0niament en una EOI L\u2019alumnat de batxillerat\u00a0 que cursa una segona llengua estrangera en una escola oficial d&#8217;idiomes (EOI) pot sol\u00b7licitar la convalidaci\u00f3 si es dona alguna de les condicions seg\u00fcents: A\u00a0primer curs, la convalidaci\u00f3 de 6 hores setmanals de mat\u00e8ries de la [&hellip;]<\/p>\n","protected":false},"author":1,"featured_media":0,"parent":11675,"menu_order":0,"comment_status":"closed","ping_status":"closed","template":"page-templates\/side-menu.php","meta":{"_bbp_topic_count":0,"_bbp_reply_count":0,"_bbp_total_topic_count":0,"_bbp_total_reply_count":0,"_bbp_voice_count":0,"_bbp_anonymous_reply_count":0,"_bbp_topic_count_hidden":0,"_bbp_reply_count_hidden":0,"_bbp_forum_subforum_count":0,"site-sidebar-layout":"default","site-content-layout":"","ast-site-content-layout":"","site-content-style":"default","site-sidebar-style":"default","ast-global-header-display":"","ast-banner-title-visibility":"","ast-main-header-display":"","ast-hfb-above-header-display":"","ast-hfb-below-header-display":"","ast-hfb-mobile-header-display":"","site-post-title":"","ast-breadcrumbs-content":"","ast-featured-img":"","footer-sml-layout":"","theme-transparent-header-meta":"","adv-header-id-meta":"","stick-header-meta":"","header-above-stick-meta":"","header-main-stick-meta":"","header-below-stick-meta":"","astra-migrate-meta-layouts":"default","ast-page-background-enabled":"default","ast-page-background-meta":{"desktop":{"background-color":"var(--ast-global-color-4)","background-image":"","background-repeat":"repeat","background-position":"center center","background-size":"auto","background-attachment":"scroll","background-type":"","background-media":"","overlay-type":"","overlay-color":"","overlay-opacity":"","overlay-gradient":""},"tablet":{"background-color":"","background-image":"","background-repeat":"repeat","background-position":"center center","background-size":"auto","background-attachment":"scroll","background-type":"","background-media":"","overlay-type":"","overlay-color":"","overlay-opacity":"","overlay-gradient":""},"mobile":{"background-color":"","background-image":"","background-repeat":"repeat","background-position":"center center","background-size":"auto","background-attachment":"scroll","background-type":"","background-media":"","overlay-type":"","overlay-color":"","overlay-opacity":"","overlay-gradient":""}},"ast-content-background-meta":{"desktop":{"background-color":"var(--ast-global-color-5)","background-image":"","background-repeat":"repeat","background-position":"center center","background-size":"auto","background-attachment":"scroll","background-type":"","background-media":"","overlay-type":"","overlay-color":"","overlay-opacity":"","overlay-gradient":""},"tablet":{"background-color":"var(--ast-global-color-5)","background-image":"","background-repeat":"repeat","background-position":"center center","background-size":"auto","background-attachment":"scroll","background-type":"","background-media":"","overlay-type":"","overlay-color":"","overlay-opacity":"","overlay-gradient":""},"mobile":{"background-color":"var(--ast-global-color-5)","background-image":"","background-repeat":"repeat","background-position":"center center","background-size":"auto","background-attachment":"scroll","background-type":"","background-media":"","overlay-type":"","overlay-color":"","overlay-opacity":"","overlay-gradient":""}},"footnotes":""},"class_list":["post-12997","page","type-page","status-publish","hentry"],"post_mailing_queue_ids":[],"_links":{"self":[{"href":"https:\/\/agora-eoi.xtec.cat\/eoiguixols\/wp-json\/wp\/v2\/pages\/12997","targetHints":{"allow":["GET"]}}],"collection":[{"href":"https:\/\/agora-eoi.xtec.cat\/eoiguixols\/wp-json\/wp\/v2\/pages"}],"about":[{"href":"https:\/\/agora-eoi.xtec.cat\/eoiguixols\/wp-json\/wp\/v2\/types\/page"}],"author":[{"embeddable":true,"href":"https:\/\/agora-eoi.xtec.cat\/eoiguixols\/wp-json\/wp\/v2\/users\/1"}],"replies":[{"embeddable":true,"href":"https:\/\/agora-eoi.xtec.cat\/eoiguixols\/wp-json\/wp\/v2\/comments?post=12997"}],"version-history":[{"count":1,"href":"https:\/\/agora-eoi.xtec.cat\/eoiguixols\/wp-json\/wp\/v2\/pages\/12997\/revisions"}],"predecessor-version":[{"id":12998,"href":"https:\/\/agora-eoi.xtec.cat\/eoiguixols\/wp-json\/wp\/v2\/pages\/12997\/revisions\/12998"}],"up":[{"embeddable":true,"href":"https:\/\/agora-eoi.xtec.cat\/eoiguixols\/wp-json\/wp\/v2\/pages\/11675"}],"wp:attachment":[{"href":"https:\/\/agora-eoi.xtec.cat\/eoiguixols\/wp-json\/wp\/v2\/media?parent=12997"}],"curies":[{"name":"wp","href":"https:\/\/api.w.org\/{rel}","templated":true}]}}