{"id":12991,"date":"2024-07-18T17:55:07","date_gmt":"2024-07-18T15:55:07","guid":{"rendered":"https:\/\/agora-eoi.xtec.cat\/eoiguixols\/?page_id=12991"},"modified":"2025-07-14T22:54:11","modified_gmt":"2025-07-14T20:54:11","slug":"convalidacions-de-materies-deso","status":"publish","type":"page","link":"https:\/\/agora-eoi.xtec.cat\/eoiguixols\/secretaria\/convalidacio-destudis-en-una-eoi\/convalidacions-de-materies-deso\/","title":{"rendered":"Convalidacions de mat\u00e8ries d\u2019ESO"},"content":{"rendered":"<header class=\"entry-header\">\n<h5 class=\"entry-title\"><span style=\"font-size: 1.125em;\">Convalidacions de mat\u00e8ries d\u2019ESO per a alumnes que cursen lleng\u00fces estrangeres simult\u00e0niament en una EOI<\/span><\/h5>\n<\/header>\n<div class=\"entry-content\">\n<p>A l\u2019educaci\u00f3 secund\u00e0ria obligat\u00f2ria, l\u2019<strong>alumnat d\u2019ESO\u00a0<\/strong>que t\u00e9 14 anys durant l\u2019any en qu\u00e8 comen\u00e7a els estudis en una escola oficial d\u2019idiomes (complerts fins al 31 de desembre) i que hi cursa una segona llengua estrangera, que\u00a0<strong>no<\/strong>\u00a0s\u2019ofereix a l\u2019institut, pot sol\u00b7licitar-ne el reconeixement.<br \/>\nEls tr\u00e0mits que han de fer les fam\u00edlies dels alumnes \u00e9s el seg\u00fcent:<\/p>\n<ul>\n<li><strong>A principi de curs<\/strong>, sol\u00b7licitar al centre de secund\u00e0ria el reconeixement dels estudis com a mat\u00e8ria optativa de segona llengua estrangera. Adjuntar el comprovant de matr\u00edcula a un curs de l\u2019EOI. Aquesta sol\u00b7licitud cal fer-la cada any.<\/li>\n<li><strong>A final de curs<\/strong>, presentar al centre un certificat de superaci\u00f3 dels estudis expedit per l\u2019EOI. El reconeixement est\u00e0 condicionat a la valoraci\u00f3 favorable del seguiment de l\u2019alumne\/a.<\/li>\n<\/ul>\n<p>At\u00e8s que totes aquestes possibilitats es fonamenten en el fet de simultaniejar estudis ordinaris, la sol\u00b7licitud s\u2019ha de renovar cada curs. El reconeixement de la formaci\u00f3 en cursos posteriors queda supeditada a l\u2019acreditaci\u00f3 de la superaci\u00f3 del curs previ.<\/p>\n<p>Correspon al\u00a0<strong>centre de secund\u00e0ria on es cursa l\u2019ESO<\/strong>\u00a0fer el seguiment del proc\u00e9s de convalidaci\u00f3 de l\u2019alumne o alumna.<br \/>\nCorrespon a l\u2019<strong>EOI<\/strong>\u00a0comunicar al centre de secund\u00e0ria on es cursa l\u2019ESO i a l\u2019alumne (o al seu tutor o tutora legal, si \u00e9s menor d\u2019edat), les faltes d\u2019assist\u00e8ncia continuades de l\u2019alumne, per tal que no es produeixin situacions que impedeixin fer una avaluaci\u00f3 del seu aprenentatge.<\/p>\n<\/div>\n","protected":false},"excerpt":{"rendered":"<p>Convalidacions de mat\u00e8ries d\u2019ESO per a alumnes que cursen lleng\u00fces estrangeres simult\u00e0niament en una EOI A l\u2019educaci\u00f3 secund\u00e0ria obligat\u00f2ria, l\u2019alumnat d\u2019ESO\u00a0que t\u00e9 14 anys durant l\u2019any en qu\u00e8 comen\u00e7a els estudis en una escola oficial d\u2019idiomes (complerts fins al 31 de desembre) i que hi cursa una segona llengua estrangera, que\u00a0no\u00a0s\u2019ofereix a l\u2019institut, pot sol\u00b7licitar-ne [&hellip;]<\/p>\n","protected":false},"author":1,"featured_media":0,"parent":11675,"menu_order":0,"comment_status":"closed","ping_status":"closed","template":"page-templates\/side-menu.php","meta":{"_bbp_topic_count":0,"_bbp_reply_count":0,"_bbp_total_topic_count":0,"_bbp_total_reply_count":0,"_bbp_voice_count":0,"_bbp_anonymous_reply_count":0,"_bbp_topic_count_hidden":0,"_bbp_reply_count_hidden":0,"_bbp_forum_subforum_count":0,"site-sidebar-layout":"default","site-content-layout":"","ast-site-content-layout":"","site-content-style":"default","site-sidebar-style":"default","ast-global-header-display":"","ast-banner-title-visibility":"","ast-main-header-display":"","ast-hfb-above-header-display":"","ast-hfb-below-header-display":"","ast-hfb-mobile-header-display":"","site-post-title":"","ast-breadcrumbs-content":"","ast-featured-img":"","footer-sml-layout":"","theme-transparent-header-meta":"","adv-header-id-meta":"","stick-header-meta":"","header-above-stick-meta":"","header-main-stick-meta":"","header-below-stick-meta":"","astra-migrate-meta-layouts":"default","ast-page-background-enabled":"default","ast-page-background-meta":{"desktop":{"background-color":"var(--ast-global-color-4)","background-image":"","background-repeat":"repeat","background-position":"center center","background-size":"auto","background-attachment":"scroll","background-type":"","background-media":"","overlay-type":"","overlay-color":"","overlay-opacity":"","overlay-gradient":""},"tablet":{"background-color":"","background-image":"","background-repeat":"repeat","background-position":"center center","background-size":"auto","background-attachment":"scroll","background-type":"","background-media":"","overlay-type":"","overlay-color":"","overlay-opacity":"","overlay-gradient":""},"mobile":{"background-color":"","background-image":"","background-repeat":"repeat","background-position":"center center","background-size":"auto","background-attachment":"scroll","background-type":"","background-media":"","overlay-type":"","overlay-color":"","overlay-opacity":"","overlay-gradient":""}},"ast-content-background-meta":{"desktop":{"background-color":"var(--ast-global-color-5)","background-image":"","background-repeat":"repeat","background-position":"center center","background-size":"auto","background-attachment":"scroll","background-type":"","background-media":"","overlay-type":"","overlay-color":"","overlay-opacity":"","overlay-gradient":""},"tablet":{"background-color":"var(--ast-global-color-5)","background-image":"","background-repeat":"repeat","background-position":"center center","background-size":"auto","background-attachment":"scroll","background-type":"","background-media":"","overlay-type":"","overlay-color":"","overlay-opacity":"","overlay-gradient":""},"mobile":{"background-color":"var(--ast-global-color-5)","background-image":"","background-repeat":"repeat","background-position":"center center","background-size":"auto","background-attachment":"scroll","background-type":"","background-media":"","overlay-type":"","overlay-color":"","overlay-opacity":"","overlay-gradient":""}},"footnotes":""},"class_list":["post-12991","page","type-page","status-publish","hentry"],"post_mailing_queue_ids":[],"_links":{"self":[{"href":"https:\/\/agora-eoi.xtec.cat\/eoiguixols\/wp-json\/wp\/v2\/pages\/12991","targetHints":{"allow":["GET"]}}],"collection":[{"href":"https:\/\/agora-eoi.xtec.cat\/eoiguixols\/wp-json\/wp\/v2\/pages"}],"about":[{"href":"https:\/\/agora-eoi.xtec.cat\/eoiguixols\/wp-json\/wp\/v2\/types\/page"}],"author":[{"embeddable":true,"href":"https:\/\/agora-eoi.xtec.cat\/eoiguixols\/wp-json\/wp\/v2\/users\/1"}],"replies":[{"embeddable":true,"href":"https:\/\/agora-eoi.xtec.cat\/eoiguixols\/wp-json\/wp\/v2\/comments?post=12991"}],"version-history":[{"count":3,"href":"https:\/\/agora-eoi.xtec.cat\/eoiguixols\/wp-json\/wp\/v2\/pages\/12991\/revisions"}],"predecessor-version":[{"id":12994,"href":"https:\/\/agora-eoi.xtec.cat\/eoiguixols\/wp-json\/wp\/v2\/pages\/12991\/revisions\/12994"}],"up":[{"embeddable":true,"href":"https:\/\/agora-eoi.xtec.cat\/eoiguixols\/wp-json\/wp\/v2\/pages\/11675"}],"wp:attachment":[{"href":"https:\/\/agora-eoi.xtec.cat\/eoiguixols\/wp-json\/wp\/v2\/media?parent=12991"}],"curies":[{"name":"wp","href":"https:\/\/api.w.org\/{rel}","templated":true}]}}