{"id":12987,"date":"2024-07-18T16:51:13","date_gmt":"2024-07-18T14:51:13","guid":{"rendered":"https:\/\/agora-eoi.xtec.cat\/eoiguixols\/?page_id=12987"},"modified":"2025-09-08T22:44:10","modified_gmt":"2025-09-08T20:44:10","slug":"calendari-de-preinscripcio-i-matricula","status":"publish","type":"page","link":"https:\/\/agora-eoi.xtec.cat\/eoiguixols\/secretaria\/alumnes-nous\/calendari-de-preinscripcio-i-matricula\/","title":{"rendered":"Calendari de preinscripci\u00f3 i matr\u00edcula &#8211; Curs 25-26"},"content":{"rendered":"<h4><span id=\"Calendari_de_preinscripcio_i_matricula\">Calendari de preinscripci\u00f3 i matr\u00edcula<\/span><\/h4>\n<ul>\n<li><span style=\"color: #800000;\">Publicaci\u00f3 de l\u2019oferta d\u2019idiomes i horaris<\/span>:\u00a0<strong>primers de juliol de 2025<\/strong>\u00a0(Alemany\u00a0|\u00a0Angl\u00e8s\u00a0|\u00a0Franc\u00e8s).<\/li>\n<li><span style=\"color: #800000;\">Publicaci\u00f3 de l\u2019oferta de places<\/span>:\u00a0<strong>18 de juliol de 2025<\/strong>.<\/li>\n<li><span style=\"color: #800000;\">Presentaci\u00f3 telem\u00e0tica de sol\u00b7licituds<\/span>:\u00a0<strong>des de les 12h de l&#8217;1 de setembre fins a les 15h del 8 de setembre de 2025<\/strong>.<\/li>\n<li><span style=\"color: #800000;\">Lliurament mitjan\u00e7ant l\u2019aplicaci\u00f3 inform\u00e0tica de preinscripci\u00f3 de certificats que permeten l\u2019exempci\u00f3 del test de nivell, alumnes que accedeixen directament a un nivell superior a A1<\/span>: <strong>des de les 12h <\/strong><strong>de l&#8217;1 fins a les 17h del 8 de setembre de 2025<\/strong>.<\/li>\n<li><span style=\"color: #800000;\">Test de nivell en l\u00ednia<\/span> <strong>des de les 12h de l&#8217;1 de setembre fins<\/strong><strong>\u00a0a les 17h del 10 de setembre de 2025<\/strong>.<\/li>\n<li><span style=\"color: #800000;\">Tria d\u2019horari a l\u2019aplicaci\u00f3 de preinscripci\u00f3<\/span>, en funci\u00f3 de com s&#8217;ha materialitzat el test:\n<ul>\n<li>Alumnes que han fet el <span style=\"text-decoration: underline;\">test de nivell telem\u00e0tic<\/span>, des del moment que s&#8217;obt\u00e9 el resultat <strong>fins a les 10h del 15 de setembre de 2025<\/strong>.<\/li>\n<li>Alumnes que han fet el <span style=\"text-decoration: underline;\">test de nivell de forma presencial a l&#8217;escola<\/span>, des de les <strong>18h del 12 de setembre de 2025<\/strong> <strong>fins a les 10h del 15 de setembre de 2025<\/strong>.<\/li>\n<\/ul>\n<\/li>\n<li><span style=\"color: #800000;\">Sorteig per a l\u2019assignaci\u00f3 de places<\/span>:\u00a0<strong>15 de setembre de 2025, a les 12h<\/strong>\u00a0(la consulta de resultats es pot fer a partir de les 18h a l\u2019aplicaci\u00f3 de preinscripci\u00f3). El resultat de l\u2019adjudicaci\u00f3 de places pot ser\u00a0<em>Adm\u00e8s\/esa<\/em>,\u00a0<em>Llista d\u2019espera (Reserva)<\/em>\u00a0o\u00a0<em>Excl\u00f2s\/a<\/em>.<\/li>\n<li><span style=\"color: #800000;\">Per\u00edode de matr\u00edcula en l\u00ednia dels alumnes admesos<\/span>:\u00a0<strong>des de les 18h del 15 de setembre fins a les 23:59 del 17 de setembre de 2025<\/strong>.<\/li>\n<li><span style=\"color: #800000;\">Per\u00edode de matr\u00edcula en l\u00ednia dels alumnes de les places vacants<\/span>: <strong>19,<\/strong> <strong>20 i 21 de setembre de 2025<\/strong>\u00a0(consulteu franja segons idioma).<\/li>\n<li><span style=\"color: #800000;\">Matr\u00edcula presencial de places vacants per a persones no preinscrites<\/span>: <strong>des de les 9h fins a les 14h del 22 de setembre de 2025<\/strong>\u00a0(presencialment a l\u2019escola). Aquest mateix dia es formalitzaran les\u00a0<a href=\"https:\/\/agora-eoi.xtec.cat\/eoiguixols\/secretaria\/matricula\/matricula-dactualitzacio\/\" target=\"_blank\" rel=\"noopener noreferrer\">matr\u00edcules d\u2019actualitzaci\u00f3\u00a0<\/a>de coneixements. Les persones interessades en aquest tipus de matr\u00edcula han de\u00a0<strong>presentar una inst\u00e0ncia a la secretaria de l\u2019escola durant el mes de juliol o setembre i no han de fer preinscripci\u00f3.<\/strong><\/li>\n<\/ul>\n","protected":false},"excerpt":{"rendered":"<p>Calendari de preinscripci\u00f3 i matr\u00edcula Publicaci\u00f3 de l\u2019oferta d\u2019idiomes i horaris:\u00a0primers de juliol de 2025\u00a0(Alemany\u00a0|\u00a0Angl\u00e8s\u00a0|\u00a0Franc\u00e8s). Publicaci\u00f3 de l\u2019oferta de places:\u00a018 de juliol de 2025. Presentaci\u00f3 telem\u00e0tica de sol\u00b7licituds:\u00a0des de les 12h de l&#8217;1 de setembre fins a les 15h del 8 de setembre de 2025. Lliurament mitjan\u00e7ant l\u2019aplicaci\u00f3 inform\u00e0tica de preinscripci\u00f3 de certificats que permeten [&hellip;]<\/p>\n","protected":false},"author":1,"featured_media":0,"parent":8166,"menu_order":0,"comment_status":"closed","ping_status":"closed","template":"","meta":{"_bbp_topic_count":0,"_bbp_reply_count":0,"_bbp_total_topic_count":0,"_bbp_total_reply_count":0,"_bbp_voice_count":0,"_bbp_anonymous_reply_count":0,"_bbp_topic_count_hidden":0,"_bbp_reply_count_hidden":0,"_bbp_forum_subforum_count":0,"site-sidebar-layout":"default","site-content-layout":"","ast-site-content-layout":"default","site-content-style":"default","site-sidebar-style":"default","ast-global-header-display":"","ast-banner-title-visibility":"","ast-main-header-display":"","ast-hfb-above-header-display":"","ast-hfb-below-header-display":"","ast-hfb-mobile-header-display":"","site-post-title":"","ast-breadcrumbs-content":"","ast-featured-img":"","footer-sml-layout":"","theme-transparent-header-meta":"default","adv-header-id-meta":"","stick-header-meta":"","header-above-stick-meta":"","header-main-stick-meta":"","header-below-stick-meta":"","astra-migrate-meta-layouts":"set","ast-page-background-enabled":"default","ast-page-background-meta":{"desktop":{"background-color":"var(--ast-global-color-4)","background-image":"","background-repeat":"repeat","background-position":"center center","background-size":"auto","background-attachment":"scroll","background-type":"","background-media":"","overlay-type":"","overlay-color":"","overlay-opacity":"","overlay-gradient":""},"tablet":{"background-color":"","background-image":"","background-repeat":"repeat","background-position":"center center","background-size":"auto","background-attachment":"scroll","background-type":"","background-media":"","overlay-type":"","overlay-color":"","overlay-opacity":"","overlay-gradient":""},"mobile":{"background-color":"","background-image":"","background-repeat":"repeat","background-position":"center center","background-size":"auto","background-attachment":"scroll","background-type":"","background-media":"","overlay-type":"","overlay-color":"","overlay-opacity":"","overlay-gradient":""}},"ast-content-background-meta":{"desktop":{"background-color":"var(--ast-global-color-5)","background-image":"","background-repeat":"repeat","background-position":"center center","background-size":"auto","background-attachment":"scroll","background-type":"","background-media":"","overlay-type":"","overlay-color":"","overlay-opacity":"","overlay-gradient":""},"tablet":{"background-color":"var(--ast-global-color-5)","background-image":"","background-repeat":"repeat","background-position":"center center","background-size":"auto","background-attachment":"scroll","background-type":"","background-media":"","overlay-type":"","overlay-color":"","overlay-opacity":"","overlay-gradient":""},"mobile":{"background-color":"var(--ast-global-color-5)","background-image":"","background-repeat":"repeat","background-position":"center center","background-size":"auto","background-attachment":"scroll","background-type":"","background-media":"","overlay-type":"","overlay-color":"","overlay-opacity":"","overlay-gradient":""}},"footnotes":""},"class_list":["post-12987","page","type-page","status-publish","hentry"],"post_mailing_queue_ids":[],"_links":{"self":[{"href":"https:\/\/agora-eoi.xtec.cat\/eoiguixols\/wp-json\/wp\/v2\/pages\/12987","targetHints":{"allow":["GET"]}}],"collection":[{"href":"https:\/\/agora-eoi.xtec.cat\/eoiguixols\/wp-json\/wp\/v2\/pages"}],"about":[{"href":"https:\/\/agora-eoi.xtec.cat\/eoiguixols\/wp-json\/wp\/v2\/types\/page"}],"author":[{"embeddable":true,"href":"https:\/\/agora-eoi.xtec.cat\/eoiguixols\/wp-json\/wp\/v2\/users\/1"}],"replies":[{"embeddable":true,"href":"https:\/\/agora-eoi.xtec.cat\/eoiguixols\/wp-json\/wp\/v2\/comments?post=12987"}],"version-history":[{"count":6,"href":"https:\/\/agora-eoi.xtec.cat\/eoiguixols\/wp-json\/wp\/v2\/pages\/12987\/revisions"}],"predecessor-version":[{"id":13478,"href":"https:\/\/agora-eoi.xtec.cat\/eoiguixols\/wp-json\/wp\/v2\/pages\/12987\/revisions\/13478"}],"up":[{"embeddable":true,"href":"https:\/\/agora-eoi.xtec.cat\/eoiguixols\/wp-json\/wp\/v2\/pages\/8166"}],"wp:attachment":[{"href":"https:\/\/agora-eoi.xtec.cat\/eoiguixols\/wp-json\/wp\/v2\/media?parent=12987"}],"curies":[{"name":"wp","href":"https:\/\/api.w.org\/{rel}","templated":true}]}}