{"id":12981,"date":"2024-07-18T16:49:10","date_gmt":"2024-07-18T14:49:10","guid":{"rendered":"https:\/\/agora-eoi.xtec.cat\/eoiguixols\/?page_id=12981"},"modified":"2025-07-14T22:50:03","modified_gmt":"2025-07-14T20:50:03","slug":"test-de-nivell-en-linia","status":"publish","type":"page","link":"https:\/\/agora-eoi.xtec.cat\/eoiguixols\/secretaria\/alumnes-nous\/test-de-nivell-en-linia\/","title":{"rendered":"Test de nivell en l\u00ednia"},"content":{"rendered":"<h4><span id=\"Test_de_nivell\">Test de nivell en l\u00ednia<\/span><\/h4>\n<p>La prova consisteix en un test de preguntes d\u2019opci\u00f3 m\u00faltiple repartides en tres blocs de preguntes.<\/p>\n<ul>\n<li>El\u00a0<strong>primer bloc<\/strong>\u00a0avalua l\u2019\u00fas de la llengua.<\/li>\n<li>El\u00a0<strong>segon<\/strong>\u00a0i el\u00a0<strong>tercer bloc<\/strong>\u00a0avaluen l\u2019\u00fas de la llengua i la comprensi\u00f3 oral, i el tercer bloc inclou, a m\u00e9s, una tasca d\u2019expressi\u00f3 escrita.<\/li>\n<\/ul>\n<p>La dificultat de les preguntes augmenta progressivament. En acabar cada bloc els alumnes coneixeran el curs al qual han estat assignats i, segons el resultat obtingut, se\u2019ls permetr\u00e0 continuar al bloc seg\u00fcent, si \u00e9s el cas. L\u2019alumnat al qual se li ofereixi la possibilitat de continuar al bloc seg\u00fcent, podr\u00e0 rebutjar-ho i quedar-se amb l\u2019assignaci\u00f3 obtinguda al bloc anterior, si aix\u00ed ho vol.<\/p>\n<p>Al final del\u00a0<strong>bloc 3<\/strong>\u00a0s\u2019obtindr\u00e0 una assignaci\u00f3 provisional. L\u2019assignaci\u00f3 definitiva s\u2019obtindr\u00e0 quan un\/a docent hagi corregit la tasca d\u2019expressi\u00f3 escrita. Llavors es podr\u00e0 triar grup o grups.<\/p>\n<p>La\u00a0<strong>durada<\/strong>\u00a0del\u00a0<strong>primer bloc<\/strong>\u00a0\u00e9s de\u00a0<strong>45 minuts<\/strong>, la del\u00a0<strong>segon bloc<\/strong>\u00a0\u00e9s de\u00a0<strong>30 minuts<\/strong>\u00a0i la del\u00a0<strong>tercer bloc<\/strong>\u00a0\u00e9s de\u00a0<strong>35\u00a0minuts<\/strong>.<\/p>\n","protected":false},"excerpt":{"rendered":"<p>Test de nivell en l\u00ednia La prova consisteix en un test de preguntes d\u2019opci\u00f3 m\u00faltiple repartides en tres blocs de preguntes. El\u00a0primer bloc\u00a0avalua l\u2019\u00fas de la llengua. El\u00a0segon\u00a0i el\u00a0tercer bloc\u00a0avaluen l\u2019\u00fas de la llengua i la comprensi\u00f3 oral, i el tercer bloc inclou, a m\u00e9s, una tasca d\u2019expressi\u00f3 escrita. La dificultat de les preguntes augmenta [&hellip;]<\/p>\n","protected":false},"author":1,"featured_media":0,"parent":8166,"menu_order":0,"comment_status":"closed","ping_status":"closed","template":"","meta":{"_bbp_topic_count":0,"_bbp_reply_count":0,"_bbp_total_topic_count":0,"_bbp_total_reply_count":0,"_bbp_voice_count":0,"_bbp_anonymous_reply_count":0,"_bbp_topic_count_hidden":0,"_bbp_reply_count_hidden":0,"_bbp_forum_subforum_count":0,"site-sidebar-layout":"default","site-content-layout":"","ast-site-content-layout":"","site-content-style":"default","site-sidebar-style":"default","ast-global-header-display":"","ast-banner-title-visibility":"","ast-main-header-display":"","ast-hfb-above-header-display":"","ast-hfb-below-header-display":"","ast-hfb-mobile-header-display":"","site-post-title":"","ast-breadcrumbs-content":"","ast-featured-img":"","footer-sml-layout":"","theme-transparent-header-meta":"","adv-header-id-meta":"","stick-header-meta":"","header-above-stick-meta":"","header-main-stick-meta":"","header-below-stick-meta":"","astra-migrate-meta-layouts":"default","ast-page-background-enabled":"default","ast-page-background-meta":{"desktop":{"background-color":"var(--ast-global-color-4)","background-image":"","background-repeat":"repeat","background-position":"center center","background-size":"auto","background-attachment":"scroll","background-type":"","background-media":"","overlay-type":"","overlay-color":"","overlay-opacity":"","overlay-gradient":""},"tablet":{"background-color":"","background-image":"","background-repeat":"repeat","background-position":"center center","background-size":"auto","background-attachment":"scroll","background-type":"","background-media":"","overlay-type":"","overlay-color":"","overlay-opacity":"","overlay-gradient":""},"mobile":{"background-color":"","background-image":"","background-repeat":"repeat","background-position":"center center","background-size":"auto","background-attachment":"scroll","background-type":"","background-media":"","overlay-type":"","overlay-color":"","overlay-opacity":"","overlay-gradient":""}},"ast-content-background-meta":{"desktop":{"background-color":"var(--ast-global-color-5)","background-image":"","background-repeat":"repeat","background-position":"center center","background-size":"auto","background-attachment":"scroll","background-type":"","background-media":"","overlay-type":"","overlay-color":"","overlay-opacity":"","overlay-gradient":""},"tablet":{"background-color":"var(--ast-global-color-5)","background-image":"","background-repeat":"repeat","background-position":"center center","background-size":"auto","background-attachment":"scroll","background-type":"","background-media":"","overlay-type":"","overlay-color":"","overlay-opacity":"","overlay-gradient":""},"mobile":{"background-color":"var(--ast-global-color-5)","background-image":"","background-repeat":"repeat","background-position":"center center","background-size":"auto","background-attachment":"scroll","background-type":"","background-media":"","overlay-type":"","overlay-color":"","overlay-opacity":"","overlay-gradient":""}},"footnotes":""},"class_list":["post-12981","page","type-page","status-publish","hentry"],"post_mailing_queue_ids":[],"_links":{"self":[{"href":"https:\/\/agora-eoi.xtec.cat\/eoiguixols\/wp-json\/wp\/v2\/pages\/12981","targetHints":{"allow":["GET"]}}],"collection":[{"href":"https:\/\/agora-eoi.xtec.cat\/eoiguixols\/wp-json\/wp\/v2\/pages"}],"about":[{"href":"https:\/\/agora-eoi.xtec.cat\/eoiguixols\/wp-json\/wp\/v2\/types\/page"}],"author":[{"embeddable":true,"href":"https:\/\/agora-eoi.xtec.cat\/eoiguixols\/wp-json\/wp\/v2\/users\/1"}],"replies":[{"embeddable":true,"href":"https:\/\/agora-eoi.xtec.cat\/eoiguixols\/wp-json\/wp\/v2\/comments?post=12981"}],"version-history":[{"count":1,"href":"https:\/\/agora-eoi.xtec.cat\/eoiguixols\/wp-json\/wp\/v2\/pages\/12981\/revisions"}],"predecessor-version":[{"id":12982,"href":"https:\/\/agora-eoi.xtec.cat\/eoiguixols\/wp-json\/wp\/v2\/pages\/12981\/revisions\/12982"}],"up":[{"embeddable":true,"href":"https:\/\/agora-eoi.xtec.cat\/eoiguixols\/wp-json\/wp\/v2\/pages\/8166"}],"wp:attachment":[{"href":"https:\/\/agora-eoi.xtec.cat\/eoiguixols\/wp-json\/wp\/v2\/media?parent=12981"}],"curies":[{"name":"wp","href":"https:\/\/api.w.org\/{rel}","templated":true}]}}