{"id":12978,"date":"2024-07-18T16:47:56","date_gmt":"2024-07-18T14:47:56","guid":{"rendered":"https:\/\/agora-eoi.xtec.cat\/eoiguixols\/?page_id=12978"},"modified":"2025-07-14T22:49:26","modified_gmt":"2025-07-14T20:49:26","slug":"informacio-a-tenir-en-compte","status":"publish","type":"page","link":"https:\/\/agora-eoi.xtec.cat\/eoiguixols\/secretaria\/alumnes-nous\/informacio-a-tenir-en-compte\/","title":{"rendered":"Informaci\u00f3\u00a0a tenir en compte"},"content":{"rendered":"<h4><span id=\"Informacioa_tenir_en_compte\">Informaci\u00f3\u00a0a tenir en compte<\/span><\/h4>\n<ul>\n<li>Es pot fer una \u00fanica preinscripci\u00f3 per idioma, i un m\u00e0xim de dues preinscripcions a dos idiomes diferents. En cada preinscripci\u00f3 es poden triar dues opcions de centre i fins a quatre horaris que s\u2019hauran d\u2019ordenar segons prefer\u00e8ncia.<\/li>\n<li>S\u2019ha de tenir 16 anys complerts l\u2019any en qu\u00e8 es comencen els estudis (fins al 31 de desembre) o 14 anys per estudiar un idioma diferent del cursat a l\u2019ESO com a primera opci\u00f3.<\/li>\n<li>En fer la preinscripci\u00f3 es pot demanar accedir a A1 o a un nivell superior. Per accedir a A1 no cal fer test de nivell.<\/li>\n<li>Les persones interessades en accedir a un nivell superior a A1 nom\u00e9s es poden preinscriure directament a un nivell concret si:\n<ul>\n<li>disposen d\u2019una titulaci\u00f3 que consta a la\u00a0<strong>Taula d\u2019exempcions de test de nivell\u00a0<\/strong>que trobareu al web del Departament d\u2019Educaci\u00f3 de la Generalitat de Catalunya<a href=\"https:\/\/preinscripcio.gencat.cat\/ca\/estudis\/idiomes-eoi\/informat\/test-nivell-a2-c1\/\" target=\"_blank\" rel=\"noopener noreferrer\">,<\/a><\/li>\n<li>o b\u00e9 tenen aprovat el nivell immediatament anterior a qualsevol EOI.<\/li>\n<\/ul>\n<\/li>\n<li>Les persones que puguin accedir directament a un nivell superior a A1 perqu\u00e8 disposen d\u2019una titulaci\u00f3 recollida a la\u00a0<a href=\"https:\/\/preinscripcio.gencat.cat\/ca\/estudis\/idiomes-eoi\/informat\/test-nivell-a2-c1\/\" target=\"_blank\" rel=\"noopener noreferrer\">Taula d\u2019exempcions\u00a0de test de nivell<\/a><strong>,<\/strong>\u00a0hauran de\u00a0<strong>lliurar el certificat<\/strong>\u00a0mitjan\u00e7ant l\u2019<strong>aplicaci\u00f3 inform\u00e0tica de preinscripci\u00f3<\/strong>\u00a0des de les\u00a0<strong>9h de l&#8217;1 de setembre fins a les 17h del 8 de setembre.<\/strong><\/li>\n<li>Les persones que volen accedir a A1 o que poden accedir directament a un nivell concret en el moment de fer la preinscripci\u00f3, especificaran l\u2019idioma, el curs, el grup\/horari i el centre o centres als quals es volen preinscriure.<\/li>\n<li>Si les persones interessades ja tenen coneixements de la llengua que els interessa per\u00f2 no tenen cap titulaci\u00f3 de les esmentades anteriorment, s\u2019han de preinscriure a l\u2019opci\u00f3\u00a0<strong>Test de nivell en l\u00ednia<\/strong>, en el cas d\u2019alemany, d\u2019angl\u00e8s i de franc\u00e8s.<\/li>\n<li>El\u00a0<strong>test de nivell en l\u00ednia<\/strong>\u00a0es pot fer des del moment de fer la preinscripci\u00f3\u00a0<strong>fins a les 17h del 10 de setembre. <\/strong>Les persones\u00a0<strong>hauran de triar idioma, curs i grup\/horari en acabar el test de nivell en l\u00ednia.<\/strong><\/li>\n<li>El dia 15 de setembre a les 12h es podr\u00e0 consultar el resultat del sorteig<strong>*<\/strong>\u00a0per a l\u2019assignaci\u00f3 de places als diferents idiomes i nivells. El resultat de l\u2019adjudicaci\u00f3 de places pot ser\u00a0<em>Adm\u00e8s\/esa<\/em>,\u00a0<em>Llista d\u2019espera (Reserva)<\/em>\u00a0o\u00a0<em>Excl\u00f2s\/a<\/em>.<\/li>\n<li><strong>Les persones admeses hauran de fer la matr\u00edcula a partir de les 18h del 15 de setembre fins a les 23.59h del 17 de setembre.<\/strong><\/li>\n<li>Cal remarcar per\u00f2 que no totes les persones admeses acaben matriculant-se, aix\u00ed doncs, aquelles persones preinscrites que a trav\u00e9s del sorteig entrin a la\u00a0<em>Llista d\u2019espera (Reserva)<\/em>\u00a0podran fer la matr\u00edcula si queden<strong>\u00a0places vacants\u00a0<\/strong>despr\u00e9s del proc\u00e9s de matriculaci\u00f3 de les persones\u00a0<em>Admeses<\/em>. Aquesta matr\u00edcula es dur\u00e0 a terme\u00a0<strong>a partir de les 12h del dia 19 de setembre i fins a les 23:59h del dia 21 de setembre per a angl\u00e8s i a partir de les 9h del dia 20 de setembre i fins a les 23:59h del 21 de setembre per a tots els idiomes, <\/strong>angl\u00e8s incl\u00f2s.\u00a0S\u2019organitzar\u00e0 en franges de matr\u00edcula que s\u2019aniran obrint segons l\u2019ordre que resulti del sorteig per a l\u2019assignaci\u00f3 de places i que no es tancaran fins que s\u2019acabi el per\u00edode de matriculaci\u00f3.<\/li>\n<li><strong>Tot el seguiment del proc\u00e9s<\/strong>\u00a0pel que fa a l\u2019admissi\u00f3 de la preinscripci\u00f3, a la tria de grups\/horaris, a la consulta de resultats d\u2019assignaci\u00f3 de places i subseq\u00fcent matr\u00edcula de les persones admeses i a la llista d\u2019espera\u00a0<strong>el podreu fer a trav\u00e9s del web\u00a0<\/strong>del Departament d\u2019Educaci\u00f3 de la Generalitat de Catalunya\u00a0<a href=\"https:\/\/web.gencat.cat\/ca\/tramits\/tramits-temes\/preinscripcio-idiomes\" target=\"_blank\" rel=\"noopener\">Preinscripci\u00f3 2025-2026 | Idiomes a les EOI<\/a><\/li>\n<\/ul>\n<p><strong>*<\/strong>\u00a0Les preinscripcions es numeren correlativament en el moment de fer-se. Aquest n\u00famero de preinscripci\u00f3 \u00e9s v\u00e0lid per al sorteig d\u2019assignaci\u00f3 de places.<\/p>\n","protected":false},"excerpt":{"rendered":"<p>Informaci\u00f3\u00a0a tenir en compte Es pot fer una \u00fanica preinscripci\u00f3 per idioma, i un m\u00e0xim de dues preinscripcions a dos idiomes diferents. En cada preinscripci\u00f3 es poden triar dues opcions de centre i fins a quatre horaris que s\u2019hauran d\u2019ordenar segons prefer\u00e8ncia. S\u2019ha de tenir 16 anys complerts l\u2019any en qu\u00e8 es comencen els estudis [&hellip;]<\/p>\n","protected":false},"author":1,"featured_media":0,"parent":8166,"menu_order":0,"comment_status":"closed","ping_status":"closed","template":"","meta":{"_bbp_topic_count":0,"_bbp_reply_count":0,"_bbp_total_topic_count":0,"_bbp_total_reply_count":0,"_bbp_voice_count":0,"_bbp_anonymous_reply_count":0,"_bbp_topic_count_hidden":0,"_bbp_reply_count_hidden":0,"_bbp_forum_subforum_count":0,"site-sidebar-layout":"default","site-content-layout":"","ast-site-content-layout":"","site-content-style":"default","site-sidebar-style":"default","ast-global-header-display":"","ast-banner-title-visibility":"","ast-main-header-display":"","ast-hfb-above-header-display":"","ast-hfb-below-header-display":"","ast-hfb-mobile-header-display":"","site-post-title":"","ast-breadcrumbs-content":"","ast-featured-img":"","footer-sml-layout":"","theme-transparent-header-meta":"","adv-header-id-meta":"","stick-header-meta":"","header-above-stick-meta":"","header-main-stick-meta":"","header-below-stick-meta":"","astra-migrate-meta-layouts":"default","ast-page-background-enabled":"default","ast-page-background-meta":{"desktop":{"background-color":"var(--ast-global-color-4)","background-image":"","background-repeat":"repeat","background-position":"center center","background-size":"auto","background-attachment":"scroll","background-type":"","background-media":"","overlay-type":"","overlay-color":"","overlay-opacity":"","overlay-gradient":""},"tablet":{"background-color":"","background-image":"","background-repeat":"repeat","background-position":"center center","background-size":"auto","background-attachment":"scroll","background-type":"","background-media":"","overlay-type":"","overlay-color":"","overlay-opacity":"","overlay-gradient":""},"mobile":{"background-color":"","background-image":"","background-repeat":"repeat","background-position":"center center","background-size":"auto","background-attachment":"scroll","background-type":"","background-media":"","overlay-type":"","overlay-color":"","overlay-opacity":"","overlay-gradient":""}},"ast-content-background-meta":{"desktop":{"background-color":"var(--ast-global-color-5)","background-image":"","background-repeat":"repeat","background-position":"center center","background-size":"auto","background-attachment":"scroll","background-type":"","background-media":"","overlay-type":"","overlay-color":"","overlay-opacity":"","overlay-gradient":""},"tablet":{"background-color":"var(--ast-global-color-5)","background-image":"","background-repeat":"repeat","background-position":"center center","background-size":"auto","background-attachment":"scroll","background-type":"","background-media":"","overlay-type":"","overlay-color":"","overlay-opacity":"","overlay-gradient":""},"mobile":{"background-color":"var(--ast-global-color-5)","background-image":"","background-repeat":"repeat","background-position":"center center","background-size":"auto","background-attachment":"scroll","background-type":"","background-media":"","overlay-type":"","overlay-color":"","overlay-opacity":"","overlay-gradient":""}},"footnotes":""},"class_list":["post-12978","page","type-page","status-publish","hentry"],"post_mailing_queue_ids":[],"_links":{"self":[{"href":"https:\/\/agora-eoi.xtec.cat\/eoiguixols\/wp-json\/wp\/v2\/pages\/12978","targetHints":{"allow":["GET"]}}],"collection":[{"href":"https:\/\/agora-eoi.xtec.cat\/eoiguixols\/wp-json\/wp\/v2\/pages"}],"about":[{"href":"https:\/\/agora-eoi.xtec.cat\/eoiguixols\/wp-json\/wp\/v2\/types\/page"}],"author":[{"embeddable":true,"href":"https:\/\/agora-eoi.xtec.cat\/eoiguixols\/wp-json\/wp\/v2\/users\/1"}],"replies":[{"embeddable":true,"href":"https:\/\/agora-eoi.xtec.cat\/eoiguixols\/wp-json\/wp\/v2\/comments?post=12978"}],"version-history":[{"count":3,"href":"https:\/\/agora-eoi.xtec.cat\/eoiguixols\/wp-json\/wp\/v2\/pages\/12978\/revisions"}],"predecessor-version":[{"id":13244,"href":"https:\/\/agora-eoi.xtec.cat\/eoiguixols\/wp-json\/wp\/v2\/pages\/12978\/revisions\/13244"}],"up":[{"embeddable":true,"href":"https:\/\/agora-eoi.xtec.cat\/eoiguixols\/wp-json\/wp\/v2\/pages\/8166"}],"wp:attachment":[{"href":"https:\/\/agora-eoi.xtec.cat\/eoiguixols\/wp-json\/wp\/v2\/media?parent=12978"}],"curies":[{"name":"wp","href":"https:\/\/api.w.org\/{rel}","templated":true}]}}