{"id":12909,"date":"2024-07-02T14:27:11","date_gmt":"2024-07-02T12:27:11","guid":{"rendered":"https:\/\/agora-eoi.xtec.cat\/eoiguixols\/?page_id=12909"},"modified":"2024-07-02T14:29:37","modified_gmt":"2024-07-02T12:29:37","slug":"programa-per-a-docents","status":"publish","type":"page","link":"https:\/\/agora-eoi.xtec.cat\/eoiguixols\/secretaria-2\/programa-per-a-docents\/","title":{"rendered":"Programa per a docents"},"content":{"rendered":"<header class=\"entry-header\">\n<h5 class=\"entry-title\"><span style=\"font-size: 1.125em;\">Gratu\u00eftat de matr\u00edcula per al professorat: Programa PIA+<\/span><\/h5>\n<\/header>\n<div class=\"entry-content\">\n<div>\n<div><\/div>\n<\/div>\n<p><strong>Programa per a la millora de la compet\u00e8ncia comunicativa en llengua estrangera del professorat no universitari:<\/strong>\u00a0<a href=\"http:\/\/xtec.gencat.cat\/ca\/formacio\/formaciogeneralprofessorat\/llengues\/programa-pia\/\" target=\"_blank\" rel=\"noopener noreferrer\">+info<\/a><\/p>\n<ul>\n<li>Tots\u00a0<strong>els\/les docents<\/strong>\u00a0en actiu en un centre p\u00fablic, municipal o privat concertat\u00a0<strong>hauran d\u2019abonar les taxes o preus p\u00fablics corresponents en el moment de fer la matr\u00edcula a l\u2019EOI o a l\u2019IOC<\/strong>, amb la possibilitat, sempre que es compleixin el requisits, de\u00a0<strong>sol\u00b7licitar el retorn d\u2019aquestes taxes<\/strong>\u00a0si el\/la participant obt\u00e9 la qualificaci\u00f3 d\u2019apte\/a al final del curs.<\/li>\n<li><strong>Modalitat\u00a0<a href=\"https:\/\/agora-eoi.xtec.cat\/eoiguixols\/secretaria\/matricula\/matricula-dactualitzacio\/\" target=\"_blank\" rel=\"noopener\">matr\u00edcula d\u2019actualitzaci\u00f3<\/a>\u00a0a les EOI<\/strong>, dins el Programa PIA+: per a aquells docents que han cursat i superat un nivell i vulguin actualitzar-ne els coneixements del mateix curs o un d\u2019inferior.<\/li>\n<\/ul>\n<\/div>\n","protected":false},"excerpt":{"rendered":"<p>Gratu\u00eftat de matr\u00edcula per al professorat: Programa PIA+ Programa per a la millora de la compet\u00e8ncia comunicativa en llengua estrangera del professorat no universitari:\u00a0+info Tots\u00a0els\/les docents\u00a0en actiu en un centre p\u00fablic, municipal o privat concertat\u00a0hauran d\u2019abonar les taxes o preus p\u00fablics corresponents en el moment de fer la matr\u00edcula a l\u2019EOI o a l\u2019IOC, amb [&hellip;]<\/p>\n","protected":false},"author":1,"featured_media":0,"parent":12906,"menu_order":0,"comment_status":"closed","ping_status":"closed","template":"page-templates\/side-menu.php","meta":{"_bbp_topic_count":0,"_bbp_reply_count":0,"_bbp_total_topic_count":0,"_bbp_total_reply_count":0,"_bbp_voice_count":0,"_bbp_anonymous_reply_count":0,"_bbp_topic_count_hidden":0,"_bbp_reply_count_hidden":0,"_bbp_forum_subforum_count":0,"site-sidebar-layout":"default","site-content-layout":"","ast-site-content-layout":"","site-content-style":"default","site-sidebar-style":"default","ast-global-header-display":"","ast-banner-title-visibility":"","ast-main-header-display":"","ast-hfb-above-header-display":"","ast-hfb-below-header-display":"","ast-hfb-mobile-header-display":"","site-post-title":"","ast-breadcrumbs-content":"","ast-featured-img":"","footer-sml-layout":"","theme-transparent-header-meta":"","adv-header-id-meta":"","stick-header-meta":"","header-above-stick-meta":"","header-main-stick-meta":"","header-below-stick-meta":"","astra-migrate-meta-layouts":"default","ast-page-background-enabled":"default","ast-page-background-meta":{"desktop":{"background-color":"var(--ast-global-color-4)","background-image":"","background-repeat":"repeat","background-position":"center center","background-size":"auto","background-attachment":"scroll","background-type":"","background-media":"","overlay-type":"","overlay-color":"","overlay-opacity":"","overlay-gradient":""},"tablet":{"background-color":"","background-image":"","background-repeat":"repeat","background-position":"center center","background-size":"auto","background-attachment":"scroll","background-type":"","background-media":"","overlay-type":"","overlay-color":"","overlay-opacity":"","overlay-gradient":""},"mobile":{"background-color":"","background-image":"","background-repeat":"repeat","background-position":"center center","background-size":"auto","background-attachment":"scroll","background-type":"","background-media":"","overlay-type":"","overlay-color":"","overlay-opacity":"","overlay-gradient":""}},"ast-content-background-meta":{"desktop":{"background-color":"var(--ast-global-color-5)","background-image":"","background-repeat":"repeat","background-position":"center center","background-size":"auto","background-attachment":"scroll","background-type":"","background-media":"","overlay-type":"","overlay-color":"","overlay-opacity":"","overlay-gradient":""},"tablet":{"background-color":"var(--ast-global-color-5)","background-image":"","background-repeat":"repeat","background-position":"center center","background-size":"auto","background-attachment":"scroll","background-type":"","background-media":"","overlay-type":"","overlay-color":"","overlay-opacity":"","overlay-gradient":""},"mobile":{"background-color":"var(--ast-global-color-5)","background-image":"","background-repeat":"repeat","background-position":"center center","background-size":"auto","background-attachment":"scroll","background-type":"","background-media":"","overlay-type":"","overlay-color":"","overlay-opacity":"","overlay-gradient":""}},"footnotes":""},"class_list":["post-12909","page","type-page","status-publish","hentry"],"post_mailing_queue_ids":[],"_links":{"self":[{"href":"https:\/\/agora-eoi.xtec.cat\/eoiguixols\/wp-json\/wp\/v2\/pages\/12909","targetHints":{"allow":["GET"]}}],"collection":[{"href":"https:\/\/agora-eoi.xtec.cat\/eoiguixols\/wp-json\/wp\/v2\/pages"}],"about":[{"href":"https:\/\/agora-eoi.xtec.cat\/eoiguixols\/wp-json\/wp\/v2\/types\/page"}],"author":[{"embeddable":true,"href":"https:\/\/agora-eoi.xtec.cat\/eoiguixols\/wp-json\/wp\/v2\/users\/1"}],"replies":[{"embeddable":true,"href":"https:\/\/agora-eoi.xtec.cat\/eoiguixols\/wp-json\/wp\/v2\/comments?post=12909"}],"version-history":[{"count":4,"href":"https:\/\/agora-eoi.xtec.cat\/eoiguixols\/wp-json\/wp\/v2\/pages\/12909\/revisions"}],"predecessor-version":[{"id":12914,"href":"https:\/\/agora-eoi.xtec.cat\/eoiguixols\/wp-json\/wp\/v2\/pages\/12909\/revisions\/12914"}],"up":[{"embeddable":true,"href":"https:\/\/agora-eoi.xtec.cat\/eoiguixols\/wp-json\/wp\/v2\/pages\/12906"}],"wp:attachment":[{"href":"https:\/\/agora-eoi.xtec.cat\/eoiguixols\/wp-json\/wp\/v2\/media?parent=12909"}],"curies":[{"name":"wp","href":"https:\/\/api.w.org\/{rel}","templated":true}]}}