{"id":12900,"date":"2024-07-02T14:05:16","date_gmt":"2024-07-02T12:05:16","guid":{"rendered":"https:\/\/agora-eoi.xtec.cat\/eoiguixols\/?page_id=12900"},"modified":"2025-07-15T00:06:19","modified_gmt":"2025-07-14T22:06:19","slug":"exempcions-i-bonificacions","status":"publish","type":"page","link":"https:\/\/agora-eoi.xtec.cat\/eoiguixols\/secretaria\/exempcions-i-bonificacions\/","title":{"rendered":"Exempcions i bonificacions"},"content":{"rendered":"<h5><span id=\"Exempcions_i_bonificacions\">Exempcions i bonificacions<\/span><\/h5>\n<p>Percentatge de bonificaci\u00f3 \/ exempci\u00f3 per a la prestaci\u00f3 dels serveis docents de les escoles oficials d\u2019idiomes i per a la inscripci\u00f3 a les proves lliures per a l\u2019obtenci\u00f3 dels certificats oficials.<\/p>\n<table style=\"width: 683px; height: 720px;\">\n<tbody>\n<tr style=\"height: 61px;\">\n<td style=\"width: 345px; height: 61px;\"><strong>Situacions que donen lloc a una<\/strong><br \/>\n<strong>bonificaci\u00f3 \/ exempci\u00f3<\/strong><\/td>\n<td style=\"width: 168px; height: 61px;\"><strong>Taxa<\/strong><br \/>\n(nivells B1, B2.1, B2.2)<\/td>\n<td style=\"width: 160px; height: 61px;\"><strong>Preu p\u00fablic *<\/strong><br \/>\n(nivells A1, A2, C1)<\/td>\n<\/tr>\n<tr style=\"height: 46px;\">\n<td style=\"width: 345px; height: 46px;\">Membres de fam\u00edlia nombrosa de categoria<br \/>\nespecial<\/td>\n<td style=\"width: 168px; height: 46px; text-align: center;\">100%<\/td>\n<td style=\"width: 160px; height: 46px; text-align: center;\">100%<\/td>\n<\/tr>\n<tr style=\"height: 46px;\">\n<td style=\"width: 345px; height: 46px;\">Membres de fam\u00edlia nombrosa de categoria<br \/>\ngeneral<\/td>\n<td style=\"width: 168px; height: 46px; text-align: center;\">50%<\/td>\n<td style=\"width: 160px; height: 46px; text-align: center;\">50%<\/td>\n<\/tr>\n<tr style=\"height: 46px;\">\n<td style=\"width: 345px; height: 46px;\">Membres de fam\u00edlia monoparental de qualsevol<br \/>\ncategoria<\/td>\n<td style=\"width: 168px; height: 46px; text-align: center;\">50%<\/td>\n<td style=\"width: 160px; height: 46px; text-align: center;\">50%<\/td>\n<\/tr>\n<tr style=\"height: 46px;\">\n<td style=\"width: 345px; height: 46px;\">Persones amb una discapacitat igual o superior al 33%<\/td>\n<td style=\"width: 168px; height: 46px; text-align: center;\">100%<\/td>\n<td style=\"width: 160px; height: 46px; text-align: center;\">100%<\/td>\n<\/tr>\n<tr style=\"height: 46px;\">\n<td style=\"width: 345px; height: 46px;\">Persones v\u00edctimes d\u2019actes terroristes, els seus<br \/>\nc\u00f2njuges i els seus fills i filles<\/td>\n<td style=\"width: 168px; height: 46px; text-align: center;\">100%<\/td>\n<td style=\"width: 160px; height: 46px; text-align: center;\">100%<\/td>\n<\/tr>\n<tr style=\"height: 31px;\">\n<td style=\"width: 345px; height: 31px;\">Adolescents en acolliment familiar<\/td>\n<td style=\"width: 168px; height: 31px; text-align: center;\">100%<\/td>\n<td style=\"width: 160px; height: 31px; text-align: center;\">100%<\/td>\n<\/tr>\n<tr style=\"height: 31px;\">\n<td style=\"width: 345px; height: 31px;\"><span style=\"color: #000000;\">Persones subjectes a mesures privatives de llibertat<\/span><\/td>\n<td style=\"width: 168px; height: 31px; text-align: center;\"><span style=\"color: #000000;\">100%<\/span><\/td>\n<td style=\"width: 160px; height: 31px; text-align: center;\">100%<\/td>\n<\/tr>\n<tr style=\"height: 46px;\">\n<td style=\"width: 345px; height: 46px;\"><span style=\"color: #000000;\">Membres de fam\u00edlies que perceben la renda<\/span><br \/>\n<span style=\"color: #000000;\">m\u00ednima d\u2019inserci\u00f3 o la renda activa d\u2019inserci\u00f3<\/span><\/td>\n<td style=\"width: 168px; height: 46px; text-align: center;\">100%<\/td>\n<td style=\"width: 160px; height: 46px; text-align: center;\">100%<\/td>\n<\/tr>\n<tr style=\"height: 46px;\">\n<td style=\"width: 345px; height: 46px;\"><span style=\"color: #000000;\">Membres de fam\u00edlies que perceben la renda<br \/>\ngarantida de ciutadania<\/span><\/td>\n<td style=\"width: 168px; height: 46px; text-align: center;\">&#8212;-<\/td>\n<td style=\"width: 160px; height: 46px; text-align: center;\">100%<\/td>\n<\/tr>\n<tr>\n<td style=\"width: 345px;\"><span style=\"color: #000000;\">Aturats de llarga durada que perceben un subsidi equivalent a la renda m\u00ednima d\u2019inserci\u00f3 o la renda activa d\u2019inserci\u00f3 o a la renda garantida de ciutadania<\/span><\/td>\n<td style=\"width: 168px; text-align: center;\">&#8212;-<\/td>\n<td style=\"width: 160px; text-align: center;\">100%<\/td>\n<\/tr>\n<tr style=\"height: 31px;\">\n<td style=\"width: 345px; height: 31px;\"><span style=\"color: #000000;\">Persones v\u00edctimes de viol\u00e8ncia de g\u00e8nere<\/span><\/td>\n<td style=\"width: 168px; height: 31px; text-align: center;\">100%<\/td>\n<td style=\"width: 160px; height: 31px; text-align: center;\">100%<\/td>\n<\/tr>\n<tr style=\"height: 61px;\">\n<td style=\"width: 345px; height: 61px;\"><span style=\"color: #000000;\">Persones menors tutelades o persones extutelades menors de 21 anys d\u2019edat<\/span><\/td>\n<td style=\"width: 168px; height: 61px; text-align: center;\">\u00a0100%<\/td>\n<td style=\"width: 160px; height: 61px; text-align: center;\">\u00a0100%<\/td>\n<\/tr>\n<tr style=\"height: 91px;\">\n<td style=\"width: 345px; height: 91px;\"><span style=\"color: #000000;\">Persones que en el curs acad\u00e8mic immediatament<\/span><br \/>\n<span style=\"color: #000000;\">anterior han obtingut Matr\u00edcula d\u2019Honor en el<\/span><br \/>\n<span style=\"color: #000000;\">Batxillerat o el Premi Extraordinari de Batxillerat<\/span><\/td>\n<td style=\"width: 168px; height: 91px; text-align: center;\"><span style=\"color: #000000;\">\u00a0100%<\/span><\/td>\n<td style=\"width: 160px; height: 91px; text-align: center;\"><span style=\"color: #000000;\">\u00a0100%\u00a0<\/span><\/td>\n<\/tr>\n<tr>\n<td style=\"width: 345px;\"><span style=\"color: #000000;\">Persones guanyadores del Premi Extraordinari dels ensenyaments de Formaci\u00f3 Professional, dels ensenyaments professionals d&#8217;Arts Pl\u00e0stiques i Disseny, de M\u00fasica o de Dansa, en els termes previstos a la normativa que els estableixi. Un sol cop.<\/span><\/td>\n<td style=\"width: 168px; text-align: center;\"><span style=\"color: #000000;\">&#8212;-<\/span><\/td>\n<td style=\"width: 160px; text-align: center;\"><span style=\"color: #000000;\">100%<\/span><\/td>\n<\/tr>\n<tr style=\"height: 31px;\">\n<td style=\"width: 345px; height: 31px;\"><span style=\"color: #000000;\">Persones becades per estudis d\u2019idiomes en el curs actual per part de l&#8217;Administraci\u00f3 p\u00fablica competent.<\/span><\/td>\n<td style=\"width: 168px; height: 31px; text-align: center;\"><span style=\"color: #000000;\">100%<\/span><\/td>\n<td style=\"width: 160px; height: 31px; text-align: center;\"><span style=\"color: #000000;\">50%<\/span><\/td>\n<\/tr>\n<tr style=\"height: 61px;\">\n<td style=\"width: 345px; height: 61px;\"><span style=\"color: #000000;\">Alumnes de centres sostinguts amb fons p\u00fablics, que es matriculin d&#8217;una segona llengua, diferent a la llengua estrangera obligat\u00f2ria del curr\u00edculum del centre educatiu.<\/span><\/td>\n<td style=\"width: 168px; height: 61px; text-align: center;\">&#8212;-<\/td>\n<td style=\"width: 160px; height: 61px; text-align: center;\">\u00a050%<\/td>\n<\/tr>\n<tr style=\"height: 91px;\">\n<td style=\"width: 345px; height: 91px;\">Alumnes matriculats a una EOI, que cursen una llengua i es matriculen a una segona llengua en la mateixa o en una altra EOI. Nom\u00e9s del preu p\u00fablic en una de les dues lleng\u00fces.<\/td>\n<td style=\"width: 168px; height: 91px; text-align: center;\">&#8212;-<\/td>\n<td style=\"width: 160px; height: 91px; text-align: center;\">50%<\/td>\n<\/tr>\n<tr style=\"height: 61px;\">\n<td style=\"width: 345px; height: 61px;\">Alumnes matriculats a una EOI, que cursen B2.2 i es matriculen en una nova llengua el curs immediatament posterior.<\/td>\n<td style=\"width: 168px; height: 61px; text-align: center;\">&#8212;-<\/td>\n<td style=\"width: 160px; height: 61px; text-align: center;\">50%<\/td>\n<\/tr>\n<\/tbody>\n<\/table>\n<p>* La concurr\u00e8ncia en una mateixa persona de les condicions que donen dret a dues o m\u00e9s bonificacions, comportar\u00e0 l&#8217;acumulaci\u00f3 d&#8217;aquestes bonificacions.<\/p>\n<p>La formalitzaci\u00f3 de la matr\u00edcula implica l\u2019acceptaci\u00f3 de la normativa de l\u2019EOI. Els trasllats de matr\u00edcula viva dins de Catalunya no donaran lloc al pagament de taxes o preus p\u00fablics, per\u00f2 l&#8217;alumnat que arribi procedent d\u2019una EOI d\u2019una altra Comunitat Aut\u00f2noma haur\u00e0 de pagar la totalitat de la taxa o del preu p\u00fablic per serveis acad\u00e8mics. (Llei 20\/2001 de 28 de desembre de Taxes i preus p\u00fablics de la Generalitat de Catalunya).<\/p>\n","protected":false},"excerpt":{"rendered":"<p>Exempcions i bonificacions Percentatge de bonificaci\u00f3 \/ exempci\u00f3 per a la prestaci\u00f3 dels serveis docents de les escoles oficials d\u2019idiomes i per a la inscripci\u00f3 a les proves lliures per a l\u2019obtenci\u00f3 dels certificats oficials. Situacions que donen lloc a una bonificaci\u00f3 \/ exempci\u00f3 Taxa (nivells B1, B2.1, B2.2) Preu p\u00fablic * (nivells A1, A2, [&hellip;]<\/p>\n","protected":false},"author":1,"featured_media":0,"parent":8358,"menu_order":20,"comment_status":"closed","ping_status":"closed","template":"","meta":{"_bbp_topic_count":0,"_bbp_reply_count":0,"_bbp_total_topic_count":0,"_bbp_total_reply_count":0,"_bbp_voice_count":0,"_bbp_anonymous_reply_count":0,"_bbp_topic_count_hidden":0,"_bbp_reply_count_hidden":0,"_bbp_forum_subforum_count":0,"site-sidebar-layout":"default","site-content-layout":"","ast-site-content-layout":"default","site-content-style":"default","site-sidebar-style":"default","ast-global-header-display":"","ast-banner-title-visibility":"","ast-main-header-display":"","ast-hfb-above-header-display":"","ast-hfb-below-header-display":"","ast-hfb-mobile-header-display":"","site-post-title":"","ast-breadcrumbs-content":"","ast-featured-img":"","footer-sml-layout":"","theme-transparent-header-meta":"default","adv-header-id-meta":"","stick-header-meta":"","header-above-stick-meta":"","header-main-stick-meta":"","header-below-stick-meta":"","astra-migrate-meta-layouts":"set","ast-page-background-enabled":"default","ast-page-background-meta":{"desktop":{"background-color":"var(--ast-global-color-4)","background-image":"","background-repeat":"repeat","background-position":"center center","background-size":"auto","background-attachment":"scroll","background-type":"","background-media":"","overlay-type":"","overlay-color":"","overlay-opacity":"","overlay-gradient":""},"tablet":{"background-color":"","background-image":"","background-repeat":"repeat","background-position":"center center","background-size":"auto","background-attachment":"scroll","background-type":"","background-media":"","overlay-type":"","overlay-color":"","overlay-opacity":"","overlay-gradient":""},"mobile":{"background-color":"","background-image":"","background-repeat":"repeat","background-position":"center center","background-size":"auto","background-attachment":"scroll","background-type":"","background-media":"","overlay-type":"","overlay-color":"","overlay-opacity":"","overlay-gradient":""}},"ast-content-background-meta":{"desktop":{"background-color":"var(--ast-global-color-5)","background-image":"","background-repeat":"repeat","background-position":"center center","background-size":"auto","background-attachment":"scroll","background-type":"","background-media":"","overlay-type":"","overlay-color":"","overlay-opacity":"","overlay-gradient":""},"tablet":{"background-color":"var(--ast-global-color-5)","background-image":"","background-repeat":"repeat","background-position":"center center","background-size":"auto","background-attachment":"scroll","background-type":"","background-media":"","overlay-type":"","overlay-color":"","overlay-opacity":"","overlay-gradient":""},"mobile":{"background-color":"var(--ast-global-color-5)","background-image":"","background-repeat":"repeat","background-position":"center center","background-size":"auto","background-attachment":"scroll","background-type":"","background-media":"","overlay-type":"","overlay-color":"","overlay-opacity":"","overlay-gradient":""}},"footnotes":""},"class_list":["post-12900","page","type-page","status-publish","hentry"],"post_mailing_queue_ids":[],"_links":{"self":[{"href":"https:\/\/agora-eoi.xtec.cat\/eoiguixols\/wp-json\/wp\/v2\/pages\/12900","targetHints":{"allow":["GET"]}}],"collection":[{"href":"https:\/\/agora-eoi.xtec.cat\/eoiguixols\/wp-json\/wp\/v2\/pages"}],"about":[{"href":"https:\/\/agora-eoi.xtec.cat\/eoiguixols\/wp-json\/wp\/v2\/types\/page"}],"author":[{"embeddable":true,"href":"https:\/\/agora-eoi.xtec.cat\/eoiguixols\/wp-json\/wp\/v2\/users\/1"}],"replies":[{"embeddable":true,"href":"https:\/\/agora-eoi.xtec.cat\/eoiguixols\/wp-json\/wp\/v2\/comments?post=12900"}],"version-history":[{"count":1,"href":"https:\/\/agora-eoi.xtec.cat\/eoiguixols\/wp-json\/wp\/v2\/pages\/12900\/revisions"}],"predecessor-version":[{"id":12901,"href":"https:\/\/agora-eoi.xtec.cat\/eoiguixols\/wp-json\/wp\/v2\/pages\/12900\/revisions\/12901"}],"up":[{"embeddable":true,"href":"https:\/\/agora-eoi.xtec.cat\/eoiguixols\/wp-json\/wp\/v2\/pages\/8358"}],"wp:attachment":[{"href":"https:\/\/agora-eoi.xtec.cat\/eoiguixols\/wp-json\/wp\/v2\/media?parent=12900"}],"curies":[{"name":"wp","href":"https:\/\/api.w.org\/{rel}","templated":true}]}}