{"id":12897,"date":"2024-07-02T14:02:42","date_gmt":"2024-07-02T12:02:42","guid":{"rendered":"https:\/\/agora-eoi.xtec.cat\/eoiguixols\/?page_id=12897"},"modified":"2025-07-23T10:57:17","modified_gmt":"2025-07-23T08:57:17","slug":"trasllat-de-matricula","status":"publish","type":"page","link":"https:\/\/agora-eoi.xtec.cat\/eoiguixols\/tramits\/trasllat-de-matricula\/","title":{"rendered":"Trasllat de matr\u00edcula"},"content":{"rendered":"<h5>Trasllat de matr\u00edcula durant el curs acad\u00e8mic<\/h5>\n<p>Si despr\u00e9s de formalitzar la matr\u00edcula i de comen\u00e7ar el curs en un centre, un\/a alumne\/a demana poder continuar el curs en un altre centre, el trasllat s\u2019anomena\u00a0<strong>trasllat de matr\u00edcula viva<\/strong>. El termini per fer trasllats de matr\u00edcula viva finalitza l\u2019<strong>\u00faltim dia lectiu del mes d\u2019abril<\/strong>.<\/p>\n<p><strong>La sol\u00b7licitud de matr\u00edcula s\u2019ha de fer al centre de destinaci\u00f3<\/strong>\u00a0mitjan\u00e7ant el model\u00a0<a href=\"https:\/\/agora-eoi.xtec.cat\/eoiguixols\/wp-content\/uploads\/usu2257\/2025\/07\/Sollicitud-Trasllats-EOI.pdf\" target=\"_blank\" rel=\"noopener\">Sol\u00b7licitud de trasllat d\u2019expedient<\/a>\u00a0i queda condicionada a la disponibilitat de places del centre. La documentaci\u00f3 que cal aportar \u00e9s el full de pagament i el comprovant de pagament de la matr\u00edcula efectuada en el centre d\u2019origen. En el moment de produir-se una vacant, l\u2019EOI de destinaci\u00f3 ho ha de comunicar a la persona sol\u00b7licitant. L\u2019EOI de destinaci\u00f3 ha de tramitar d\u2019ofici el trasllat d\u2019expedient de l\u2019alumne\/a. En cas de no haver-hi vacants en l\u2019EOI de destinaci\u00f3, s\u2019obrir\u00e0 una llista d\u2019espera, en qu\u00e8 les persones sol\u00b7licitants han d\u2019indicar els grups i horaris desitjats.<\/p>\n<h5><b>Trasllat de l\u2019alumne\/a\u00a0 en per\u00edode no lectiu<\/b><\/h5>\n<p>Els alumnes oficials, un cop formalitzada la matr\u00edcula al centre d\u2019origen, poden sol\u00b7licitar un trasllat de matr\u00edcula a una altra escola\u00a0<a href=\"https:\/\/agora-eoi.xtec.cat\/eoiguixols\/secretaria\/alumnes-antics\/\" target=\"_blank\" rel=\"noopener\">durant la segona setmana de juliol<\/a>. La sol\u00b7licitud de matr\u00edcula es fa a l\u2019escola de destinaci\u00f3, i queda condicionada a la disponibilitat de places. L\u2019escola de destinaci\u00f3 s\u2019ha de posar en contacte amb els alumnes a trav\u00e9s dels mitjans que estableixi per notificar l\u2019acceptaci\u00f3 o la denegaci\u00f3 del trasllat. En cas d\u2019acceptaci\u00f3, el proc\u00e9s de trasllat ha d\u2019haver acabat com a molt tard el 17 de juliol. En el moment de demanar el trasllat, l\u2019alumne o alumna ha d\u2019aportar el full de pagament de la matr\u00edcula. En cas que hi hagi places vacants, l\u2019escola de destinaci\u00f3 ha de sol\u00b7licitar el trasllat de l\u2019expedient acad\u00e8mic de l\u2019alumne o alumna a l\u2019escola d\u2019origen.<\/p>\n","protected":false},"excerpt":{"rendered":"<p>Trasllat de matr\u00edcula durant el curs acad\u00e8mic Si despr\u00e9s de formalitzar la matr\u00edcula i de comen\u00e7ar el curs en un centre, un\/a alumne\/a demana poder continuar el curs en un altre centre, el trasllat s\u2019anomena\u00a0trasllat de matr\u00edcula viva. El termini per fer trasllats de matr\u00edcula viva finalitza l\u2019\u00faltim dia lectiu del mes d\u2019abril. La sol\u00b7licitud [&hellip;]<\/p>\n","protected":false},"author":1,"featured_media":0,"parent":12880,"menu_order":0,"comment_status":"closed","ping_status":"closed","template":"","meta":{"_bbp_topic_count":0,"_bbp_reply_count":0,"_bbp_total_topic_count":0,"_bbp_total_reply_count":0,"_bbp_voice_count":0,"_bbp_anonymous_reply_count":0,"_bbp_topic_count_hidden":0,"_bbp_reply_count_hidden":0,"_bbp_forum_subforum_count":0,"site-sidebar-layout":"default","site-content-layout":"","ast-site-content-layout":"default","site-content-style":"default","site-sidebar-style":"default","ast-global-header-display":"","ast-banner-title-visibility":"","ast-main-header-display":"","ast-hfb-above-header-display":"","ast-hfb-below-header-display":"","ast-hfb-mobile-header-display":"","site-post-title":"","ast-breadcrumbs-content":"","ast-featured-img":"","footer-sml-layout":"","theme-transparent-header-meta":"default","adv-header-id-meta":"","stick-header-meta":"","header-above-stick-meta":"","header-main-stick-meta":"","header-below-stick-meta":"","astra-migrate-meta-layouts":"set","ast-page-background-enabled":"default","ast-page-background-meta":{"desktop":{"background-color":"var(--ast-global-color-4)","background-image":"","background-repeat":"repeat","background-position":"center center","background-size":"auto","background-attachment":"scroll","background-type":"","background-media":"","overlay-type":"","overlay-color":"","overlay-opacity":"","overlay-gradient":""},"tablet":{"background-color":"","background-image":"","background-repeat":"repeat","background-position":"center center","background-size":"auto","background-attachment":"scroll","background-type":"","background-media":"","overlay-type":"","overlay-color":"","overlay-opacity":"","overlay-gradient":""},"mobile":{"background-color":"","background-image":"","background-repeat":"repeat","background-position":"center center","background-size":"auto","background-attachment":"scroll","background-type":"","background-media":"","overlay-type":"","overlay-color":"","overlay-opacity":"","overlay-gradient":""}},"ast-content-background-meta":{"desktop":{"background-color":"var(--ast-global-color-5)","background-image":"","background-repeat":"repeat","background-position":"center center","background-size":"auto","background-attachment":"scroll","background-type":"","background-media":"","overlay-type":"","overlay-color":"","overlay-opacity":"","overlay-gradient":""},"tablet":{"background-color":"var(--ast-global-color-5)","background-image":"","background-repeat":"repeat","background-position":"center center","background-size":"auto","background-attachment":"scroll","background-type":"","background-media":"","overlay-type":"","overlay-color":"","overlay-opacity":"","overlay-gradient":""},"mobile":{"background-color":"var(--ast-global-color-5)","background-image":"","background-repeat":"repeat","background-position":"center center","background-size":"auto","background-attachment":"scroll","background-type":"","background-media":"","overlay-type":"","overlay-color":"","overlay-opacity":"","overlay-gradient":""}},"footnotes":""},"class_list":["post-12897","page","type-page","status-publish","hentry"],"post_mailing_queue_ids":[],"_links":{"self":[{"href":"https:\/\/agora-eoi.xtec.cat\/eoiguixols\/wp-json\/wp\/v2\/pages\/12897","targetHints":{"allow":["GET"]}}],"collection":[{"href":"https:\/\/agora-eoi.xtec.cat\/eoiguixols\/wp-json\/wp\/v2\/pages"}],"about":[{"href":"https:\/\/agora-eoi.xtec.cat\/eoiguixols\/wp-json\/wp\/v2\/types\/page"}],"author":[{"embeddable":true,"href":"https:\/\/agora-eoi.xtec.cat\/eoiguixols\/wp-json\/wp\/v2\/users\/1"}],"replies":[{"embeddable":true,"href":"https:\/\/agora-eoi.xtec.cat\/eoiguixols\/wp-json\/wp\/v2\/comments?post=12897"}],"version-history":[{"count":4,"href":"https:\/\/agora-eoi.xtec.cat\/eoiguixols\/wp-json\/wp\/v2\/pages\/12897\/revisions"}],"predecessor-version":[{"id":13460,"href":"https:\/\/agora-eoi.xtec.cat\/eoiguixols\/wp-json\/wp\/v2\/pages\/12897\/revisions\/13460"}],"up":[{"embeddable":true,"href":"https:\/\/agora-eoi.xtec.cat\/eoiguixols\/wp-json\/wp\/v2\/pages\/12880"}],"wp:attachment":[{"href":"https:\/\/agora-eoi.xtec.cat\/eoiguixols\/wp-json\/wp\/v2\/media?parent=12897"}],"curies":[{"name":"wp","href":"https:\/\/api.w.org\/{rel}","templated":true}]}}