{"id":11662,"date":"2022-07-12T01:31:15","date_gmt":"2022-07-11T23:31:15","guid":{"rendered":"https:\/\/agora-eoi.xtec.cat\/eoiguixols\/?page_id=11662"},"modified":"2024-07-02T13:55:35","modified_gmt":"2024-07-02T11:55:35","slug":"programa-de-certificacio","status":"publish","type":"page","link":"https:\/\/agora-eoi.xtec.cat\/eoiguixols\/tramits\/programa-de-certificacio\/","title":{"rendered":"Programa de certificaci\u00f3"},"content":{"rendered":"<div>\n<p><a href=\"https:\/\/agora-eoi.xtec.cat\/eoiguixols\/wp-content\/uploads\/usu2257\/2022\/11\/PCunnamed.png\"><img loading=\"lazy\" decoding=\"async\" class=\"alignnone size-medium wp-image-11826\" src=\"https:\/\/agora-eoi.xtec.cat\/eoiguixols\/wp-content\/uploads\/usu2257\/2022\/11\/PCunnamed-300x300.png\" alt=\"\" width=\"300\" height=\"300\" srcset=\"https:\/\/agora-eoi.xtec.cat\/eoiguixols\/wp-content\/uploads\/usu2257\/2022\/11\/PCunnamed-300x300.png 300w, https:\/\/agora-eoi.xtec.cat\/eoiguixols\/wp-content\/uploads\/usu2257\/2022\/11\/PCunnamed-150x150.png 150w, https:\/\/agora-eoi.xtec.cat\/eoiguixols\/wp-content\/uploads\/usu2257\/2022\/11\/PCunnamed-768x768.png 768w, https:\/\/agora-eoi.xtec.cat\/eoiguixols\/wp-content\/uploads\/usu2257\/2022\/11\/PCunnamed.png 791w\" sizes=\"auto, (max-width: 300px) 100vw, 300px\" \/><\/a>\u200b\u200b\u200b\u200b\u200b\u200b\u200b\u200b\u200b<\/p>\n<p>El Departament d&#8217;Educaci\u00f3 ha publicat el <strong>Programa de certificaci\u00f3 dels coneixements de lleng\u00fces estrangeres en determinats ensenyaments a partir del curs 2022-2023<\/strong> d\u2019acord amb les bases de la <a title=\"Ves a Normativa\" href=\"https:\/\/dogc.gencat.cat\/ca\/document-del-dogc\/?documentId=920505\" target=\"_blank\" rel=\"noopener\">Resoluci\u00f3 EDU\/287\/2022, de 10 de febrer\u200b<\/a>.\u00a0La finalitat d&#8217;aquest programa \u00e9s fomentar als centres participants, amb el suport de les Escoles Oficials d&#8217;Idiomes, la certificaci\u00f3 dels coneixements de llengua estrangera adquirits per l&#8217;alumnat de determinats ensenyaments, de forma que s&#8217;afavoreixi el progr\u00e9s del rendiment acad\u00e8mic en les lleng\u00fces estrangeres\u200b i la millora de la transpar\u00e8ncia de les compet\u00e8ncies adquirides.<\/p>\n<p>No \u00e9s possible adherir-se al programa durant el curs 2023-2024. Poseu-vos en contacte amb l&#8217;escola si esteu interessats en el programa de cara al curs 2024-2025. <a href=\"https:\/\/espai.educacio.gencat.cat\/Centres\/Projectes-educatius\/Suport-certificacio-coneixements-llengues\/Pagines\/default.aspx\" target=\"_blank\" rel=\"noopener\">+ info<\/a><\/p>\n<\/div>\n","protected":false},"excerpt":{"rendered":"<p>\u200b\u200b\u200b\u200b\u200b\u200b\u200b\u200b\u200b El Departament d&#8217;Educaci\u00f3 ha publicat el Programa de certificaci\u00f3 dels coneixements de lleng\u00fces estrangeres en determinats ensenyaments a partir del curs 2022-2023 d\u2019acord amb les bases de la Resoluci\u00f3 EDU\/287\/2022, de 10 de febrer\u200b.\u00a0La finalitat d&#8217;aquest programa \u00e9s fomentar als centres participants, amb el suport de les Escoles Oficials d&#8217;Idiomes, la certificaci\u00f3 dels coneixements [&hellip;]<\/p>\n","protected":false},"author":1,"featured_media":0,"parent":12880,"menu_order":35,"comment_status":"closed","ping_status":"closed","template":"page-templates\/side-menu.php","meta":{"_bbp_topic_count":0,"_bbp_reply_count":0,"_bbp_total_topic_count":0,"_bbp_total_reply_count":0,"_bbp_voice_count":0,"_bbp_anonymous_reply_count":0,"_bbp_topic_count_hidden":0,"_bbp_reply_count_hidden":0,"_bbp_forum_subforum_count":0,"site-sidebar-layout":"default","site-content-layout":"","ast-site-content-layout":"","site-content-style":"default","site-sidebar-style":"default","ast-global-header-display":"","ast-banner-title-visibility":"","ast-main-header-display":"","ast-hfb-above-header-display":"","ast-hfb-below-header-display":"","ast-hfb-mobile-header-display":"","site-post-title":"","ast-breadcrumbs-content":"","ast-featured-img":"","footer-sml-layout":"","theme-transparent-header-meta":"","adv-header-id-meta":"","stick-header-meta":"","header-above-stick-meta":"","header-main-stick-meta":"","header-below-stick-meta":"","astra-migrate-meta-layouts":"default","ast-page-background-enabled":"default","ast-page-background-meta":{"desktop":{"background-color":"var(--ast-global-color-4)","background-image":"","background-repeat":"repeat","background-position":"center center","background-size":"auto","background-attachment":"scroll","background-type":"","background-media":"","overlay-type":"","overlay-color":"","overlay-opacity":"","overlay-gradient":""},"tablet":{"background-color":"","background-image":"","background-repeat":"repeat","background-position":"center center","background-size":"auto","background-attachment":"scroll","background-type":"","background-media":"","overlay-type":"","overlay-color":"","overlay-opacity":"","overlay-gradient":""},"mobile":{"background-color":"","background-image":"","background-repeat":"repeat","background-position":"center center","background-size":"auto","background-attachment":"scroll","background-type":"","background-media":"","overlay-type":"","overlay-color":"","overlay-opacity":"","overlay-gradient":""}},"ast-content-background-meta":{"desktop":{"background-color":"var(--ast-global-color-5)","background-image":"","background-repeat":"repeat","background-position":"center center","background-size":"auto","background-attachment":"scroll","background-type":"","background-media":"","overlay-type":"","overlay-color":"","overlay-opacity":"","overlay-gradient":""},"tablet":{"background-color":"var(--ast-global-color-5)","background-image":"","background-repeat":"repeat","background-position":"center center","background-size":"auto","background-attachment":"scroll","background-type":"","background-media":"","overlay-type":"","overlay-color":"","overlay-opacity":"","overlay-gradient":""},"mobile":{"background-color":"var(--ast-global-color-5)","background-image":"","background-repeat":"repeat","background-position":"center center","background-size":"auto","background-attachment":"scroll","background-type":"","background-media":"","overlay-type":"","overlay-color":"","overlay-opacity":"","overlay-gradient":""}},"footnotes":""},"class_list":["post-11662","page","type-page","status-publish","hentry"],"post_mailing_queue_ids":[],"_links":{"self":[{"href":"https:\/\/agora-eoi.xtec.cat\/eoiguixols\/wp-json\/wp\/v2\/pages\/11662","targetHints":{"allow":["GET"]}}],"collection":[{"href":"https:\/\/agora-eoi.xtec.cat\/eoiguixols\/wp-json\/wp\/v2\/pages"}],"about":[{"href":"https:\/\/agora-eoi.xtec.cat\/eoiguixols\/wp-json\/wp\/v2\/types\/page"}],"author":[{"embeddable":true,"href":"https:\/\/agora-eoi.xtec.cat\/eoiguixols\/wp-json\/wp\/v2\/users\/1"}],"replies":[{"embeddable":true,"href":"https:\/\/agora-eoi.xtec.cat\/eoiguixols\/wp-json\/wp\/v2\/comments?post=11662"}],"version-history":[{"count":4,"href":"https:\/\/agora-eoi.xtec.cat\/eoiguixols\/wp-json\/wp\/v2\/pages\/11662\/revisions"}],"predecessor-version":[{"id":12436,"href":"https:\/\/agora-eoi.xtec.cat\/eoiguixols\/wp-json\/wp\/v2\/pages\/11662\/revisions\/12436"}],"up":[{"embeddable":true,"href":"https:\/\/agora-eoi.xtec.cat\/eoiguixols\/wp-json\/wp\/v2\/pages\/12880"}],"wp:attachment":[{"href":"https:\/\/agora-eoi.xtec.cat\/eoiguixols\/wp-json\/wp\/v2\/media?parent=11662"}],"curies":[{"name":"wp","href":"https:\/\/api.w.org\/{rel}","templated":true}]}}