{"id":10348,"date":"2020-09-08T15:08:39","date_gmt":"2020-09-08T13:08:39","guid":{"rendered":"http:\/\/agora-eoi.xtec.cat\/eoiguixols\/?page_id=10348"},"modified":"2026-02-06T10:01:56","modified_gmt":"2026-02-06T09:01:56","slug":"acords-consell-escolar-2","status":"publish","type":"page","link":"https:\/\/agora-eoi.xtec.cat\/eoiguixols\/el-servei-educatiu\/organigrama\/acords-consell-escolar-2\/","title":{"rendered":"Acords Consell Escolar"},"content":{"rendered":"<ul>\n<li>Acords Reuni\u00f3 del 4 de febrer de 2026 &#8211; <a href=\"https:\/\/agora-eoi.xtec.cat\/eoiguixols\/wp-content\/uploads\/usu2257\/2026\/02\/Acords_CE_3_2025_26_SIG2.pdf\">Aqu\u00ed<\/a><\/li>\n<li>Acords Reuni\u00f3 del 10 de desembre de 2025 &#8211; <a href=\"https:\/\/agora-eoi.xtec.cat\/eoiguixols\/wp-content\/uploads\/usu2257\/2025\/12\/Acords_CE_2_2025_26.SIG2_.pdf\" target=\"_blank\" rel=\"noopener\">Aqu\u00ed<\/a><\/li>\n<li>Acords Reuni\u00f3 del 24 d&#8217;octubre de 2025 &#8211; <a href=\"https:\/\/agora-eoi.xtec.cat\/eoiguixols\/wp-content\/uploads\/usu2257\/2025\/10\/Acords_CE_1_2025_26.SIG2_.pdf\">Aqu\u00ed<\/a><\/li>\n<li>Acords Reuni\u00f3 del 27 de juny de 2025 &#8211; <a href=\"https:\/\/agora-eoi.xtec.cat\/eoiguixols\/wp-content\/uploads\/usu2257\/2025\/07\/Acords_CE_4_2024_25.SIG2_.pdf\">Aqu\u00ed<\/a><\/li>\n<li>Acords Reuni\u00f3 del 14 de febrer de 2025 &#8211;<a href=\"https:\/\/agora-eoi.xtec.cat\/eoiguixols\/wp-content\/uploads\/usu2257\/2025\/02\/Acords_CE_3_2024_25_SIG2.pdf\"> Aqu\u00ed\u00a0<\/a><\/li>\n<li>Acords Reuni\u00f3 del 31 de gener de 2025 &#8211; <a href=\"https:\/\/agora-eoi.xtec.cat\/eoiguixols\/wp-content\/uploads\/usu2257\/2025\/02\/Acords_CE_2_2024_25_SIG2.pdf\">Aqu\u00ed<\/a><\/li>\n<li>Acords Reuni\u00f3 del 18 d&#8217;octubre de 2024 &#8211; <a href=\"https:\/\/agora-eoi.xtec.cat\/eoiguixols\/wp-content\/uploads\/usu2257\/2025\/02\/Acords_CE_1_2024_25_SIG2.pdf\" target=\"_blank\" rel=\"noopener\">Aqu\u00ed<\/a><\/li>\n<li>Acords Reuni\u00f3 del 28 de juny de 2024 &#8211; <a href=\"https:\/\/agora-eoi.xtec.cat\/eoiguixols\/wp-content\/uploads\/usu2257\/2024\/07\/Acords_CE_7_2023_24_SIG2.pdf\" target=\"_blank\" rel=\"noopener\">Aqu\u00ed<\/a><\/li>\n<li>Acords Reuni\u00f3 del 17 de maig de 2024 &#8211; <a href=\"https:\/\/agora-eoi.xtec.cat\/eoiguixols\/wp-content\/uploads\/usu2257\/2024\/06\/Acords_CE_6_2023_24_SIG2.pdf\" target=\"_blank\" rel=\"noopener\">Aqu\u00ed<\/a><\/li>\n<li>Acords Reuni\u00f3 del 26 de gener de 2024 &#8211; <a href=\"https:\/\/agora-eoi.xtec.cat\/eoiguixols\/wp-content\/uploads\/usu2257\/2024\/02\/Acords_CE_4_2023_24_SIG2.pdf\" target=\"_blank\" rel=\"noopener\">Aqu\u00ed<\/a><\/li>\n<li>Acords Reuni\u00f3 del 19 de gener de 2024 &#8211; <a href=\"https:\/\/agora-eoi.xtec.cat\/eoiguixols\/wp-content\/uploads\/usu2257\/2024\/02\/Acords_CE_3_2023_24_SIG2.pdf\" target=\"_blank\" rel=\"noopener\">Aqu\u00ed<\/a><\/li>\n<li>Acords Reuni\u00f3 del 15 de desembre de 2023 &#8211; <a href=\"https:\/\/agora-eoi.xtec.cat\/eoiguixols\/wp-content\/uploads\/usu2257\/2024\/01\/Acords_CE_2_2023_24_SIG2.pdf\" target=\"_blank\" rel=\"noopener\">Aqu\u00ed<\/a><\/li>\n<li>Acords Reuni\u00f3 del 27 d&#8217;octubre de 2023 &#8211; <a href=\"https:\/\/agora-eoi.xtec.cat\/eoiguixols\/wp-content\/uploads\/usu2257\/2023\/10\/Acords_CE_1_2023_24_SIG2.pdf\" target=\"_blank\" rel=\"noopener\">Aqu\u00ed<\/a><\/li>\n<li>Acords Reuni\u00f3 del 30 de juny de 2023 &#8211; <a href=\"https:\/\/agora-eoi.xtec.cat\/eoiguixols\/wp-content\/uploads\/usu2257\/2023\/06\/Acords_CE_8_2022_23_SIG2.pdf\" target=\"_blank\" rel=\"noopener\">Aqu\u00ed<\/a><\/li>\n<li>Acords Reuni\u00f3 del 19 de juny de 2023 &#8211; <a href=\"https:\/\/agora-eoi.xtec.cat\/eoiguixols\/wp-content\/uploads\/usu2257\/2023\/06\/Acords_CE_7_2022_23_SIG2.pdf\" target=\"_blank\" rel=\"noopener\">Aqu\u00ed<\/a><\/li>\n<li>Acords Reuni\u00f3 del 10 de mar\u00e7 de 2023 &#8211; <a href=\"https:\/\/agora-eoi.xtec.cat\/eoiguixols\/wp-content\/uploads\/usu2257\/2023\/03\/Acords_CE_6_2022_23_SIG2.pdf\" target=\"_blank\" rel=\"noopener\">Aqu\u00ed<\/a><\/li>\n<li>Acords Reuni\u00f3 del 10 de febrer de 2023 &#8211;\u00a0<a href=\"https:\/\/agora-eoi.xtec.cat\/eoiguixols\/wp-content\/uploads\/usu2257\/2023\/06\/Acords_CE_5_2022_23_SIG2.pdf\" target=\"_blank\" rel=\"noopener\">Aqu\u00ed<\/a><a href=\"https:\/\/agora-eoi.xtec.cat\/eoiguixols\/wp-content\/uploads\/usu2257\/2023\/01\/Acords_CE_3_2022_23_SIG2.pdf\" target=\"_blank\" rel=\"noopener\">\u00a0<\/a><\/li>\n<li>Acords Reuni\u00f3 del 27 de gener de 2023 &#8211; <a href=\"https:\/\/agora-eoi.xtec.cat\/eoiguixols\/wp-content\/uploads\/usu2257\/2023\/01\/Acords_CE_4_2022_23_SIG2.pdf\" target=\"_blank\" rel=\"noopener\">Aqu\u00ed<\/a><\/li>\n<li>Acords Reuni\u00f3 del 9 de gener de 2023 &#8211; <a href=\"https:\/\/agora-eoi.xtec.cat\/eoiguixols\/wp-content\/uploads\/usu2257\/2023\/01\/Acords_CE_3_2022_23_SIG2.pdf\" target=\"_blank\" rel=\"noopener\">Aqu\u00ed\u00a0<\/a><\/li>\n<li>Acords Reuni\u00f3 del 25 de novembre de 2022 &#8211; <a href=\"https:\/\/agora-eoi.xtec.cat\/eoiguixols\/wp-content\/uploads\/usu2257\/2023\/01\/Acords_CE_2_2022_23_SIG2.pdf\" target=\"_blank\" rel=\"noopener\">Aqu\u00ed<\/a><\/li>\n<li>Acords Reuni\u00f3 del 28 d&#8217;octubre de 2022 &#8211; <a href=\"https:\/\/agora-eoi.xtec.cat\/eoiguixols\/wp-content\/uploads\/usu2257\/2022\/11\/Acords_CE_1_2022_23_SIG2.pdf\" target=\"_blank\" rel=\"noopener\">Aqu\u00ed<\/a><\/li>\n<li>Acords Reuni\u00f3 del 30 de juny de 2022 &#8211; <a href=\"https:\/\/agora-eoi.xtec.cat\/eoiguixols\/wp-content\/uploads\/usu2257\/2022\/07\/Acords_CE_7_2021_22_SIG2.pdf\" target=\"_blank\" rel=\"noopener\">Aqu\u00ed<\/a><\/li>\n<li>Acords Reuni\u00f3 del 23 de juny de 2022 &#8211; <a href=\"https:\/\/agora-eoi.xtec.cat\/eoiguixols\/wp-content\/uploads\/usu2257\/2022\/07\/Acords_CE_6_2021_22_SIG2.pdf\" target=\"_blank\" rel=\"noopener\">Aqu\u00ed<\/a><\/li>\n<li>Acords Reuni\u00f3 del 18 de mar\u00e7 de 2022 &#8211; <a href=\"https:\/\/agora-eoi.xtec.cat\/eoiguixols\/wp-content\/uploads\/usu2257\/2022\/03\/Acords_CE_5_2021_22_SIG2.pdf\" target=\"_blank\" rel=\"noopener\">Aqu\u00ed<\/a><\/li>\n<li>Acords Reuni\u00f3 del 28 de gener de 2022 &#8211; <a href=\"https:\/\/agora-eoi.xtec.cat\/eoiguixols\/wp-content\/uploads\/usu2257\/2022\/01\/Acords_CE_4_2021_22_SIG2.pdf\" target=\"_blank\" rel=\"noopener\">Aqu\u00ed<\/a><\/li>\n<li>Acords Reuni\u00f3 del 17 de desembre de 2021 &#8211; <a href=\"https:\/\/agora-eoi.xtec.cat\/eoiguixols\/wp-content\/uploads\/usu2257\/2021\/12\/Acords_CE_3_2021_22_SIG2.pdf\" target=\"_blank\" rel=\"noopener\">Aqu\u00ed<\/a><\/li>\n<li>Acords Reuni\u00f3 del 29 d&#8217;octubre de 2021 &#8211; <a href=\"https:\/\/agora-eoi.xtec.cat\/eoiguixols\/wp-content\/uploads\/usu2257\/2021\/11\/Acords_CE_2_2021_22_SIG2.pdf\" target=\"_blank\" rel=\"noopener\">Aqu\u00ed<\/a><\/li>\n<li>Acords Reuni\u00f3 del 23 de setembre de 2021 &#8211; <a href=\"https:\/\/agora-eoi.xtec.cat\/eoiguixols\/wp-content\/uploads\/usu2257\/2021\/10\/Acords_CE_1_2021_22_SIG2.pdf\" target=\"_blank\" rel=\"noopener\">Aqu\u00ed<\/a><\/li>\n<\/ul>\n","protected":false},"excerpt":{"rendered":"<p>Acords Reuni\u00f3 del 4 de febrer de 2026 &#8211; Aqu\u00ed Acords Reuni\u00f3 del 10 de desembre de 2025 &#8211; Aqu\u00ed Acords Reuni\u00f3 del 24 d&#8217;octubre de 2025 &#8211; Aqu\u00ed Acords Reuni\u00f3 del 27 de juny de 2025 &#8211; Aqu\u00ed Acords Reuni\u00f3 del 14 de febrer de 2025 &#8211; Aqu\u00ed\u00a0 Acords Reuni\u00f3 del 31 de gener [&hellip;]<\/p>\n","protected":false},"author":1,"featured_media":0,"parent":8141,"menu_order":25,"comment_status":"closed","ping_status":"closed","template":"","meta":{"_bbp_topic_count":0,"_bbp_reply_count":0,"_bbp_total_topic_count":0,"_bbp_total_reply_count":0,"_bbp_voice_count":0,"_bbp_anonymous_reply_count":0,"_bbp_topic_count_hidden":0,"_bbp_reply_count_hidden":0,"_bbp_forum_subforum_count":0,"site-sidebar-layout":"default","site-content-layout":"","ast-site-content-layout":"default","site-content-style":"default","site-sidebar-style":"default","ast-global-header-display":"","ast-banner-title-visibility":"","ast-main-header-display":"","ast-hfb-above-header-display":"","ast-hfb-below-header-display":"","ast-hfb-mobile-header-display":"","site-post-title":"","ast-breadcrumbs-content":"","ast-featured-img":"","footer-sml-layout":"","theme-transparent-header-meta":"default","adv-header-id-meta":"","stick-header-meta":"","header-above-stick-meta":"","header-main-stick-meta":"","header-below-stick-meta":"","astra-migrate-meta-layouts":"set","ast-page-background-enabled":"default","ast-page-background-meta":{"desktop":{"background-color":"var(--ast-global-color-4)","background-image":"","background-repeat":"repeat","background-position":"center center","background-size":"auto","background-attachment":"scroll","background-type":"","background-media":"","overlay-type":"","overlay-color":"","overlay-opacity":"","overlay-gradient":""},"tablet":{"background-color":"","background-image":"","background-repeat":"repeat","background-position":"center center","background-size":"auto","background-attachment":"scroll","background-type":"","background-media":"","overlay-type":"","overlay-color":"","overlay-opacity":"","overlay-gradient":""},"mobile":{"background-color":"","background-image":"","background-repeat":"repeat","background-position":"center center","background-size":"auto","background-attachment":"scroll","background-type":"","background-media":"","overlay-type":"","overlay-color":"","overlay-opacity":"","overlay-gradient":""}},"ast-content-background-meta":{"desktop":{"background-color":"var(--ast-global-color-5)","background-image":"","background-repeat":"repeat","background-position":"center center","background-size":"auto","background-attachment":"scroll","background-type":"","background-media":"","overlay-type":"","overlay-color":"","overlay-opacity":"","overlay-gradient":""},"tablet":{"background-color":"var(--ast-global-color-5)","background-image":"","background-repeat":"repeat","background-position":"center center","background-size":"auto","background-attachment":"scroll","background-type":"","background-media":"","overlay-type":"","overlay-color":"","overlay-opacity":"","overlay-gradient":""},"mobile":{"background-color":"var(--ast-global-color-5)","background-image":"","background-repeat":"repeat","background-position":"center center","background-size":"auto","background-attachment":"scroll","background-type":"","background-media":"","overlay-type":"","overlay-color":"","overlay-opacity":"","overlay-gradient":""}},"footnotes":""},"class_list":["post-10348","page","type-page","status-publish","hentry"],"post_mailing_queue_ids":[],"_links":{"self":[{"href":"https:\/\/agora-eoi.xtec.cat\/eoiguixols\/wp-json\/wp\/v2\/pages\/10348","targetHints":{"allow":["GET"]}}],"collection":[{"href":"https:\/\/agora-eoi.xtec.cat\/eoiguixols\/wp-json\/wp\/v2\/pages"}],"about":[{"href":"https:\/\/agora-eoi.xtec.cat\/eoiguixols\/wp-json\/wp\/v2\/types\/page"}],"author":[{"embeddable":true,"href":"https:\/\/agora-eoi.xtec.cat\/eoiguixols\/wp-json\/wp\/v2\/users\/1"}],"replies":[{"embeddable":true,"href":"https:\/\/agora-eoi.xtec.cat\/eoiguixols\/wp-json\/wp\/v2\/comments?post=10348"}],"version-history":[{"count":6,"href":"https:\/\/agora-eoi.xtec.cat\/eoiguixols\/wp-json\/wp\/v2\/pages\/10348\/revisions"}],"predecessor-version":[{"id":13609,"href":"https:\/\/agora-eoi.xtec.cat\/eoiguixols\/wp-json\/wp\/v2\/pages\/10348\/revisions\/13609"}],"up":[{"embeddable":true,"href":"https:\/\/agora-eoi.xtec.cat\/eoiguixols\/wp-json\/wp\/v2\/pages\/8141"}],"wp:attachment":[{"href":"https:\/\/agora-eoi.xtec.cat\/eoiguixols\/wp-json\/wp\/v2\/media?parent=10348"}],"curies":[{"name":"wp","href":"https:\/\/api.w.org\/{rel}","templated":true}]}}