{"id":318,"date":"2015-11-24T18:18:24","date_gmt":"2015-11-24T17:18:24","guid":{"rendered":"http:\/\/agora-eoi.xtec.cat\/eoiguinardo\/?page_id=318"},"modified":"2018-04-11T16:46:12","modified_gmt":"2018-04-11T14:46:12","slug":"on-som","status":"publish","type":"page","link":"https:\/\/agora-eoi.xtec.cat\/eoiguinardo\/on-som\/","title":{"rendered":"On som"},"content":{"rendered":"<p><strong>Escola Oficial d&#8217;Idiomes Barcelona VI &#8211; Guinard\u00f3<br \/>\n<\/strong>Av. Mare de D\u00e9u de Montserrat, 78 (edifici de la dreta, planta baixa)<br \/>\n08025 Barcelona<br \/>\ntel. 93 554 2005<br \/>\neoiguinardo@xtec.cat (Av\u00eds: degut a limitacions de personal, es prioritzar\u00e0 l&#8217;atenci\u00f3 presencial per sobre de la telef\u00f2nica o de correu electr\u00f2nic en per\u00edodes d&#8217;alta activitat academico-administrativa, com per exemple en \u00e8poques de preinscripci\u00f3, matr\u00edcula, ex\u00e0mens i certificacions (especialment en setembre, juny i juliol).<\/p>\n<p>Cliqueu a sobre del link blau <strong>&#8220;View lager map&#8221;<\/strong> que hi ha en el requadre a sota d&#8217;aquesta informaci\u00f3 i escrigueu &#8220;EOI Guinard\u00f3&#8221; per cercar la localitzaci\u00f3 de la nostra escola.<\/p>\n<p><iframe loading=\"lazy\" style=\"border: 0;\" src=\"https:\/\/www.google.com\/maps\/embed?pb=!1m14!1m8!1m3!1d11968.466675402626!2d2.167069!3d41.414986!3m2!1i1024!2i768!4f13.1!3m3!1m2!1s0x0%3A0x6ebda68dccd2fcf6!2sEOI+Guinard%C3%B3!5e0!3m2!1sca!2ses!4v1523454997451\" width=\"600\" height=\"450\" frameborder=\"0\" allowfullscreen=\"allowfullscreen\"><\/iframe><\/p>\n<p><strong>Com arribar a l&#8217;EOI GUINARD\u00d3:<br \/>\n<\/strong><\/p>\n<ul>\n<li><b>Busos<\/b>: Parada bus pla\u00e7a Font Castellana: D40, 39, 55 <\/li>\n<li><b>Metro<\/b>: <strong>l\u00ednia L4<\/strong>, estaci\u00f3 Alfons X<\/li>\n<\/ul>\n","protected":false},"excerpt":{"rendered":"<p>Escola Oficial d&#8217;Idiomes Barcelona VI &#8211; Guinard\u00f3<br \/>\nAv. Mare de D\u00e9u de Montserrat, 78 (edifici de la dreta, planta baixa)<br \/>\n08025 Barcelona<br \/>\ntel. 93 554 2005<br \/>\neoiguinardo@xtec.cat (Av\u00eds: degut a limitacions de personal, es prioritzar\u00e0 l&#8217;atenci\u00f3 presencial per sobre de la telef\u00f2nica o de correu electr\u00f2nic en per\u00edodes d&#8217;alta&hellip;  <a href=\"https:\/\/agora-eoi.xtec.cat\/eoiguinardo\/on-som\/\" title=\"Read On som\">Llegeix m\u00e9s\u00bb<\/a><\/p>\n","protected":false},"author":1,"featured_media":0,"parent":0,"menu_order":70,"comment_status":"closed","ping_status":"closed","template":"page-templates\/side-menu.php","meta":{"_bbp_topic_count":0,"_bbp_reply_count":0,"_bbp_total_topic_count":0,"_bbp_total_reply_count":0,"_bbp_voice_count":0,"_bbp_anonymous_reply_count":0,"_bbp_topic_count_hidden":0,"_bbp_reply_count_hidden":0,"_bbp_forum_subforum_count":0,"footnotes":""},"class_list":["post-318","page","type-page","status-publish","hentry"],"post_mailing_queue_ids":[],"_links":{"self":[{"href":"https:\/\/agora-eoi.xtec.cat\/eoiguinardo\/wp-json\/wp\/v2\/pages\/318","targetHints":{"allow":["GET"]}}],"collection":[{"href":"https:\/\/agora-eoi.xtec.cat\/eoiguinardo\/wp-json\/wp\/v2\/pages"}],"about":[{"href":"https:\/\/agora-eoi.xtec.cat\/eoiguinardo\/wp-json\/wp\/v2\/types\/page"}],"author":[{"embeddable":true,"href":"https:\/\/agora-eoi.xtec.cat\/eoiguinardo\/wp-json\/wp\/v2\/users\/1"}],"replies":[{"embeddable":true,"href":"https:\/\/agora-eoi.xtec.cat\/eoiguinardo\/wp-json\/wp\/v2\/comments?post=318"}],"version-history":[{"count":4,"href":"https:\/\/agora-eoi.xtec.cat\/eoiguinardo\/wp-json\/wp\/v2\/pages\/318\/revisions"}],"predecessor-version":[{"id":9365,"href":"https:\/\/agora-eoi.xtec.cat\/eoiguinardo\/wp-json\/wp\/v2\/pages\/318\/revisions\/9365"}],"wp:attachment":[{"href":"https:\/\/agora-eoi.xtec.cat\/eoiguinardo\/wp-json\/wp\/v2\/media?parent=318"}],"curies":[{"name":"wp","href":"https:\/\/api.w.org\/{rel}","templated":true}]}}